{"id":24368,"date":"2024-12-19T09:18:56","date_gmt":"2024-12-19T08:18:56","guid":{"rendered":"https:\/\/delorenzoglobal.com\/?post_type=product&#038;p=24368"},"modified":"2025-04-23T17:01:51","modified_gmt":"2025-04-23T15:01:51","slug":"laboratorio-didactico-de-autotronica","status":"publish","type":"product","link":"https:\/\/delorenzoglobal.com\/es\/producto\/laboratorio-didactico-de-autotronica\/","title":{"rendered":"LABORATORIO DID\u00c1CTICO PARA LA AUTOTR\u00d3NICA"},"content":{"rendered":"<p><strong>La Autotr\u00f3nica<\/strong> es una disciplina de la ingenier\u00eda que integra conocimientos de microelectr\u00f3nica, telem\u00e1tica, rob\u00f3tica e inform\u00e1tica aplicados al sector de la automoci\u00f3n. Se centra en el an\u00e1lisis y la gesti\u00f3n de sensores y sistemas el\u00e9ctricos y electr\u00f3nicos que hacen que los veh\u00edculos sean cada vez m\u00e1s seguros, c\u00f3modos e interactivos para los usuarios. Esta disciplina aborda temas innovadores como los coches el\u00e9ctricos y los veh\u00edculos aut\u00f3nomos, situ\u00e1ndose en el centro de los retos tecnol\u00f3gicos del futuro.<br \/>\n<strong>Las soluciones pedag\u00f3gicas de De Lorenzo est\u00e1n desarrolladas para que los alumnos desarrollen las competencias fundamentales<\/strong> para comprender plenamente los sistemas de automoci\u00f3n, aprendiendo a identi\ufb01car los componentes t\u00e9cnicos y los instrumentos de medida, a diagnosticar aver\u00edas y a realizar el mantenimiento de los sistemas el\u00e9ctricos, electr\u00f3nicos y de climatizaci\u00f3n. Adem\u00e1s, los estudiantes podr\u00e1n trabajar con tecnolog\u00edas avanzadas para abordar el mantenimiento de veh\u00edculos h\u00edbridos y explorar soluciones innovadoras para la industria. <strong>Este curso forma profesionales capaces de responder a las necesidades de un mercado en constante evoluci\u00f3n, contribuyendo a mejorar la e\ufb01ciencia, sostenibilidad y seguridad de los veh\u00edculos del futuro.<\/strong><\/p>\n<ul>\n<li>Ignici\u00f3n<\/li>\n<li>Funcionamiento Del Motor<\/li>\n<li>Seguridad<\/li>\n<li>Circuitos El\u00e9ctricos<\/li>\n<li>Veh\u00edculo H\u00edbrido<\/li>\n<li>Frenado<\/li>\n<li>Acondicionamiento<\/li>\n<li>Veh\u00edculo El\u00e9ctrico<\/li>\n<\/ul>\n","protected":false},"excerpt":{"rendered":"<p>La Autotr\u00f3nica es una disciplina de la ingenier\u00eda que integra conocimientos de microelectr\u00f3nica, telem\u00e1tica, rob\u00f3tica e inform\u00e1tica aplicados al sector de la automoci\u00f3n. Se centra en el an\u00e1lisis y la gesti\u00f3n de sensores y sistemas el\u00e9ctricos y electr\u00f3nicos que hacen que los veh\u00edculos sean cada vez m\u00e1s seguros, c\u00f3modos e interactivos para los usuarios. Esta [&hellip;]<\/p>\n","protected":false},"featured_media":24356,"template":"","meta":{"_acf_changed":false},"product_brand":[],"product_cat":[1956,2311],"product_tag":[],"class_list":{"0":"post-24368","1":"product","2":"type-product","3":"status-publish","4":"has-post-thumbnail","6":"product_cat-laboratori-chiavi-in-mano-es","7":"product_cat-solucion-de-laboratorio-para","9":"first","10":"instock","11":"shipping-taxable","12":"product-type-simple"},"acf":[],"yoast_head":"<!-- This site is optimized with the Yoast SEO plugin v27.4 - https:\/\/yoast.com\/product\/yoast-seo-wordpress\/ -->\n<title>LABORATORIO DID\u00c1CTICO PARA LA AUTOTR\u00d3NICA - De Lorenzo Training &amp; Didactical Equipment<\/title>\n<meta name=\"robots\" content=\"index, follow, max-snippet:-1, max-image-preview:large, max-video-preview:-1\" \/>\n<link rel=\"canonical\" href=\"https:\/\/delorenzoglobal.com\/es\/producto\/laboratorio-didactico-de-autotronica\/\" \/>\n<meta property=\"og:locale\" content=\"es_ES\" \/>\n<meta property=\"og:type\" content=\"article\" \/>\n<meta property=\"og:title\" content=\"LABORATORIO DID\u00c1CTICO PARA LA AUTOTR\u00d3NICA - De Lorenzo Training &amp; Didactical Equipment\" \/>\n<meta property=\"og:description\" content=\"La Autotr\u00f3nica es una disciplina de la ingenier\u00eda que integra conocimientos de microelectr\u00f3nica, telem\u00e1tica, rob\u00f3tica e inform\u00e1tica aplicados al sector de la automoci\u00f3n. Se centra en el an\u00e1lisis y la gesti\u00f3n de sensores y sistemas el\u00e9ctricos y electr\u00f3nicos que hacen que los veh\u00edculos sean cada vez m\u00e1s seguros, c\u00f3modos e interactivos para los usuarios. Esta [&hellip;]\" \/>\n<meta property=\"og:url\" content=\"https:\/\/delorenzoglobal.com\/es\/producto\/laboratorio-didactico-de-autotronica\/\" \/>\n<meta property=\"og:site_name\" content=\"De Lorenzo Training &amp; Didactical Equipment\" \/>\n<meta property=\"article:modified_time\" content=\"2025-04-23T15:01:51+00:00\" \/>\n<meta property=\"og:image\" content=\"https:\/\/delorenzoglobal.com\/wp-content\/uploads\/2024\/12\/Autotonics.jpg\" \/>\n\t<meta property=\"og:image:width\" content=\"2321\" \/>\n\t<meta property=\"og:image:height\" content=\"1500\" \/>\n\t<meta property=\"og:image:type\" content=\"image\/jpeg\" \/>\n<meta name=\"twitter:card\" content=\"summary_large_image\" \/>\n<meta name=\"twitter:label1\" content=\"Tiempo de lectura\" \/>\n\t<meta name=\"twitter:data1\" content=\"2 minutos\" \/>\n<script type=\"application\/ld+json\" class=\"yoast-schema-graph\">{\"@context\":\"https:\\\/\\\/schema.org\",\"@graph\":[{\"@type\":\"WebPage\",\"@id\":\"https:\\\/\\\/delorenzoglobal.com\\\/es\\\/producto\\\/laboratorio-didactico-de-autotronica\\\/\",\"url\":\"https:\\\/\\\/delorenzoglobal.com\\\/es\\\/producto\\\/laboratorio-didactico-de-autotronica\\\/\",\"name\":\"LABORATORIO DID\u00c1CTICO PARA LA AUTOTR\u00d3NICA - De Lorenzo Training &amp; Didactical Equipment\",\"isPartOf\":{\"@id\":\"https:\\\/\\\/delorenzoglobal.com\\\/es\\\/#website\"},\"primaryImageOfPage\":{\"@id\":\"https:\\\/\\\/delorenzoglobal.com\\\/es\\\/producto\\\/laboratorio-didactico-de-autotronica\\\/#primaryimage\"},\"image\":{\"@id\":\"https:\\\/\\\/delorenzoglobal.com\\\/es\\\/producto\\\/laboratorio-didactico-de-autotronica\\\/#primaryimage\"},\"thumbnailUrl\":\"https:\\\/\\\/delorenzoglobal.com\\\/wp-content\\\/uploads\\\/2024\\\/12\\\/Autotonics.jpg\",\"datePublished\":\"2024-12-19T08:18:56+00:00\",\"dateModified\":\"2025-04-23T15:01:51+00:00\",\"breadcrumb\":{\"@id\":\"https:\\\/\\\/delorenzoglobal.com\\\/es\\\/producto\\\/laboratorio-didactico-de-autotronica\\\/#breadcrumb\"},\"inLanguage\":\"es\",\"potentialAction\":[{\"@type\":\"ReadAction\",\"target\":[\"https:\\\/\\\/delorenzoglobal.com\\\/es\\\/producto\\\/laboratorio-didactico-de-autotronica\\\/\"]}]},{\"@type\":\"ImageObject\",\"inLanguage\":\"es\",\"@id\":\"https:\\\/\\\/delorenzoglobal.com\\\/es\\\/producto\\\/laboratorio-didactico-de-autotronica\\\/#primaryimage\",\"url\":\"https:\\\/\\\/delorenzoglobal.com\\\/wp-content\\\/uploads\\\/2024\\\/12\\\/Autotonics.jpg\",\"contentUrl\":\"https:\\\/\\\/delorenzoglobal.com\\\/wp-content\\\/uploads\\\/2024\\\/12\\\/Autotonics.jpg\",\"width\":2321,\"height\":1500},{\"@type\":\"BreadcrumbList\",\"@id\":\"https:\\\/\\\/delorenzoglobal.com\\\/es\\\/producto\\\/laboratorio-didactico-de-autotronica\\\/#breadcrumb\",\"itemListElement\":[{\"@type\":\"ListItem\",\"position\":1,\"name\":\"Home\",\"item\":\"https:\\\/\\\/delorenzoglobal.com\\\/es\\\/\"},{\"@type\":\"ListItem\",\"position\":2,\"name\":\"Tienda\",\"item\":\"https:\\\/\\\/delorenzoglobal.com\\\/es\\\/tienda\\\/\"},{\"@type\":\"ListItem\",\"position\":3,\"name\":\"LABORATORIO DID\u00c1CTICO PARA LA AUTOTR\u00d3NICA\"}]},{\"@type\":\"WebSite\",\"@id\":\"https:\\\/\\\/delorenzoglobal.com\\\/es\\\/#website\",\"url\":\"https:\\\/\\\/delorenzoglobal.com\\\/es\\\/\",\"name\":\"De Lorenzo Training &amp; Didactical Equipment\",\"description\":\"\",\"potentialAction\":[{\"@type\":\"SearchAction\",\"target\":{\"@type\":\"EntryPoint\",\"urlTemplate\":\"https:\\\/\\\/delorenzoglobal.com\\\/es\\\/?s={search_term_string}\"},\"query-input\":{\"@type\":\"PropertyValueSpecification\",\"valueRequired\":true,\"valueName\":\"search_term_string\"}}],\"inLanguage\":\"es\"}]}<\/script>\n<!-- \/ Yoast SEO plugin. -->","yoast_head_json":{"title":"LABORATORIO DID\u00c1CTICO PARA LA AUTOTR\u00d3NICA - De Lorenzo Training &amp; Didactical Equipment","robots":{"index":"index","follow":"follow","max-snippet":"max-snippet:-1","max-image-preview":"max-image-preview:large","max-video-preview":"max-video-preview:-1"},"canonical":"https:\/\/delorenzoglobal.com\/es\/producto\/laboratorio-didactico-de-autotronica\/","og_locale":"es_ES","og_type":"article","og_title":"LABORATORIO DID\u00c1CTICO PARA LA AUTOTR\u00d3NICA - De Lorenzo Training &amp; Didactical Equipment","og_description":"La Autotr\u00f3nica es una disciplina de la ingenier\u00eda que integra conocimientos de microelectr\u00f3nica, telem\u00e1tica, rob\u00f3tica e inform\u00e1tica aplicados al sector de la automoci\u00f3n. Se centra en el an\u00e1lisis y la gesti\u00f3n de sensores y sistemas el\u00e9ctricos y electr\u00f3nicos que hacen que los veh\u00edculos sean cada vez m\u00e1s seguros, c\u00f3modos e interactivos para los usuarios. Esta [&hellip;]","og_url":"https:\/\/delorenzoglobal.com\/es\/producto\/laboratorio-didactico-de-autotronica\/","og_site_name":"De Lorenzo Training &amp; Didactical Equipment","article_modified_time":"2025-04-23T15:01:51+00:00","og_image":[{"width":2321,"height":1500,"url":"https:\/\/delorenzoglobal.com\/wp-content\/uploads\/2024\/12\/Autotonics.jpg","type":"image\/jpeg"}],"twitter_card":"summary_large_image","twitter_misc":{"Tiempo de lectura":"2 minutos"},"schema":{"@context":"https:\/\/schema.org","@graph":[{"@type":"WebPage","@id":"https:\/\/delorenzoglobal.com\/es\/producto\/laboratorio-didactico-de-autotronica\/","url":"https:\/\/delorenzoglobal.com\/es\/producto\/laboratorio-didactico-de-autotronica\/","name":"LABORATORIO DID\u00c1CTICO PARA LA AUTOTR\u00d3NICA - De Lorenzo Training &amp; Didactical Equipment","isPartOf":{"@id":"https:\/\/delorenzoglobal.com\/es\/#website"},"primaryImageOfPage":{"@id":"https:\/\/delorenzoglobal.com\/es\/producto\/laboratorio-didactico-de-autotronica\/#primaryimage"},"image":{"@id":"https:\/\/delorenzoglobal.com\/es\/producto\/laboratorio-didactico-de-autotronica\/#primaryimage"},"thumbnailUrl":"https:\/\/delorenzoglobal.com\/wp-content\/uploads\/2024\/12\/Autotonics.jpg","datePublished":"2024-12-19T08:18:56+00:00","dateModified":"2025-04-23T15:01:51+00:00","breadcrumb":{"@id":"https:\/\/delorenzoglobal.com\/es\/producto\/laboratorio-didactico-de-autotronica\/#breadcrumb"},"inLanguage":"es","potentialAction":[{"@type":"ReadAction","target":["https:\/\/delorenzoglobal.com\/es\/producto\/laboratorio-didactico-de-autotronica\/"]}]},{"@type":"ImageObject","inLanguage":"es","@id":"https:\/\/delorenzoglobal.com\/es\/producto\/laboratorio-didactico-de-autotronica\/#primaryimage","url":"https:\/\/delorenzoglobal.com\/wp-content\/uploads\/2024\/12\/Autotonics.jpg","contentUrl":"https:\/\/delorenzoglobal.com\/wp-content\/uploads\/2024\/12\/Autotonics.jpg","width":2321,"height":1500},{"@type":"BreadcrumbList","@id":"https:\/\/delorenzoglobal.com\/es\/producto\/laboratorio-didactico-de-autotronica\/#breadcrumb","itemListElement":[{"@type":"ListItem","position":1,"name":"Home","item":"https:\/\/delorenzoglobal.com\/es\/"},{"@type":"ListItem","position":2,"name":"Tienda","item":"https:\/\/delorenzoglobal.com\/es\/tienda\/"},{"@type":"ListItem","position":3,"name":"LABORATORIO DID\u00c1CTICO PARA LA AUTOTR\u00d3NICA"}]},{"@type":"WebSite","@id":"https:\/\/delorenzoglobal.com\/es\/#website","url":"https:\/\/delorenzoglobal.com\/es\/","name":"De Lorenzo Training &amp; Didactical Equipment","description":"","potentialAction":[{"@type":"SearchAction","target":{"@type":"EntryPoint","urlTemplate":"https:\/\/delorenzoglobal.com\/es\/?s={search_term_string}"},"query-input":{"@type":"PropertyValueSpecification","valueRequired":true,"valueName":"search_term_string"}}],"inLanguage":"es"}]}},"_links":{"self":[{"href":"https:\/\/delorenzoglobal.com\/es\/wp-json\/wp\/v2\/product\/24368","targetHints":{"allow":["GET"]}}],"collection":[{"href":"https:\/\/delorenzoglobal.com\/es\/wp-json\/wp\/v2\/product"}],"about":[{"href":"https:\/\/delorenzoglobal.com\/es\/wp-json\/wp\/v2\/types\/product"}],"wp:featuredmedia":[{"embeddable":true,"href":"https:\/\/delorenzoglobal.com\/es\/wp-json\/wp\/v2\/media\/24356"}],"wp:attachment":[{"href":"https:\/\/delorenzoglobal.com\/es\/wp-json\/wp\/v2\/media?parent=24368"}],"wp:term":[{"taxonomy":"product_brand","embeddable":true,"href":"https:\/\/delorenzoglobal.com\/es\/wp-json\/wp\/v2\/product_brand?post=24368"},{"taxonomy":"product_cat","embeddable":true,"href":"https:\/\/delorenzoglobal.com\/es\/wp-json\/wp\/v2\/product_cat?post=24368"},{"taxonomy":"product_tag","embeddable":true,"href":"https:\/\/delorenzoglobal.com\/es\/wp-json\/wp\/v2\/product_tag?post=24368"}],"curies":[{"name":"wp","href":"https:\/\/api.w.org\/{rel}","templated":true}]}}