{"id":24342,"date":"2024-12-18T15:50:52","date_gmt":"2024-12-18T14:50:52","guid":{"rendered":"https:\/\/delorenzoglobal.com\/?post_type=product&#038;p=24342"},"modified":"2025-04-23T16:26:32","modified_gmt":"2025-04-23T14:26:32","slug":"laboratorio-didactico-para-automatizacion-y-control","status":"publish","type":"product","link":"https:\/\/delorenzoglobal.com\/es\/producto\/laboratorio-didactico-para-automatizacion-y-control\/","title":{"rendered":"LABORATORIO DID\u00c1CTICO PARA L&#8217;AUTOMATIZACI\u00d3N Y CONTROL INDUSTRIAL"},"content":{"rendered":"<p>La automatizaci\u00f3n y el control son la rama de la ingenier\u00eda que aplica distintas tecnolog\u00edas para reducir la intervenci\u00f3n humana en los procesos. Este concepto puede aplicarse en diferentes entornos, desde aplicaciones dom\u00e9sticas a industriales, variando en tama\u00f1o y complejidad.<strong> Las soluciones did\u00e1cticas De Lorenzo fueron dise\u00f1adas para ayudar en la formaci\u00f3n de los per\ufb01les profesionales requeridos por la industria.<\/strong> Con nuestros equipos, los estudiantes se introducir\u00e1n tanto te\u00f3rica como experimentalmente en los problemas pr\u00e1cticos de la Automatizaci\u00f3n y Control Industrial, desarrollando habilidades en instrumentaci\u00f3n, electr\u00f3nica, inform\u00e1tica industrial, tecnolog\u00edas de automatizaci\u00f3n de procesos, neum\u00e1tica, hidr\u00e1ulica, electromec\u00e1nica, sensores y actuadores, y comunicaciones industriales.<\/p>\n<ul>\n<li>Fundamentos Del Controlador L\u00f3gico Programable &amp; Aplicaci\u00f3n Rob\u00f3tica<\/li>\n<li>Aplicaciones Pn\u00e9umaticas Y \u00c9lectro-Pneumaticas<\/li>\n<li>Aplicaciones H\u00eddraulicas Y \u00c9lectro-H\u00eddraulicas<\/li>\n<li>Automaci\u00f3n Y Control<\/li>\n<li>Simulaci\u00f3n De Mecatr\u00f3nica<\/li>\n<li>Mecatr\u00f3nica<\/li>\n<\/ul>\n","protected":false},"excerpt":{"rendered":"<p>La automatizaci\u00f3n y el control son la rama de la ingenier\u00eda que aplica distintas tecnolog\u00edas para reducir la intervenci\u00f3n humana en los procesos. Este concepto puede aplicarse en diferentes entornos, desde aplicaciones dom\u00e9sticas a industriales, variando en tama\u00f1o y complejidad. Las soluciones did\u00e1cticas De Lorenzo fueron dise\u00f1adas para ayudar en la formaci\u00f3n de los per\ufb01les [&hellip;]<\/p>\n","protected":false},"featured_media":24330,"template":"","meta":{"_acf_changed":false},"product_brand":[],"product_cat":[1956,2327],"product_tag":[],"class_list":{"0":"post-24342","1":"product","2":"type-product","3":"status-publish","4":"has-post-thumbnail","6":"product_cat-laboratori-chiavi-in-mano-es","7":"product_cat-laboratorio-didactico-para-automatizacion-y-control","9":"first","10":"instock","11":"shipping-taxable","12":"product-type-simple"},"acf":[],"yoast_head":"<!-- This site is optimized with the Yoast SEO plugin v27.4 - https:\/\/yoast.com\/product\/yoast-seo-wordpress\/ -->\n<title>LABORATORIO DID\u00c1CTICO PARA L&#039;AUTOMATIZACI\u00d3N Y CONTROL INDUSTRIAL - De Lorenzo Training &amp; Didactical Equipment<\/title>\n<meta name=\"robots\" content=\"index, follow, max-snippet:-1, max-image-preview:large, max-video-preview:-1\" \/>\n<link rel=\"canonical\" href=\"https:\/\/delorenzoglobal.com\/es\/producto\/laboratorio-didactico-para-automatizacion-y-control\/\" \/>\n<meta property=\"og:locale\" content=\"es_ES\" \/>\n<meta property=\"og:type\" content=\"article\" \/>\n<meta property=\"og:title\" content=\"LABORATORIO DID\u00c1CTICO PARA L&#039;AUTOMATIZACI\u00d3N Y CONTROL INDUSTRIAL - De Lorenzo Training &amp; Didactical Equipment\" \/>\n<meta property=\"og:description\" content=\"La automatizaci\u00f3n y el control son la rama de la ingenier\u00eda que aplica distintas tecnolog\u00edas para reducir la intervenci\u00f3n humana en los procesos. Este concepto puede aplicarse en diferentes entornos, desde aplicaciones dom\u00e9sticas a industriales, variando en tama\u00f1o y complejidad. Las soluciones did\u00e1cticas De Lorenzo fueron dise\u00f1adas para ayudar en la formaci\u00f3n de los per\ufb01les [&hellip;]\" \/>\n<meta property=\"og:url\" content=\"https:\/\/delorenzoglobal.com\/es\/producto\/laboratorio-didactico-para-automatizacion-y-control\/\" \/>\n<meta property=\"og:site_name\" content=\"De Lorenzo Training &amp; Didactical Equipment\" \/>\n<meta property=\"article:modified_time\" content=\"2025-04-23T14:26:32+00:00\" \/>\n<meta property=\"og:image\" content=\"https:\/\/delorenzoglobal.com\/wp-content\/uploads\/2024\/12\/Automation.jpg\" \/>\n\t<meta property=\"og:image:width\" content=\"2302\" \/>\n\t<meta property=\"og:image:height\" content=\"1520\" \/>\n\t<meta property=\"og:image:type\" content=\"image\/jpeg\" \/>\n<meta name=\"twitter:card\" content=\"summary_large_image\" \/>\n<meta name=\"twitter:label1\" content=\"Tiempo de lectura\" \/>\n\t<meta name=\"twitter:data1\" content=\"1 minuto\" \/>\n<script type=\"application\/ld+json\" class=\"yoast-schema-graph\">{\"@context\":\"https:\\\/\\\/schema.org\",\"@graph\":[{\"@type\":\"WebPage\",\"@id\":\"https:\\\/\\\/delorenzoglobal.com\\\/es\\\/producto\\\/laboratorio-didactico-para-automatizacion-y-control\\\/\",\"url\":\"https:\\\/\\\/delorenzoglobal.com\\\/es\\\/producto\\\/laboratorio-didactico-para-automatizacion-y-control\\\/\",\"name\":\"LABORATORIO DID\u00c1CTICO PARA L'AUTOMATIZACI\u00d3N Y CONTROL INDUSTRIAL - De Lorenzo Training &amp; Didactical Equipment\",\"isPartOf\":{\"@id\":\"https:\\\/\\\/delorenzoglobal.com\\\/es\\\/#website\"},\"primaryImageOfPage\":{\"@id\":\"https:\\\/\\\/delorenzoglobal.com\\\/es\\\/producto\\\/laboratorio-didactico-para-automatizacion-y-control\\\/#primaryimage\"},\"image\":{\"@id\":\"https:\\\/\\\/delorenzoglobal.com\\\/es\\\/producto\\\/laboratorio-didactico-para-automatizacion-y-control\\\/#primaryimage\"},\"thumbnailUrl\":\"https:\\\/\\\/delorenzoglobal.com\\\/wp-content\\\/uploads\\\/2024\\\/12\\\/Automation.jpg\",\"datePublished\":\"2024-12-18T14:50:52+00:00\",\"dateModified\":\"2025-04-23T14:26:32+00:00\",\"breadcrumb\":{\"@id\":\"https:\\\/\\\/delorenzoglobal.com\\\/es\\\/producto\\\/laboratorio-didactico-para-automatizacion-y-control\\\/#breadcrumb\"},\"inLanguage\":\"es\",\"potentialAction\":[{\"@type\":\"ReadAction\",\"target\":[\"https:\\\/\\\/delorenzoglobal.com\\\/es\\\/producto\\\/laboratorio-didactico-para-automatizacion-y-control\\\/\"]}]},{\"@type\":\"ImageObject\",\"inLanguage\":\"es\",\"@id\":\"https:\\\/\\\/delorenzoglobal.com\\\/es\\\/producto\\\/laboratorio-didactico-para-automatizacion-y-control\\\/#primaryimage\",\"url\":\"https:\\\/\\\/delorenzoglobal.com\\\/wp-content\\\/uploads\\\/2024\\\/12\\\/Automation.jpg\",\"contentUrl\":\"https:\\\/\\\/delorenzoglobal.com\\\/wp-content\\\/uploads\\\/2024\\\/12\\\/Automation.jpg\",\"width\":2302,\"height\":1520},{\"@type\":\"BreadcrumbList\",\"@id\":\"https:\\\/\\\/delorenzoglobal.com\\\/es\\\/producto\\\/laboratorio-didactico-para-automatizacion-y-control\\\/#breadcrumb\",\"itemListElement\":[{\"@type\":\"ListItem\",\"position\":1,\"name\":\"Home\",\"item\":\"https:\\\/\\\/delorenzoglobal.com\\\/es\\\/\"},{\"@type\":\"ListItem\",\"position\":2,\"name\":\"Tienda\",\"item\":\"https:\\\/\\\/delorenzoglobal.com\\\/es\\\/tienda\\\/\"},{\"@type\":\"ListItem\",\"position\":3,\"name\":\"LABORATORIO DID\u00c1CTICO PARA L&#8217;AUTOMATIZACI\u00d3N Y CONTROL INDUSTRIAL\"}]},{\"@type\":\"WebSite\",\"@id\":\"https:\\\/\\\/delorenzoglobal.com\\\/es\\\/#website\",\"url\":\"https:\\\/\\\/delorenzoglobal.com\\\/es\\\/\",\"name\":\"De Lorenzo Training &amp; Didactical Equipment\",\"description\":\"\",\"potentialAction\":[{\"@type\":\"SearchAction\",\"target\":{\"@type\":\"EntryPoint\",\"urlTemplate\":\"https:\\\/\\\/delorenzoglobal.com\\\/es\\\/?s={search_term_string}\"},\"query-input\":{\"@type\":\"PropertyValueSpecification\",\"valueRequired\":true,\"valueName\":\"search_term_string\"}}],\"inLanguage\":\"es\"}]}<\/script>\n<!-- \/ Yoast SEO plugin. -->","yoast_head_json":{"title":"LABORATORIO DID\u00c1CTICO PARA L'AUTOMATIZACI\u00d3N Y CONTROL INDUSTRIAL - De Lorenzo Training &amp; Didactical Equipment","robots":{"index":"index","follow":"follow","max-snippet":"max-snippet:-1","max-image-preview":"max-image-preview:large","max-video-preview":"max-video-preview:-1"},"canonical":"https:\/\/delorenzoglobal.com\/es\/producto\/laboratorio-didactico-para-automatizacion-y-control\/","og_locale":"es_ES","og_type":"article","og_title":"LABORATORIO DID\u00c1CTICO PARA L'AUTOMATIZACI\u00d3N Y CONTROL INDUSTRIAL - De Lorenzo Training &amp; Didactical Equipment","og_description":"La automatizaci\u00f3n y el control son la rama de la ingenier\u00eda que aplica distintas tecnolog\u00edas para reducir la intervenci\u00f3n humana en los procesos. Este concepto puede aplicarse en diferentes entornos, desde aplicaciones dom\u00e9sticas a industriales, variando en tama\u00f1o y complejidad. Las soluciones did\u00e1cticas De Lorenzo fueron dise\u00f1adas para ayudar en la formaci\u00f3n de los per\ufb01les [&hellip;]","og_url":"https:\/\/delorenzoglobal.com\/es\/producto\/laboratorio-didactico-para-automatizacion-y-control\/","og_site_name":"De Lorenzo Training &amp; Didactical Equipment","article_modified_time":"2025-04-23T14:26:32+00:00","og_image":[{"width":2302,"height":1520,"url":"https:\/\/delorenzoglobal.com\/wp-content\/uploads\/2024\/12\/Automation.jpg","type":"image\/jpeg"}],"twitter_card":"summary_large_image","twitter_misc":{"Tiempo de lectura":"1 minuto"},"schema":{"@context":"https:\/\/schema.org","@graph":[{"@type":"WebPage","@id":"https:\/\/delorenzoglobal.com\/es\/producto\/laboratorio-didactico-para-automatizacion-y-control\/","url":"https:\/\/delorenzoglobal.com\/es\/producto\/laboratorio-didactico-para-automatizacion-y-control\/","name":"LABORATORIO DID\u00c1CTICO PARA L'AUTOMATIZACI\u00d3N Y CONTROL INDUSTRIAL - De Lorenzo Training &amp; Didactical Equipment","isPartOf":{"@id":"https:\/\/delorenzoglobal.com\/es\/#website"},"primaryImageOfPage":{"@id":"https:\/\/delorenzoglobal.com\/es\/producto\/laboratorio-didactico-para-automatizacion-y-control\/#primaryimage"},"image":{"@id":"https:\/\/delorenzoglobal.com\/es\/producto\/laboratorio-didactico-para-automatizacion-y-control\/#primaryimage"},"thumbnailUrl":"https:\/\/delorenzoglobal.com\/wp-content\/uploads\/2024\/12\/Automation.jpg","datePublished":"2024-12-18T14:50:52+00:00","dateModified":"2025-04-23T14:26:32+00:00","breadcrumb":{"@id":"https:\/\/delorenzoglobal.com\/es\/producto\/laboratorio-didactico-para-automatizacion-y-control\/#breadcrumb"},"inLanguage":"es","potentialAction":[{"@type":"ReadAction","target":["https:\/\/delorenzoglobal.com\/es\/producto\/laboratorio-didactico-para-automatizacion-y-control\/"]}]},{"@type":"ImageObject","inLanguage":"es","@id":"https:\/\/delorenzoglobal.com\/es\/producto\/laboratorio-didactico-para-automatizacion-y-control\/#primaryimage","url":"https:\/\/delorenzoglobal.com\/wp-content\/uploads\/2024\/12\/Automation.jpg","contentUrl":"https:\/\/delorenzoglobal.com\/wp-content\/uploads\/2024\/12\/Automation.jpg","width":2302,"height":1520},{"@type":"BreadcrumbList","@id":"https:\/\/delorenzoglobal.com\/es\/producto\/laboratorio-didactico-para-automatizacion-y-control\/#breadcrumb","itemListElement":[{"@type":"ListItem","position":1,"name":"Home","item":"https:\/\/delorenzoglobal.com\/es\/"},{"@type":"ListItem","position":2,"name":"Tienda","item":"https:\/\/delorenzoglobal.com\/es\/tienda\/"},{"@type":"ListItem","position":3,"name":"LABORATORIO DID\u00c1CTICO PARA L&#8217;AUTOMATIZACI\u00d3N Y CONTROL INDUSTRIAL"}]},{"@type":"WebSite","@id":"https:\/\/delorenzoglobal.com\/es\/#website","url":"https:\/\/delorenzoglobal.com\/es\/","name":"De Lorenzo Training &amp; Didactical Equipment","description":"","potentialAction":[{"@type":"SearchAction","target":{"@type":"EntryPoint","urlTemplate":"https:\/\/delorenzoglobal.com\/es\/?s={search_term_string}"},"query-input":{"@type":"PropertyValueSpecification","valueRequired":true,"valueName":"search_term_string"}}],"inLanguage":"es"}]}},"_links":{"self":[{"href":"https:\/\/delorenzoglobal.com\/es\/wp-json\/wp\/v2\/product\/24342","targetHints":{"allow":["GET"]}}],"collection":[{"href":"https:\/\/delorenzoglobal.com\/es\/wp-json\/wp\/v2\/product"}],"about":[{"href":"https:\/\/delorenzoglobal.com\/es\/wp-json\/wp\/v2\/types\/product"}],"wp:featuredmedia":[{"embeddable":true,"href":"https:\/\/delorenzoglobal.com\/es\/wp-json\/wp\/v2\/media\/24330"}],"wp:attachment":[{"href":"https:\/\/delorenzoglobal.com\/es\/wp-json\/wp\/v2\/media?parent=24342"}],"wp:term":[{"taxonomy":"product_brand","embeddable":true,"href":"https:\/\/delorenzoglobal.com\/es\/wp-json\/wp\/v2\/product_brand?post=24342"},{"taxonomy":"product_cat","embeddable":true,"href":"https:\/\/delorenzoglobal.com\/es\/wp-json\/wp\/v2\/product_cat?post=24342"},{"taxonomy":"product_tag","embeddable":true,"href":"https:\/\/delorenzoglobal.com\/es\/wp-json\/wp\/v2\/product_tag?post=24342"}],"curies":[{"name":"wp","href":"https:\/\/api.w.org\/{rel}","templated":true}]}}