{"id":24318,"date":"2024-06-20T13:43:35","date_gmt":"2024-06-20T11:43:35","guid":{"rendered":"https:\/\/delorenzoglobal.com\/?post_type=product&#038;p=24318"},"modified":"2025-05-08T09:40:32","modified_gmt":"2025-05-08T07:40:32","slug":"laboratorio-didactico-para-energias-renovables","status":"publish","type":"product","link":"https:\/\/delorenzoglobal.com\/es\/producto\/laboratorio-didactico-para-energias-renovables\/","title":{"rendered":"LABORATORIO DID\u00c1CTICO PARA ENERG\u00cdAS RENOVABLES"},"content":{"rendered":"<p>Las energ\u00edas renovables proceden de fuentes naturales in\ufb01nitas, como el sol, el viento, el agua o la biomasa, y se reponen constantemente, por lo que son menos perjudiciales que los combustibles f\u00f3siles. <strong>De Lorenzo ofrece varios sistemas educativos para que t\u00e9cnicos<\/strong>, ingenieros y especialistas en energ\u00edas renovables puedan desarrollar habilidades para crear proyectos de energ\u00eda sostenible. Mediante la evaluaci\u00f3n de los recursos naturales, los estudiantes pueden dise\u00f1ar soluciones innovadoras para el uso e\ufb01ciente de la energ\u00eda y la sostenibilidad.<br \/>\nLos sistemas se clasi\ufb01can seg\u00fan la fuente de energ\u00eda y la aplicaci\u00f3n (electricidad o calor). <strong>Nuestros equipamientos explican conceptos esenciales en las tecnolog\u00edas solares, e\u00f3licas y de pilas de combustible, junto con habilidades en e\ufb01ciencia energ\u00e9tica, microrredes e integraci\u00f3n de redes inteligentes.<\/strong><\/p>\n<ul>\n<li>Sistema De Electricidad Inteligente<\/li>\n<li>Sistema Fotovoltaico<\/li>\n<li>Sistema H\u00edbrido*<\/li>\n<li>Sistema Solar T\u00e9rmico<\/li>\n<li>Pila De Combustible<\/li>\n<li>Sistema E\u00f3lico<\/li>\n<\/ul>\n","protected":false},"excerpt":{"rendered":"<p>Las energ\u00edas renovables proceden de fuentes naturales in\ufb01nitas, como el sol, el viento, el agua o la biomasa, y se reponen constantemente, por lo que son menos perjudiciales que los combustibles f\u00f3siles. De Lorenzo ofrece varios sistemas educativos para que t\u00e9cnicos, ingenieros y especialistas en energ\u00edas renovables puedan desarrollar habilidades para crear proyectos de energ\u00eda [&hellip;]<\/p>\n","protected":false},"featured_media":23578,"template":"","meta":{"_acf_changed":false},"product_brand":[],"product_cat":[1956,2456],"product_tag":[],"class_list":{"0":"post-24318","1":"product","2":"type-product","3":"status-publish","4":"has-post-thumbnail","6":"product_cat-laboratori-chiavi-in-mano-es","7":"product_cat-laboratorio-para-energias-renovables","9":"first","10":"instock","11":"shipping-taxable","12":"product-type-simple"},"acf":[],"yoast_head":"<!-- This site is optimized with the Yoast SEO plugin v27.4 - https:\/\/yoast.com\/product\/yoast-seo-wordpress\/ -->\n<title>LABORATORIO DID\u00c1CTICO PARA ENERG\u00cdAS RENOVABLES - De Lorenzo Training &amp; Didactical Equipment<\/title>\n<meta name=\"robots\" content=\"index, follow, max-snippet:-1, max-image-preview:large, max-video-preview:-1\" \/>\n<link rel=\"canonical\" href=\"https:\/\/delorenzoglobal.com\/es\/producto\/laboratorio-didactico-para-energias-renovables\/\" \/>\n<meta property=\"og:locale\" content=\"es_ES\" \/>\n<meta property=\"og:type\" content=\"article\" \/>\n<meta property=\"og:title\" content=\"LABORATORIO DID\u00c1CTICO PARA ENERG\u00cdAS RENOVABLES - De Lorenzo Training &amp; Didactical Equipment\" \/>\n<meta property=\"og:description\" content=\"Las energ\u00edas renovables proceden de fuentes naturales in\ufb01nitas, como el sol, el viento, el agua o la biomasa, y se reponen constantemente, por lo que son menos perjudiciales que los combustibles f\u00f3siles. De Lorenzo ofrece varios sistemas educativos para que t\u00e9cnicos, ingenieros y especialistas en energ\u00edas renovables puedan desarrollar habilidades para crear proyectos de energ\u00eda [&hellip;]\" \/>\n<meta property=\"og:url\" content=\"https:\/\/delorenzoglobal.com\/es\/producto\/laboratorio-didactico-para-energias-renovables\/\" \/>\n<meta property=\"og:site_name\" content=\"De Lorenzo Training &amp; Didactical Equipment\" \/>\n<meta property=\"article:modified_time\" content=\"2025-05-08T07:40:32+00:00\" \/>\n<meta property=\"og:image\" content=\"https:\/\/delorenzoglobal.com\/wp-content\/uploads\/2024\/06\/Renewable-energies-SENZA-BORDO-1024x662.png\" \/>\n\t<meta property=\"og:image:width\" content=\"1024\" \/>\n\t<meta property=\"og:image:height\" content=\"662\" \/>\n\t<meta property=\"og:image:type\" content=\"image\/png\" \/>\n<meta name=\"twitter:card\" content=\"summary_large_image\" \/>\n<meta name=\"twitter:label1\" content=\"Tiempo de lectura\" \/>\n\t<meta name=\"twitter:data1\" content=\"1 minuto\" \/>\n<script type=\"application\/ld+json\" class=\"yoast-schema-graph\">{\"@context\":\"https:\\\/\\\/schema.org\",\"@graph\":[{\"@type\":\"WebPage\",\"@id\":\"https:\\\/\\\/delorenzoglobal.com\\\/es\\\/producto\\\/laboratorio-didactico-para-energias-renovables\\\/\",\"url\":\"https:\\\/\\\/delorenzoglobal.com\\\/es\\\/producto\\\/laboratorio-didactico-para-energias-renovables\\\/\",\"name\":\"LABORATORIO DID\u00c1CTICO PARA ENERG\u00cdAS RENOVABLES - De Lorenzo Training &amp; Didactical Equipment\",\"isPartOf\":{\"@id\":\"https:\\\/\\\/delorenzoglobal.com\\\/es\\\/#website\"},\"primaryImageOfPage\":{\"@id\":\"https:\\\/\\\/delorenzoglobal.com\\\/es\\\/producto\\\/laboratorio-didactico-para-energias-renovables\\\/#primaryimage\"},\"image\":{\"@id\":\"https:\\\/\\\/delorenzoglobal.com\\\/es\\\/producto\\\/laboratorio-didactico-para-energias-renovables\\\/#primaryimage\"},\"thumbnailUrl\":\"https:\\\/\\\/delorenzoglobal.com\\\/wp-content\\\/uploads\\\/2024\\\/06\\\/Renewable-energies-SENZA-BORDO.png\",\"datePublished\":\"2024-06-20T11:43:35+00:00\",\"dateModified\":\"2025-05-08T07:40:32+00:00\",\"breadcrumb\":{\"@id\":\"https:\\\/\\\/delorenzoglobal.com\\\/es\\\/producto\\\/laboratorio-didactico-para-energias-renovables\\\/#breadcrumb\"},\"inLanguage\":\"es\",\"potentialAction\":[{\"@type\":\"ReadAction\",\"target\":[\"https:\\\/\\\/delorenzoglobal.com\\\/es\\\/producto\\\/laboratorio-didactico-para-energias-renovables\\\/\"]}]},{\"@type\":\"ImageObject\",\"inLanguage\":\"es\",\"@id\":\"https:\\\/\\\/delorenzoglobal.com\\\/es\\\/producto\\\/laboratorio-didactico-para-energias-renovables\\\/#primaryimage\",\"url\":\"https:\\\/\\\/delorenzoglobal.com\\\/wp-content\\\/uploads\\\/2024\\\/06\\\/Renewable-energies-SENZA-BORDO.png\",\"contentUrl\":\"https:\\\/\\\/delorenzoglobal.com\\\/wp-content\\\/uploads\\\/2024\\\/06\\\/Renewable-energies-SENZA-BORDO.png\",\"width\":2322,\"height\":1501},{\"@type\":\"BreadcrumbList\",\"@id\":\"https:\\\/\\\/delorenzoglobal.com\\\/es\\\/producto\\\/laboratorio-didactico-para-energias-renovables\\\/#breadcrumb\",\"itemListElement\":[{\"@type\":\"ListItem\",\"position\":1,\"name\":\"Home\",\"item\":\"https:\\\/\\\/delorenzoglobal.com\\\/es\\\/\"},{\"@type\":\"ListItem\",\"position\":2,\"name\":\"Tienda\",\"item\":\"https:\\\/\\\/delorenzoglobal.com\\\/es\\\/tienda\\\/\"},{\"@type\":\"ListItem\",\"position\":3,\"name\":\"LABORATORIO DID\u00c1CTICO PARA ENERG\u00cdAS RENOVABLES\"}]},{\"@type\":\"WebSite\",\"@id\":\"https:\\\/\\\/delorenzoglobal.com\\\/es\\\/#website\",\"url\":\"https:\\\/\\\/delorenzoglobal.com\\\/es\\\/\",\"name\":\"De Lorenzo Training &amp; Didactical Equipment\",\"description\":\"\",\"potentialAction\":[{\"@type\":\"SearchAction\",\"target\":{\"@type\":\"EntryPoint\",\"urlTemplate\":\"https:\\\/\\\/delorenzoglobal.com\\\/es\\\/?s={search_term_string}\"},\"query-input\":{\"@type\":\"PropertyValueSpecification\",\"valueRequired\":true,\"valueName\":\"search_term_string\"}}],\"inLanguage\":\"es\"}]}<\/script>\n<!-- \/ Yoast SEO plugin. -->","yoast_head_json":{"title":"LABORATORIO DID\u00c1CTICO PARA ENERG\u00cdAS RENOVABLES - De Lorenzo Training &amp; Didactical Equipment","robots":{"index":"index","follow":"follow","max-snippet":"max-snippet:-1","max-image-preview":"max-image-preview:large","max-video-preview":"max-video-preview:-1"},"canonical":"https:\/\/delorenzoglobal.com\/es\/producto\/laboratorio-didactico-para-energias-renovables\/","og_locale":"es_ES","og_type":"article","og_title":"LABORATORIO DID\u00c1CTICO PARA ENERG\u00cdAS RENOVABLES - De Lorenzo Training &amp; Didactical Equipment","og_description":"Las energ\u00edas renovables proceden de fuentes naturales in\ufb01nitas, como el sol, el viento, el agua o la biomasa, y se reponen constantemente, por lo que son menos perjudiciales que los combustibles f\u00f3siles. De Lorenzo ofrece varios sistemas educativos para que t\u00e9cnicos, ingenieros y especialistas en energ\u00edas renovables puedan desarrollar habilidades para crear proyectos de energ\u00eda [&hellip;]","og_url":"https:\/\/delorenzoglobal.com\/es\/producto\/laboratorio-didactico-para-energias-renovables\/","og_site_name":"De Lorenzo Training &amp; Didactical Equipment","article_modified_time":"2025-05-08T07:40:32+00:00","og_image":[{"width":1024,"height":662,"url":"https:\/\/delorenzoglobal.com\/wp-content\/uploads\/2024\/06\/Renewable-energies-SENZA-BORDO-1024x662.png","type":"image\/png"}],"twitter_card":"summary_large_image","twitter_misc":{"Tiempo de lectura":"1 minuto"},"schema":{"@context":"https:\/\/schema.org","@graph":[{"@type":"WebPage","@id":"https:\/\/delorenzoglobal.com\/es\/producto\/laboratorio-didactico-para-energias-renovables\/","url":"https:\/\/delorenzoglobal.com\/es\/producto\/laboratorio-didactico-para-energias-renovables\/","name":"LABORATORIO DID\u00c1CTICO PARA ENERG\u00cdAS RENOVABLES - De Lorenzo Training &amp; Didactical Equipment","isPartOf":{"@id":"https:\/\/delorenzoglobal.com\/es\/#website"},"primaryImageOfPage":{"@id":"https:\/\/delorenzoglobal.com\/es\/producto\/laboratorio-didactico-para-energias-renovables\/#primaryimage"},"image":{"@id":"https:\/\/delorenzoglobal.com\/es\/producto\/laboratorio-didactico-para-energias-renovables\/#primaryimage"},"thumbnailUrl":"https:\/\/delorenzoglobal.com\/wp-content\/uploads\/2024\/06\/Renewable-energies-SENZA-BORDO.png","datePublished":"2024-06-20T11:43:35+00:00","dateModified":"2025-05-08T07:40:32+00:00","breadcrumb":{"@id":"https:\/\/delorenzoglobal.com\/es\/producto\/laboratorio-didactico-para-energias-renovables\/#breadcrumb"},"inLanguage":"es","potentialAction":[{"@type":"ReadAction","target":["https:\/\/delorenzoglobal.com\/es\/producto\/laboratorio-didactico-para-energias-renovables\/"]}]},{"@type":"ImageObject","inLanguage":"es","@id":"https:\/\/delorenzoglobal.com\/es\/producto\/laboratorio-didactico-para-energias-renovables\/#primaryimage","url":"https:\/\/delorenzoglobal.com\/wp-content\/uploads\/2024\/06\/Renewable-energies-SENZA-BORDO.png","contentUrl":"https:\/\/delorenzoglobal.com\/wp-content\/uploads\/2024\/06\/Renewable-energies-SENZA-BORDO.png","width":2322,"height":1501},{"@type":"BreadcrumbList","@id":"https:\/\/delorenzoglobal.com\/es\/producto\/laboratorio-didactico-para-energias-renovables\/#breadcrumb","itemListElement":[{"@type":"ListItem","position":1,"name":"Home","item":"https:\/\/delorenzoglobal.com\/es\/"},{"@type":"ListItem","position":2,"name":"Tienda","item":"https:\/\/delorenzoglobal.com\/es\/tienda\/"},{"@type":"ListItem","position":3,"name":"LABORATORIO DID\u00c1CTICO PARA ENERG\u00cdAS RENOVABLES"}]},{"@type":"WebSite","@id":"https:\/\/delorenzoglobal.com\/es\/#website","url":"https:\/\/delorenzoglobal.com\/es\/","name":"De Lorenzo Training &amp; Didactical Equipment","description":"","potentialAction":[{"@type":"SearchAction","target":{"@type":"EntryPoint","urlTemplate":"https:\/\/delorenzoglobal.com\/es\/?s={search_term_string}"},"query-input":{"@type":"PropertyValueSpecification","valueRequired":true,"valueName":"search_term_string"}}],"inLanguage":"es"}]}},"_links":{"self":[{"href":"https:\/\/delorenzoglobal.com\/es\/wp-json\/wp\/v2\/product\/24318","targetHints":{"allow":["GET"]}}],"collection":[{"href":"https:\/\/delorenzoglobal.com\/es\/wp-json\/wp\/v2\/product"}],"about":[{"href":"https:\/\/delorenzoglobal.com\/es\/wp-json\/wp\/v2\/types\/product"}],"wp:featuredmedia":[{"embeddable":true,"href":"https:\/\/delorenzoglobal.com\/es\/wp-json\/wp\/v2\/media\/23578"}],"wp:attachment":[{"href":"https:\/\/delorenzoglobal.com\/es\/wp-json\/wp\/v2\/media?parent=24318"}],"wp:term":[{"taxonomy":"product_brand","embeddable":true,"href":"https:\/\/delorenzoglobal.com\/es\/wp-json\/wp\/v2\/product_brand?post=24318"},{"taxonomy":"product_cat","embeddable":true,"href":"https:\/\/delorenzoglobal.com\/es\/wp-json\/wp\/v2\/product_cat?post=24318"},{"taxonomy":"product_tag","embeddable":true,"href":"https:\/\/delorenzoglobal.com\/es\/wp-json\/wp\/v2\/product_tag?post=24318"}],"curies":[{"name":"wp","href":"https:\/\/api.w.org\/{rel}","templated":true}]}}