{"id":2187,"date":"2024-04-09T16:24:41","date_gmt":"2024-04-09T14:24:41","guid":{"rendered":"https:\/\/delorenzoglobal.com\/?post_type=product&#038;p=2187"},"modified":"2026-04-17T14:01:50","modified_gmt":"2026-04-17T12:01:50","slug":"regulaciones-y-control","status":"publish","type":"product","link":"https:\/\/delorenzoglobal.com\/es\/producto\/regulaciones-y-control\/","title":{"rendered":"REGULACI\u00d3NES  Y CONTROL"},"content":{"rendered":"<p>El dise\u00f1o y la construcci\u00f3n de circuitos electr\u00f3nicos para resolver problemas pr\u00e1cticos constituyen una t\u00e9cnica esencial en el campo de la ingenier\u00eda electr\u00f3nica y la ingenier\u00eda inform\u00e1tica.<\/p>\n<div>\n<p>Con esta tarjeta, los estudiantes pueden estudiar las t\u00e9cnicas de control proporcional (P), control proporcional\u2013integral (PI), control PWM (Pulse Width Modulation), as\u00ed como el control todo o nada (ON\u2013OFF).<\/p>\n<\/div>\n","protected":false},"excerpt":{"rendered":"<p>El dise\u00f1o y la construcci\u00f3n de circuitos electr\u00f3nicos para resolver problemas pr\u00e1cticos constituyen una t\u00e9cnica esencial en el campo de la ingenier\u00eda electr\u00f3nica y la ingenier\u00eda inform\u00e1tica. Con esta tarjeta, los estudiantes pueden estudiar las t\u00e9cnicas de control proporcional (P), control proporcional\u2013integral (PI), control PWM (Pulse Width Modulation), as\u00ed como el control todo o nada [&hellip;]<\/p>\n","protected":false},"featured_media":2176,"template":"","meta":{"_acf_changed":false},"product_brand":[],"product_cat":[184],"product_tag":[],"class_list":{"0":"post-2187","1":"product","2":"type-product","3":"status-publish","4":"has-post-thumbnail","6":"product_cat-control-de-procesos","8":"first","9":"instock","10":"shipping-taxable","11":"product-type-simple"},"acf":[],"yoast_head":"<!-- This site is optimized with the Yoast SEO plugin v27.0 - https:\/\/yoast.com\/product\/yoast-seo-wordpress\/ -->\n<title>REGULACI\u00d3NES Y CONTROL - De Lorenzo Training &amp; Didactical Equipment<\/title>\n<meta name=\"description\" content=\"Placa did\u00e1ctica para el estudio del control autom\u00e1tico con t\u00e9cnicas P, PI, PWM y on\u2011off, orientada a la ingenier\u00eda electr\u00f3nica e inform\u00e1tica.\" \/>\n<meta name=\"robots\" content=\"index, follow, max-snippet:-1, max-image-preview:large, max-video-preview:-1\" \/>\n<link rel=\"canonical\" href=\"https:\/\/delorenzoglobal.com\/es\/producto\/regulaciones-y-control\/\" \/>\n<meta property=\"og:locale\" content=\"es_ES\" \/>\n<meta property=\"og:type\" content=\"article\" \/>\n<meta property=\"og:title\" content=\"REGULACI\u00d3NES Y CONTROL - De Lorenzo Training &amp; Didactical Equipment\" \/>\n<meta property=\"og:description\" content=\"Placa did\u00e1ctica para el estudio del control autom\u00e1tico con t\u00e9cnicas P, PI, PWM y on\u2011off, orientada a la ingenier\u00eda electr\u00f3nica e inform\u00e1tica.\" \/>\n<meta property=\"og:url\" content=\"https:\/\/delorenzoglobal.com\/es\/producto\/regulaciones-y-control\/\" \/>\n<meta property=\"og:site_name\" content=\"De Lorenzo Training &amp; Didactical Equipment\" \/>\n<meta property=\"article:modified_time\" content=\"2026-04-17T12:01:50+00:00\" \/>\n<meta property=\"og:image\" content=\"https:\/\/delorenzoglobal.com\/wp-content\/uploads\/2024\/04\/DL-3155M33.jpg\" \/>\n\t<meta property=\"og:image:width\" content=\"2502\" \/>\n\t<meta property=\"og:image:height\" content=\"2192\" \/>\n\t<meta property=\"og:image:type\" content=\"image\/jpeg\" \/>\n<meta name=\"twitter:card\" content=\"summary_large_image\" \/>\n<meta name=\"twitter:label1\" content=\"Tiempo de lectura\" \/>\n\t<meta name=\"twitter:data1\" content=\"1 minuto\" \/>\n<script type=\"application\/ld+json\" class=\"yoast-schema-graph\">{\"@context\":\"https:\/\/schema.org\",\"@graph\":[{\"@type\":\"WebPage\",\"@id\":\"https:\/\/delorenzoglobal.com\/es\/producto\/regulaciones-y-control\/\",\"url\":\"https:\/\/delorenzoglobal.com\/es\/producto\/regulaciones-y-control\/\",\"name\":\"REGULACI\u00d3NES Y CONTROL - De Lorenzo Training &amp; Didactical Equipment\",\"isPartOf\":{\"@id\":\"https:\/\/delorenzoglobal.com\/es\/#website\"},\"primaryImageOfPage\":{\"@id\":\"https:\/\/delorenzoglobal.com\/es\/producto\/regulaciones-y-control\/#primaryimage\"},\"image\":{\"@id\":\"https:\/\/delorenzoglobal.com\/es\/producto\/regulaciones-y-control\/#primaryimage\"},\"thumbnailUrl\":\"https:\/\/delorenzoglobal.com\/wp-content\/uploads\/2024\/04\/DL-3155M33.jpg\",\"datePublished\":\"2024-04-09T14:24:41+00:00\",\"dateModified\":\"2026-04-17T12:01:50+00:00\",\"description\":\"Placa did\u00e1ctica para el estudio del control autom\u00e1tico con t\u00e9cnicas P, PI, PWM y on\u2011off, orientada a la ingenier\u00eda electr\u00f3nica e inform\u00e1tica.\",\"breadcrumb\":{\"@id\":\"https:\/\/delorenzoglobal.com\/es\/producto\/regulaciones-y-control\/#breadcrumb\"},\"inLanguage\":\"es\",\"potentialAction\":[{\"@type\":\"ReadAction\",\"target\":[\"https:\/\/delorenzoglobal.com\/es\/producto\/regulaciones-y-control\/\"]}]},{\"@type\":\"ImageObject\",\"inLanguage\":\"es\",\"@id\":\"https:\/\/delorenzoglobal.com\/es\/producto\/regulaciones-y-control\/#primaryimage\",\"url\":\"https:\/\/delorenzoglobal.com\/wp-content\/uploads\/2024\/04\/DL-3155M33.jpg\",\"contentUrl\":\"https:\/\/delorenzoglobal.com\/wp-content\/uploads\/2024\/04\/DL-3155M33.jpg\",\"width\":2502,\"height\":2192},{\"@type\":\"BreadcrumbList\",\"@id\":\"https:\/\/delorenzoglobal.com\/es\/producto\/regulaciones-y-control\/#breadcrumb\",\"itemListElement\":[{\"@type\":\"ListItem\",\"position\":1,\"name\":\"Home\",\"item\":\"https:\/\/delorenzoglobal.com\/es\/\"},{\"@type\":\"ListItem\",\"position\":2,\"name\":\"Tienda\",\"item\":\"https:\/\/delorenzoglobal.com\/es\/tienda\/\"},{\"@type\":\"ListItem\",\"position\":3,\"name\":\"REGULACI\u00d3NES Y CONTROL\"}]},{\"@type\":\"WebSite\",\"@id\":\"https:\/\/delorenzoglobal.com\/es\/#website\",\"url\":\"https:\/\/delorenzoglobal.com\/es\/\",\"name\":\"De Lorenzo Training &amp; Didactical Equipment\",\"description\":\"\",\"potentialAction\":[{\"@type\":\"SearchAction\",\"target\":{\"@type\":\"EntryPoint\",\"urlTemplate\":\"https:\/\/delorenzoglobal.com\/es\/?s={search_term_string}\"},\"query-input\":{\"@type\":\"PropertyValueSpecification\",\"valueRequired\":true,\"valueName\":\"search_term_string\"}}],\"inLanguage\":\"es\"}]}<\/script>\n<!-- \/ Yoast SEO plugin. -->","yoast_head_json":{"title":"REGULACI\u00d3NES Y CONTROL - De Lorenzo Training &amp; Didactical Equipment","description":"Placa did\u00e1ctica para el estudio del control autom\u00e1tico con t\u00e9cnicas P, PI, PWM y on\u2011off, orientada a la ingenier\u00eda electr\u00f3nica e inform\u00e1tica.","robots":{"index":"index","follow":"follow","max-snippet":"max-snippet:-1","max-image-preview":"max-image-preview:large","max-video-preview":"max-video-preview:-1"},"canonical":"https:\/\/delorenzoglobal.com\/es\/producto\/regulaciones-y-control\/","og_locale":"es_ES","og_type":"article","og_title":"REGULACI\u00d3NES Y CONTROL - De Lorenzo Training &amp; Didactical Equipment","og_description":"Placa did\u00e1ctica para el estudio del control autom\u00e1tico con t\u00e9cnicas P, PI, PWM y on\u2011off, orientada a la ingenier\u00eda electr\u00f3nica e inform\u00e1tica.","og_url":"https:\/\/delorenzoglobal.com\/es\/producto\/regulaciones-y-control\/","og_site_name":"De Lorenzo Training &amp; Didactical Equipment","article_modified_time":"2026-04-17T12:01:50+00:00","og_image":[{"width":2502,"height":2192,"url":"https:\/\/delorenzoglobal.com\/wp-content\/uploads\/2024\/04\/DL-3155M33.jpg","type":"image\/jpeg"}],"twitter_card":"summary_large_image","twitter_misc":{"Tiempo de lectura":"1 minuto"},"schema":{"@context":"https:\/\/schema.org","@graph":[{"@type":"WebPage","@id":"https:\/\/delorenzoglobal.com\/es\/producto\/regulaciones-y-control\/","url":"https:\/\/delorenzoglobal.com\/es\/producto\/regulaciones-y-control\/","name":"REGULACI\u00d3NES Y CONTROL - De Lorenzo Training &amp; Didactical Equipment","isPartOf":{"@id":"https:\/\/delorenzoglobal.com\/es\/#website"},"primaryImageOfPage":{"@id":"https:\/\/delorenzoglobal.com\/es\/producto\/regulaciones-y-control\/#primaryimage"},"image":{"@id":"https:\/\/delorenzoglobal.com\/es\/producto\/regulaciones-y-control\/#primaryimage"},"thumbnailUrl":"https:\/\/delorenzoglobal.com\/wp-content\/uploads\/2024\/04\/DL-3155M33.jpg","datePublished":"2024-04-09T14:24:41+00:00","dateModified":"2026-04-17T12:01:50+00:00","description":"Placa did\u00e1ctica para el estudio del control autom\u00e1tico con t\u00e9cnicas P, PI, PWM y on\u2011off, orientada a la ingenier\u00eda electr\u00f3nica e inform\u00e1tica.","breadcrumb":{"@id":"https:\/\/delorenzoglobal.com\/es\/producto\/regulaciones-y-control\/#breadcrumb"},"inLanguage":"es","potentialAction":[{"@type":"ReadAction","target":["https:\/\/delorenzoglobal.com\/es\/producto\/regulaciones-y-control\/"]}]},{"@type":"ImageObject","inLanguage":"es","@id":"https:\/\/delorenzoglobal.com\/es\/producto\/regulaciones-y-control\/#primaryimage","url":"https:\/\/delorenzoglobal.com\/wp-content\/uploads\/2024\/04\/DL-3155M33.jpg","contentUrl":"https:\/\/delorenzoglobal.com\/wp-content\/uploads\/2024\/04\/DL-3155M33.jpg","width":2502,"height":2192},{"@type":"BreadcrumbList","@id":"https:\/\/delorenzoglobal.com\/es\/producto\/regulaciones-y-control\/#breadcrumb","itemListElement":[{"@type":"ListItem","position":1,"name":"Home","item":"https:\/\/delorenzoglobal.com\/es\/"},{"@type":"ListItem","position":2,"name":"Tienda","item":"https:\/\/delorenzoglobal.com\/es\/tienda\/"},{"@type":"ListItem","position":3,"name":"REGULACI\u00d3NES Y CONTROL"}]},{"@type":"WebSite","@id":"https:\/\/delorenzoglobal.com\/es\/#website","url":"https:\/\/delorenzoglobal.com\/es\/","name":"De Lorenzo Training &amp; Didactical Equipment","description":"","potentialAction":[{"@type":"SearchAction","target":{"@type":"EntryPoint","urlTemplate":"https:\/\/delorenzoglobal.com\/es\/?s={search_term_string}"},"query-input":{"@type":"PropertyValueSpecification","valueRequired":true,"valueName":"search_term_string"}}],"inLanguage":"es"}]}},"_links":{"self":[{"href":"https:\/\/delorenzoglobal.com\/es\/wp-json\/wp\/v2\/product\/2187","targetHints":{"allow":["GET"]}}],"collection":[{"href":"https:\/\/delorenzoglobal.com\/es\/wp-json\/wp\/v2\/product"}],"about":[{"href":"https:\/\/delorenzoglobal.com\/es\/wp-json\/wp\/v2\/types\/product"}],"wp:featuredmedia":[{"embeddable":true,"href":"https:\/\/delorenzoglobal.com\/es\/wp-json\/wp\/v2\/media\/2176"}],"wp:attachment":[{"href":"https:\/\/delorenzoglobal.com\/es\/wp-json\/wp\/v2\/media?parent=2187"}],"wp:term":[{"taxonomy":"product_brand","embeddable":true,"href":"https:\/\/delorenzoglobal.com\/es\/wp-json\/wp\/v2\/product_brand?post=2187"},{"taxonomy":"product_cat","embeddable":true,"href":"https:\/\/delorenzoglobal.com\/es\/wp-json\/wp\/v2\/product_cat?post=2187"},{"taxonomy":"product_tag","embeddable":true,"href":"https:\/\/delorenzoglobal.com\/es\/wp-json\/wp\/v2\/product_tag?post=2187"}],"curies":[{"name":"wp","href":"https:\/\/api.w.org\/{rel}","templated":true}]}}