{"id":2076,"date":"2024-04-09T15:52:04","date_gmt":"2024-04-09T13:52:04","guid":{"rendered":"https:\/\/delorenzoglobal.com\/?post_type=product&#038;p=2076"},"modified":"2026-04-17T11:02:14","modified_gmt":"2026-04-17T09:02:14","slug":"control-de-velocidad-del-motor-de-cc","status":"publish","type":"product","link":"https:\/\/delorenzoglobal.com\/es\/producto\/control-de-velocidad-del-motor-de-cc\/","title":{"rendered":"CONTROL DE VELOCIDAD DEL MOTOR DE CC"},"content":{"rendered":"<p>Esta placa ha sido dise\u00f1ada para resaltar las t\u00e9cnicas de control de velocidad de un motor de corriente continua.<\/p>\n<p>El tablero se divide b\u00e1sicamente en dos secciones: la primera permite el estudio del control de velocidad en lazo abierto, mientras que la segunda secci\u00f3n se ocupa de un control de velocidad en lazo cerrado real del sistema.<\/p>\n<p>&nbsp;<\/p>\n","protected":false},"excerpt":{"rendered":"<p>Esta placa ha sido dise\u00f1ada para resaltar las t\u00e9cnicas de control de velocidad de un motor de corriente continua. El tablero se divide b\u00e1sicamente en dos secciones: la primera permite el estudio del control de velocidad en lazo abierto, mientras que la segunda secci\u00f3n se ocupa de un control de velocidad en lazo cerrado real [&hellip;]<\/p>\n","protected":false},"featured_media":2064,"template":"","meta":{"_acf_changed":false},"product_brand":[],"product_cat":[184],"product_tag":[],"class_list":{"0":"post-2076","1":"product","2":"type-product","3":"status-publish","4":"has-post-thumbnail","6":"product_cat-control-de-procesos","8":"first","9":"instock","10":"shipping-taxable","11":"product-type-simple"},"acf":[],"yoast_head":"<!-- This site is optimized with the Yoast SEO plugin v27.0 - https:\/\/yoast.com\/product\/yoast-seo-wordpress\/ -->\n<title>CONTROL DE VELOCIDAD DEL MOTOR DE CC - De Lorenzo Training &amp; Didactical Equipment<\/title>\n<meta name=\"description\" content=\"Esta placa est\u00e1 dise\u00f1ada para mostrar t\u00e9cnicas de control de velocidad de un motor de corriente continua, incluyendo el control en lazo abierto y en lazo cerrado.\" \/>\n<meta name=\"robots\" content=\"index, follow, max-snippet:-1, max-image-preview:large, max-video-preview:-1\" \/>\n<link rel=\"canonical\" href=\"https:\/\/delorenzoglobal.com\/es\/producto\/control-de-velocidad-del-motor-de-cc\/\" \/>\n<meta property=\"og:locale\" content=\"es_ES\" \/>\n<meta property=\"og:type\" content=\"article\" \/>\n<meta property=\"og:title\" content=\"CONTROL DE VELOCIDAD DEL MOTOR DE CC - De Lorenzo Training &amp; Didactical Equipment\" \/>\n<meta property=\"og:description\" content=\"Esta placa est\u00e1 dise\u00f1ada para mostrar t\u00e9cnicas de control de velocidad de un motor de corriente continua, incluyendo el control en lazo abierto y en lazo cerrado.\" \/>\n<meta property=\"og:url\" content=\"https:\/\/delorenzoglobal.com\/es\/producto\/control-de-velocidad-del-motor-de-cc\/\" \/>\n<meta property=\"og:site_name\" content=\"De Lorenzo Training &amp; Didactical Equipment\" \/>\n<meta property=\"article:modified_time\" content=\"2026-04-17T09:02:14+00:00\" \/>\n<meta property=\"og:image\" content=\"https:\/\/delorenzoglobal.com\/wp-content\/uploads\/2024\/04\/DL-2155RGM-scaled.jpg\" \/>\n\t<meta property=\"og:image:width\" content=\"2560\" \/>\n\t<meta property=\"og:image:height\" content=\"1327\" \/>\n\t<meta property=\"og:image:type\" content=\"image\/jpeg\" \/>\n<meta name=\"twitter:card\" content=\"summary_large_image\" \/>\n<meta name=\"twitter:label1\" content=\"Tiempo de lectura\" \/>\n\t<meta name=\"twitter:data1\" content=\"1 minuto\" \/>\n<script type=\"application\/ld+json\" class=\"yoast-schema-graph\">{\"@context\":\"https:\/\/schema.org\",\"@graph\":[{\"@type\":\"WebPage\",\"@id\":\"https:\/\/delorenzoglobal.com\/es\/producto\/control-de-velocidad-del-motor-de-cc\/\",\"url\":\"https:\/\/delorenzoglobal.com\/es\/producto\/control-de-velocidad-del-motor-de-cc\/\",\"name\":\"CONTROL DE VELOCIDAD DEL MOTOR DE CC - De Lorenzo Training &amp; Didactical Equipment\",\"isPartOf\":{\"@id\":\"https:\/\/delorenzoglobal.com\/es\/#website\"},\"primaryImageOfPage\":{\"@id\":\"https:\/\/delorenzoglobal.com\/es\/producto\/control-de-velocidad-del-motor-de-cc\/#primaryimage\"},\"image\":{\"@id\":\"https:\/\/delorenzoglobal.com\/es\/producto\/control-de-velocidad-del-motor-de-cc\/#primaryimage\"},\"thumbnailUrl\":\"https:\/\/delorenzoglobal.com\/wp-content\/uploads\/2024\/04\/DL-2155RGM-scaled.jpg\",\"datePublished\":\"2024-04-09T13:52:04+00:00\",\"dateModified\":\"2026-04-17T09:02:14+00:00\",\"description\":\"Esta placa est\u00e1 dise\u00f1ada para mostrar t\u00e9cnicas de control de velocidad de un motor de corriente continua, incluyendo el control en lazo abierto y en lazo cerrado.\",\"breadcrumb\":{\"@id\":\"https:\/\/delorenzoglobal.com\/es\/producto\/control-de-velocidad-del-motor-de-cc\/#breadcrumb\"},\"inLanguage\":\"es\",\"potentialAction\":[{\"@type\":\"ReadAction\",\"target\":[\"https:\/\/delorenzoglobal.com\/es\/producto\/control-de-velocidad-del-motor-de-cc\/\"]}]},{\"@type\":\"ImageObject\",\"inLanguage\":\"es\",\"@id\":\"https:\/\/delorenzoglobal.com\/es\/producto\/control-de-velocidad-del-motor-de-cc\/#primaryimage\",\"url\":\"https:\/\/delorenzoglobal.com\/wp-content\/uploads\/2024\/04\/DL-2155RGM-scaled.jpg\",\"contentUrl\":\"https:\/\/delorenzoglobal.com\/wp-content\/uploads\/2024\/04\/DL-2155RGM-scaled.jpg\",\"width\":2560,\"height\":1327},{\"@type\":\"BreadcrumbList\",\"@id\":\"https:\/\/delorenzoglobal.com\/es\/producto\/control-de-velocidad-del-motor-de-cc\/#breadcrumb\",\"itemListElement\":[{\"@type\":\"ListItem\",\"position\":1,\"name\":\"Home\",\"item\":\"https:\/\/delorenzoglobal.com\/es\/\"},{\"@type\":\"ListItem\",\"position\":2,\"name\":\"Tienda\",\"item\":\"https:\/\/delorenzoglobal.com\/es\/tienda\/\"},{\"@type\":\"ListItem\",\"position\":3,\"name\":\"CONTROL DE VELOCIDAD DEL MOTOR DE CC\"}]},{\"@type\":\"WebSite\",\"@id\":\"https:\/\/delorenzoglobal.com\/es\/#website\",\"url\":\"https:\/\/delorenzoglobal.com\/es\/\",\"name\":\"De Lorenzo Training &amp; Didactical Equipment\",\"description\":\"\",\"potentialAction\":[{\"@type\":\"SearchAction\",\"target\":{\"@type\":\"EntryPoint\",\"urlTemplate\":\"https:\/\/delorenzoglobal.com\/es\/?s={search_term_string}\"},\"query-input\":{\"@type\":\"PropertyValueSpecification\",\"valueRequired\":true,\"valueName\":\"search_term_string\"}}],\"inLanguage\":\"es\"}]}<\/script>\n<!-- \/ Yoast SEO plugin. -->","yoast_head_json":{"title":"CONTROL DE VELOCIDAD DEL MOTOR DE CC - De Lorenzo Training &amp; Didactical Equipment","description":"Esta placa est\u00e1 dise\u00f1ada para mostrar t\u00e9cnicas de control de velocidad de un motor de corriente continua, incluyendo el control en lazo abierto y en lazo cerrado.","robots":{"index":"index","follow":"follow","max-snippet":"max-snippet:-1","max-image-preview":"max-image-preview:large","max-video-preview":"max-video-preview:-1"},"canonical":"https:\/\/delorenzoglobal.com\/es\/producto\/control-de-velocidad-del-motor-de-cc\/","og_locale":"es_ES","og_type":"article","og_title":"CONTROL DE VELOCIDAD DEL MOTOR DE CC - De Lorenzo Training &amp; Didactical Equipment","og_description":"Esta placa est\u00e1 dise\u00f1ada para mostrar t\u00e9cnicas de control de velocidad de un motor de corriente continua, incluyendo el control en lazo abierto y en lazo cerrado.","og_url":"https:\/\/delorenzoglobal.com\/es\/producto\/control-de-velocidad-del-motor-de-cc\/","og_site_name":"De Lorenzo Training &amp; Didactical Equipment","article_modified_time":"2026-04-17T09:02:14+00:00","og_image":[{"width":2560,"height":1327,"url":"https:\/\/delorenzoglobal.com\/wp-content\/uploads\/2024\/04\/DL-2155RGM-scaled.jpg","type":"image\/jpeg"}],"twitter_card":"summary_large_image","twitter_misc":{"Tiempo de lectura":"1 minuto"},"schema":{"@context":"https:\/\/schema.org","@graph":[{"@type":"WebPage","@id":"https:\/\/delorenzoglobal.com\/es\/producto\/control-de-velocidad-del-motor-de-cc\/","url":"https:\/\/delorenzoglobal.com\/es\/producto\/control-de-velocidad-del-motor-de-cc\/","name":"CONTROL DE VELOCIDAD DEL MOTOR DE CC - De Lorenzo Training &amp; Didactical Equipment","isPartOf":{"@id":"https:\/\/delorenzoglobal.com\/es\/#website"},"primaryImageOfPage":{"@id":"https:\/\/delorenzoglobal.com\/es\/producto\/control-de-velocidad-del-motor-de-cc\/#primaryimage"},"image":{"@id":"https:\/\/delorenzoglobal.com\/es\/producto\/control-de-velocidad-del-motor-de-cc\/#primaryimage"},"thumbnailUrl":"https:\/\/delorenzoglobal.com\/wp-content\/uploads\/2024\/04\/DL-2155RGM-scaled.jpg","datePublished":"2024-04-09T13:52:04+00:00","dateModified":"2026-04-17T09:02:14+00:00","description":"Esta placa est\u00e1 dise\u00f1ada para mostrar t\u00e9cnicas de control de velocidad de un motor de corriente continua, incluyendo el control en lazo abierto y en lazo cerrado.","breadcrumb":{"@id":"https:\/\/delorenzoglobal.com\/es\/producto\/control-de-velocidad-del-motor-de-cc\/#breadcrumb"},"inLanguage":"es","potentialAction":[{"@type":"ReadAction","target":["https:\/\/delorenzoglobal.com\/es\/producto\/control-de-velocidad-del-motor-de-cc\/"]}]},{"@type":"ImageObject","inLanguage":"es","@id":"https:\/\/delorenzoglobal.com\/es\/producto\/control-de-velocidad-del-motor-de-cc\/#primaryimage","url":"https:\/\/delorenzoglobal.com\/wp-content\/uploads\/2024\/04\/DL-2155RGM-scaled.jpg","contentUrl":"https:\/\/delorenzoglobal.com\/wp-content\/uploads\/2024\/04\/DL-2155RGM-scaled.jpg","width":2560,"height":1327},{"@type":"BreadcrumbList","@id":"https:\/\/delorenzoglobal.com\/es\/producto\/control-de-velocidad-del-motor-de-cc\/#breadcrumb","itemListElement":[{"@type":"ListItem","position":1,"name":"Home","item":"https:\/\/delorenzoglobal.com\/es\/"},{"@type":"ListItem","position":2,"name":"Tienda","item":"https:\/\/delorenzoglobal.com\/es\/tienda\/"},{"@type":"ListItem","position":3,"name":"CONTROL DE VELOCIDAD DEL MOTOR DE CC"}]},{"@type":"WebSite","@id":"https:\/\/delorenzoglobal.com\/es\/#website","url":"https:\/\/delorenzoglobal.com\/es\/","name":"De Lorenzo Training &amp; Didactical Equipment","description":"","potentialAction":[{"@type":"SearchAction","target":{"@type":"EntryPoint","urlTemplate":"https:\/\/delorenzoglobal.com\/es\/?s={search_term_string}"},"query-input":{"@type":"PropertyValueSpecification","valueRequired":true,"valueName":"search_term_string"}}],"inLanguage":"es"}]}},"_links":{"self":[{"href":"https:\/\/delorenzoglobal.com\/es\/wp-json\/wp\/v2\/product\/2076","targetHints":{"allow":["GET"]}}],"collection":[{"href":"https:\/\/delorenzoglobal.com\/es\/wp-json\/wp\/v2\/product"}],"about":[{"href":"https:\/\/delorenzoglobal.com\/es\/wp-json\/wp\/v2\/types\/product"}],"wp:featuredmedia":[{"embeddable":true,"href":"https:\/\/delorenzoglobal.com\/es\/wp-json\/wp\/v2\/media\/2064"}],"wp:attachment":[{"href":"https:\/\/delorenzoglobal.com\/es\/wp-json\/wp\/v2\/media?parent=2076"}],"wp:term":[{"taxonomy":"product_brand","embeddable":true,"href":"https:\/\/delorenzoglobal.com\/es\/wp-json\/wp\/v2\/product_brand?post=2076"},{"taxonomy":"product_cat","embeddable":true,"href":"https:\/\/delorenzoglobal.com\/es\/wp-json\/wp\/v2\/product_cat?post=2076"},{"taxonomy":"product_tag","embeddable":true,"href":"https:\/\/delorenzoglobal.com\/es\/wp-json\/wp\/v2\/product_tag?post=2076"}],"curies":[{"name":"wp","href":"https:\/\/api.w.org\/{rel}","templated":true}]}}