{"id":16803,"date":"2024-05-14T13:34:54","date_gmt":"2024-05-14T11:34:54","guid":{"rendered":"https:\/\/delorenzoglobal.com\/?post_type=product&#038;p=16803"},"modified":"2025-01-31T14:05:14","modified_gmt":"2025-01-31T13:05:14","slug":"modulo-para-el-estudio-de-un-invernadero-inteligente","status":"publish","type":"product","link":"https:\/\/delorenzoglobal.com\/es\/producto\/modulo-para-el-estudio-de-un-invernadero-inteligente\/","title":{"rendered":"M\u00d3DULO PARA EL ESTUDIO DE UN INVERNADERO INTELIGENTE"},"content":{"rendered":"<p>Los productos cultivados en invernaderos se han vuelto indispensables para nuestra vida diaria, desde la producci\u00f3n de alimentos hasta las actividades hort\u00edcolas. Sin embargo, incluso si la productividad en invernaderos es generalmente mayor que en cultivos de campo abierto, se hace necesario mejorar la eficiencia y la sostenibilidad.<\/p>\n<p>Para un futuro mejor, es importante transmitir a los m\u00e1s j\u00f3venes los valores de sostenibilidad y respeto por el medio ambiente. De Lorenzo ha desarrollado un peque\u00f1o invernadero de dos zonas para este fin, perfecto para un primer acercamiento a la bot\u00e1nica, donde los j\u00f3venes pueden crear sus propio cultivos en un entorno con un rico contenido educativo.<\/p>\n","protected":false},"excerpt":{"rendered":"<p>Los productos cultivados en invernaderos se han vuelto indispensables para nuestra vida diaria, desde la producci\u00f3n de alimentos hasta las actividades hort\u00edcolas. Sin embargo, incluso si la productividad en invernaderos es generalmente mayor que en cultivos de campo abierto, se hace necesario mejorar la eficiencia y la sostenibilidad. Para un futuro mejor, es importante transmitir [&hellip;]<\/p>\n","protected":false},"featured_media":12550,"template":"","meta":{"_acf_changed":false},"product_brand":[],"product_cat":[470],"product_tag":[],"class_list":{"0":"post-16803","1":"product","2":"type-product","3":"status-publish","4":"has-post-thumbnail","6":"product_cat-dl-next-generation-labs-es","8":"first","9":"instock","10":"shipping-taxable","11":"product-type-simple"},"acf":[],"yoast_head":"<!-- This site is optimized with the Yoast SEO plugin v27.4 - https:\/\/yoast.com\/product\/yoast-seo-wordpress\/ -->\n<title>M\u00d3DULO PARA EL ESTUDIO DE UN INVERNADERO INTELIGENTE - De Lorenzo Training &amp; Didactical Equipment<\/title>\n<meta name=\"robots\" content=\"index, follow, max-snippet:-1, max-image-preview:large, max-video-preview:-1\" \/>\n<link rel=\"canonical\" href=\"https:\/\/delorenzoglobal.com\/es\/producto\/modulo-para-el-estudio-de-un-invernadero-inteligente\/\" \/>\n<meta property=\"og:locale\" content=\"es_ES\" \/>\n<meta property=\"og:type\" content=\"article\" \/>\n<meta property=\"og:title\" content=\"M\u00d3DULO PARA EL ESTUDIO DE UN INVERNADERO INTELIGENTE - De Lorenzo Training &amp; Didactical Equipment\" \/>\n<meta property=\"og:description\" content=\"Los productos cultivados en invernaderos se han vuelto indispensables para nuestra vida diaria, desde la producci\u00f3n de alimentos hasta las actividades hort\u00edcolas. Sin embargo, incluso si la productividad en invernaderos es generalmente mayor que en cultivos de campo abierto, se hace necesario mejorar la eficiencia y la sostenibilidad. Para un futuro mejor, es importante transmitir [&hellip;]\" \/>\n<meta property=\"og:url\" content=\"https:\/\/delorenzoglobal.com\/es\/producto\/modulo-para-el-estudio-de-un-invernadero-inteligente\/\" \/>\n<meta property=\"og:site_name\" content=\"De Lorenzo Training &amp; Didactical Equipment\" \/>\n<meta property=\"article:modified_time\" content=\"2025-01-31T13:05:14+00:00\" \/>\n<meta property=\"og:image\" content=\"https:\/\/delorenzoglobal.com\/wp-content\/uploads\/2024\/04\/DL-GREEN-STEM.jpg\" \/>\n\t<meta property=\"og:image:width\" content=\"744\" \/>\n\t<meta property=\"og:image:height\" content=\"782\" \/>\n\t<meta property=\"og:image:type\" content=\"image\/jpeg\" \/>\n<meta name=\"twitter:card\" content=\"summary_large_image\" \/>\n<meta name=\"twitter:label1\" content=\"Tiempo de lectura\" \/>\n\t<meta name=\"twitter:data1\" content=\"1 minuto\" \/>\n<script type=\"application\/ld+json\" class=\"yoast-schema-graph\">{\"@context\":\"https:\\\/\\\/schema.org\",\"@graph\":[{\"@type\":\"WebPage\",\"@id\":\"https:\\\/\\\/delorenzoglobal.com\\\/es\\\/producto\\\/modulo-para-el-estudio-de-un-invernadero-inteligente\\\/\",\"url\":\"https:\\\/\\\/delorenzoglobal.com\\\/es\\\/producto\\\/modulo-para-el-estudio-de-un-invernadero-inteligente\\\/\",\"name\":\"M\u00d3DULO PARA EL ESTUDIO DE UN INVERNADERO INTELIGENTE - De Lorenzo Training &amp; Didactical Equipment\",\"isPartOf\":{\"@id\":\"https:\\\/\\\/delorenzoglobal.com\\\/es\\\/#website\"},\"primaryImageOfPage\":{\"@id\":\"https:\\\/\\\/delorenzoglobal.com\\\/es\\\/producto\\\/modulo-para-el-estudio-de-un-invernadero-inteligente\\\/#primaryimage\"},\"image\":{\"@id\":\"https:\\\/\\\/delorenzoglobal.com\\\/es\\\/producto\\\/modulo-para-el-estudio-de-un-invernadero-inteligente\\\/#primaryimage\"},\"thumbnailUrl\":\"https:\\\/\\\/delorenzoglobal.com\\\/wp-content\\\/uploads\\\/2024\\\/04\\\/DL-GREEN-STEM.jpg\",\"datePublished\":\"2024-05-14T11:34:54+00:00\",\"dateModified\":\"2025-01-31T13:05:14+00:00\",\"breadcrumb\":{\"@id\":\"https:\\\/\\\/delorenzoglobal.com\\\/es\\\/producto\\\/modulo-para-el-estudio-de-un-invernadero-inteligente\\\/#breadcrumb\"},\"inLanguage\":\"es\",\"potentialAction\":[{\"@type\":\"ReadAction\",\"target\":[\"https:\\\/\\\/delorenzoglobal.com\\\/es\\\/producto\\\/modulo-para-el-estudio-de-un-invernadero-inteligente\\\/\"]}]},{\"@type\":\"ImageObject\",\"inLanguage\":\"es\",\"@id\":\"https:\\\/\\\/delorenzoglobal.com\\\/es\\\/producto\\\/modulo-para-el-estudio-de-un-invernadero-inteligente\\\/#primaryimage\",\"url\":\"https:\\\/\\\/delorenzoglobal.com\\\/wp-content\\\/uploads\\\/2024\\\/04\\\/DL-GREEN-STEM.jpg\",\"contentUrl\":\"https:\\\/\\\/delorenzoglobal.com\\\/wp-content\\\/uploads\\\/2024\\\/04\\\/DL-GREEN-STEM.jpg\",\"width\":744,\"height\":782},{\"@type\":\"BreadcrumbList\",\"@id\":\"https:\\\/\\\/delorenzoglobal.com\\\/es\\\/producto\\\/modulo-para-el-estudio-de-un-invernadero-inteligente\\\/#breadcrumb\",\"itemListElement\":[{\"@type\":\"ListItem\",\"position\":1,\"name\":\"Home\",\"item\":\"https:\\\/\\\/delorenzoglobal.com\\\/es\\\/\"},{\"@type\":\"ListItem\",\"position\":2,\"name\":\"Tienda\",\"item\":\"https:\\\/\\\/delorenzoglobal.com\\\/es\\\/tienda\\\/\"},{\"@type\":\"ListItem\",\"position\":3,\"name\":\"M\u00d3DULO PARA EL ESTUDIO DE UN INVERNADERO INTELIGENTE\"}]},{\"@type\":\"WebSite\",\"@id\":\"https:\\\/\\\/delorenzoglobal.com\\\/es\\\/#website\",\"url\":\"https:\\\/\\\/delorenzoglobal.com\\\/es\\\/\",\"name\":\"De Lorenzo Training &amp; Didactical Equipment\",\"description\":\"\",\"potentialAction\":[{\"@type\":\"SearchAction\",\"target\":{\"@type\":\"EntryPoint\",\"urlTemplate\":\"https:\\\/\\\/delorenzoglobal.com\\\/es\\\/?s={search_term_string}\"},\"query-input\":{\"@type\":\"PropertyValueSpecification\",\"valueRequired\":true,\"valueName\":\"search_term_string\"}}],\"inLanguage\":\"es\"}]}<\/script>\n<!-- \/ Yoast SEO plugin. -->","yoast_head_json":{"title":"M\u00d3DULO PARA EL ESTUDIO DE UN INVERNADERO INTELIGENTE - De Lorenzo Training &amp; Didactical Equipment","robots":{"index":"index","follow":"follow","max-snippet":"max-snippet:-1","max-image-preview":"max-image-preview:large","max-video-preview":"max-video-preview:-1"},"canonical":"https:\/\/delorenzoglobal.com\/es\/producto\/modulo-para-el-estudio-de-un-invernadero-inteligente\/","og_locale":"es_ES","og_type":"article","og_title":"M\u00d3DULO PARA EL ESTUDIO DE UN INVERNADERO INTELIGENTE - De Lorenzo Training &amp; Didactical Equipment","og_description":"Los productos cultivados en invernaderos se han vuelto indispensables para nuestra vida diaria, desde la producci\u00f3n de alimentos hasta las actividades hort\u00edcolas. Sin embargo, incluso si la productividad en invernaderos es generalmente mayor que en cultivos de campo abierto, se hace necesario mejorar la eficiencia y la sostenibilidad. Para un futuro mejor, es importante transmitir [&hellip;]","og_url":"https:\/\/delorenzoglobal.com\/es\/producto\/modulo-para-el-estudio-de-un-invernadero-inteligente\/","og_site_name":"De Lorenzo Training &amp; Didactical Equipment","article_modified_time":"2025-01-31T13:05:14+00:00","og_image":[{"width":744,"height":782,"url":"https:\/\/delorenzoglobal.com\/wp-content\/uploads\/2024\/04\/DL-GREEN-STEM.jpg","type":"image\/jpeg"}],"twitter_card":"summary_large_image","twitter_misc":{"Tiempo de lectura":"1 minuto"},"schema":{"@context":"https:\/\/schema.org","@graph":[{"@type":"WebPage","@id":"https:\/\/delorenzoglobal.com\/es\/producto\/modulo-para-el-estudio-de-un-invernadero-inteligente\/","url":"https:\/\/delorenzoglobal.com\/es\/producto\/modulo-para-el-estudio-de-un-invernadero-inteligente\/","name":"M\u00d3DULO PARA EL ESTUDIO DE UN INVERNADERO INTELIGENTE - De Lorenzo Training &amp; Didactical Equipment","isPartOf":{"@id":"https:\/\/delorenzoglobal.com\/es\/#website"},"primaryImageOfPage":{"@id":"https:\/\/delorenzoglobal.com\/es\/producto\/modulo-para-el-estudio-de-un-invernadero-inteligente\/#primaryimage"},"image":{"@id":"https:\/\/delorenzoglobal.com\/es\/producto\/modulo-para-el-estudio-de-un-invernadero-inteligente\/#primaryimage"},"thumbnailUrl":"https:\/\/delorenzoglobal.com\/wp-content\/uploads\/2024\/04\/DL-GREEN-STEM.jpg","datePublished":"2024-05-14T11:34:54+00:00","dateModified":"2025-01-31T13:05:14+00:00","breadcrumb":{"@id":"https:\/\/delorenzoglobal.com\/es\/producto\/modulo-para-el-estudio-de-un-invernadero-inteligente\/#breadcrumb"},"inLanguage":"es","potentialAction":[{"@type":"ReadAction","target":["https:\/\/delorenzoglobal.com\/es\/producto\/modulo-para-el-estudio-de-un-invernadero-inteligente\/"]}]},{"@type":"ImageObject","inLanguage":"es","@id":"https:\/\/delorenzoglobal.com\/es\/producto\/modulo-para-el-estudio-de-un-invernadero-inteligente\/#primaryimage","url":"https:\/\/delorenzoglobal.com\/wp-content\/uploads\/2024\/04\/DL-GREEN-STEM.jpg","contentUrl":"https:\/\/delorenzoglobal.com\/wp-content\/uploads\/2024\/04\/DL-GREEN-STEM.jpg","width":744,"height":782},{"@type":"BreadcrumbList","@id":"https:\/\/delorenzoglobal.com\/es\/producto\/modulo-para-el-estudio-de-un-invernadero-inteligente\/#breadcrumb","itemListElement":[{"@type":"ListItem","position":1,"name":"Home","item":"https:\/\/delorenzoglobal.com\/es\/"},{"@type":"ListItem","position":2,"name":"Tienda","item":"https:\/\/delorenzoglobal.com\/es\/tienda\/"},{"@type":"ListItem","position":3,"name":"M\u00d3DULO PARA EL ESTUDIO DE UN INVERNADERO INTELIGENTE"}]},{"@type":"WebSite","@id":"https:\/\/delorenzoglobal.com\/es\/#website","url":"https:\/\/delorenzoglobal.com\/es\/","name":"De Lorenzo Training &amp; Didactical Equipment","description":"","potentialAction":[{"@type":"SearchAction","target":{"@type":"EntryPoint","urlTemplate":"https:\/\/delorenzoglobal.com\/es\/?s={search_term_string}"},"query-input":{"@type":"PropertyValueSpecification","valueRequired":true,"valueName":"search_term_string"}}],"inLanguage":"es"}]}},"_links":{"self":[{"href":"https:\/\/delorenzoglobal.com\/es\/wp-json\/wp\/v2\/product\/16803","targetHints":{"allow":["GET"]}}],"collection":[{"href":"https:\/\/delorenzoglobal.com\/es\/wp-json\/wp\/v2\/product"}],"about":[{"href":"https:\/\/delorenzoglobal.com\/es\/wp-json\/wp\/v2\/types\/product"}],"wp:featuredmedia":[{"embeddable":true,"href":"https:\/\/delorenzoglobal.com\/es\/wp-json\/wp\/v2\/media\/12550"}],"wp:attachment":[{"href":"https:\/\/delorenzoglobal.com\/es\/wp-json\/wp\/v2\/media?parent=16803"}],"wp:term":[{"taxonomy":"product_brand","embeddable":true,"href":"https:\/\/delorenzoglobal.com\/es\/wp-json\/wp\/v2\/product_brand?post=16803"},{"taxonomy":"product_cat","embeddable":true,"href":"https:\/\/delorenzoglobal.com\/es\/wp-json\/wp\/v2\/product_cat?post=16803"},{"taxonomy":"product_tag","embeddable":true,"href":"https:\/\/delorenzoglobal.com\/es\/wp-json\/wp\/v2\/product_tag?post=16803"}],"curies":[{"name":"wp","href":"https:\/\/api.w.org\/{rel}","templated":true}]}}