{"id":1579,"date":"2024-04-09T12:32:56","date_gmt":"2024-04-09T10:32:56","guid":{"rendered":"https:\/\/delorenzoglobal.com\/?post_type=product&#038;p=1579"},"modified":"2026-04-20T09:44:07","modified_gmt":"2026-04-20T07:44:07","slug":"robot-cartesiano-de-dos-ejes","status":"publish","type":"product","link":"https:\/\/delorenzoglobal.com\/es\/producto\/robot-cartesiano-de-dos-ejes\/","title":{"rendered":"ROBOT CARTESIANO DE DOS EJES"},"content":{"rendered":"<p>Controlador multifuncional programable desarrollado para la simulaci\u00f3n de un robot cartesiano utilizado en entorno industrial.<\/p>\n<p>Este robot aplica la tecnolog\u00eda mec\u00e1nica moderna, de neum\u00e1tica y sensores para permitir que el alumno adquiera nociones en t\u00e9rminos de dise\u00f1o mec\u00e1nico y tecnolog\u00eda de posici\u00f3n de seguimiento.<\/p>\n<p>Es posible configurar el sistema mediante un PLC moderno.<\/p>\n<p>De esta forma el alumno tiene la oportunidad de interactuar con el mundo de la automatizaci\u00f3n.<\/p>\n<p>C\u00f3digo de pedido: Es posible pedir este producto con dos c\u00f3digos diferentes.<\/p>\n<p>La elecci\u00f3n del c\u00f3digo se basa en el tipo de PLC que se incluir\u00e1 con el robot.<\/p>\n<ul>\n<li><strong>DL ROB2X-AB<\/strong> \u2013 Robot con PLC Alan Bradley<\/li>\n<li><strong>DL ROB2X-1200<\/strong> \u2013 Robot con PLC Siemens<\/li>\n<\/ul>\n","protected":false},"excerpt":{"rendered":"<p>Controlador multifuncional programable desarrollado para la simulaci\u00f3n de un robot cartesiano utilizado en entorno industrial. Este robot aplica la tecnolog\u00eda mec\u00e1nica moderna, de neum\u00e1tica y sensores para permitir que el alumno adquiera nociones en t\u00e9rminos de dise\u00f1o mec\u00e1nico y tecnolog\u00eda de posici\u00f3n de seguimiento. Es posible configurar el sistema mediante un PLC moderno. De esta [&hellip;]<\/p>\n","protected":false},"featured_media":19400,"template":"","meta":{"_acf_changed":false},"product_brand":[],"product_cat":[187],"product_tag":[],"class_list":{"0":"post-1579","1":"product","2":"type-product","3":"status-publish","4":"has-post-thumbnail","6":"product_cat-sistemas-de-control-de-un-brazo-robotico","8":"first","9":"instock","10":"shipping-taxable","11":"product-type-simple"},"acf":[],"yoast_head":"<!-- This site is optimized with the Yoast SEO plugin v27.4 - https:\/\/yoast.com\/product\/yoast-seo-wordpress\/ -->\n<title>ROBOT CARTESIANO DE DOS EJES - De Lorenzo Training &amp; Didactical Equipment<\/title>\n<meta name=\"robots\" content=\"index, follow, max-snippet:-1, max-image-preview:large, max-video-preview:-1\" \/>\n<link rel=\"canonical\" href=\"https:\/\/delorenzoglobal.com\/es\/producto\/robot-cartesiano-de-dos-ejes\/\" \/>\n<meta property=\"og:locale\" content=\"es_ES\" \/>\n<meta property=\"og:type\" content=\"article\" \/>\n<meta property=\"og:title\" content=\"ROBOT CARTESIANO DE DOS EJES - De Lorenzo Training &amp; Didactical Equipment\" \/>\n<meta property=\"og:description\" content=\"Controlador multifuncional programable desarrollado para la simulaci\u00f3n de un robot cartesiano utilizado en entorno industrial. Este robot aplica la tecnolog\u00eda mec\u00e1nica moderna, de neum\u00e1tica y sensores para permitir que el alumno adquiera nociones en t\u00e9rminos de dise\u00f1o mec\u00e1nico y tecnolog\u00eda de posici\u00f3n de seguimiento. Es posible configurar el sistema mediante un PLC moderno. De esta [&hellip;]\" \/>\n<meta property=\"og:url\" content=\"https:\/\/delorenzoglobal.com\/es\/producto\/robot-cartesiano-de-dos-ejes\/\" \/>\n<meta property=\"og:site_name\" content=\"De Lorenzo Training &amp; Didactical Equipment\" \/>\n<meta property=\"article:modified_time\" content=\"2026-04-20T07:44:07+00:00\" \/>\n<meta property=\"og:image\" content=\"https:\/\/delorenzoglobal.com\/wp-content\/uploads\/2024\/04\/DL-ROB2X-1200-xs-1.jpg\" \/>\n\t<meta property=\"og:image:width\" content=\"2486\" \/>\n\t<meta property=\"og:image:height\" content=\"1768\" \/>\n\t<meta property=\"og:image:type\" content=\"image\/jpeg\" \/>\n<meta name=\"twitter:card\" content=\"summary_large_image\" \/>\n<meta name=\"twitter:label1\" content=\"Tiempo de lectura\" \/>\n\t<meta name=\"twitter:data1\" content=\"1 minuto\" \/>\n<script type=\"application\/ld+json\" class=\"yoast-schema-graph\">{\"@context\":\"https:\\\/\\\/schema.org\",\"@graph\":[{\"@type\":\"WebPage\",\"@id\":\"https:\\\/\\\/delorenzoglobal.com\\\/es\\\/producto\\\/robot-cartesiano-de-dos-ejes\\\/\",\"url\":\"https:\\\/\\\/delorenzoglobal.com\\\/es\\\/producto\\\/robot-cartesiano-de-dos-ejes\\\/\",\"name\":\"ROBOT CARTESIANO DE DOS EJES - De Lorenzo Training &amp; Didactical Equipment\",\"isPartOf\":{\"@id\":\"https:\\\/\\\/delorenzoglobal.com\\\/es\\\/#website\"},\"primaryImageOfPage\":{\"@id\":\"https:\\\/\\\/delorenzoglobal.com\\\/es\\\/producto\\\/robot-cartesiano-de-dos-ejes\\\/#primaryimage\"},\"image\":{\"@id\":\"https:\\\/\\\/delorenzoglobal.com\\\/es\\\/producto\\\/robot-cartesiano-de-dos-ejes\\\/#primaryimage\"},\"thumbnailUrl\":\"https:\\\/\\\/delorenzoglobal.com\\\/wp-content\\\/uploads\\\/2024\\\/04\\\/DL-ROB2X-1200-xs-1.jpg\",\"datePublished\":\"2024-04-09T10:32:56+00:00\",\"dateModified\":\"2026-04-20T07:44:07+00:00\",\"breadcrumb\":{\"@id\":\"https:\\\/\\\/delorenzoglobal.com\\\/es\\\/producto\\\/robot-cartesiano-de-dos-ejes\\\/#breadcrumb\"},\"inLanguage\":\"es\",\"potentialAction\":[{\"@type\":\"ReadAction\",\"target\":[\"https:\\\/\\\/delorenzoglobal.com\\\/es\\\/producto\\\/robot-cartesiano-de-dos-ejes\\\/\"]}]},{\"@type\":\"ImageObject\",\"inLanguage\":\"es\",\"@id\":\"https:\\\/\\\/delorenzoglobal.com\\\/es\\\/producto\\\/robot-cartesiano-de-dos-ejes\\\/#primaryimage\",\"url\":\"https:\\\/\\\/delorenzoglobal.com\\\/wp-content\\\/uploads\\\/2024\\\/04\\\/DL-ROB2X-1200-xs-1.jpg\",\"contentUrl\":\"https:\\\/\\\/delorenzoglobal.com\\\/wp-content\\\/uploads\\\/2024\\\/04\\\/DL-ROB2X-1200-xs-1.jpg\",\"width\":2486,\"height\":1768},{\"@type\":\"BreadcrumbList\",\"@id\":\"https:\\\/\\\/delorenzoglobal.com\\\/es\\\/producto\\\/robot-cartesiano-de-dos-ejes\\\/#breadcrumb\",\"itemListElement\":[{\"@type\":\"ListItem\",\"position\":1,\"name\":\"Home\",\"item\":\"https:\\\/\\\/delorenzoglobal.com\\\/es\\\/\"},{\"@type\":\"ListItem\",\"position\":2,\"name\":\"Tienda\",\"item\":\"https:\\\/\\\/delorenzoglobal.com\\\/es\\\/tienda\\\/\"},{\"@type\":\"ListItem\",\"position\":3,\"name\":\"ROBOT CARTESIANO DE DOS EJES\"}]},{\"@type\":\"WebSite\",\"@id\":\"https:\\\/\\\/delorenzoglobal.com\\\/es\\\/#website\",\"url\":\"https:\\\/\\\/delorenzoglobal.com\\\/es\\\/\",\"name\":\"De Lorenzo Training &amp; Didactical Equipment\",\"description\":\"\",\"potentialAction\":[{\"@type\":\"SearchAction\",\"target\":{\"@type\":\"EntryPoint\",\"urlTemplate\":\"https:\\\/\\\/delorenzoglobal.com\\\/es\\\/?s={search_term_string}\"},\"query-input\":{\"@type\":\"PropertyValueSpecification\",\"valueRequired\":true,\"valueName\":\"search_term_string\"}}],\"inLanguage\":\"es\"}]}<\/script>\n<!-- \/ Yoast SEO plugin. -->","yoast_head_json":{"title":"ROBOT CARTESIANO DE DOS EJES - De Lorenzo Training &amp; Didactical Equipment","robots":{"index":"index","follow":"follow","max-snippet":"max-snippet:-1","max-image-preview":"max-image-preview:large","max-video-preview":"max-video-preview:-1"},"canonical":"https:\/\/delorenzoglobal.com\/es\/producto\/robot-cartesiano-de-dos-ejes\/","og_locale":"es_ES","og_type":"article","og_title":"ROBOT CARTESIANO DE DOS EJES - De Lorenzo Training &amp; Didactical Equipment","og_description":"Controlador multifuncional programable desarrollado para la simulaci\u00f3n de un robot cartesiano utilizado en entorno industrial. Este robot aplica la tecnolog\u00eda mec\u00e1nica moderna, de neum\u00e1tica y sensores para permitir que el alumno adquiera nociones en t\u00e9rminos de dise\u00f1o mec\u00e1nico y tecnolog\u00eda de posici\u00f3n de seguimiento. Es posible configurar el sistema mediante un PLC moderno. De esta [&hellip;]","og_url":"https:\/\/delorenzoglobal.com\/es\/producto\/robot-cartesiano-de-dos-ejes\/","og_site_name":"De Lorenzo Training &amp; Didactical Equipment","article_modified_time":"2026-04-20T07:44:07+00:00","og_image":[{"width":2486,"height":1768,"url":"https:\/\/delorenzoglobal.com\/wp-content\/uploads\/2024\/04\/DL-ROB2X-1200-xs-1.jpg","type":"image\/jpeg"}],"twitter_card":"summary_large_image","twitter_misc":{"Tiempo de lectura":"1 minuto"},"schema":{"@context":"https:\/\/schema.org","@graph":[{"@type":"WebPage","@id":"https:\/\/delorenzoglobal.com\/es\/producto\/robot-cartesiano-de-dos-ejes\/","url":"https:\/\/delorenzoglobal.com\/es\/producto\/robot-cartesiano-de-dos-ejes\/","name":"ROBOT CARTESIANO DE DOS EJES - De Lorenzo Training &amp; Didactical Equipment","isPartOf":{"@id":"https:\/\/delorenzoglobal.com\/es\/#website"},"primaryImageOfPage":{"@id":"https:\/\/delorenzoglobal.com\/es\/producto\/robot-cartesiano-de-dos-ejes\/#primaryimage"},"image":{"@id":"https:\/\/delorenzoglobal.com\/es\/producto\/robot-cartesiano-de-dos-ejes\/#primaryimage"},"thumbnailUrl":"https:\/\/delorenzoglobal.com\/wp-content\/uploads\/2024\/04\/DL-ROB2X-1200-xs-1.jpg","datePublished":"2024-04-09T10:32:56+00:00","dateModified":"2026-04-20T07:44:07+00:00","breadcrumb":{"@id":"https:\/\/delorenzoglobal.com\/es\/producto\/robot-cartesiano-de-dos-ejes\/#breadcrumb"},"inLanguage":"es","potentialAction":[{"@type":"ReadAction","target":["https:\/\/delorenzoglobal.com\/es\/producto\/robot-cartesiano-de-dos-ejes\/"]}]},{"@type":"ImageObject","inLanguage":"es","@id":"https:\/\/delorenzoglobal.com\/es\/producto\/robot-cartesiano-de-dos-ejes\/#primaryimage","url":"https:\/\/delorenzoglobal.com\/wp-content\/uploads\/2024\/04\/DL-ROB2X-1200-xs-1.jpg","contentUrl":"https:\/\/delorenzoglobal.com\/wp-content\/uploads\/2024\/04\/DL-ROB2X-1200-xs-1.jpg","width":2486,"height":1768},{"@type":"BreadcrumbList","@id":"https:\/\/delorenzoglobal.com\/es\/producto\/robot-cartesiano-de-dos-ejes\/#breadcrumb","itemListElement":[{"@type":"ListItem","position":1,"name":"Home","item":"https:\/\/delorenzoglobal.com\/es\/"},{"@type":"ListItem","position":2,"name":"Tienda","item":"https:\/\/delorenzoglobal.com\/es\/tienda\/"},{"@type":"ListItem","position":3,"name":"ROBOT CARTESIANO DE DOS EJES"}]},{"@type":"WebSite","@id":"https:\/\/delorenzoglobal.com\/es\/#website","url":"https:\/\/delorenzoglobal.com\/es\/","name":"De Lorenzo Training &amp; Didactical Equipment","description":"","potentialAction":[{"@type":"SearchAction","target":{"@type":"EntryPoint","urlTemplate":"https:\/\/delorenzoglobal.com\/es\/?s={search_term_string}"},"query-input":{"@type":"PropertyValueSpecification","valueRequired":true,"valueName":"search_term_string"}}],"inLanguage":"es"}]}},"_links":{"self":[{"href":"https:\/\/delorenzoglobal.com\/es\/wp-json\/wp\/v2\/product\/1579","targetHints":{"allow":["GET"]}}],"collection":[{"href":"https:\/\/delorenzoglobal.com\/es\/wp-json\/wp\/v2\/product"}],"about":[{"href":"https:\/\/delorenzoglobal.com\/es\/wp-json\/wp\/v2\/types\/product"}],"wp:featuredmedia":[{"embeddable":true,"href":"https:\/\/delorenzoglobal.com\/es\/wp-json\/wp\/v2\/media\/19400"}],"wp:attachment":[{"href":"https:\/\/delorenzoglobal.com\/es\/wp-json\/wp\/v2\/media?parent=1579"}],"wp:term":[{"taxonomy":"product_brand","embeddable":true,"href":"https:\/\/delorenzoglobal.com\/es\/wp-json\/wp\/v2\/product_brand?post=1579"},{"taxonomy":"product_cat","embeddable":true,"href":"https:\/\/delorenzoglobal.com\/es\/wp-json\/wp\/v2\/product_cat?post=1579"},{"taxonomy":"product_tag","embeddable":true,"href":"https:\/\/delorenzoglobal.com\/es\/wp-json\/wp\/v2\/product_tag?post=1579"}],"curies":[{"name":"wp","href":"https:\/\/api.w.org\/{rel}","templated":true}]}}