{"id":1569,"date":"2024-04-09T12:26:54","date_gmt":"2024-04-09T10:26:54","guid":{"rendered":"https:\/\/delorenzoglobal.com\/?post_type=product&#038;p=1569"},"modified":"2025-01-17T13:57:19","modified_gmt":"2025-01-17T12:57:19","slug":"manipulador-electrico-de-6-ejes-2","status":"publish","type":"product","link":"https:\/\/delorenzoglobal.com\/es\/producto\/manipulador-electrico-de-6-ejes-2\/","title":{"rendered":"MANIPULADOR EL\u00c9CTRICO DE 6 EJES"},"content":{"rendered":"<p>Este entrenador simula el funcionamiento de un robot industrial, tal como: la rotaci\u00f3n general, la rotaci\u00f3n del brazo, la rotaci\u00f3n del antebrazo, la rotaci\u00f3n de la mu\u00f1eca, la rotaci\u00f3n de la pinza, la apertura\/cierre de la pinza.<\/p>\n<p>Se integran diferentes tecnolog\u00edas, como la tecnolog\u00eda de transmisi\u00f3n por correa, el accionamiento del motor paso a paso, la detecci\u00f3n de la posici\u00f3n, el PLC y la tecnolog\u00eda de los microprocesadores.<\/p>\n<p>El entrenador puede ser controlado por MCU y por PLC.<\/p>\n<p>C\u00d3DIGO DE PEDIDO Se puede pedir este producto con dos c\u00f3digos diferentes.<\/p>\n<p>La elecci\u00f3n del c\u00f3digo se basa en el tipo de PLC que se incluir\u00e1 con el entrenador.<\/p>\n<p>DL ROBSIX-AB &#8211; con PLC Allen Bradley DL ROBSIX-1200 &#8211; PLC Siemens<\/p>\n","protected":false},"excerpt":{"rendered":"<p>Este entrenador simula el funcionamiento de un robot industrial, tal como: la rotaci\u00f3n general, la rotaci\u00f3n del brazo, la rotaci\u00f3n del antebrazo, la rotaci\u00f3n de la mu\u00f1eca, la rotaci\u00f3n de la pinza, la apertura\/cierre de la pinza. Se integran diferentes tecnolog\u00edas, como la tecnolog\u00eda de transmisi\u00f3n por correa, el accionamiento del motor paso a paso, [&hellip;]<\/p>\n","protected":false},"featured_media":19391,"template":"","meta":{"_acf_changed":false},"product_brand":[],"product_cat":[187],"product_tag":[],"class_list":{"0":"post-1569","1":"product","2":"type-product","3":"status-publish","4":"has-post-thumbnail","6":"product_cat-sistemas-de-control-de-un-brazo-robotico","8":"first","9":"instock","10":"shipping-taxable","11":"product-type-simple"},"acf":[],"yoast_head":"<!-- This site is optimized with the Yoast SEO plugin v27.0 - https:\/\/yoast.com\/product\/yoast-seo-wordpress\/ -->\n<title>MANIPULADOR EL\u00c9CTRICO DE 6 EJES - De Lorenzo Training &amp; Didactical Equipment<\/title>\n<meta name=\"robots\" content=\"index, follow, max-snippet:-1, max-image-preview:large, max-video-preview:-1\" \/>\n<link rel=\"canonical\" href=\"https:\/\/delorenzoglobal.com\/es\/producto\/manipulador-electrico-de-6-ejes-2\/\" \/>\n<meta property=\"og:locale\" content=\"es_ES\" \/>\n<meta property=\"og:type\" content=\"article\" \/>\n<meta property=\"og:title\" content=\"MANIPULADOR EL\u00c9CTRICO DE 6 EJES - De Lorenzo Training &amp; Didactical Equipment\" \/>\n<meta property=\"og:description\" content=\"Este entrenador simula el funcionamiento de un robot industrial, tal como: la rotaci\u00f3n general, la rotaci\u00f3n del brazo, la rotaci\u00f3n del antebrazo, la rotaci\u00f3n de la mu\u00f1eca, la rotaci\u00f3n de la pinza, la apertura\/cierre de la pinza. Se integran diferentes tecnolog\u00edas, como la tecnolog\u00eda de transmisi\u00f3n por correa, el accionamiento del motor paso a paso, [&hellip;]\" \/>\n<meta property=\"og:url\" content=\"https:\/\/delorenzoglobal.com\/es\/producto\/manipulador-electrico-de-6-ejes-2\/\" \/>\n<meta property=\"og:site_name\" content=\"De Lorenzo Training &amp; Didactical Equipment\" \/>\n<meta property=\"article:modified_time\" content=\"2025-01-17T12:57:19+00:00\" \/>\n<meta property=\"og:image\" content=\"https:\/\/delorenzoglobal.com\/wp-content\/uploads\/2024\/04\/DL-ROBSIX-xs-scaled.jpg\" \/>\n\t<meta property=\"og:image:width\" content=\"2560\" \/>\n\t<meta property=\"og:image:height\" content=\"1558\" \/>\n\t<meta property=\"og:image:type\" content=\"image\/jpeg\" \/>\n<meta name=\"twitter:card\" content=\"summary_large_image\" \/>\n<meta name=\"twitter:label1\" content=\"Tiempo de lectura\" \/>\n\t<meta name=\"twitter:data1\" content=\"1 minuto\" \/>\n<script type=\"application\/ld+json\" class=\"yoast-schema-graph\">{\"@context\":\"https:\/\/schema.org\",\"@graph\":[{\"@type\":\"WebPage\",\"@id\":\"https:\/\/delorenzoglobal.com\/es\/producto\/manipulador-electrico-de-6-ejes-2\/\",\"url\":\"https:\/\/delorenzoglobal.com\/es\/producto\/manipulador-electrico-de-6-ejes-2\/\",\"name\":\"MANIPULADOR EL\u00c9CTRICO DE 6 EJES - De Lorenzo Training &amp; Didactical Equipment\",\"isPartOf\":{\"@id\":\"https:\/\/delorenzoglobal.com\/es\/#website\"},\"primaryImageOfPage\":{\"@id\":\"https:\/\/delorenzoglobal.com\/es\/producto\/manipulador-electrico-de-6-ejes-2\/#primaryimage\"},\"image\":{\"@id\":\"https:\/\/delorenzoglobal.com\/es\/producto\/manipulador-electrico-de-6-ejes-2\/#primaryimage\"},\"thumbnailUrl\":\"https:\/\/delorenzoglobal.com\/wp-content\/uploads\/2024\/04\/DL-ROBSIX-xs-scaled.jpg\",\"datePublished\":\"2024-04-09T10:26:54+00:00\",\"dateModified\":\"2025-01-17T12:57:19+00:00\",\"breadcrumb\":{\"@id\":\"https:\/\/delorenzoglobal.com\/es\/producto\/manipulador-electrico-de-6-ejes-2\/#breadcrumb\"},\"inLanguage\":\"es\",\"potentialAction\":[{\"@type\":\"ReadAction\",\"target\":[\"https:\/\/delorenzoglobal.com\/es\/producto\/manipulador-electrico-de-6-ejes-2\/\"]}]},{\"@type\":\"ImageObject\",\"inLanguage\":\"es\",\"@id\":\"https:\/\/delorenzoglobal.com\/es\/producto\/manipulador-electrico-de-6-ejes-2\/#primaryimage\",\"url\":\"https:\/\/delorenzoglobal.com\/wp-content\/uploads\/2024\/04\/DL-ROBSIX-xs-scaled.jpg\",\"contentUrl\":\"https:\/\/delorenzoglobal.com\/wp-content\/uploads\/2024\/04\/DL-ROBSIX-xs-scaled.jpg\",\"width\":2560,\"height\":1558},{\"@type\":\"BreadcrumbList\",\"@id\":\"https:\/\/delorenzoglobal.com\/es\/producto\/manipulador-electrico-de-6-ejes-2\/#breadcrumb\",\"itemListElement\":[{\"@type\":\"ListItem\",\"position\":1,\"name\":\"Home\",\"item\":\"https:\/\/delorenzoglobal.com\/es\/\"},{\"@type\":\"ListItem\",\"position\":2,\"name\":\"Tienda\",\"item\":\"https:\/\/delorenzoglobal.com\/es\/tienda\/\"},{\"@type\":\"ListItem\",\"position\":3,\"name\":\"MANIPULADOR EL\u00c9CTRICO DE 6 EJES\"}]},{\"@type\":\"WebSite\",\"@id\":\"https:\/\/delorenzoglobal.com\/es\/#website\",\"url\":\"https:\/\/delorenzoglobal.com\/es\/\",\"name\":\"De Lorenzo Training &amp; Didactical Equipment\",\"description\":\"\",\"potentialAction\":[{\"@type\":\"SearchAction\",\"target\":{\"@type\":\"EntryPoint\",\"urlTemplate\":\"https:\/\/delorenzoglobal.com\/es\/?s={search_term_string}\"},\"query-input\":{\"@type\":\"PropertyValueSpecification\",\"valueRequired\":true,\"valueName\":\"search_term_string\"}}],\"inLanguage\":\"es\"}]}<\/script>\n<!-- \/ Yoast SEO plugin. -->","yoast_head_json":{"title":"MANIPULADOR EL\u00c9CTRICO DE 6 EJES - De Lorenzo Training &amp; Didactical Equipment","robots":{"index":"index","follow":"follow","max-snippet":"max-snippet:-1","max-image-preview":"max-image-preview:large","max-video-preview":"max-video-preview:-1"},"canonical":"https:\/\/delorenzoglobal.com\/es\/producto\/manipulador-electrico-de-6-ejes-2\/","og_locale":"es_ES","og_type":"article","og_title":"MANIPULADOR EL\u00c9CTRICO DE 6 EJES - De Lorenzo Training &amp; Didactical Equipment","og_description":"Este entrenador simula el funcionamiento de un robot industrial, tal como: la rotaci\u00f3n general, la rotaci\u00f3n del brazo, la rotaci\u00f3n del antebrazo, la rotaci\u00f3n de la mu\u00f1eca, la rotaci\u00f3n de la pinza, la apertura\/cierre de la pinza. Se integran diferentes tecnolog\u00edas, como la tecnolog\u00eda de transmisi\u00f3n por correa, el accionamiento del motor paso a paso, [&hellip;]","og_url":"https:\/\/delorenzoglobal.com\/es\/producto\/manipulador-electrico-de-6-ejes-2\/","og_site_name":"De Lorenzo Training &amp; Didactical Equipment","article_modified_time":"2025-01-17T12:57:19+00:00","og_image":[{"width":2560,"height":1558,"url":"https:\/\/delorenzoglobal.com\/wp-content\/uploads\/2024\/04\/DL-ROBSIX-xs-scaled.jpg","type":"image\/jpeg"}],"twitter_card":"summary_large_image","twitter_misc":{"Tiempo de lectura":"1 minuto"},"schema":{"@context":"https:\/\/schema.org","@graph":[{"@type":"WebPage","@id":"https:\/\/delorenzoglobal.com\/es\/producto\/manipulador-electrico-de-6-ejes-2\/","url":"https:\/\/delorenzoglobal.com\/es\/producto\/manipulador-electrico-de-6-ejes-2\/","name":"MANIPULADOR EL\u00c9CTRICO DE 6 EJES - De Lorenzo Training &amp; Didactical Equipment","isPartOf":{"@id":"https:\/\/delorenzoglobal.com\/es\/#website"},"primaryImageOfPage":{"@id":"https:\/\/delorenzoglobal.com\/es\/producto\/manipulador-electrico-de-6-ejes-2\/#primaryimage"},"image":{"@id":"https:\/\/delorenzoglobal.com\/es\/producto\/manipulador-electrico-de-6-ejes-2\/#primaryimage"},"thumbnailUrl":"https:\/\/delorenzoglobal.com\/wp-content\/uploads\/2024\/04\/DL-ROBSIX-xs-scaled.jpg","datePublished":"2024-04-09T10:26:54+00:00","dateModified":"2025-01-17T12:57:19+00:00","breadcrumb":{"@id":"https:\/\/delorenzoglobal.com\/es\/producto\/manipulador-electrico-de-6-ejes-2\/#breadcrumb"},"inLanguage":"es","potentialAction":[{"@type":"ReadAction","target":["https:\/\/delorenzoglobal.com\/es\/producto\/manipulador-electrico-de-6-ejes-2\/"]}]},{"@type":"ImageObject","inLanguage":"es","@id":"https:\/\/delorenzoglobal.com\/es\/producto\/manipulador-electrico-de-6-ejes-2\/#primaryimage","url":"https:\/\/delorenzoglobal.com\/wp-content\/uploads\/2024\/04\/DL-ROBSIX-xs-scaled.jpg","contentUrl":"https:\/\/delorenzoglobal.com\/wp-content\/uploads\/2024\/04\/DL-ROBSIX-xs-scaled.jpg","width":2560,"height":1558},{"@type":"BreadcrumbList","@id":"https:\/\/delorenzoglobal.com\/es\/producto\/manipulador-electrico-de-6-ejes-2\/#breadcrumb","itemListElement":[{"@type":"ListItem","position":1,"name":"Home","item":"https:\/\/delorenzoglobal.com\/es\/"},{"@type":"ListItem","position":2,"name":"Tienda","item":"https:\/\/delorenzoglobal.com\/es\/tienda\/"},{"@type":"ListItem","position":3,"name":"MANIPULADOR EL\u00c9CTRICO DE 6 EJES"}]},{"@type":"WebSite","@id":"https:\/\/delorenzoglobal.com\/es\/#website","url":"https:\/\/delorenzoglobal.com\/es\/","name":"De Lorenzo Training &amp; Didactical Equipment","description":"","potentialAction":[{"@type":"SearchAction","target":{"@type":"EntryPoint","urlTemplate":"https:\/\/delorenzoglobal.com\/es\/?s={search_term_string}"},"query-input":{"@type":"PropertyValueSpecification","valueRequired":true,"valueName":"search_term_string"}}],"inLanguage":"es"}]}},"_links":{"self":[{"href":"https:\/\/delorenzoglobal.com\/es\/wp-json\/wp\/v2\/product\/1569","targetHints":{"allow":["GET"]}}],"collection":[{"href":"https:\/\/delorenzoglobal.com\/es\/wp-json\/wp\/v2\/product"}],"about":[{"href":"https:\/\/delorenzoglobal.com\/es\/wp-json\/wp\/v2\/types\/product"}],"wp:featuredmedia":[{"embeddable":true,"href":"https:\/\/delorenzoglobal.com\/es\/wp-json\/wp\/v2\/media\/19391"}],"wp:attachment":[{"href":"https:\/\/delorenzoglobal.com\/es\/wp-json\/wp\/v2\/media?parent=1569"}],"wp:term":[{"taxonomy":"product_brand","embeddable":true,"href":"https:\/\/delorenzoglobal.com\/es\/wp-json\/wp\/v2\/product_brand?post=1569"},{"taxonomy":"product_cat","embeddable":true,"href":"https:\/\/delorenzoglobal.com\/es\/wp-json\/wp\/v2\/product_cat?post=1569"},{"taxonomy":"product_tag","embeddable":true,"href":"https:\/\/delorenzoglobal.com\/es\/wp-json\/wp\/v2\/product_tag?post=1569"}],"curies":[{"name":"wp","href":"https:\/\/api.w.org\/{rel}","templated":true}]}}