{"id":1390,"date":"2024-04-09T10:45:20","date_gmt":"2024-04-09T08:45:20","guid":{"rendered":"https:\/\/delorenzoglobal.com\/?post_type=product&#038;p=1390"},"modified":"2025-01-13T14:09:51","modified_gmt":"2025-01-13T13:09:51","slug":"bandas-transportadoras-para-el-estudio-de-la-programacion-de-plc-y-sensores","status":"publish","type":"product","link":"https:\/\/delorenzoglobal.com\/es\/producto\/bandas-transportadoras-para-el-estudio-de-la-programacion-de-plc-y-sensores\/","title":{"rendered":"ENTRENADOR PARA EL ESTUDIO DE PROGRAMACI\u00d3N DE PLC  Y SENSORES"},"content":{"rendered":"<p>Este entrenador permite estudiar programaci\u00f3n y detecci\u00f3n de sensores, as\u00ed como realizar pr\u00e1cticas con puertos E\/S, protocolo Modbus con activaci\u00f3n local y remota de motores.<br \/>\nSe basa en una cinta transportadora motorizada capaz de detectar piezas en movimiento simulando un sistema de manipulaci\u00f3n industrial. Se utiliza como sistema de formaci\u00f3n b\u00e1sica para conocer y familiarizarse con la aplicaci\u00f3n real de los PLC en las industrias de automatizaci\u00f3n y mecatr\u00f3nica.<br \/>\nIncluye tres tipos de piezas (pl\u00e1stico, aluminio, hierro) que se dirigen hacia caja de recolecci\u00f3n. Las piezas interact\u00faan con tres tipos de sensores utilizados normalemnte en automatizaci\u00f3n los cuales, mediante programaci\u00f3n, clasifican y cuentan las piezas seg\u00fan el material del que est\u00e1n hechas.<br \/>\nEl funcionamiento y control del proceso se consiguen a trav\u00e9s de diversos componentes electromec\u00e1nicos controlados por un PLC. Tambi\u00e9n incluye una HMI para la interacci\u00f3n e intercambio de informaci\u00f3n entre el sistema y los usuarios, que completa el intercambio de informaci\u00f3n hombre-m\u00e1quina a trav\u00e9s de pantallas de configuraci\u00f3n y conexiones de comunicaci\u00f3n.<br \/>\nTodos los componentes son seguros y de f\u00e1cil manejo.<\/p>\n","protected":false},"excerpt":{"rendered":"<p>Este entrenador permite estudiar programaci\u00f3n y detecci\u00f3n de sensores, as\u00ed como realizar pr\u00e1cticas con puertos E\/S, protocolo Modbus con activaci\u00f3n local y remota de motores. Se basa en una cinta transportadora motorizada capaz de detectar piezas en movimiento simulando un sistema de manipulaci\u00f3n industrial. Se utiliza como sistema de formaci\u00f3n b\u00e1sica para conocer y familiarizarse [&hellip;]<\/p>\n","protected":false},"featured_media":24696,"template":"","meta":{"_acf_changed":false},"product_brand":[],"product_cat":[155],"product_tag":[],"class_list":{"0":"post-1390","1":"product","2":"type-product","3":"status-publish","4":"has-post-thumbnail","6":"product_cat-aplicaciones-industriales","8":"first","9":"instock","10":"shipping-taxable","11":"product-type-simple"},"acf":[],"yoast_head":"<!-- This site is optimized with the Yoast SEO plugin v27.0 - https:\/\/yoast.com\/product\/yoast-seo-wordpress\/ -->\n<title>ENTRENADOR PARA EL ESTUDIO DE PROGRAMACI\u00d3N DE PLC Y SENSORES - De Lorenzo Training &amp; Didactical Equipment<\/title>\n<meta name=\"robots\" content=\"index, follow, max-snippet:-1, max-image-preview:large, max-video-preview:-1\" \/>\n<link rel=\"canonical\" href=\"https:\/\/delorenzoglobal.com\/es\/producto\/bandas-transportadoras-para-el-estudio-de-la-programacion-de-plc-y-sensores\/\" \/>\n<meta property=\"og:locale\" content=\"es_ES\" \/>\n<meta property=\"og:type\" content=\"article\" \/>\n<meta property=\"og:title\" content=\"ENTRENADOR PARA EL ESTUDIO DE PROGRAMACI\u00d3N DE PLC Y SENSORES - De Lorenzo Training &amp; Didactical Equipment\" \/>\n<meta property=\"og:description\" content=\"Este entrenador permite estudiar programaci\u00f3n y detecci\u00f3n de sensores, as\u00ed como realizar pr\u00e1cticas con puertos E\/S, protocolo Modbus con activaci\u00f3n local y remota de motores. Se basa en una cinta transportadora motorizada capaz de detectar piezas en movimiento simulando un sistema de manipulaci\u00f3n industrial. Se utiliza como sistema de formaci\u00f3n b\u00e1sica para conocer y familiarizarse [&hellip;]\" \/>\n<meta property=\"og:url\" content=\"https:\/\/delorenzoglobal.com\/es\/producto\/bandas-transportadoras-para-el-estudio-de-la-programacion-de-plc-y-sensores\/\" \/>\n<meta property=\"og:site_name\" content=\"De Lorenzo Training &amp; Didactical Equipment\" \/>\n<meta property=\"article:modified_time\" content=\"2025-01-13T13:09:51+00:00\" \/>\n<meta property=\"og:image\" content=\"https:\/\/delorenzoglobal.com\/wp-content\/uploads\/2024\/04\/DL-IND-02-1.png\" \/>\n\t<meta property=\"og:image:width\" content=\"1003\" \/>\n\t<meta property=\"og:image:height\" content=\"559\" \/>\n\t<meta property=\"og:image:type\" content=\"image\/png\" \/>\n<meta name=\"twitter:card\" content=\"summary_large_image\" \/>\n<meta name=\"twitter:label1\" content=\"Tiempo de lectura\" \/>\n\t<meta name=\"twitter:data1\" content=\"2 minutos\" \/>\n<script type=\"application\/ld+json\" class=\"yoast-schema-graph\">{\"@context\":\"https:\/\/schema.org\",\"@graph\":[{\"@type\":\"WebPage\",\"@id\":\"https:\/\/delorenzoglobal.com\/es\/producto\/bandas-transportadoras-para-el-estudio-de-la-programacion-de-plc-y-sensores\/\",\"url\":\"https:\/\/delorenzoglobal.com\/es\/producto\/bandas-transportadoras-para-el-estudio-de-la-programacion-de-plc-y-sensores\/\",\"name\":\"ENTRENADOR PARA EL ESTUDIO DE PROGRAMACI\u00d3N DE PLC Y SENSORES - De Lorenzo Training &amp; Didactical Equipment\",\"isPartOf\":{\"@id\":\"https:\/\/delorenzoglobal.com\/es\/#website\"},\"primaryImageOfPage\":{\"@id\":\"https:\/\/delorenzoglobal.com\/es\/producto\/bandas-transportadoras-para-el-estudio-de-la-programacion-de-plc-y-sensores\/#primaryimage\"},\"image\":{\"@id\":\"https:\/\/delorenzoglobal.com\/es\/producto\/bandas-transportadoras-para-el-estudio-de-la-programacion-de-plc-y-sensores\/#primaryimage\"},\"thumbnailUrl\":\"https:\/\/delorenzoglobal.com\/wp-content\/uploads\/2024\/04\/DL-IND-02-1.png\",\"datePublished\":\"2024-04-09T08:45:20+00:00\",\"dateModified\":\"2025-01-13T13:09:51+00:00\",\"breadcrumb\":{\"@id\":\"https:\/\/delorenzoglobal.com\/es\/producto\/bandas-transportadoras-para-el-estudio-de-la-programacion-de-plc-y-sensores\/#breadcrumb\"},\"inLanguage\":\"es\",\"potentialAction\":[{\"@type\":\"ReadAction\",\"target\":[\"https:\/\/delorenzoglobal.com\/es\/producto\/bandas-transportadoras-para-el-estudio-de-la-programacion-de-plc-y-sensores\/\"]}]},{\"@type\":\"ImageObject\",\"inLanguage\":\"es\",\"@id\":\"https:\/\/delorenzoglobal.com\/es\/producto\/bandas-transportadoras-para-el-estudio-de-la-programacion-de-plc-y-sensores\/#primaryimage\",\"url\":\"https:\/\/delorenzoglobal.com\/wp-content\/uploads\/2024\/04\/DL-IND-02-1.png\",\"contentUrl\":\"https:\/\/delorenzoglobal.com\/wp-content\/uploads\/2024\/04\/DL-IND-02-1.png\",\"width\":1003,\"height\":559},{\"@type\":\"BreadcrumbList\",\"@id\":\"https:\/\/delorenzoglobal.com\/es\/producto\/bandas-transportadoras-para-el-estudio-de-la-programacion-de-plc-y-sensores\/#breadcrumb\",\"itemListElement\":[{\"@type\":\"ListItem\",\"position\":1,\"name\":\"Home\",\"item\":\"https:\/\/delorenzoglobal.com\/es\/\"},{\"@type\":\"ListItem\",\"position\":2,\"name\":\"Tienda\",\"item\":\"https:\/\/delorenzoglobal.com\/es\/tienda\/\"},{\"@type\":\"ListItem\",\"position\":3,\"name\":\"ENTRENADOR PARA EL ESTUDIO DE PROGRAMACI\u00d3N DE PLC Y SENSORES\"}]},{\"@type\":\"WebSite\",\"@id\":\"https:\/\/delorenzoglobal.com\/es\/#website\",\"url\":\"https:\/\/delorenzoglobal.com\/es\/\",\"name\":\"De Lorenzo Training &amp; Didactical Equipment\",\"description\":\"\",\"potentialAction\":[{\"@type\":\"SearchAction\",\"target\":{\"@type\":\"EntryPoint\",\"urlTemplate\":\"https:\/\/delorenzoglobal.com\/es\/?s={search_term_string}\"},\"query-input\":{\"@type\":\"PropertyValueSpecification\",\"valueRequired\":true,\"valueName\":\"search_term_string\"}}],\"inLanguage\":\"es\"}]}<\/script>\n<!-- \/ Yoast SEO plugin. -->","yoast_head_json":{"title":"ENTRENADOR PARA EL ESTUDIO DE PROGRAMACI\u00d3N DE PLC Y SENSORES - De Lorenzo Training &amp; Didactical Equipment","robots":{"index":"index","follow":"follow","max-snippet":"max-snippet:-1","max-image-preview":"max-image-preview:large","max-video-preview":"max-video-preview:-1"},"canonical":"https:\/\/delorenzoglobal.com\/es\/producto\/bandas-transportadoras-para-el-estudio-de-la-programacion-de-plc-y-sensores\/","og_locale":"es_ES","og_type":"article","og_title":"ENTRENADOR PARA EL ESTUDIO DE PROGRAMACI\u00d3N DE PLC Y SENSORES - De Lorenzo Training &amp; Didactical Equipment","og_description":"Este entrenador permite estudiar programaci\u00f3n y detecci\u00f3n de sensores, as\u00ed como realizar pr\u00e1cticas con puertos E\/S, protocolo Modbus con activaci\u00f3n local y remota de motores. Se basa en una cinta transportadora motorizada capaz de detectar piezas en movimiento simulando un sistema de manipulaci\u00f3n industrial. Se utiliza como sistema de formaci\u00f3n b\u00e1sica para conocer y familiarizarse [&hellip;]","og_url":"https:\/\/delorenzoglobal.com\/es\/producto\/bandas-transportadoras-para-el-estudio-de-la-programacion-de-plc-y-sensores\/","og_site_name":"De Lorenzo Training &amp; Didactical Equipment","article_modified_time":"2025-01-13T13:09:51+00:00","og_image":[{"width":1003,"height":559,"url":"https:\/\/delorenzoglobal.com\/wp-content\/uploads\/2024\/04\/DL-IND-02-1.png","type":"image\/png"}],"twitter_card":"summary_large_image","twitter_misc":{"Tiempo de lectura":"2 minutos"},"schema":{"@context":"https:\/\/schema.org","@graph":[{"@type":"WebPage","@id":"https:\/\/delorenzoglobal.com\/es\/producto\/bandas-transportadoras-para-el-estudio-de-la-programacion-de-plc-y-sensores\/","url":"https:\/\/delorenzoglobal.com\/es\/producto\/bandas-transportadoras-para-el-estudio-de-la-programacion-de-plc-y-sensores\/","name":"ENTRENADOR PARA EL ESTUDIO DE PROGRAMACI\u00d3N DE PLC Y SENSORES - De Lorenzo Training &amp; Didactical Equipment","isPartOf":{"@id":"https:\/\/delorenzoglobal.com\/es\/#website"},"primaryImageOfPage":{"@id":"https:\/\/delorenzoglobal.com\/es\/producto\/bandas-transportadoras-para-el-estudio-de-la-programacion-de-plc-y-sensores\/#primaryimage"},"image":{"@id":"https:\/\/delorenzoglobal.com\/es\/producto\/bandas-transportadoras-para-el-estudio-de-la-programacion-de-plc-y-sensores\/#primaryimage"},"thumbnailUrl":"https:\/\/delorenzoglobal.com\/wp-content\/uploads\/2024\/04\/DL-IND-02-1.png","datePublished":"2024-04-09T08:45:20+00:00","dateModified":"2025-01-13T13:09:51+00:00","breadcrumb":{"@id":"https:\/\/delorenzoglobal.com\/es\/producto\/bandas-transportadoras-para-el-estudio-de-la-programacion-de-plc-y-sensores\/#breadcrumb"},"inLanguage":"es","potentialAction":[{"@type":"ReadAction","target":["https:\/\/delorenzoglobal.com\/es\/producto\/bandas-transportadoras-para-el-estudio-de-la-programacion-de-plc-y-sensores\/"]}]},{"@type":"ImageObject","inLanguage":"es","@id":"https:\/\/delorenzoglobal.com\/es\/producto\/bandas-transportadoras-para-el-estudio-de-la-programacion-de-plc-y-sensores\/#primaryimage","url":"https:\/\/delorenzoglobal.com\/wp-content\/uploads\/2024\/04\/DL-IND-02-1.png","contentUrl":"https:\/\/delorenzoglobal.com\/wp-content\/uploads\/2024\/04\/DL-IND-02-1.png","width":1003,"height":559},{"@type":"BreadcrumbList","@id":"https:\/\/delorenzoglobal.com\/es\/producto\/bandas-transportadoras-para-el-estudio-de-la-programacion-de-plc-y-sensores\/#breadcrumb","itemListElement":[{"@type":"ListItem","position":1,"name":"Home","item":"https:\/\/delorenzoglobal.com\/es\/"},{"@type":"ListItem","position":2,"name":"Tienda","item":"https:\/\/delorenzoglobal.com\/es\/tienda\/"},{"@type":"ListItem","position":3,"name":"ENTRENADOR PARA EL ESTUDIO DE PROGRAMACI\u00d3N DE PLC Y SENSORES"}]},{"@type":"WebSite","@id":"https:\/\/delorenzoglobal.com\/es\/#website","url":"https:\/\/delorenzoglobal.com\/es\/","name":"De Lorenzo Training &amp; Didactical Equipment","description":"","potentialAction":[{"@type":"SearchAction","target":{"@type":"EntryPoint","urlTemplate":"https:\/\/delorenzoglobal.com\/es\/?s={search_term_string}"},"query-input":{"@type":"PropertyValueSpecification","valueRequired":true,"valueName":"search_term_string"}}],"inLanguage":"es"}]}},"_links":{"self":[{"href":"https:\/\/delorenzoglobal.com\/es\/wp-json\/wp\/v2\/product\/1390","targetHints":{"allow":["GET"]}}],"collection":[{"href":"https:\/\/delorenzoglobal.com\/es\/wp-json\/wp\/v2\/product"}],"about":[{"href":"https:\/\/delorenzoglobal.com\/es\/wp-json\/wp\/v2\/types\/product"}],"wp:featuredmedia":[{"embeddable":true,"href":"https:\/\/delorenzoglobal.com\/es\/wp-json\/wp\/v2\/media\/24696"}],"wp:attachment":[{"href":"https:\/\/delorenzoglobal.com\/es\/wp-json\/wp\/v2\/media?parent=1390"}],"wp:term":[{"taxonomy":"product_brand","embeddable":true,"href":"https:\/\/delorenzoglobal.com\/es\/wp-json\/wp\/v2\/product_brand?post=1390"},{"taxonomy":"product_cat","embeddable":true,"href":"https:\/\/delorenzoglobal.com\/es\/wp-json\/wp\/v2\/product_cat?post=1390"},{"taxonomy":"product_tag","embeddable":true,"href":"https:\/\/delorenzoglobal.com\/es\/wp-json\/wp\/v2\/product_tag?post=1390"}],"curies":[{"name":"wp","href":"https:\/\/api.w.org\/{rel}","templated":true}]}}