{"id":13769,"date":"2024-04-23T09:11:11","date_gmt":"2024-04-23T07:11:11","guid":{"rendered":"https:\/\/delorenzoglobal.com\/?post_type=product&#038;p=13769"},"modified":"2025-01-27T10:45:46","modified_gmt":"2025-01-27T09:45:46","slug":"temperatura-y-respiracion","status":"publish","type":"product","link":"https:\/\/delorenzoglobal.com\/es\/producto\/temperatura-y-respiracion\/","title":{"rendered":"TEMPERATURA Y RESPIRACI\u00d3N"},"content":{"rendered":"<p>El dise\u00f1o y la construcci\u00f3n de circuitos electr\u00f3nicos para resolver problemas pr\u00e1cticos es una t\u00e9cnica esencial en los campos de la ingenier\u00eda electr\u00f3nica y la ingenier\u00eda inform\u00e1tica.<\/p>\n<p>La temperatura del cuerpo est\u00e1 principalmente regulada por el hipot\u00e1lamo.<\/p>\n<p>Esta region del cerebro regula el mecanismo homeost\u00e1tico que promueve tanto la producci\u00f3n como la p\u00e9rdida de calor.<\/p>\n<p>A\u00fan con cambios en las condiciones ambientales, el hipot\u00e1lamo mantiene constante la temperatura interna.<\/p>\n<p>M\u00e1s a\u00fan, la temperatura externa de la piel es controlada tanto por el hipot\u00e1lamo como por los sensores t\u00e9rmicos que causan tanto el flujo de sangre a la piel como la sudoraci\u00f3n.<\/p>\n<p>El sistema respiratorio transfiere el ox\u00edgeno a la sangre y expele el di\u00f3xido de carbono a la atm\u00f3sfera.<\/p>\n<p>La respiraci\u00f3n se puede calcular midiendo la expansion o la contracci\u00f3n del pecho y tambi\u00e9n midiendo el movimiento de aire que entre y sale de cada orificio nasal.<\/p>\n","protected":false},"excerpt":{"rendered":"<p>El dise\u00f1o y la construcci\u00f3n de circuitos electr\u00f3nicos para resolver problemas pr\u00e1cticos es una t\u00e9cnica esencial en los campos de la ingenier\u00eda electr\u00f3nica y la ingenier\u00eda inform\u00e1tica. La temperatura del cuerpo est\u00e1 principalmente regulada por el hipot\u00e1lamo. Esta region del cerebro regula el mecanismo homeost\u00e1tico que promueve tanto la producci\u00f3n como la p\u00e9rdida de calor. [&hellip;]<\/p>\n","protected":false},"featured_media":13754,"template":"","meta":{"_acf_changed":false},"product_brand":[],"product_cat":[450],"product_tag":[],"class_list":{"0":"post-13769","1":"product","2":"type-product","3":"status-publish","4":"has-post-thumbnail","6":"product_cat-vigilancia-del-cuerpo","8":"first","9":"instock","10":"shipping-taxable","11":"product-type-simple"},"acf":[],"yoast_head":"<!-- This site is optimized with the Yoast SEO plugin v27.4 - https:\/\/yoast.com\/product\/yoast-seo-wordpress\/ -->\n<title>TEMPERATURA Y RESPIRACI\u00d3N - De Lorenzo Training &amp; Didactical Equipment<\/title>\n<meta name=\"robots\" content=\"index, follow, max-snippet:-1, max-image-preview:large, max-video-preview:-1\" \/>\n<link rel=\"canonical\" href=\"https:\/\/delorenzoglobal.com\/es\/producto\/temperatura-y-respiracion\/\" \/>\n<meta property=\"og:locale\" content=\"es_ES\" \/>\n<meta property=\"og:type\" content=\"article\" \/>\n<meta property=\"og:title\" content=\"TEMPERATURA Y RESPIRACI\u00d3N - De Lorenzo Training &amp; Didactical Equipment\" \/>\n<meta property=\"og:description\" content=\"El dise\u00f1o y la construcci\u00f3n de circuitos electr\u00f3nicos para resolver problemas pr\u00e1cticos es una t\u00e9cnica esencial en los campos de la ingenier\u00eda electr\u00f3nica y la ingenier\u00eda inform\u00e1tica. La temperatura del cuerpo est\u00e1 principalmente regulada por el hipot\u00e1lamo. Esta region del cerebro regula el mecanismo homeost\u00e1tico que promueve tanto la producci\u00f3n como la p\u00e9rdida de calor. [&hellip;]\" \/>\n<meta property=\"og:url\" content=\"https:\/\/delorenzoglobal.com\/es\/producto\/temperatura-y-respiracion\/\" \/>\n<meta property=\"og:site_name\" content=\"De Lorenzo Training &amp; Didactical Equipment\" \/>\n<meta property=\"article:modified_time\" content=\"2025-01-27T09:45:46+00:00\" \/>\n<meta property=\"og:image\" content=\"https:\/\/delorenzoglobal.com\/wp-content\/uploads\/2024\/04\/DL-3155BIO7-1024x909.png\" \/>\n\t<meta property=\"og:image:width\" content=\"1024\" \/>\n\t<meta property=\"og:image:height\" content=\"909\" \/>\n\t<meta property=\"og:image:type\" content=\"image\/png\" \/>\n<meta name=\"twitter:card\" content=\"summary_large_image\" \/>\n<meta name=\"twitter:label1\" content=\"Tiempo de lectura\" \/>\n\t<meta name=\"twitter:data1\" content=\"1 minuto\" \/>\n<script type=\"application\/ld+json\" class=\"yoast-schema-graph\">{\"@context\":\"https:\\\/\\\/schema.org\",\"@graph\":[{\"@type\":\"WebPage\",\"@id\":\"https:\\\/\\\/delorenzoglobal.com\\\/es\\\/producto\\\/temperatura-y-respiracion\\\/\",\"url\":\"https:\\\/\\\/delorenzoglobal.com\\\/es\\\/producto\\\/temperatura-y-respiracion\\\/\",\"name\":\"TEMPERATURA Y RESPIRACI\u00d3N - De Lorenzo Training &amp; Didactical Equipment\",\"isPartOf\":{\"@id\":\"https:\\\/\\\/delorenzoglobal.com\\\/es\\\/#website\"},\"primaryImageOfPage\":{\"@id\":\"https:\\\/\\\/delorenzoglobal.com\\\/es\\\/producto\\\/temperatura-y-respiracion\\\/#primaryimage\"},\"image\":{\"@id\":\"https:\\\/\\\/delorenzoglobal.com\\\/es\\\/producto\\\/temperatura-y-respiracion\\\/#primaryimage\"},\"thumbnailUrl\":\"https:\\\/\\\/delorenzoglobal.com\\\/wp-content\\\/uploads\\\/2024\\\/04\\\/DL-3155BIO7.png\",\"datePublished\":\"2024-04-23T07:11:11+00:00\",\"dateModified\":\"2025-01-27T09:45:46+00:00\",\"breadcrumb\":{\"@id\":\"https:\\\/\\\/delorenzoglobal.com\\\/es\\\/producto\\\/temperatura-y-respiracion\\\/#breadcrumb\"},\"inLanguage\":\"es\",\"potentialAction\":[{\"@type\":\"ReadAction\",\"target\":[\"https:\\\/\\\/delorenzoglobal.com\\\/es\\\/producto\\\/temperatura-y-respiracion\\\/\"]}]},{\"@type\":\"ImageObject\",\"inLanguage\":\"es\",\"@id\":\"https:\\\/\\\/delorenzoglobal.com\\\/es\\\/producto\\\/temperatura-y-respiracion\\\/#primaryimage\",\"url\":\"https:\\\/\\\/delorenzoglobal.com\\\/wp-content\\\/uploads\\\/2024\\\/04\\\/DL-3155BIO7.png\",\"contentUrl\":\"https:\\\/\\\/delorenzoglobal.com\\\/wp-content\\\/uploads\\\/2024\\\/04\\\/DL-3155BIO7.png\",\"width\":1660,\"height\":1474},{\"@type\":\"BreadcrumbList\",\"@id\":\"https:\\\/\\\/delorenzoglobal.com\\\/es\\\/producto\\\/temperatura-y-respiracion\\\/#breadcrumb\",\"itemListElement\":[{\"@type\":\"ListItem\",\"position\":1,\"name\":\"Home\",\"item\":\"https:\\\/\\\/delorenzoglobal.com\\\/es\\\/\"},{\"@type\":\"ListItem\",\"position\":2,\"name\":\"Tienda\",\"item\":\"https:\\\/\\\/delorenzoglobal.com\\\/es\\\/tienda\\\/\"},{\"@type\":\"ListItem\",\"position\":3,\"name\":\"TEMPERATURA Y RESPIRACI\u00d3N\"}]},{\"@type\":\"WebSite\",\"@id\":\"https:\\\/\\\/delorenzoglobal.com\\\/es\\\/#website\",\"url\":\"https:\\\/\\\/delorenzoglobal.com\\\/es\\\/\",\"name\":\"De Lorenzo Training &amp; Didactical Equipment\",\"description\":\"\",\"potentialAction\":[{\"@type\":\"SearchAction\",\"target\":{\"@type\":\"EntryPoint\",\"urlTemplate\":\"https:\\\/\\\/delorenzoglobal.com\\\/es\\\/?s={search_term_string}\"},\"query-input\":{\"@type\":\"PropertyValueSpecification\",\"valueRequired\":true,\"valueName\":\"search_term_string\"}}],\"inLanguage\":\"es\"}]}<\/script>\n<!-- \/ Yoast SEO plugin. -->","yoast_head_json":{"title":"TEMPERATURA Y RESPIRACI\u00d3N - De Lorenzo Training &amp; Didactical Equipment","robots":{"index":"index","follow":"follow","max-snippet":"max-snippet:-1","max-image-preview":"max-image-preview:large","max-video-preview":"max-video-preview:-1"},"canonical":"https:\/\/delorenzoglobal.com\/es\/producto\/temperatura-y-respiracion\/","og_locale":"es_ES","og_type":"article","og_title":"TEMPERATURA Y RESPIRACI\u00d3N - De Lorenzo Training &amp; Didactical Equipment","og_description":"El dise\u00f1o y la construcci\u00f3n de circuitos electr\u00f3nicos para resolver problemas pr\u00e1cticos es una t\u00e9cnica esencial en los campos de la ingenier\u00eda electr\u00f3nica y la ingenier\u00eda inform\u00e1tica. La temperatura del cuerpo est\u00e1 principalmente regulada por el hipot\u00e1lamo. Esta region del cerebro regula el mecanismo homeost\u00e1tico que promueve tanto la producci\u00f3n como la p\u00e9rdida de calor. [&hellip;]","og_url":"https:\/\/delorenzoglobal.com\/es\/producto\/temperatura-y-respiracion\/","og_site_name":"De Lorenzo Training &amp; Didactical Equipment","article_modified_time":"2025-01-27T09:45:46+00:00","og_image":[{"width":1024,"height":909,"url":"https:\/\/delorenzoglobal.com\/wp-content\/uploads\/2024\/04\/DL-3155BIO7-1024x909.png","type":"image\/png"}],"twitter_card":"summary_large_image","twitter_misc":{"Tiempo de lectura":"1 minuto"},"schema":{"@context":"https:\/\/schema.org","@graph":[{"@type":"WebPage","@id":"https:\/\/delorenzoglobal.com\/es\/producto\/temperatura-y-respiracion\/","url":"https:\/\/delorenzoglobal.com\/es\/producto\/temperatura-y-respiracion\/","name":"TEMPERATURA Y RESPIRACI\u00d3N - De Lorenzo Training &amp; Didactical Equipment","isPartOf":{"@id":"https:\/\/delorenzoglobal.com\/es\/#website"},"primaryImageOfPage":{"@id":"https:\/\/delorenzoglobal.com\/es\/producto\/temperatura-y-respiracion\/#primaryimage"},"image":{"@id":"https:\/\/delorenzoglobal.com\/es\/producto\/temperatura-y-respiracion\/#primaryimage"},"thumbnailUrl":"https:\/\/delorenzoglobal.com\/wp-content\/uploads\/2024\/04\/DL-3155BIO7.png","datePublished":"2024-04-23T07:11:11+00:00","dateModified":"2025-01-27T09:45:46+00:00","breadcrumb":{"@id":"https:\/\/delorenzoglobal.com\/es\/producto\/temperatura-y-respiracion\/#breadcrumb"},"inLanguage":"es","potentialAction":[{"@type":"ReadAction","target":["https:\/\/delorenzoglobal.com\/es\/producto\/temperatura-y-respiracion\/"]}]},{"@type":"ImageObject","inLanguage":"es","@id":"https:\/\/delorenzoglobal.com\/es\/producto\/temperatura-y-respiracion\/#primaryimage","url":"https:\/\/delorenzoglobal.com\/wp-content\/uploads\/2024\/04\/DL-3155BIO7.png","contentUrl":"https:\/\/delorenzoglobal.com\/wp-content\/uploads\/2024\/04\/DL-3155BIO7.png","width":1660,"height":1474},{"@type":"BreadcrumbList","@id":"https:\/\/delorenzoglobal.com\/es\/producto\/temperatura-y-respiracion\/#breadcrumb","itemListElement":[{"@type":"ListItem","position":1,"name":"Home","item":"https:\/\/delorenzoglobal.com\/es\/"},{"@type":"ListItem","position":2,"name":"Tienda","item":"https:\/\/delorenzoglobal.com\/es\/tienda\/"},{"@type":"ListItem","position":3,"name":"TEMPERATURA Y RESPIRACI\u00d3N"}]},{"@type":"WebSite","@id":"https:\/\/delorenzoglobal.com\/es\/#website","url":"https:\/\/delorenzoglobal.com\/es\/","name":"De Lorenzo Training &amp; Didactical Equipment","description":"","potentialAction":[{"@type":"SearchAction","target":{"@type":"EntryPoint","urlTemplate":"https:\/\/delorenzoglobal.com\/es\/?s={search_term_string}"},"query-input":{"@type":"PropertyValueSpecification","valueRequired":true,"valueName":"search_term_string"}}],"inLanguage":"es"}]}},"_links":{"self":[{"href":"https:\/\/delorenzoglobal.com\/es\/wp-json\/wp\/v2\/product\/13769","targetHints":{"allow":["GET"]}}],"collection":[{"href":"https:\/\/delorenzoglobal.com\/es\/wp-json\/wp\/v2\/product"}],"about":[{"href":"https:\/\/delorenzoglobal.com\/es\/wp-json\/wp\/v2\/types\/product"}],"wp:featuredmedia":[{"embeddable":true,"href":"https:\/\/delorenzoglobal.com\/es\/wp-json\/wp\/v2\/media\/13754"}],"wp:attachment":[{"href":"https:\/\/delorenzoglobal.com\/es\/wp-json\/wp\/v2\/media?parent=13769"}],"wp:term":[{"taxonomy":"product_brand","embeddable":true,"href":"https:\/\/delorenzoglobal.com\/es\/wp-json\/wp\/v2\/product_brand?post=13769"},{"taxonomy":"product_cat","embeddable":true,"href":"https:\/\/delorenzoglobal.com\/es\/wp-json\/wp\/v2\/product_cat?post=13769"},{"taxonomy":"product_tag","embeddable":true,"href":"https:\/\/delorenzoglobal.com\/es\/wp-json\/wp\/v2\/product_tag?post=13769"}],"curies":[{"name":"wp","href":"https:\/\/api.w.org\/{rel}","templated":true}]}}