{"id":13719,"date":"2024-04-23T08:57:56","date_gmt":"2024-04-23T06:57:56","guid":{"rendered":"https:\/\/delorenzoglobal.com\/?post_type=product&#038;p=13719"},"modified":"2025-01-27T10:01:02","modified_gmt":"2025-01-27T09:01:02","slug":"ecg-eeg-emg","status":"publish","type":"product","link":"https:\/\/delorenzoglobal.com\/es\/producto\/ecg-eeg-emg\/","title":{"rendered":"ECG &#8211; EEG &#8211; EMG"},"content":{"rendered":"<p>El dise\u00f1o y la construcci\u00f3n de circuitos electr\u00f3nicos para resolver problemas pr\u00e1cticos es una t\u00e9cnica esencial en los campos de la ingenier\u00eda electr\u00f3nica y la ingenier\u00eda inform\u00e1tica.<\/p>\n<p>Los potenciales bioel\u00e9ctricos se graban actualmente como una rutina en diversas especialidades de la pr\u00e1ctica cl\u00ednica moderna.<\/p>\n<p>Tales potenciales son el resultado de una actividad electro-qu\u00edmica de una clase de c\u00e9lulas, llamadas c\u00e9lulas excitables, que forman los tejidos nerviosos, musculares y glandulares.<\/p>\n<p>La medici\u00f3n de los fen\u00f3menos bioel\u00e9ctricos es, por lo tanto, utilizada para aprender la actividad electro-qu\u00edmica de tales tejidos.<\/p>\n<p>Las se\u00f1ales bioel\u00e9ctricas m\u00e1s com\u00fanmente usadas, como el electrocardiograma, el electroencefalograma y el electromiograma, tienen una muy baja amplitud y son generadas por fuentes que tienen una alta impedancia interna.<\/p>\n<p>En este curso estudiaremos antes que nada, las especificaciones generales de los sistemas para la medici\u00f3n de se\u00f1ales bioel\u00e9ctricas y las caracter\u00edsticas de algunos sistemas especiales.<\/p>\n<p>Este curso comprende un instrumento ulterior, el SIMULADOR ECG, el cual est\u00e1 obligado a proporcionar una fuente de poder al circuito y proveer una se\u00f1al ECG simulada para desarrollar actividades experimentales.<\/p>\n","protected":false},"excerpt":{"rendered":"<p>El dise\u00f1o y la construcci\u00f3n de circuitos electr\u00f3nicos para resolver problemas pr\u00e1cticos es una t\u00e9cnica esencial en los campos de la ingenier\u00eda electr\u00f3nica y la ingenier\u00eda inform\u00e1tica. Los potenciales bioel\u00e9ctricos se graban actualmente como una rutina en diversas especialidades de la pr\u00e1ctica cl\u00ednica moderna. Tales potenciales son el resultado de una actividad electro-qu\u00edmica de una [&hellip;]<\/p>\n","protected":false},"featured_media":13704,"template":"","meta":{"_acf_changed":false},"product_brand":[],"product_cat":[450],"product_tag":[],"class_list":{"0":"post-13719","1":"product","2":"type-product","3":"status-publish","4":"has-post-thumbnail","6":"product_cat-vigilancia-del-cuerpo","8":"first","9":"instock","10":"shipping-taxable","11":"product-type-simple"},"acf":[],"yoast_head":"<!-- This site is optimized with the Yoast SEO plugin v27.4 - https:\/\/yoast.com\/product\/yoast-seo-wordpress\/ -->\n<title>ECG - EEG - EMG - De Lorenzo Training &amp; Didactical Equipment<\/title>\n<meta name=\"robots\" content=\"index, follow, max-snippet:-1, max-image-preview:large, max-video-preview:-1\" \/>\n<link rel=\"canonical\" href=\"https:\/\/delorenzoglobal.com\/es\/producto\/ecg-eeg-emg\/\" \/>\n<meta property=\"og:locale\" content=\"es_ES\" \/>\n<meta property=\"og:type\" content=\"article\" \/>\n<meta property=\"og:title\" content=\"ECG - EEG - EMG - De Lorenzo Training &amp; Didactical Equipment\" \/>\n<meta property=\"og:description\" content=\"El dise\u00f1o y la construcci\u00f3n de circuitos electr\u00f3nicos para resolver problemas pr\u00e1cticos es una t\u00e9cnica esencial en los campos de la ingenier\u00eda electr\u00f3nica y la ingenier\u00eda inform\u00e1tica. Los potenciales bioel\u00e9ctricos se graban actualmente como una rutina en diversas especialidades de la pr\u00e1ctica cl\u00ednica moderna. Tales potenciales son el resultado de una actividad electro-qu\u00edmica de una [&hellip;]\" \/>\n<meta property=\"og:url\" content=\"https:\/\/delorenzoglobal.com\/es\/producto\/ecg-eeg-emg\/\" \/>\n<meta property=\"og:site_name\" content=\"De Lorenzo Training &amp; Didactical Equipment\" \/>\n<meta property=\"article:modified_time\" content=\"2025-01-27T09:01:02+00:00\" \/>\n<meta property=\"og:image\" content=\"https:\/\/delorenzoglobal.com\/wp-content\/uploads\/2024\/04\/DL-3155BIO5-1024x854.png\" \/>\n\t<meta property=\"og:image:width\" content=\"1024\" \/>\n\t<meta property=\"og:image:height\" content=\"854\" \/>\n\t<meta property=\"og:image:type\" content=\"image\/png\" \/>\n<meta name=\"twitter:card\" content=\"summary_large_image\" \/>\n<meta name=\"twitter:label1\" content=\"Tiempo de lectura\" \/>\n\t<meta name=\"twitter:data1\" content=\"2 minutos\" \/>\n<script type=\"application\/ld+json\" class=\"yoast-schema-graph\">{\"@context\":\"https:\\\/\\\/schema.org\",\"@graph\":[{\"@type\":\"WebPage\",\"@id\":\"https:\\\/\\\/delorenzoglobal.com\\\/es\\\/producto\\\/ecg-eeg-emg\\\/\",\"url\":\"https:\\\/\\\/delorenzoglobal.com\\\/es\\\/producto\\\/ecg-eeg-emg\\\/\",\"name\":\"ECG - EEG - EMG - De Lorenzo Training &amp; Didactical Equipment\",\"isPartOf\":{\"@id\":\"https:\\\/\\\/delorenzoglobal.com\\\/es\\\/#website\"},\"primaryImageOfPage\":{\"@id\":\"https:\\\/\\\/delorenzoglobal.com\\\/es\\\/producto\\\/ecg-eeg-emg\\\/#primaryimage\"},\"image\":{\"@id\":\"https:\\\/\\\/delorenzoglobal.com\\\/es\\\/producto\\\/ecg-eeg-emg\\\/#primaryimage\"},\"thumbnailUrl\":\"https:\\\/\\\/delorenzoglobal.com\\\/wp-content\\\/uploads\\\/2024\\\/04\\\/DL-3155BIO5.png\",\"datePublished\":\"2024-04-23T06:57:56+00:00\",\"dateModified\":\"2025-01-27T09:01:02+00:00\",\"breadcrumb\":{\"@id\":\"https:\\\/\\\/delorenzoglobal.com\\\/es\\\/producto\\\/ecg-eeg-emg\\\/#breadcrumb\"},\"inLanguage\":\"es\",\"potentialAction\":[{\"@type\":\"ReadAction\",\"target\":[\"https:\\\/\\\/delorenzoglobal.com\\\/es\\\/producto\\\/ecg-eeg-emg\\\/\"]}]},{\"@type\":\"ImageObject\",\"inLanguage\":\"es\",\"@id\":\"https:\\\/\\\/delorenzoglobal.com\\\/es\\\/producto\\\/ecg-eeg-emg\\\/#primaryimage\",\"url\":\"https:\\\/\\\/delorenzoglobal.com\\\/wp-content\\\/uploads\\\/2024\\\/04\\\/DL-3155BIO5.png\",\"contentUrl\":\"https:\\\/\\\/delorenzoglobal.com\\\/wp-content\\\/uploads\\\/2024\\\/04\\\/DL-3155BIO5.png\",\"width\":2172,\"height\":1812},{\"@type\":\"BreadcrumbList\",\"@id\":\"https:\\\/\\\/delorenzoglobal.com\\\/es\\\/producto\\\/ecg-eeg-emg\\\/#breadcrumb\",\"itemListElement\":[{\"@type\":\"ListItem\",\"position\":1,\"name\":\"Home\",\"item\":\"https:\\\/\\\/delorenzoglobal.com\\\/es\\\/\"},{\"@type\":\"ListItem\",\"position\":2,\"name\":\"Tienda\",\"item\":\"https:\\\/\\\/delorenzoglobal.com\\\/es\\\/tienda\\\/\"},{\"@type\":\"ListItem\",\"position\":3,\"name\":\"ECG &#8211; EEG &#8211; EMG\"}]},{\"@type\":\"WebSite\",\"@id\":\"https:\\\/\\\/delorenzoglobal.com\\\/es\\\/#website\",\"url\":\"https:\\\/\\\/delorenzoglobal.com\\\/es\\\/\",\"name\":\"De Lorenzo Training &amp; Didactical Equipment\",\"description\":\"\",\"potentialAction\":[{\"@type\":\"SearchAction\",\"target\":{\"@type\":\"EntryPoint\",\"urlTemplate\":\"https:\\\/\\\/delorenzoglobal.com\\\/es\\\/?s={search_term_string}\"},\"query-input\":{\"@type\":\"PropertyValueSpecification\",\"valueRequired\":true,\"valueName\":\"search_term_string\"}}],\"inLanguage\":\"es\"}]}<\/script>\n<!-- \/ Yoast SEO plugin. -->","yoast_head_json":{"title":"ECG - EEG - EMG - De Lorenzo Training &amp; Didactical Equipment","robots":{"index":"index","follow":"follow","max-snippet":"max-snippet:-1","max-image-preview":"max-image-preview:large","max-video-preview":"max-video-preview:-1"},"canonical":"https:\/\/delorenzoglobal.com\/es\/producto\/ecg-eeg-emg\/","og_locale":"es_ES","og_type":"article","og_title":"ECG - EEG - EMG - De Lorenzo Training &amp; Didactical Equipment","og_description":"El dise\u00f1o y la construcci\u00f3n de circuitos electr\u00f3nicos para resolver problemas pr\u00e1cticos es una t\u00e9cnica esencial en los campos de la ingenier\u00eda electr\u00f3nica y la ingenier\u00eda inform\u00e1tica. Los potenciales bioel\u00e9ctricos se graban actualmente como una rutina en diversas especialidades de la pr\u00e1ctica cl\u00ednica moderna. Tales potenciales son el resultado de una actividad electro-qu\u00edmica de una [&hellip;]","og_url":"https:\/\/delorenzoglobal.com\/es\/producto\/ecg-eeg-emg\/","og_site_name":"De Lorenzo Training &amp; Didactical Equipment","article_modified_time":"2025-01-27T09:01:02+00:00","og_image":[{"width":1024,"height":854,"url":"https:\/\/delorenzoglobal.com\/wp-content\/uploads\/2024\/04\/DL-3155BIO5-1024x854.png","type":"image\/png"}],"twitter_card":"summary_large_image","twitter_misc":{"Tiempo de lectura":"2 minutos"},"schema":{"@context":"https:\/\/schema.org","@graph":[{"@type":"WebPage","@id":"https:\/\/delorenzoglobal.com\/es\/producto\/ecg-eeg-emg\/","url":"https:\/\/delorenzoglobal.com\/es\/producto\/ecg-eeg-emg\/","name":"ECG - EEG - EMG - De Lorenzo Training &amp; Didactical Equipment","isPartOf":{"@id":"https:\/\/delorenzoglobal.com\/es\/#website"},"primaryImageOfPage":{"@id":"https:\/\/delorenzoglobal.com\/es\/producto\/ecg-eeg-emg\/#primaryimage"},"image":{"@id":"https:\/\/delorenzoglobal.com\/es\/producto\/ecg-eeg-emg\/#primaryimage"},"thumbnailUrl":"https:\/\/delorenzoglobal.com\/wp-content\/uploads\/2024\/04\/DL-3155BIO5.png","datePublished":"2024-04-23T06:57:56+00:00","dateModified":"2025-01-27T09:01:02+00:00","breadcrumb":{"@id":"https:\/\/delorenzoglobal.com\/es\/producto\/ecg-eeg-emg\/#breadcrumb"},"inLanguage":"es","potentialAction":[{"@type":"ReadAction","target":["https:\/\/delorenzoglobal.com\/es\/producto\/ecg-eeg-emg\/"]}]},{"@type":"ImageObject","inLanguage":"es","@id":"https:\/\/delorenzoglobal.com\/es\/producto\/ecg-eeg-emg\/#primaryimage","url":"https:\/\/delorenzoglobal.com\/wp-content\/uploads\/2024\/04\/DL-3155BIO5.png","contentUrl":"https:\/\/delorenzoglobal.com\/wp-content\/uploads\/2024\/04\/DL-3155BIO5.png","width":2172,"height":1812},{"@type":"BreadcrumbList","@id":"https:\/\/delorenzoglobal.com\/es\/producto\/ecg-eeg-emg\/#breadcrumb","itemListElement":[{"@type":"ListItem","position":1,"name":"Home","item":"https:\/\/delorenzoglobal.com\/es\/"},{"@type":"ListItem","position":2,"name":"Tienda","item":"https:\/\/delorenzoglobal.com\/es\/tienda\/"},{"@type":"ListItem","position":3,"name":"ECG &#8211; EEG &#8211; EMG"}]},{"@type":"WebSite","@id":"https:\/\/delorenzoglobal.com\/es\/#website","url":"https:\/\/delorenzoglobal.com\/es\/","name":"De Lorenzo Training &amp; Didactical Equipment","description":"","potentialAction":[{"@type":"SearchAction","target":{"@type":"EntryPoint","urlTemplate":"https:\/\/delorenzoglobal.com\/es\/?s={search_term_string}"},"query-input":{"@type":"PropertyValueSpecification","valueRequired":true,"valueName":"search_term_string"}}],"inLanguage":"es"}]}},"_links":{"self":[{"href":"https:\/\/delorenzoglobal.com\/es\/wp-json\/wp\/v2\/product\/13719","targetHints":{"allow":["GET"]}}],"collection":[{"href":"https:\/\/delorenzoglobal.com\/es\/wp-json\/wp\/v2\/product"}],"about":[{"href":"https:\/\/delorenzoglobal.com\/es\/wp-json\/wp\/v2\/types\/product"}],"wp:featuredmedia":[{"embeddable":true,"href":"https:\/\/delorenzoglobal.com\/es\/wp-json\/wp\/v2\/media\/13704"}],"wp:attachment":[{"href":"https:\/\/delorenzoglobal.com\/es\/wp-json\/wp\/v2\/media?parent=13719"}],"wp:term":[{"taxonomy":"product_brand","embeddable":true,"href":"https:\/\/delorenzoglobal.com\/es\/wp-json\/wp\/v2\/product_brand?post=13719"},{"taxonomy":"product_cat","embeddable":true,"href":"https:\/\/delorenzoglobal.com\/es\/wp-json\/wp\/v2\/product_cat?post=13719"},{"taxonomy":"product_tag","embeddable":true,"href":"https:\/\/delorenzoglobal.com\/es\/wp-json\/wp\/v2\/product_tag?post=13719"}],"curies":[{"name":"wp","href":"https:\/\/api.w.org\/{rel}","templated":true}]}}