{"id":13691,"date":"2024-04-23T08:53:32","date_gmt":"2024-04-23T06:53:32","guid":{"rendered":"https:\/\/delorenzoglobal.com\/?post_type=product&#038;p=13691"},"modified":"2026-01-14T14:09:25","modified_gmt":"2026-01-14T13:09:25","slug":"kit-para-instalaciones-industriales-basicas","status":"publish","type":"product","link":"https:\/\/delorenzoglobal.com\/es\/producto\/kit-para-instalaciones-industriales-basicas\/","title":{"rendered":"KIT PARA INSTALACIONES INDUSTRIALES BASICAS"},"content":{"rendered":"<p>Juego de componentes con manual de 12 experimentos que incluyen diagramas te\u00f3ricos y pr\u00e1cticos de los principales circuitos que se utilizan en instalaciones de tipo industrial.<\/p>\n<p>Cada experimento tiene un objetivo bien definido y muestra el esquema el\u00e9ctrico y el material que es necesario para el montaje de la instalaci\u00f3n.<\/p>\n","protected":false},"excerpt":{"rendered":"<p>Juego de componentes con manual de 12 experimentos que incluyen diagramas te\u00f3ricos y pr\u00e1cticos de los principales circuitos que se utilizan en instalaciones de tipo industrial. Cada experimento tiene un objetivo bien definido y muestra el esquema el\u00e9ctrico y el material que es necesario para el montaje de la instalaci\u00f3n.<\/p>\n","protected":false},"featured_media":13664,"template":"","meta":{"_acf_changed":false},"product_brand":[],"product_cat":[281],"product_tag":[],"class_list":{"0":"post-13691","1":"product","2":"type-product","3":"status-publish","4":"has-post-thumbnail","6":"product_cat-kit-de-instalacion-industrial-es","8":"first","9":"instock","10":"shipping-taxable","11":"product-type-simple"},"acf":[],"yoast_head":"<!-- This site is optimized with the Yoast SEO plugin v27.4 - https:\/\/yoast.com\/product\/yoast-seo-wordpress\/ -->\n<title>KIT PARA INSTALACIONES INDUSTRIALES BASICAS - De Lorenzo Training &amp; Didactical Equipment<\/title>\n<meta name=\"description\" content=\"Kit de componentes con manual did\u00e1ctico que incluye 12 experiencias sobre instalaciones el\u00e9ctricas industriales, con esquemas, teor\u00eda esencial y objetivos formativos.\" \/>\n<meta name=\"robots\" content=\"index, follow, max-snippet:-1, max-image-preview:large, max-video-preview:-1\" \/>\n<link rel=\"canonical\" href=\"https:\/\/delorenzoglobal.com\/es\/producto\/kit-para-instalaciones-industriales-basicas\/\" \/>\n<meta property=\"og:locale\" content=\"es_ES\" \/>\n<meta property=\"og:type\" content=\"article\" \/>\n<meta property=\"og:title\" content=\"KIT PARA INSTALACIONES INDUSTRIALES BASICAS - De Lorenzo Training &amp; Didactical Equipment\" \/>\n<meta property=\"og:description\" content=\"Kit de componentes con manual did\u00e1ctico que incluye 12 experiencias sobre instalaciones el\u00e9ctricas industriales, con esquemas, teor\u00eda esencial y objetivos formativos.\" \/>\n<meta property=\"og:url\" content=\"https:\/\/delorenzoglobal.com\/es\/producto\/kit-para-instalaciones-industriales-basicas\/\" \/>\n<meta property=\"og:site_name\" content=\"De Lorenzo Training &amp; Didactical Equipment\" \/>\n<meta property=\"article:modified_time\" content=\"2026-01-14T13:09:25+00:00\" \/>\n<meta property=\"og:image\" content=\"https:\/\/delorenzoglobal.com\/wp-content\/uploads\/2024\/04\/DL-2102B.png\" \/>\n\t<meta property=\"og:image:width\" content=\"481\" \/>\n\t<meta property=\"og:image:height\" content=\"357\" \/>\n\t<meta property=\"og:image:type\" content=\"image\/png\" \/>\n<meta name=\"twitter:card\" content=\"summary_large_image\" \/>\n<meta name=\"twitter:label1\" content=\"Tiempo de lectura\" \/>\n\t<meta name=\"twitter:data1\" content=\"1 minuto\" \/>\n<script type=\"application\/ld+json\" class=\"yoast-schema-graph\">{\"@context\":\"https:\\\/\\\/schema.org\",\"@graph\":[{\"@type\":\"WebPage\",\"@id\":\"https:\\\/\\\/delorenzoglobal.com\\\/es\\\/producto\\\/kit-para-instalaciones-industriales-basicas\\\/\",\"url\":\"https:\\\/\\\/delorenzoglobal.com\\\/es\\\/producto\\\/kit-para-instalaciones-industriales-basicas\\\/\",\"name\":\"KIT PARA INSTALACIONES INDUSTRIALES BASICAS - De Lorenzo Training &amp; Didactical Equipment\",\"isPartOf\":{\"@id\":\"https:\\\/\\\/delorenzoglobal.com\\\/es\\\/#website\"},\"primaryImageOfPage\":{\"@id\":\"https:\\\/\\\/delorenzoglobal.com\\\/es\\\/producto\\\/kit-para-instalaciones-industriales-basicas\\\/#primaryimage\"},\"image\":{\"@id\":\"https:\\\/\\\/delorenzoglobal.com\\\/es\\\/producto\\\/kit-para-instalaciones-industriales-basicas\\\/#primaryimage\"},\"thumbnailUrl\":\"https:\\\/\\\/delorenzoglobal.com\\\/wp-content\\\/uploads\\\/2024\\\/04\\\/DL-2102B.png\",\"datePublished\":\"2024-04-23T06:53:32+00:00\",\"dateModified\":\"2026-01-14T13:09:25+00:00\",\"description\":\"Kit de componentes con manual did\u00e1ctico que incluye 12 experiencias sobre instalaciones el\u00e9ctricas industriales, con esquemas, teor\u00eda esencial y objetivos formativos.\",\"breadcrumb\":{\"@id\":\"https:\\\/\\\/delorenzoglobal.com\\\/es\\\/producto\\\/kit-para-instalaciones-industriales-basicas\\\/#breadcrumb\"},\"inLanguage\":\"es\",\"potentialAction\":[{\"@type\":\"ReadAction\",\"target\":[\"https:\\\/\\\/delorenzoglobal.com\\\/es\\\/producto\\\/kit-para-instalaciones-industriales-basicas\\\/\"]}]},{\"@type\":\"ImageObject\",\"inLanguage\":\"es\",\"@id\":\"https:\\\/\\\/delorenzoglobal.com\\\/es\\\/producto\\\/kit-para-instalaciones-industriales-basicas\\\/#primaryimage\",\"url\":\"https:\\\/\\\/delorenzoglobal.com\\\/wp-content\\\/uploads\\\/2024\\\/04\\\/DL-2102B.png\",\"contentUrl\":\"https:\\\/\\\/delorenzoglobal.com\\\/wp-content\\\/uploads\\\/2024\\\/04\\\/DL-2102B.png\",\"width\":481,\"height\":357},{\"@type\":\"BreadcrumbList\",\"@id\":\"https:\\\/\\\/delorenzoglobal.com\\\/es\\\/producto\\\/kit-para-instalaciones-industriales-basicas\\\/#breadcrumb\",\"itemListElement\":[{\"@type\":\"ListItem\",\"position\":1,\"name\":\"Home\",\"item\":\"https:\\\/\\\/delorenzoglobal.com\\\/es\\\/\"},{\"@type\":\"ListItem\",\"position\":2,\"name\":\"Tienda\",\"item\":\"https:\\\/\\\/delorenzoglobal.com\\\/es\\\/tienda\\\/\"},{\"@type\":\"ListItem\",\"position\":3,\"name\":\"KIT PARA INSTALACIONES INDUSTRIALES BASICAS\"}]},{\"@type\":\"WebSite\",\"@id\":\"https:\\\/\\\/delorenzoglobal.com\\\/es\\\/#website\",\"url\":\"https:\\\/\\\/delorenzoglobal.com\\\/es\\\/\",\"name\":\"De Lorenzo Training &amp; Didactical Equipment\",\"description\":\"\",\"potentialAction\":[{\"@type\":\"SearchAction\",\"target\":{\"@type\":\"EntryPoint\",\"urlTemplate\":\"https:\\\/\\\/delorenzoglobal.com\\\/es\\\/?s={search_term_string}\"},\"query-input\":{\"@type\":\"PropertyValueSpecification\",\"valueRequired\":true,\"valueName\":\"search_term_string\"}}],\"inLanguage\":\"es\"}]}<\/script>\n<!-- \/ Yoast SEO plugin. -->","yoast_head_json":{"title":"KIT PARA INSTALACIONES INDUSTRIALES BASICAS - De Lorenzo Training &amp; Didactical Equipment","description":"Kit de componentes con manual did\u00e1ctico que incluye 12 experiencias sobre instalaciones el\u00e9ctricas industriales, con esquemas, teor\u00eda esencial y objetivos formativos.","robots":{"index":"index","follow":"follow","max-snippet":"max-snippet:-1","max-image-preview":"max-image-preview:large","max-video-preview":"max-video-preview:-1"},"canonical":"https:\/\/delorenzoglobal.com\/es\/producto\/kit-para-instalaciones-industriales-basicas\/","og_locale":"es_ES","og_type":"article","og_title":"KIT PARA INSTALACIONES INDUSTRIALES BASICAS - De Lorenzo Training &amp; Didactical Equipment","og_description":"Kit de componentes con manual did\u00e1ctico que incluye 12 experiencias sobre instalaciones el\u00e9ctricas industriales, con esquemas, teor\u00eda esencial y objetivos formativos.","og_url":"https:\/\/delorenzoglobal.com\/es\/producto\/kit-para-instalaciones-industriales-basicas\/","og_site_name":"De Lorenzo Training &amp; Didactical Equipment","article_modified_time":"2026-01-14T13:09:25+00:00","og_image":[{"width":481,"height":357,"url":"https:\/\/delorenzoglobal.com\/wp-content\/uploads\/2024\/04\/DL-2102B.png","type":"image\/png"}],"twitter_card":"summary_large_image","twitter_misc":{"Tiempo de lectura":"1 minuto"},"schema":{"@context":"https:\/\/schema.org","@graph":[{"@type":"WebPage","@id":"https:\/\/delorenzoglobal.com\/es\/producto\/kit-para-instalaciones-industriales-basicas\/","url":"https:\/\/delorenzoglobal.com\/es\/producto\/kit-para-instalaciones-industriales-basicas\/","name":"KIT PARA INSTALACIONES INDUSTRIALES BASICAS - De Lorenzo Training &amp; Didactical Equipment","isPartOf":{"@id":"https:\/\/delorenzoglobal.com\/es\/#website"},"primaryImageOfPage":{"@id":"https:\/\/delorenzoglobal.com\/es\/producto\/kit-para-instalaciones-industriales-basicas\/#primaryimage"},"image":{"@id":"https:\/\/delorenzoglobal.com\/es\/producto\/kit-para-instalaciones-industriales-basicas\/#primaryimage"},"thumbnailUrl":"https:\/\/delorenzoglobal.com\/wp-content\/uploads\/2024\/04\/DL-2102B.png","datePublished":"2024-04-23T06:53:32+00:00","dateModified":"2026-01-14T13:09:25+00:00","description":"Kit de componentes con manual did\u00e1ctico que incluye 12 experiencias sobre instalaciones el\u00e9ctricas industriales, con esquemas, teor\u00eda esencial y objetivos formativos.","breadcrumb":{"@id":"https:\/\/delorenzoglobal.com\/es\/producto\/kit-para-instalaciones-industriales-basicas\/#breadcrumb"},"inLanguage":"es","potentialAction":[{"@type":"ReadAction","target":["https:\/\/delorenzoglobal.com\/es\/producto\/kit-para-instalaciones-industriales-basicas\/"]}]},{"@type":"ImageObject","inLanguage":"es","@id":"https:\/\/delorenzoglobal.com\/es\/producto\/kit-para-instalaciones-industriales-basicas\/#primaryimage","url":"https:\/\/delorenzoglobal.com\/wp-content\/uploads\/2024\/04\/DL-2102B.png","contentUrl":"https:\/\/delorenzoglobal.com\/wp-content\/uploads\/2024\/04\/DL-2102B.png","width":481,"height":357},{"@type":"BreadcrumbList","@id":"https:\/\/delorenzoglobal.com\/es\/producto\/kit-para-instalaciones-industriales-basicas\/#breadcrumb","itemListElement":[{"@type":"ListItem","position":1,"name":"Home","item":"https:\/\/delorenzoglobal.com\/es\/"},{"@type":"ListItem","position":2,"name":"Tienda","item":"https:\/\/delorenzoglobal.com\/es\/tienda\/"},{"@type":"ListItem","position":3,"name":"KIT PARA INSTALACIONES INDUSTRIALES BASICAS"}]},{"@type":"WebSite","@id":"https:\/\/delorenzoglobal.com\/es\/#website","url":"https:\/\/delorenzoglobal.com\/es\/","name":"De Lorenzo Training &amp; Didactical Equipment","description":"","potentialAction":[{"@type":"SearchAction","target":{"@type":"EntryPoint","urlTemplate":"https:\/\/delorenzoglobal.com\/es\/?s={search_term_string}"},"query-input":{"@type":"PropertyValueSpecification","valueRequired":true,"valueName":"search_term_string"}}],"inLanguage":"es"}]}},"_links":{"self":[{"href":"https:\/\/delorenzoglobal.com\/es\/wp-json\/wp\/v2\/product\/13691","targetHints":{"allow":["GET"]}}],"collection":[{"href":"https:\/\/delorenzoglobal.com\/es\/wp-json\/wp\/v2\/product"}],"about":[{"href":"https:\/\/delorenzoglobal.com\/es\/wp-json\/wp\/v2\/types\/product"}],"wp:featuredmedia":[{"embeddable":true,"href":"https:\/\/delorenzoglobal.com\/es\/wp-json\/wp\/v2\/media\/13664"}],"wp:attachment":[{"href":"https:\/\/delorenzoglobal.com\/es\/wp-json\/wp\/v2\/media?parent=13691"}],"wp:term":[{"taxonomy":"product_brand","embeddable":true,"href":"https:\/\/delorenzoglobal.com\/es\/wp-json\/wp\/v2\/product_brand?post=13691"},{"taxonomy":"product_cat","embeddable":true,"href":"https:\/\/delorenzoglobal.com\/es\/wp-json\/wp\/v2\/product_cat?post=13691"},{"taxonomy":"product_tag","embeddable":true,"href":"https:\/\/delorenzoglobal.com\/es\/wp-json\/wp\/v2\/product_tag?post=13691"}],"curies":[{"name":"wp","href":"https:\/\/api.w.org\/{rel}","templated":true}]}}