{"id":1345,"date":"2024-04-09T10:29:25","date_gmt":"2024-04-09T08:29:25","guid":{"rendered":"https:\/\/delorenzoglobal.com\/?post_type=product&#038;p=1345"},"modified":"2025-10-07T10:19:35","modified_gmt":"2025-10-07T08:19:35","slug":"entrenadorde-motorcc-sin-escobillasbrushless","status":"publish","type":"product","link":"https:\/\/delorenzoglobal.com\/es\/producto\/entrenadorde-motorcc-sin-escobillasbrushless\/","title":{"rendered":"ENTRENADORDE MOTORCC SIN ESCOBILLAS(BRUSHLESS)"},"content":{"rendered":"<p>Entrenador de Motor CC sin escobillasdesarrollado para estudiar las disciplinas industriales m\u00e1s importantes: el motor CC sin escobillas, PLC e interfaz hombre-m\u00e1quinaSe ha desarrollado como un sistema \u00ababierto\u00bb; cada componente de hardware \u00a0es \u00a0independiente \u00a0de \u00a0los dem\u00e1s, \u00a0permitiendo \u00a0el \u00a0estudio \u00a0de \u00a0cada \u00a0sistema \u00a0de forma \u00a0 \u00a0 aut\u00f3noma, conectando otros equipos existentes del laboratorio.<\/p>\n<p>Es f\u00e1cil de mover con su estructura port\u00e1til<\/p>\n<p>\u2022El entrenador se puede utilizar para estudiar tres campos did\u00e1cticos diferentes: CC sin escobillas, HMIy PLC<\/p>\n<p>\u2022Las caracter\u00edsticas del hardware del entrenador permiten \u00a0a \u00a0los \u00a0estudiantes \u00a0estudiar \u00a0de \u00a0forma independiente \u00a0o \u00a0 en conjunto \u00a0 las \u00a0 partes \u00a0 del entrenador C\u00d3DIGO DE PEDIDOSe \u00a0 puedepedir \u00a0este \u00a0 producto \u00a0con \u00a0 dos \u00a0 c\u00f3digos diferentes.<\/p>\n<p>La elecci\u00f3n del c\u00f3digo se basa en el tipo de PLC que se incluir\u00e1 con el entrenador.<\/p>\n<p>DL \u00a0 2131-AB-Entrenador \u00a0 de motor \u00a0 de CC \u00a0 sin escobillas con PLC Allen Bradley DL \u00a02131-1200-Entrenador \u00a0de motor \u00a0de CC \u00a0sin escobillas con PLC Siemens<\/p>\n","protected":false},"excerpt":{"rendered":"<p>Entrenador de Motor CC sin escobillasdesarrollado para estudiar las disciplinas industriales m\u00e1s importantes: el motor CC sin escobillas, PLC e interfaz hombre-m\u00e1quinaSe ha desarrollado como un sistema \u00ababierto\u00bb; cada componente de hardware \u00a0es \u00a0independiente \u00a0de \u00a0los dem\u00e1s, \u00a0permitiendo \u00a0el \u00a0estudio \u00a0de \u00a0cada \u00a0sistema \u00a0de forma \u00a0 \u00a0 aut\u00f3noma, conectando otros equipos existentes del laboratorio. Es [&hellip;]<\/p>\n","protected":false},"featured_media":19374,"template":"","meta":{"_acf_changed":false},"product_brand":[],"product_cat":[172],"product_tag":[],"class_list":{"0":"post-1345","1":"product","2":"type-product","3":"status-publish","4":"has-post-thumbnail","6":"product_cat-aplicaciones-de-hardware","8":"first","9":"instock","10":"shipping-taxable","11":"product-type-simple"},"acf":[],"yoast_head":"<!-- This site is optimized with the Yoast SEO plugin v27.0 - https:\/\/yoast.com\/product\/yoast-seo-wordpress\/ -->\n<title>ENTRENADORDE MOTORCC SIN ESCOBILLAS(BRUSHLESS) - De Lorenzo Training &amp; Didactical Equipment<\/title>\n<meta name=\"robots\" content=\"index, follow, max-snippet:-1, max-image-preview:large, max-video-preview:-1\" \/>\n<link rel=\"canonical\" href=\"https:\/\/delorenzoglobal.com\/es\/producto\/entrenadorde-motorcc-sin-escobillasbrushless\/\" \/>\n<meta property=\"og:locale\" content=\"es_ES\" \/>\n<meta property=\"og:type\" content=\"article\" \/>\n<meta property=\"og:title\" content=\"ENTRENADORDE MOTORCC SIN ESCOBILLAS(BRUSHLESS) - De Lorenzo Training &amp; Didactical Equipment\" \/>\n<meta property=\"og:description\" content=\"Entrenador de Motor CC sin escobillasdesarrollado para estudiar las disciplinas industriales m\u00e1s importantes: el motor CC sin escobillas, PLC e interfaz hombre-m\u00e1quinaSe ha desarrollado como un sistema \u00ababierto\u00bb; cada componente de hardware \u00a0es \u00a0independiente \u00a0de \u00a0los dem\u00e1s, \u00a0permitiendo \u00a0el \u00a0estudio \u00a0de \u00a0cada \u00a0sistema \u00a0de forma \u00a0 \u00a0 aut\u00f3noma, conectando otros equipos existentes del laboratorio. Es [&hellip;]\" \/>\n<meta property=\"og:url\" content=\"https:\/\/delorenzoglobal.com\/es\/producto\/entrenadorde-motorcc-sin-escobillasbrushless\/\" \/>\n<meta property=\"og:site_name\" content=\"De Lorenzo Training &amp; Didactical Equipment\" \/>\n<meta property=\"article:modified_time\" content=\"2025-10-07T08:19:35+00:00\" \/>\n<meta property=\"og:image\" content=\"https:\/\/delorenzoglobal.com\/wp-content\/uploads\/2024\/04\/DL-2131-xs-scaled.jpg\" \/>\n\t<meta property=\"og:image:width\" content=\"2213\" \/>\n\t<meta property=\"og:image:height\" content=\"2560\" \/>\n\t<meta property=\"og:image:type\" content=\"image\/jpeg\" \/>\n<meta name=\"twitter:card\" content=\"summary_large_image\" \/>\n<meta name=\"twitter:label1\" content=\"Tiempo de lectura\" \/>\n\t<meta name=\"twitter:data1\" content=\"1 minuto\" \/>\n<script type=\"application\/ld+json\" class=\"yoast-schema-graph\">{\"@context\":\"https:\/\/schema.org\",\"@graph\":[{\"@type\":\"WebPage\",\"@id\":\"https:\/\/delorenzoglobal.com\/es\/producto\/entrenadorde-motorcc-sin-escobillasbrushless\/\",\"url\":\"https:\/\/delorenzoglobal.com\/es\/producto\/entrenadorde-motorcc-sin-escobillasbrushless\/\",\"name\":\"ENTRENADORDE MOTORCC SIN ESCOBILLAS(BRUSHLESS) - De Lorenzo Training &amp; Didactical Equipment\",\"isPartOf\":{\"@id\":\"https:\/\/delorenzoglobal.com\/es\/#website\"},\"primaryImageOfPage\":{\"@id\":\"https:\/\/delorenzoglobal.com\/es\/producto\/entrenadorde-motorcc-sin-escobillasbrushless\/#primaryimage\"},\"image\":{\"@id\":\"https:\/\/delorenzoglobal.com\/es\/producto\/entrenadorde-motorcc-sin-escobillasbrushless\/#primaryimage\"},\"thumbnailUrl\":\"https:\/\/delorenzoglobal.com\/wp-content\/uploads\/2024\/04\/DL-2131-xs-scaled.jpg\",\"datePublished\":\"2024-04-09T08:29:25+00:00\",\"dateModified\":\"2025-10-07T08:19:35+00:00\",\"breadcrumb\":{\"@id\":\"https:\/\/delorenzoglobal.com\/es\/producto\/entrenadorde-motorcc-sin-escobillasbrushless\/#breadcrumb\"},\"inLanguage\":\"es\",\"potentialAction\":[{\"@type\":\"ReadAction\",\"target\":[\"https:\/\/delorenzoglobal.com\/es\/producto\/entrenadorde-motorcc-sin-escobillasbrushless\/\"]}]},{\"@type\":\"ImageObject\",\"inLanguage\":\"es\",\"@id\":\"https:\/\/delorenzoglobal.com\/es\/producto\/entrenadorde-motorcc-sin-escobillasbrushless\/#primaryimage\",\"url\":\"https:\/\/delorenzoglobal.com\/wp-content\/uploads\/2024\/04\/DL-2131-xs-scaled.jpg\",\"contentUrl\":\"https:\/\/delorenzoglobal.com\/wp-content\/uploads\/2024\/04\/DL-2131-xs-scaled.jpg\",\"width\":2213,\"height\":2560},{\"@type\":\"BreadcrumbList\",\"@id\":\"https:\/\/delorenzoglobal.com\/es\/producto\/entrenadorde-motorcc-sin-escobillasbrushless\/#breadcrumb\",\"itemListElement\":[{\"@type\":\"ListItem\",\"position\":1,\"name\":\"Home\",\"item\":\"https:\/\/delorenzoglobal.com\/es\/\"},{\"@type\":\"ListItem\",\"position\":2,\"name\":\"Tienda\",\"item\":\"https:\/\/delorenzoglobal.com\/es\/tienda\/\"},{\"@type\":\"ListItem\",\"position\":3,\"name\":\"ENTRENADORDE MOTORCC SIN ESCOBILLAS(BRUSHLESS)\"}]},{\"@type\":\"WebSite\",\"@id\":\"https:\/\/delorenzoglobal.com\/es\/#website\",\"url\":\"https:\/\/delorenzoglobal.com\/es\/\",\"name\":\"De Lorenzo Training &amp; Didactical Equipment\",\"description\":\"\",\"potentialAction\":[{\"@type\":\"SearchAction\",\"target\":{\"@type\":\"EntryPoint\",\"urlTemplate\":\"https:\/\/delorenzoglobal.com\/es\/?s={search_term_string}\"},\"query-input\":{\"@type\":\"PropertyValueSpecification\",\"valueRequired\":true,\"valueName\":\"search_term_string\"}}],\"inLanguage\":\"es\"}]}<\/script>\n<!-- \/ Yoast SEO plugin. -->","yoast_head_json":{"title":"ENTRENADORDE MOTORCC SIN ESCOBILLAS(BRUSHLESS) - De Lorenzo Training &amp; Didactical Equipment","robots":{"index":"index","follow":"follow","max-snippet":"max-snippet:-1","max-image-preview":"max-image-preview:large","max-video-preview":"max-video-preview:-1"},"canonical":"https:\/\/delorenzoglobal.com\/es\/producto\/entrenadorde-motorcc-sin-escobillasbrushless\/","og_locale":"es_ES","og_type":"article","og_title":"ENTRENADORDE MOTORCC SIN ESCOBILLAS(BRUSHLESS) - De Lorenzo Training &amp; Didactical Equipment","og_description":"Entrenador de Motor CC sin escobillasdesarrollado para estudiar las disciplinas industriales m\u00e1s importantes: el motor CC sin escobillas, PLC e interfaz hombre-m\u00e1quinaSe ha desarrollado como un sistema \u00ababierto\u00bb; cada componente de hardware \u00a0es \u00a0independiente \u00a0de \u00a0los dem\u00e1s, \u00a0permitiendo \u00a0el \u00a0estudio \u00a0de \u00a0cada \u00a0sistema \u00a0de forma \u00a0 \u00a0 aut\u00f3noma, conectando otros equipos existentes del laboratorio. Es [&hellip;]","og_url":"https:\/\/delorenzoglobal.com\/es\/producto\/entrenadorde-motorcc-sin-escobillasbrushless\/","og_site_name":"De Lorenzo Training &amp; Didactical Equipment","article_modified_time":"2025-10-07T08:19:35+00:00","og_image":[{"width":2213,"height":2560,"url":"https:\/\/delorenzoglobal.com\/wp-content\/uploads\/2024\/04\/DL-2131-xs-scaled.jpg","type":"image\/jpeg"}],"twitter_card":"summary_large_image","twitter_misc":{"Tiempo de lectura":"1 minuto"},"schema":{"@context":"https:\/\/schema.org","@graph":[{"@type":"WebPage","@id":"https:\/\/delorenzoglobal.com\/es\/producto\/entrenadorde-motorcc-sin-escobillasbrushless\/","url":"https:\/\/delorenzoglobal.com\/es\/producto\/entrenadorde-motorcc-sin-escobillasbrushless\/","name":"ENTRENADORDE MOTORCC SIN ESCOBILLAS(BRUSHLESS) - De Lorenzo Training &amp; Didactical Equipment","isPartOf":{"@id":"https:\/\/delorenzoglobal.com\/es\/#website"},"primaryImageOfPage":{"@id":"https:\/\/delorenzoglobal.com\/es\/producto\/entrenadorde-motorcc-sin-escobillasbrushless\/#primaryimage"},"image":{"@id":"https:\/\/delorenzoglobal.com\/es\/producto\/entrenadorde-motorcc-sin-escobillasbrushless\/#primaryimage"},"thumbnailUrl":"https:\/\/delorenzoglobal.com\/wp-content\/uploads\/2024\/04\/DL-2131-xs-scaled.jpg","datePublished":"2024-04-09T08:29:25+00:00","dateModified":"2025-10-07T08:19:35+00:00","breadcrumb":{"@id":"https:\/\/delorenzoglobal.com\/es\/producto\/entrenadorde-motorcc-sin-escobillasbrushless\/#breadcrumb"},"inLanguage":"es","potentialAction":[{"@type":"ReadAction","target":["https:\/\/delorenzoglobal.com\/es\/producto\/entrenadorde-motorcc-sin-escobillasbrushless\/"]}]},{"@type":"ImageObject","inLanguage":"es","@id":"https:\/\/delorenzoglobal.com\/es\/producto\/entrenadorde-motorcc-sin-escobillasbrushless\/#primaryimage","url":"https:\/\/delorenzoglobal.com\/wp-content\/uploads\/2024\/04\/DL-2131-xs-scaled.jpg","contentUrl":"https:\/\/delorenzoglobal.com\/wp-content\/uploads\/2024\/04\/DL-2131-xs-scaled.jpg","width":2213,"height":2560},{"@type":"BreadcrumbList","@id":"https:\/\/delorenzoglobal.com\/es\/producto\/entrenadorde-motorcc-sin-escobillasbrushless\/#breadcrumb","itemListElement":[{"@type":"ListItem","position":1,"name":"Home","item":"https:\/\/delorenzoglobal.com\/es\/"},{"@type":"ListItem","position":2,"name":"Tienda","item":"https:\/\/delorenzoglobal.com\/es\/tienda\/"},{"@type":"ListItem","position":3,"name":"ENTRENADORDE MOTORCC SIN ESCOBILLAS(BRUSHLESS)"}]},{"@type":"WebSite","@id":"https:\/\/delorenzoglobal.com\/es\/#website","url":"https:\/\/delorenzoglobal.com\/es\/","name":"De Lorenzo Training &amp; Didactical Equipment","description":"","potentialAction":[{"@type":"SearchAction","target":{"@type":"EntryPoint","urlTemplate":"https:\/\/delorenzoglobal.com\/es\/?s={search_term_string}"},"query-input":{"@type":"PropertyValueSpecification","valueRequired":true,"valueName":"search_term_string"}}],"inLanguage":"es"}]}},"_links":{"self":[{"href":"https:\/\/delorenzoglobal.com\/es\/wp-json\/wp\/v2\/product\/1345","targetHints":{"allow":["GET"]}}],"collection":[{"href":"https:\/\/delorenzoglobal.com\/es\/wp-json\/wp\/v2\/product"}],"about":[{"href":"https:\/\/delorenzoglobal.com\/es\/wp-json\/wp\/v2\/types\/product"}],"wp:featuredmedia":[{"embeddable":true,"href":"https:\/\/delorenzoglobal.com\/es\/wp-json\/wp\/v2\/media\/19374"}],"wp:attachment":[{"href":"https:\/\/delorenzoglobal.com\/es\/wp-json\/wp\/v2\/media?parent=1345"}],"wp:term":[{"taxonomy":"product_brand","embeddable":true,"href":"https:\/\/delorenzoglobal.com\/es\/wp-json\/wp\/v2\/product_brand?post=1345"},{"taxonomy":"product_cat","embeddable":true,"href":"https:\/\/delorenzoglobal.com\/es\/wp-json\/wp\/v2\/product_cat?post=1345"},{"taxonomy":"product_tag","embeddable":true,"href":"https:\/\/delorenzoglobal.com\/es\/wp-json\/wp\/v2\/product_tag?post=1345"}],"curies":[{"name":"wp","href":"https:\/\/api.w.org\/{rel}","templated":true}]}}