{"id":13064,"date":"2024-04-22T09:51:44","date_gmt":"2024-04-22T07:51:44","guid":{"rendered":"https:\/\/delorenzoglobal.com\/?post_type=product&#038;p=13064"},"modified":"2025-01-24T14:13:50","modified_gmt":"2025-01-24T13:13:50","slug":"simulador-inteligente-para-entrenamiento-en-control-de-procesos","status":"publish","type":"product","link":"https:\/\/delorenzoglobal.com\/es\/producto\/simulador-inteligente-para-entrenamiento-en-control-de-procesos\/","title":{"rendered":"SIMULADOR INTELIGENTE PARA ENTRENAMIENTO EN CONTROL DE PROCESOS"},"content":{"rendered":"<p>El DL VPC-LAB 4.0 es un software que ha sido desarrollado para ense\u00f1ar t\u00e9cnicas de control de procesos de manera \u00fanica y efectiva.<\/p>\n<p>Con este software, los estudiantes pueden mejorar su experiencia individual en el estudio del control de procesos en la pr\u00e1ctica.<\/p>\n<p>Los estudiantes podr\u00e1n llevar a cabo varios experimentos y tratar los siguientes temas:<\/p>\n<ul>\n<li>Sistemas de control, sistema de lazo abierto y de lazo cerrado,<\/li>\n<li>Sensores, transductores y actuadores,<\/li>\n<li>Acondicionamiento de la se\u00f1al potencia y de entrada,<\/li>\n<li>Nivel, flujo, presi\u00f3n, temperatura,<\/li>\n<li>Error, offset, calibraci\u00f3n, tiempo de respuesta, control ON-OFF, hist\u00e9resis, controlador PID, control proporcional (P), control proporcional-integral (PI), control proporcional- integral-derivativo (PID).<\/li>\n<\/ul>\n<p>Este software podr\u00e1 reproducir las caracter\u00edsticas y comportamientos del Entrenador de Control de Procesos DE LORENZO &#8211; DL 2314<\/p>\n","protected":false},"excerpt":{"rendered":"<p>El DL VPC-LAB 4.0 es un software que ha sido desarrollado para ense\u00f1ar t\u00e9cnicas de control de procesos de manera \u00fanica y efectiva. Con este software, los estudiantes pueden mejorar su experiencia individual en el estudio del control de procesos en la pr\u00e1ctica. Los estudiantes podr\u00e1n llevar a cabo varios experimentos y tratar los siguientes [&hellip;]<\/p>\n","protected":false},"featured_media":13047,"template":"","meta":{"_acf_changed":false},"product_brand":[],"product_cat":[3103,423],"product_tag":[],"class_list":{"0":"post-13064","1":"product","2":"type-product","3":"status-publish","4":"has-post-thumbnail","6":"product_cat-software-y-e-learning-es","7":"product_cat-software-y-e-learning","9":"first","10":"instock","11":"shipping-taxable","12":"product-type-simple"},"acf":[],"yoast_head":"<!-- This site is optimized with the Yoast SEO plugin v27.4 - https:\/\/yoast.com\/product\/yoast-seo-wordpress\/ -->\n<title>SIMULADOR INTELIGENTE PARA ENTRENAMIENTO EN CONTROL DE PROCESOS - De Lorenzo Training &amp; Didactical Equipment<\/title>\n<meta name=\"robots\" content=\"index, follow, max-snippet:-1, max-image-preview:large, max-video-preview:-1\" \/>\n<link rel=\"canonical\" href=\"https:\/\/delorenzoglobal.com\/es\/producto\/simulador-inteligente-para-entrenamiento-en-control-de-procesos\/\" \/>\n<meta property=\"og:locale\" content=\"es_ES\" \/>\n<meta property=\"og:type\" content=\"article\" \/>\n<meta property=\"og:title\" content=\"SIMULADOR INTELIGENTE PARA ENTRENAMIENTO EN CONTROL DE PROCESOS - De Lorenzo Training &amp; Didactical Equipment\" \/>\n<meta property=\"og:description\" content=\"El DL VPC-LAB 4.0 es un software que ha sido desarrollado para ense\u00f1ar t\u00e9cnicas de control de procesos de manera \u00fanica y efectiva. Con este software, los estudiantes pueden mejorar su experiencia individual en el estudio del control de procesos en la pr\u00e1ctica. Los estudiantes podr\u00e1n llevar a cabo varios experimentos y tratar los siguientes [&hellip;]\" \/>\n<meta property=\"og:url\" content=\"https:\/\/delorenzoglobal.com\/es\/producto\/simulador-inteligente-para-entrenamiento-en-control-de-procesos\/\" \/>\n<meta property=\"og:site_name\" content=\"De Lorenzo Training &amp; Didactical Equipment\" \/>\n<meta property=\"article:modified_time\" content=\"2025-01-24T13:13:50+00:00\" \/>\n<meta property=\"og:image\" content=\"https:\/\/delorenzoglobal.com\/wp-content\/uploads\/2024\/04\/DL-VPC-LAB4.0.png\" \/>\n\t<meta property=\"og:image:width\" content=\"1393\" \/>\n\t<meta property=\"og:image:height\" content=\"817\" \/>\n\t<meta property=\"og:image:type\" content=\"image\/png\" \/>\n<meta name=\"twitter:card\" content=\"summary_large_image\" \/>\n<meta name=\"twitter:label1\" content=\"Tiempo de lectura\" \/>\n\t<meta name=\"twitter:data1\" content=\"1 minuto\" \/>\n<script type=\"application\/ld+json\" class=\"yoast-schema-graph\">{\"@context\":\"https:\\\/\\\/schema.org\",\"@graph\":[{\"@type\":\"WebPage\",\"@id\":\"https:\\\/\\\/delorenzoglobal.com\\\/es\\\/producto\\\/simulador-inteligente-para-entrenamiento-en-control-de-procesos\\\/\",\"url\":\"https:\\\/\\\/delorenzoglobal.com\\\/es\\\/producto\\\/simulador-inteligente-para-entrenamiento-en-control-de-procesos\\\/\",\"name\":\"SIMULADOR INTELIGENTE PARA ENTRENAMIENTO EN CONTROL DE PROCESOS - De Lorenzo Training &amp; Didactical Equipment\",\"isPartOf\":{\"@id\":\"https:\\\/\\\/delorenzoglobal.com\\\/es\\\/#website\"},\"primaryImageOfPage\":{\"@id\":\"https:\\\/\\\/delorenzoglobal.com\\\/es\\\/producto\\\/simulador-inteligente-para-entrenamiento-en-control-de-procesos\\\/#primaryimage\"},\"image\":{\"@id\":\"https:\\\/\\\/delorenzoglobal.com\\\/es\\\/producto\\\/simulador-inteligente-para-entrenamiento-en-control-de-procesos\\\/#primaryimage\"},\"thumbnailUrl\":\"https:\\\/\\\/delorenzoglobal.com\\\/wp-content\\\/uploads\\\/2024\\\/04\\\/DL-VPC-LAB4.0.png\",\"datePublished\":\"2024-04-22T07:51:44+00:00\",\"dateModified\":\"2025-01-24T13:13:50+00:00\",\"breadcrumb\":{\"@id\":\"https:\\\/\\\/delorenzoglobal.com\\\/es\\\/producto\\\/simulador-inteligente-para-entrenamiento-en-control-de-procesos\\\/#breadcrumb\"},\"inLanguage\":\"es\",\"potentialAction\":[{\"@type\":\"ReadAction\",\"target\":[\"https:\\\/\\\/delorenzoglobal.com\\\/es\\\/producto\\\/simulador-inteligente-para-entrenamiento-en-control-de-procesos\\\/\"]}]},{\"@type\":\"ImageObject\",\"inLanguage\":\"es\",\"@id\":\"https:\\\/\\\/delorenzoglobal.com\\\/es\\\/producto\\\/simulador-inteligente-para-entrenamiento-en-control-de-procesos\\\/#primaryimage\",\"url\":\"https:\\\/\\\/delorenzoglobal.com\\\/wp-content\\\/uploads\\\/2024\\\/04\\\/DL-VPC-LAB4.0.png\",\"contentUrl\":\"https:\\\/\\\/delorenzoglobal.com\\\/wp-content\\\/uploads\\\/2024\\\/04\\\/DL-VPC-LAB4.0.png\",\"width\":1393,\"height\":817},{\"@type\":\"BreadcrumbList\",\"@id\":\"https:\\\/\\\/delorenzoglobal.com\\\/es\\\/producto\\\/simulador-inteligente-para-entrenamiento-en-control-de-procesos\\\/#breadcrumb\",\"itemListElement\":[{\"@type\":\"ListItem\",\"position\":1,\"name\":\"Home\",\"item\":\"https:\\\/\\\/delorenzoglobal.com\\\/es\\\/\"},{\"@type\":\"ListItem\",\"position\":2,\"name\":\"Tienda\",\"item\":\"https:\\\/\\\/delorenzoglobal.com\\\/es\\\/tienda\\\/\"},{\"@type\":\"ListItem\",\"position\":3,\"name\":\"SIMULADOR INTELIGENTE PARA ENTRENAMIENTO EN CONTROL DE PROCESOS\"}]},{\"@type\":\"WebSite\",\"@id\":\"https:\\\/\\\/delorenzoglobal.com\\\/es\\\/#website\",\"url\":\"https:\\\/\\\/delorenzoglobal.com\\\/es\\\/\",\"name\":\"De Lorenzo Training &amp; Didactical Equipment\",\"description\":\"\",\"potentialAction\":[{\"@type\":\"SearchAction\",\"target\":{\"@type\":\"EntryPoint\",\"urlTemplate\":\"https:\\\/\\\/delorenzoglobal.com\\\/es\\\/?s={search_term_string}\"},\"query-input\":{\"@type\":\"PropertyValueSpecification\",\"valueRequired\":true,\"valueName\":\"search_term_string\"}}],\"inLanguage\":\"es\"}]}<\/script>\n<!-- \/ Yoast SEO plugin. -->","yoast_head_json":{"title":"SIMULADOR INTELIGENTE PARA ENTRENAMIENTO EN CONTROL DE PROCESOS - De Lorenzo Training &amp; Didactical Equipment","robots":{"index":"index","follow":"follow","max-snippet":"max-snippet:-1","max-image-preview":"max-image-preview:large","max-video-preview":"max-video-preview:-1"},"canonical":"https:\/\/delorenzoglobal.com\/es\/producto\/simulador-inteligente-para-entrenamiento-en-control-de-procesos\/","og_locale":"es_ES","og_type":"article","og_title":"SIMULADOR INTELIGENTE PARA ENTRENAMIENTO EN CONTROL DE PROCESOS - De Lorenzo Training &amp; Didactical Equipment","og_description":"El DL VPC-LAB 4.0 es un software que ha sido desarrollado para ense\u00f1ar t\u00e9cnicas de control de procesos de manera \u00fanica y efectiva. Con este software, los estudiantes pueden mejorar su experiencia individual en el estudio del control de procesos en la pr\u00e1ctica. Los estudiantes podr\u00e1n llevar a cabo varios experimentos y tratar los siguientes [&hellip;]","og_url":"https:\/\/delorenzoglobal.com\/es\/producto\/simulador-inteligente-para-entrenamiento-en-control-de-procesos\/","og_site_name":"De Lorenzo Training &amp; Didactical Equipment","article_modified_time":"2025-01-24T13:13:50+00:00","og_image":[{"width":1393,"height":817,"url":"https:\/\/delorenzoglobal.com\/wp-content\/uploads\/2024\/04\/DL-VPC-LAB4.0.png","type":"image\/png"}],"twitter_card":"summary_large_image","twitter_misc":{"Tiempo de lectura":"1 minuto"},"schema":{"@context":"https:\/\/schema.org","@graph":[{"@type":"WebPage","@id":"https:\/\/delorenzoglobal.com\/es\/producto\/simulador-inteligente-para-entrenamiento-en-control-de-procesos\/","url":"https:\/\/delorenzoglobal.com\/es\/producto\/simulador-inteligente-para-entrenamiento-en-control-de-procesos\/","name":"SIMULADOR INTELIGENTE PARA ENTRENAMIENTO EN CONTROL DE PROCESOS - De Lorenzo Training &amp; Didactical Equipment","isPartOf":{"@id":"https:\/\/delorenzoglobal.com\/es\/#website"},"primaryImageOfPage":{"@id":"https:\/\/delorenzoglobal.com\/es\/producto\/simulador-inteligente-para-entrenamiento-en-control-de-procesos\/#primaryimage"},"image":{"@id":"https:\/\/delorenzoglobal.com\/es\/producto\/simulador-inteligente-para-entrenamiento-en-control-de-procesos\/#primaryimage"},"thumbnailUrl":"https:\/\/delorenzoglobal.com\/wp-content\/uploads\/2024\/04\/DL-VPC-LAB4.0.png","datePublished":"2024-04-22T07:51:44+00:00","dateModified":"2025-01-24T13:13:50+00:00","breadcrumb":{"@id":"https:\/\/delorenzoglobal.com\/es\/producto\/simulador-inteligente-para-entrenamiento-en-control-de-procesos\/#breadcrumb"},"inLanguage":"es","potentialAction":[{"@type":"ReadAction","target":["https:\/\/delorenzoglobal.com\/es\/producto\/simulador-inteligente-para-entrenamiento-en-control-de-procesos\/"]}]},{"@type":"ImageObject","inLanguage":"es","@id":"https:\/\/delorenzoglobal.com\/es\/producto\/simulador-inteligente-para-entrenamiento-en-control-de-procesos\/#primaryimage","url":"https:\/\/delorenzoglobal.com\/wp-content\/uploads\/2024\/04\/DL-VPC-LAB4.0.png","contentUrl":"https:\/\/delorenzoglobal.com\/wp-content\/uploads\/2024\/04\/DL-VPC-LAB4.0.png","width":1393,"height":817},{"@type":"BreadcrumbList","@id":"https:\/\/delorenzoglobal.com\/es\/producto\/simulador-inteligente-para-entrenamiento-en-control-de-procesos\/#breadcrumb","itemListElement":[{"@type":"ListItem","position":1,"name":"Home","item":"https:\/\/delorenzoglobal.com\/es\/"},{"@type":"ListItem","position":2,"name":"Tienda","item":"https:\/\/delorenzoglobal.com\/es\/tienda\/"},{"@type":"ListItem","position":3,"name":"SIMULADOR INTELIGENTE PARA ENTRENAMIENTO EN CONTROL DE PROCESOS"}]},{"@type":"WebSite","@id":"https:\/\/delorenzoglobal.com\/es\/#website","url":"https:\/\/delorenzoglobal.com\/es\/","name":"De Lorenzo Training &amp; Didactical Equipment","description":"","potentialAction":[{"@type":"SearchAction","target":{"@type":"EntryPoint","urlTemplate":"https:\/\/delorenzoglobal.com\/es\/?s={search_term_string}"},"query-input":{"@type":"PropertyValueSpecification","valueRequired":true,"valueName":"search_term_string"}}],"inLanguage":"es"}]}},"_links":{"self":[{"href":"https:\/\/delorenzoglobal.com\/es\/wp-json\/wp\/v2\/product\/13064","targetHints":{"allow":["GET"]}}],"collection":[{"href":"https:\/\/delorenzoglobal.com\/es\/wp-json\/wp\/v2\/product"}],"about":[{"href":"https:\/\/delorenzoglobal.com\/es\/wp-json\/wp\/v2\/types\/product"}],"wp:featuredmedia":[{"embeddable":true,"href":"https:\/\/delorenzoglobal.com\/es\/wp-json\/wp\/v2\/media\/13047"}],"wp:attachment":[{"href":"https:\/\/delorenzoglobal.com\/es\/wp-json\/wp\/v2\/media?parent=13064"}],"wp:term":[{"taxonomy":"product_brand","embeddable":true,"href":"https:\/\/delorenzoglobal.com\/es\/wp-json\/wp\/v2\/product_brand?post=13064"},{"taxonomy":"product_cat","embeddable":true,"href":"https:\/\/delorenzoglobal.com\/es\/wp-json\/wp\/v2\/product_cat?post=13064"},{"taxonomy":"product_tag","embeddable":true,"href":"https:\/\/delorenzoglobal.com\/es\/wp-json\/wp\/v2\/product_tag?post=13064"}],"curies":[{"name":"wp","href":"https:\/\/api.w.org\/{rel}","templated":true}]}}