{"id":13024,"date":"2024-04-22T09:46:21","date_gmt":"2024-04-22T07:46:21","guid":{"rendered":"https:\/\/delorenzoglobal.com\/?post_type=product&#038;p=13024"},"modified":"2025-01-24T11:44:35","modified_gmt":"2025-01-24T10:44:35","slug":"curso-de-robotica","status":"publish","type":"product","link":"https:\/\/delorenzoglobal.com\/es\/producto\/curso-de-robotica\/","title":{"rendered":"CURSO DE ROB\u00d3TICA"},"content":{"rendered":"<p>El DL SMART-ROB es un software que ha sido desarrollado para ense\u00f1ar rob\u00f3tica con PLC de una manera \u00fanica y efectiva.<\/p>\n<p>Con este software, los estudiantes pueden mejorar su experiencia individual en el estudio de la rob\u00f3tica industrial en la pr\u00e1ctica.<\/p>\n<p>Los profesores pueden explorar este entrenador para proporcionar experimentos a los estudiantes con los siguientes temas:<\/p>\n<ul>\n<li>Robot Scara 2D: modelo, aplicaciones, clasificaciones;<\/li>\n<li>Robot paletizador: modelo, aplicaciones, clasificaciones;<\/li>\n<li>Cinem\u00e1tica directa: qu\u00e9 es y c\u00f3mo implementar;<\/li>\n<li>Cinem\u00e1tica inversa: qu\u00e9 es y c\u00f3mo implementar;<\/li>\n<li>Notaci\u00f3n Denavit-Hartenberg: qu\u00e9 es, c\u00f3mo aplicarla y c\u00f3mo implementarla.<\/li>\n<\/ul>\n","protected":false},"excerpt":{"rendered":"<p>El DL SMART-ROB es un software que ha sido desarrollado para ense\u00f1ar rob\u00f3tica con PLC de una manera \u00fanica y efectiva. Con este software, los estudiantes pueden mejorar su experiencia individual en el estudio de la rob\u00f3tica industrial en la pr\u00e1ctica. Los profesores pueden explorar este entrenador para proporcionar experimentos a los estudiantes con los [&hellip;]<\/p>\n","protected":false},"featured_media":13016,"template":"","meta":{"_acf_changed":false},"product_brand":[],"product_cat":[3103,423],"product_tag":[],"class_list":{"0":"post-13024","1":"product","2":"type-product","3":"status-publish","4":"has-post-thumbnail","6":"product_cat-software-y-e-learning-es","7":"product_cat-software-y-e-learning","9":"first","10":"instock","11":"shipping-taxable","12":"product-type-simple"},"acf":[],"yoast_head":"<!-- This site is optimized with the Yoast SEO plugin v27.4 - https:\/\/yoast.com\/product\/yoast-seo-wordpress\/ -->\n<title>CURSO DE ROB\u00d3TICA - De Lorenzo Training &amp; Didactical Equipment<\/title>\n<meta name=\"robots\" content=\"index, follow, max-snippet:-1, max-image-preview:large, max-video-preview:-1\" \/>\n<link rel=\"canonical\" href=\"https:\/\/delorenzoglobal.com\/es\/producto\/curso-de-robotica\/\" \/>\n<meta property=\"og:locale\" content=\"es_ES\" \/>\n<meta property=\"og:type\" content=\"article\" \/>\n<meta property=\"og:title\" content=\"CURSO DE ROB\u00d3TICA - De Lorenzo Training &amp; Didactical Equipment\" \/>\n<meta property=\"og:description\" content=\"El DL SMART-ROB es un software que ha sido desarrollado para ense\u00f1ar rob\u00f3tica con PLC de una manera \u00fanica y efectiva. Con este software, los estudiantes pueden mejorar su experiencia individual en el estudio de la rob\u00f3tica industrial en la pr\u00e1ctica. Los profesores pueden explorar este entrenador para proporcionar experimentos a los estudiantes con los [&hellip;]\" \/>\n<meta property=\"og:url\" content=\"https:\/\/delorenzoglobal.com\/es\/producto\/curso-de-robotica\/\" \/>\n<meta property=\"og:site_name\" content=\"De Lorenzo Training &amp; Didactical Equipment\" \/>\n<meta property=\"article:modified_time\" content=\"2025-01-24T10:44:35+00:00\" \/>\n<meta property=\"og:image\" content=\"https:\/\/delorenzoglobal.com\/wp-content\/uploads\/2024\/04\/DL-SMART-ROB.png\" \/>\n\t<meta property=\"og:image:width\" content=\"1393\" \/>\n\t<meta property=\"og:image:height\" content=\"817\" \/>\n\t<meta property=\"og:image:type\" content=\"image\/png\" \/>\n<meta name=\"twitter:card\" content=\"summary_large_image\" \/>\n<meta name=\"twitter:label1\" content=\"Tiempo de lectura\" \/>\n\t<meta name=\"twitter:data1\" content=\"1 minuto\" \/>\n<script type=\"application\/ld+json\" class=\"yoast-schema-graph\">{\"@context\":\"https:\\\/\\\/schema.org\",\"@graph\":[{\"@type\":\"WebPage\",\"@id\":\"https:\\\/\\\/delorenzoglobal.com\\\/es\\\/producto\\\/curso-de-robotica\\\/\",\"url\":\"https:\\\/\\\/delorenzoglobal.com\\\/es\\\/producto\\\/curso-de-robotica\\\/\",\"name\":\"CURSO DE ROB\u00d3TICA - De Lorenzo Training &amp; Didactical Equipment\",\"isPartOf\":{\"@id\":\"https:\\\/\\\/delorenzoglobal.com\\\/es\\\/#website\"},\"primaryImageOfPage\":{\"@id\":\"https:\\\/\\\/delorenzoglobal.com\\\/es\\\/producto\\\/curso-de-robotica\\\/#primaryimage\"},\"image\":{\"@id\":\"https:\\\/\\\/delorenzoglobal.com\\\/es\\\/producto\\\/curso-de-robotica\\\/#primaryimage\"},\"thumbnailUrl\":\"https:\\\/\\\/delorenzoglobal.com\\\/wp-content\\\/uploads\\\/2024\\\/04\\\/DL-SMART-ROB.png\",\"datePublished\":\"2024-04-22T07:46:21+00:00\",\"dateModified\":\"2025-01-24T10:44:35+00:00\",\"breadcrumb\":{\"@id\":\"https:\\\/\\\/delorenzoglobal.com\\\/es\\\/producto\\\/curso-de-robotica\\\/#breadcrumb\"},\"inLanguage\":\"es\",\"potentialAction\":[{\"@type\":\"ReadAction\",\"target\":[\"https:\\\/\\\/delorenzoglobal.com\\\/es\\\/producto\\\/curso-de-robotica\\\/\"]}]},{\"@type\":\"ImageObject\",\"inLanguage\":\"es\",\"@id\":\"https:\\\/\\\/delorenzoglobal.com\\\/es\\\/producto\\\/curso-de-robotica\\\/#primaryimage\",\"url\":\"https:\\\/\\\/delorenzoglobal.com\\\/wp-content\\\/uploads\\\/2024\\\/04\\\/DL-SMART-ROB.png\",\"contentUrl\":\"https:\\\/\\\/delorenzoglobal.com\\\/wp-content\\\/uploads\\\/2024\\\/04\\\/DL-SMART-ROB.png\",\"width\":1393,\"height\":817},{\"@type\":\"BreadcrumbList\",\"@id\":\"https:\\\/\\\/delorenzoglobal.com\\\/es\\\/producto\\\/curso-de-robotica\\\/#breadcrumb\",\"itemListElement\":[{\"@type\":\"ListItem\",\"position\":1,\"name\":\"Home\",\"item\":\"https:\\\/\\\/delorenzoglobal.com\\\/es\\\/\"},{\"@type\":\"ListItem\",\"position\":2,\"name\":\"Tienda\",\"item\":\"https:\\\/\\\/delorenzoglobal.com\\\/es\\\/tienda\\\/\"},{\"@type\":\"ListItem\",\"position\":3,\"name\":\"CURSO DE ROB\u00d3TICA\"}]},{\"@type\":\"WebSite\",\"@id\":\"https:\\\/\\\/delorenzoglobal.com\\\/es\\\/#website\",\"url\":\"https:\\\/\\\/delorenzoglobal.com\\\/es\\\/\",\"name\":\"De Lorenzo Training &amp; Didactical Equipment\",\"description\":\"\",\"potentialAction\":[{\"@type\":\"SearchAction\",\"target\":{\"@type\":\"EntryPoint\",\"urlTemplate\":\"https:\\\/\\\/delorenzoglobal.com\\\/es\\\/?s={search_term_string}\"},\"query-input\":{\"@type\":\"PropertyValueSpecification\",\"valueRequired\":true,\"valueName\":\"search_term_string\"}}],\"inLanguage\":\"es\"}]}<\/script>\n<!-- \/ Yoast SEO plugin. -->","yoast_head_json":{"title":"CURSO DE ROB\u00d3TICA - De Lorenzo Training &amp; Didactical Equipment","robots":{"index":"index","follow":"follow","max-snippet":"max-snippet:-1","max-image-preview":"max-image-preview:large","max-video-preview":"max-video-preview:-1"},"canonical":"https:\/\/delorenzoglobal.com\/es\/producto\/curso-de-robotica\/","og_locale":"es_ES","og_type":"article","og_title":"CURSO DE ROB\u00d3TICA - De Lorenzo Training &amp; Didactical Equipment","og_description":"El DL SMART-ROB es un software que ha sido desarrollado para ense\u00f1ar rob\u00f3tica con PLC de una manera \u00fanica y efectiva. Con este software, los estudiantes pueden mejorar su experiencia individual en el estudio de la rob\u00f3tica industrial en la pr\u00e1ctica. Los profesores pueden explorar este entrenador para proporcionar experimentos a los estudiantes con los [&hellip;]","og_url":"https:\/\/delorenzoglobal.com\/es\/producto\/curso-de-robotica\/","og_site_name":"De Lorenzo Training &amp; Didactical Equipment","article_modified_time":"2025-01-24T10:44:35+00:00","og_image":[{"width":1393,"height":817,"url":"https:\/\/delorenzoglobal.com\/wp-content\/uploads\/2024\/04\/DL-SMART-ROB.png","type":"image\/png"}],"twitter_card":"summary_large_image","twitter_misc":{"Tiempo de lectura":"1 minuto"},"schema":{"@context":"https:\/\/schema.org","@graph":[{"@type":"WebPage","@id":"https:\/\/delorenzoglobal.com\/es\/producto\/curso-de-robotica\/","url":"https:\/\/delorenzoglobal.com\/es\/producto\/curso-de-robotica\/","name":"CURSO DE ROB\u00d3TICA - De Lorenzo Training &amp; Didactical Equipment","isPartOf":{"@id":"https:\/\/delorenzoglobal.com\/es\/#website"},"primaryImageOfPage":{"@id":"https:\/\/delorenzoglobal.com\/es\/producto\/curso-de-robotica\/#primaryimage"},"image":{"@id":"https:\/\/delorenzoglobal.com\/es\/producto\/curso-de-robotica\/#primaryimage"},"thumbnailUrl":"https:\/\/delorenzoglobal.com\/wp-content\/uploads\/2024\/04\/DL-SMART-ROB.png","datePublished":"2024-04-22T07:46:21+00:00","dateModified":"2025-01-24T10:44:35+00:00","breadcrumb":{"@id":"https:\/\/delorenzoglobal.com\/es\/producto\/curso-de-robotica\/#breadcrumb"},"inLanguage":"es","potentialAction":[{"@type":"ReadAction","target":["https:\/\/delorenzoglobal.com\/es\/producto\/curso-de-robotica\/"]}]},{"@type":"ImageObject","inLanguage":"es","@id":"https:\/\/delorenzoglobal.com\/es\/producto\/curso-de-robotica\/#primaryimage","url":"https:\/\/delorenzoglobal.com\/wp-content\/uploads\/2024\/04\/DL-SMART-ROB.png","contentUrl":"https:\/\/delorenzoglobal.com\/wp-content\/uploads\/2024\/04\/DL-SMART-ROB.png","width":1393,"height":817},{"@type":"BreadcrumbList","@id":"https:\/\/delorenzoglobal.com\/es\/producto\/curso-de-robotica\/#breadcrumb","itemListElement":[{"@type":"ListItem","position":1,"name":"Home","item":"https:\/\/delorenzoglobal.com\/es\/"},{"@type":"ListItem","position":2,"name":"Tienda","item":"https:\/\/delorenzoglobal.com\/es\/tienda\/"},{"@type":"ListItem","position":3,"name":"CURSO DE ROB\u00d3TICA"}]},{"@type":"WebSite","@id":"https:\/\/delorenzoglobal.com\/es\/#website","url":"https:\/\/delorenzoglobal.com\/es\/","name":"De Lorenzo Training &amp; Didactical Equipment","description":"","potentialAction":[{"@type":"SearchAction","target":{"@type":"EntryPoint","urlTemplate":"https:\/\/delorenzoglobal.com\/es\/?s={search_term_string}"},"query-input":{"@type":"PropertyValueSpecification","valueRequired":true,"valueName":"search_term_string"}}],"inLanguage":"es"}]}},"_links":{"self":[{"href":"https:\/\/delorenzoglobal.com\/es\/wp-json\/wp\/v2\/product\/13024","targetHints":{"allow":["GET"]}}],"collection":[{"href":"https:\/\/delorenzoglobal.com\/es\/wp-json\/wp\/v2\/product"}],"about":[{"href":"https:\/\/delorenzoglobal.com\/es\/wp-json\/wp\/v2\/types\/product"}],"wp:featuredmedia":[{"embeddable":true,"href":"https:\/\/delorenzoglobal.com\/es\/wp-json\/wp\/v2\/media\/13016"}],"wp:attachment":[{"href":"https:\/\/delorenzoglobal.com\/es\/wp-json\/wp\/v2\/media?parent=13024"}],"wp:term":[{"taxonomy":"product_brand","embeddable":true,"href":"https:\/\/delorenzoglobal.com\/es\/wp-json\/wp\/v2\/product_brand?post=13024"},{"taxonomy":"product_cat","embeddable":true,"href":"https:\/\/delorenzoglobal.com\/es\/wp-json\/wp\/v2\/product_cat?post=13024"},{"taxonomy":"product_tag","embeddable":true,"href":"https:\/\/delorenzoglobal.com\/es\/wp-json\/wp\/v2\/product_tag?post=13024"}],"curies":[{"name":"wp","href":"https:\/\/api.w.org\/{rel}","templated":true}]}}