{"id":12905,"date":"2024-04-22T09:10:12","date_gmt":"2024-04-22T07:10:12","guid":{"rendered":"https:\/\/delorenzoglobal.com\/?post_type=product&#038;p=12905"},"modified":"2025-01-24T10:17:04","modified_gmt":"2025-01-24T09:17:04","slug":"curso-de-sistemas-de-control-dinamico","status":"publish","type":"product","link":"https:\/\/delorenzoglobal.com\/es\/producto\/curso-de-sistemas-de-control-dinamico\/","title":{"rendered":"CURSO DE SISTEMAS DE CONTROL DIN\u00c1MICO"},"content":{"rendered":"<p>El DL SMART\u2014DCS es un software que ha sido desarrollado para ense\u00f1ar el control din\u00e1mico con PLC de una manera \u00fanica y eficaz.<\/p>\n<p>Con este software, los estudiantes pueden mejorar su experiencia individual en el estudio de sistemas de control en la pr\u00e1ctica Los estudiantes podr\u00e1n llevar a cabo varios experimentos sobre los siguientes temas<\/p>\n<ul>\n<li>Sistemas de control: Introducci\u00f3n, ejemplos, diagramas de bloques, sistemas de lazo abierto y cerrado;<\/li>\n<li>Principios de control: modelado matem\u00e1tico de sistemas din\u00e1micos, linealidad, funci\u00f3n de transferencia, diagramas de bloques, respuesta de frecuencia, estabilidad, simulaci\u00f3n computacional;<\/li>\n<li>Enfoques de control: enfoques cl\u00e1sicos, \u00f3ptimos, difusos, otros;<\/li>\n<li>Control ON-OFF y PID (P, PI, D, PID): Dise\u00f1o y puesta a punto por m\u00e9todos anal\u00edticos y experimentales, y estudio de las acciones de control P, D e I;<\/li>\n<li>An\u00e1lisis de sistemas de primer, segundo y tercer orden en estado transitorio y estacionario.<\/li>\n<\/ul>\n","protected":false},"excerpt":{"rendered":"<p>El DL SMART\u2014DCS es un software que ha sido desarrollado para ense\u00f1ar el control din\u00e1mico con PLC de una manera \u00fanica y eficaz. Con este software, los estudiantes pueden mejorar su experiencia individual en el estudio de sistemas de control en la pr\u00e1ctica Los estudiantes podr\u00e1n llevar a cabo varios experimentos sobre los siguientes temas [&hellip;]<\/p>\n","protected":false},"featured_media":12890,"template":"","meta":{"_acf_changed":false},"product_brand":[],"product_cat":[3103,423],"product_tag":[],"class_list":{"0":"post-12905","1":"product","2":"type-product","3":"status-publish","4":"has-post-thumbnail","6":"product_cat-software-y-e-learning-es","7":"product_cat-software-y-e-learning","9":"first","10":"instock","11":"shipping-taxable","12":"product-type-simple"},"acf":[],"yoast_head":"<!-- This site is optimized with the Yoast SEO plugin v27.4 - https:\/\/yoast.com\/product\/yoast-seo-wordpress\/ -->\n<title>CURSO DE SISTEMAS DE CONTROL DIN\u00c1MICO - De Lorenzo Training &amp; Didactical Equipment<\/title>\n<meta name=\"robots\" content=\"index, follow, max-snippet:-1, max-image-preview:large, max-video-preview:-1\" \/>\n<link rel=\"canonical\" href=\"https:\/\/delorenzoglobal.com\/es\/producto\/curso-de-sistemas-de-control-dinamico\/\" \/>\n<meta property=\"og:locale\" content=\"es_ES\" \/>\n<meta property=\"og:type\" content=\"article\" \/>\n<meta property=\"og:title\" content=\"CURSO DE SISTEMAS DE CONTROL DIN\u00c1MICO - De Lorenzo Training &amp; Didactical Equipment\" \/>\n<meta property=\"og:description\" content=\"El DL SMART\u2014DCS es un software que ha sido desarrollado para ense\u00f1ar el control din\u00e1mico con PLC de una manera \u00fanica y eficaz. Con este software, los estudiantes pueden mejorar su experiencia individual en el estudio de sistemas de control en la pr\u00e1ctica Los estudiantes podr\u00e1n llevar a cabo varios experimentos sobre los siguientes temas [&hellip;]\" \/>\n<meta property=\"og:url\" content=\"https:\/\/delorenzoglobal.com\/es\/producto\/curso-de-sistemas-de-control-dinamico\/\" \/>\n<meta property=\"og:site_name\" content=\"De Lorenzo Training &amp; Didactical Equipment\" \/>\n<meta property=\"article:modified_time\" content=\"2025-01-24T09:17:04+00:00\" \/>\n<meta property=\"og:image\" content=\"https:\/\/delorenzoglobal.com\/wp-content\/uploads\/2024\/04\/DL-SMART-DCS.png\" \/>\n\t<meta property=\"og:image:width\" content=\"1393\" \/>\n\t<meta property=\"og:image:height\" content=\"817\" \/>\n\t<meta property=\"og:image:type\" content=\"image\/png\" \/>\n<meta name=\"twitter:card\" content=\"summary_large_image\" \/>\n<meta name=\"twitter:label1\" content=\"Tiempo de lectura\" \/>\n\t<meta name=\"twitter:data1\" content=\"1 minuto\" \/>\n<script type=\"application\/ld+json\" class=\"yoast-schema-graph\">{\"@context\":\"https:\\\/\\\/schema.org\",\"@graph\":[{\"@type\":\"WebPage\",\"@id\":\"https:\\\/\\\/delorenzoglobal.com\\\/es\\\/producto\\\/curso-de-sistemas-de-control-dinamico\\\/\",\"url\":\"https:\\\/\\\/delorenzoglobal.com\\\/es\\\/producto\\\/curso-de-sistemas-de-control-dinamico\\\/\",\"name\":\"CURSO DE SISTEMAS DE CONTROL DIN\u00c1MICO - De Lorenzo Training &amp; Didactical Equipment\",\"isPartOf\":{\"@id\":\"https:\\\/\\\/delorenzoglobal.com\\\/es\\\/#website\"},\"primaryImageOfPage\":{\"@id\":\"https:\\\/\\\/delorenzoglobal.com\\\/es\\\/producto\\\/curso-de-sistemas-de-control-dinamico\\\/#primaryimage\"},\"image\":{\"@id\":\"https:\\\/\\\/delorenzoglobal.com\\\/es\\\/producto\\\/curso-de-sistemas-de-control-dinamico\\\/#primaryimage\"},\"thumbnailUrl\":\"https:\\\/\\\/delorenzoglobal.com\\\/wp-content\\\/uploads\\\/2024\\\/04\\\/DL-SMART-DCS.png\",\"datePublished\":\"2024-04-22T07:10:12+00:00\",\"dateModified\":\"2025-01-24T09:17:04+00:00\",\"breadcrumb\":{\"@id\":\"https:\\\/\\\/delorenzoglobal.com\\\/es\\\/producto\\\/curso-de-sistemas-de-control-dinamico\\\/#breadcrumb\"},\"inLanguage\":\"es\",\"potentialAction\":[{\"@type\":\"ReadAction\",\"target\":[\"https:\\\/\\\/delorenzoglobal.com\\\/es\\\/producto\\\/curso-de-sistemas-de-control-dinamico\\\/\"]}]},{\"@type\":\"ImageObject\",\"inLanguage\":\"es\",\"@id\":\"https:\\\/\\\/delorenzoglobal.com\\\/es\\\/producto\\\/curso-de-sistemas-de-control-dinamico\\\/#primaryimage\",\"url\":\"https:\\\/\\\/delorenzoglobal.com\\\/wp-content\\\/uploads\\\/2024\\\/04\\\/DL-SMART-DCS.png\",\"contentUrl\":\"https:\\\/\\\/delorenzoglobal.com\\\/wp-content\\\/uploads\\\/2024\\\/04\\\/DL-SMART-DCS.png\",\"width\":1393,\"height\":817},{\"@type\":\"BreadcrumbList\",\"@id\":\"https:\\\/\\\/delorenzoglobal.com\\\/es\\\/producto\\\/curso-de-sistemas-de-control-dinamico\\\/#breadcrumb\",\"itemListElement\":[{\"@type\":\"ListItem\",\"position\":1,\"name\":\"Home\",\"item\":\"https:\\\/\\\/delorenzoglobal.com\\\/es\\\/\"},{\"@type\":\"ListItem\",\"position\":2,\"name\":\"Tienda\",\"item\":\"https:\\\/\\\/delorenzoglobal.com\\\/es\\\/tienda\\\/\"},{\"@type\":\"ListItem\",\"position\":3,\"name\":\"CURSO DE SISTEMAS DE CONTROL DIN\u00c1MICO\"}]},{\"@type\":\"WebSite\",\"@id\":\"https:\\\/\\\/delorenzoglobal.com\\\/es\\\/#website\",\"url\":\"https:\\\/\\\/delorenzoglobal.com\\\/es\\\/\",\"name\":\"De Lorenzo Training &amp; Didactical Equipment\",\"description\":\"\",\"potentialAction\":[{\"@type\":\"SearchAction\",\"target\":{\"@type\":\"EntryPoint\",\"urlTemplate\":\"https:\\\/\\\/delorenzoglobal.com\\\/es\\\/?s={search_term_string}\"},\"query-input\":{\"@type\":\"PropertyValueSpecification\",\"valueRequired\":true,\"valueName\":\"search_term_string\"}}],\"inLanguage\":\"es\"}]}<\/script>\n<!-- \/ Yoast SEO plugin. -->","yoast_head_json":{"title":"CURSO DE SISTEMAS DE CONTROL DIN\u00c1MICO - De Lorenzo Training &amp; Didactical Equipment","robots":{"index":"index","follow":"follow","max-snippet":"max-snippet:-1","max-image-preview":"max-image-preview:large","max-video-preview":"max-video-preview:-1"},"canonical":"https:\/\/delorenzoglobal.com\/es\/producto\/curso-de-sistemas-de-control-dinamico\/","og_locale":"es_ES","og_type":"article","og_title":"CURSO DE SISTEMAS DE CONTROL DIN\u00c1MICO - De Lorenzo Training &amp; Didactical Equipment","og_description":"El DL SMART\u2014DCS es un software que ha sido desarrollado para ense\u00f1ar el control din\u00e1mico con PLC de una manera \u00fanica y eficaz. Con este software, los estudiantes pueden mejorar su experiencia individual en el estudio de sistemas de control en la pr\u00e1ctica Los estudiantes podr\u00e1n llevar a cabo varios experimentos sobre los siguientes temas [&hellip;]","og_url":"https:\/\/delorenzoglobal.com\/es\/producto\/curso-de-sistemas-de-control-dinamico\/","og_site_name":"De Lorenzo Training &amp; Didactical Equipment","article_modified_time":"2025-01-24T09:17:04+00:00","og_image":[{"width":1393,"height":817,"url":"https:\/\/delorenzoglobal.com\/wp-content\/uploads\/2024\/04\/DL-SMART-DCS.png","type":"image\/png"}],"twitter_card":"summary_large_image","twitter_misc":{"Tiempo de lectura":"1 minuto"},"schema":{"@context":"https:\/\/schema.org","@graph":[{"@type":"WebPage","@id":"https:\/\/delorenzoglobal.com\/es\/producto\/curso-de-sistemas-de-control-dinamico\/","url":"https:\/\/delorenzoglobal.com\/es\/producto\/curso-de-sistemas-de-control-dinamico\/","name":"CURSO DE SISTEMAS DE CONTROL DIN\u00c1MICO - De Lorenzo Training &amp; Didactical Equipment","isPartOf":{"@id":"https:\/\/delorenzoglobal.com\/es\/#website"},"primaryImageOfPage":{"@id":"https:\/\/delorenzoglobal.com\/es\/producto\/curso-de-sistemas-de-control-dinamico\/#primaryimage"},"image":{"@id":"https:\/\/delorenzoglobal.com\/es\/producto\/curso-de-sistemas-de-control-dinamico\/#primaryimage"},"thumbnailUrl":"https:\/\/delorenzoglobal.com\/wp-content\/uploads\/2024\/04\/DL-SMART-DCS.png","datePublished":"2024-04-22T07:10:12+00:00","dateModified":"2025-01-24T09:17:04+00:00","breadcrumb":{"@id":"https:\/\/delorenzoglobal.com\/es\/producto\/curso-de-sistemas-de-control-dinamico\/#breadcrumb"},"inLanguage":"es","potentialAction":[{"@type":"ReadAction","target":["https:\/\/delorenzoglobal.com\/es\/producto\/curso-de-sistemas-de-control-dinamico\/"]}]},{"@type":"ImageObject","inLanguage":"es","@id":"https:\/\/delorenzoglobal.com\/es\/producto\/curso-de-sistemas-de-control-dinamico\/#primaryimage","url":"https:\/\/delorenzoglobal.com\/wp-content\/uploads\/2024\/04\/DL-SMART-DCS.png","contentUrl":"https:\/\/delorenzoglobal.com\/wp-content\/uploads\/2024\/04\/DL-SMART-DCS.png","width":1393,"height":817},{"@type":"BreadcrumbList","@id":"https:\/\/delorenzoglobal.com\/es\/producto\/curso-de-sistemas-de-control-dinamico\/#breadcrumb","itemListElement":[{"@type":"ListItem","position":1,"name":"Home","item":"https:\/\/delorenzoglobal.com\/es\/"},{"@type":"ListItem","position":2,"name":"Tienda","item":"https:\/\/delorenzoglobal.com\/es\/tienda\/"},{"@type":"ListItem","position":3,"name":"CURSO DE SISTEMAS DE CONTROL DIN\u00c1MICO"}]},{"@type":"WebSite","@id":"https:\/\/delorenzoglobal.com\/es\/#website","url":"https:\/\/delorenzoglobal.com\/es\/","name":"De Lorenzo Training &amp; Didactical Equipment","description":"","potentialAction":[{"@type":"SearchAction","target":{"@type":"EntryPoint","urlTemplate":"https:\/\/delorenzoglobal.com\/es\/?s={search_term_string}"},"query-input":{"@type":"PropertyValueSpecification","valueRequired":true,"valueName":"search_term_string"}}],"inLanguage":"es"}]}},"_links":{"self":[{"href":"https:\/\/delorenzoglobal.com\/es\/wp-json\/wp\/v2\/product\/12905","targetHints":{"allow":["GET"]}}],"collection":[{"href":"https:\/\/delorenzoglobal.com\/es\/wp-json\/wp\/v2\/product"}],"about":[{"href":"https:\/\/delorenzoglobal.com\/es\/wp-json\/wp\/v2\/types\/product"}],"wp:featuredmedia":[{"embeddable":true,"href":"https:\/\/delorenzoglobal.com\/es\/wp-json\/wp\/v2\/media\/12890"}],"wp:attachment":[{"href":"https:\/\/delorenzoglobal.com\/es\/wp-json\/wp\/v2\/media?parent=12905"}],"wp:term":[{"taxonomy":"product_brand","embeddable":true,"href":"https:\/\/delorenzoglobal.com\/es\/wp-json\/wp\/v2\/product_brand?post=12905"},{"taxonomy":"product_cat","embeddable":true,"href":"https:\/\/delorenzoglobal.com\/es\/wp-json\/wp\/v2\/product_cat?post=12905"},{"taxonomy":"product_tag","embeddable":true,"href":"https:\/\/delorenzoglobal.com\/es\/wp-json\/wp\/v2\/product_tag?post=12905"}],"curies":[{"name":"wp","href":"https:\/\/api.w.org\/{rel}","templated":true}]}}