{"id":12711,"date":"2024-04-22T08:37:28","date_gmt":"2024-04-22T06:37:28","guid":{"rendered":"https:\/\/delorenzoglobal.com\/?post_type=product&#038;p=12711"},"modified":"2025-01-23T16:33:25","modified_gmt":"2025-01-23T15:33:25","slug":"diseno-y-automatizacion-de-fabrica","status":"publish","type":"product","link":"https:\/\/delorenzoglobal.com\/es\/producto\/diseno-y-automatizacion-de-fabrica\/","title":{"rendered":"DISE\u00d1O Y AUTOMATIZACI\u00d3N DE F\u00c1BRICA"},"content":{"rendered":"<p>El DL FACTORY BUILDER es un software desarrollado para ense\u00f1ar dise\u00f1o de f\u00e1bricas, automatizaci\u00f3n industrial y programaci\u00f3n de PLC de una manera \u00fanica y efectiva.<\/p>\n<p>Con este software, los estudiantes pueden mejorar su experiencia individual en el estudio de la automatizaci\u00f3n industrial en la pr\u00e1ctica.<\/p>\n<p>Los estudiantes podr\u00e1n desarrollar varios proyectos sobre los siguientes temas:<\/p>\n<ul>\n<li>Dise\u00f1o e implementaci\u00f3n de l\u00edneas de producci\u00f3n, incluyendo equipos, sensores, actuadores, sistemas transportadores, etc.;<\/li>\n<li>Desarrollar proyectos de PLC para equipos de l\u00ednea de \u00a0producci\u00f3n.<\/li>\n<li>Desarrollar proyectos de PLC para la gesti\u00f3n del flujo de materiales.<\/li>\n<li>Estudiar conceptos b\u00e1sicos de automatizaci\u00f3n, PLC, sensores y actuadores;<\/li>\n<li>Estudiar estrategias de automatizaci\u00f3n, como m\u00e1quinas de estado, interbloqueos, estrategias de control y control avanzado;<\/li>\n<li>Estudiar rob\u00f3tica;<\/li>\n<li>Estudiar programaci\u00f3n de PLC b\u00e1sica y avanzada.<\/li>\n<\/ul>\n","protected":false},"excerpt":{"rendered":"<p>El DL FACTORY BUILDER es un software desarrollado para ense\u00f1ar dise\u00f1o de f\u00e1bricas, automatizaci\u00f3n industrial y programaci\u00f3n de PLC de una manera \u00fanica y efectiva. Con este software, los estudiantes pueden mejorar su experiencia individual en el estudio de la automatizaci\u00f3n industrial en la pr\u00e1ctica. Los estudiantes podr\u00e1n desarrollar varios proyectos sobre los siguientes temas: [&hellip;]<\/p>\n","protected":false},"featured_media":12688,"template":"","meta":{"_acf_changed":false},"product_brand":[],"product_cat":[3103],"product_tag":[],"class_list":{"0":"post-12711","1":"product","2":"type-product","3":"status-publish","4":"has-post-thumbnail","6":"product_cat-software-y-e-learning-es","8":"first","9":"instock","10":"shipping-taxable","11":"product-type-simple"},"acf":[],"yoast_head":"<!-- This site is optimized with the Yoast SEO plugin v27.4 - https:\/\/yoast.com\/product\/yoast-seo-wordpress\/ -->\n<title>DISE\u00d1O Y AUTOMATIZACI\u00d3N DE F\u00c1BRICA - De Lorenzo Training &amp; Didactical Equipment<\/title>\n<meta name=\"robots\" content=\"index, follow, max-snippet:-1, max-image-preview:large, max-video-preview:-1\" \/>\n<link rel=\"canonical\" href=\"https:\/\/delorenzoglobal.com\/es\/producto\/diseno-y-automatizacion-de-fabrica\/\" \/>\n<meta property=\"og:locale\" content=\"es_ES\" \/>\n<meta property=\"og:type\" content=\"article\" \/>\n<meta property=\"og:title\" content=\"DISE\u00d1O Y AUTOMATIZACI\u00d3N DE F\u00c1BRICA - De Lorenzo Training &amp; Didactical Equipment\" \/>\n<meta property=\"og:description\" content=\"El DL FACTORY BUILDER es un software desarrollado para ense\u00f1ar dise\u00f1o de f\u00e1bricas, automatizaci\u00f3n industrial y programaci\u00f3n de PLC de una manera \u00fanica y efectiva. Con este software, los estudiantes pueden mejorar su experiencia individual en el estudio de la automatizaci\u00f3n industrial en la pr\u00e1ctica. Los estudiantes podr\u00e1n desarrollar varios proyectos sobre los siguientes temas: [&hellip;]\" \/>\n<meta property=\"og:url\" content=\"https:\/\/delorenzoglobal.com\/es\/producto\/diseno-y-automatizacion-de-fabrica\/\" \/>\n<meta property=\"og:site_name\" content=\"De Lorenzo Training &amp; Didactical Equipment\" \/>\n<meta property=\"article:modified_time\" content=\"2025-01-23T15:33:25+00:00\" \/>\n<meta property=\"og:image\" content=\"https:\/\/delorenzoglobal.com\/wp-content\/uploads\/2024\/04\/DL-FACTORY-BUILDER.png\" \/>\n\t<meta property=\"og:image:width\" content=\"1393\" \/>\n\t<meta property=\"og:image:height\" content=\"817\" \/>\n\t<meta property=\"og:image:type\" content=\"image\/png\" \/>\n<meta name=\"twitter:card\" content=\"summary_large_image\" \/>\n<meta name=\"twitter:label1\" content=\"Tiempo de lectura\" \/>\n\t<meta name=\"twitter:data1\" content=\"1 minuto\" \/>\n<script type=\"application\/ld+json\" class=\"yoast-schema-graph\">{\"@context\":\"https:\\\/\\\/schema.org\",\"@graph\":[{\"@type\":\"WebPage\",\"@id\":\"https:\\\/\\\/delorenzoglobal.com\\\/es\\\/producto\\\/diseno-y-automatizacion-de-fabrica\\\/\",\"url\":\"https:\\\/\\\/delorenzoglobal.com\\\/es\\\/producto\\\/diseno-y-automatizacion-de-fabrica\\\/\",\"name\":\"DISE\u00d1O Y AUTOMATIZACI\u00d3N DE F\u00c1BRICA - De Lorenzo Training &amp; Didactical Equipment\",\"isPartOf\":{\"@id\":\"https:\\\/\\\/delorenzoglobal.com\\\/es\\\/#website\"},\"primaryImageOfPage\":{\"@id\":\"https:\\\/\\\/delorenzoglobal.com\\\/es\\\/producto\\\/diseno-y-automatizacion-de-fabrica\\\/#primaryimage\"},\"image\":{\"@id\":\"https:\\\/\\\/delorenzoglobal.com\\\/es\\\/producto\\\/diseno-y-automatizacion-de-fabrica\\\/#primaryimage\"},\"thumbnailUrl\":\"https:\\\/\\\/delorenzoglobal.com\\\/wp-content\\\/uploads\\\/2024\\\/04\\\/DL-FACTORY-BUILDER.png\",\"datePublished\":\"2024-04-22T06:37:28+00:00\",\"dateModified\":\"2025-01-23T15:33:25+00:00\",\"breadcrumb\":{\"@id\":\"https:\\\/\\\/delorenzoglobal.com\\\/es\\\/producto\\\/diseno-y-automatizacion-de-fabrica\\\/#breadcrumb\"},\"inLanguage\":\"es\",\"potentialAction\":[{\"@type\":\"ReadAction\",\"target\":[\"https:\\\/\\\/delorenzoglobal.com\\\/es\\\/producto\\\/diseno-y-automatizacion-de-fabrica\\\/\"]}]},{\"@type\":\"ImageObject\",\"inLanguage\":\"es\",\"@id\":\"https:\\\/\\\/delorenzoglobal.com\\\/es\\\/producto\\\/diseno-y-automatizacion-de-fabrica\\\/#primaryimage\",\"url\":\"https:\\\/\\\/delorenzoglobal.com\\\/wp-content\\\/uploads\\\/2024\\\/04\\\/DL-FACTORY-BUILDER.png\",\"contentUrl\":\"https:\\\/\\\/delorenzoglobal.com\\\/wp-content\\\/uploads\\\/2024\\\/04\\\/DL-FACTORY-BUILDER.png\",\"width\":1393,\"height\":817},{\"@type\":\"BreadcrumbList\",\"@id\":\"https:\\\/\\\/delorenzoglobal.com\\\/es\\\/producto\\\/diseno-y-automatizacion-de-fabrica\\\/#breadcrumb\",\"itemListElement\":[{\"@type\":\"ListItem\",\"position\":1,\"name\":\"Home\",\"item\":\"https:\\\/\\\/delorenzoglobal.com\\\/es\\\/\"},{\"@type\":\"ListItem\",\"position\":2,\"name\":\"Tienda\",\"item\":\"https:\\\/\\\/delorenzoglobal.com\\\/es\\\/tienda\\\/\"},{\"@type\":\"ListItem\",\"position\":3,\"name\":\"DISE\u00d1O Y AUTOMATIZACI\u00d3N DE F\u00c1BRICA\"}]},{\"@type\":\"WebSite\",\"@id\":\"https:\\\/\\\/delorenzoglobal.com\\\/es\\\/#website\",\"url\":\"https:\\\/\\\/delorenzoglobal.com\\\/es\\\/\",\"name\":\"De Lorenzo Training &amp; Didactical Equipment\",\"description\":\"\",\"potentialAction\":[{\"@type\":\"SearchAction\",\"target\":{\"@type\":\"EntryPoint\",\"urlTemplate\":\"https:\\\/\\\/delorenzoglobal.com\\\/es\\\/?s={search_term_string}\"},\"query-input\":{\"@type\":\"PropertyValueSpecification\",\"valueRequired\":true,\"valueName\":\"search_term_string\"}}],\"inLanguage\":\"es\"}]}<\/script>\n<!-- \/ Yoast SEO plugin. -->","yoast_head_json":{"title":"DISE\u00d1O Y AUTOMATIZACI\u00d3N DE F\u00c1BRICA - De Lorenzo Training &amp; Didactical Equipment","robots":{"index":"index","follow":"follow","max-snippet":"max-snippet:-1","max-image-preview":"max-image-preview:large","max-video-preview":"max-video-preview:-1"},"canonical":"https:\/\/delorenzoglobal.com\/es\/producto\/diseno-y-automatizacion-de-fabrica\/","og_locale":"es_ES","og_type":"article","og_title":"DISE\u00d1O Y AUTOMATIZACI\u00d3N DE F\u00c1BRICA - De Lorenzo Training &amp; Didactical Equipment","og_description":"El DL FACTORY BUILDER es un software desarrollado para ense\u00f1ar dise\u00f1o de f\u00e1bricas, automatizaci\u00f3n industrial y programaci\u00f3n de PLC de una manera \u00fanica y efectiva. Con este software, los estudiantes pueden mejorar su experiencia individual en el estudio de la automatizaci\u00f3n industrial en la pr\u00e1ctica. Los estudiantes podr\u00e1n desarrollar varios proyectos sobre los siguientes temas: [&hellip;]","og_url":"https:\/\/delorenzoglobal.com\/es\/producto\/diseno-y-automatizacion-de-fabrica\/","og_site_name":"De Lorenzo Training &amp; Didactical Equipment","article_modified_time":"2025-01-23T15:33:25+00:00","og_image":[{"width":1393,"height":817,"url":"https:\/\/delorenzoglobal.com\/wp-content\/uploads\/2024\/04\/DL-FACTORY-BUILDER.png","type":"image\/png"}],"twitter_card":"summary_large_image","twitter_misc":{"Tiempo de lectura":"1 minuto"},"schema":{"@context":"https:\/\/schema.org","@graph":[{"@type":"WebPage","@id":"https:\/\/delorenzoglobal.com\/es\/producto\/diseno-y-automatizacion-de-fabrica\/","url":"https:\/\/delorenzoglobal.com\/es\/producto\/diseno-y-automatizacion-de-fabrica\/","name":"DISE\u00d1O Y AUTOMATIZACI\u00d3N DE F\u00c1BRICA - De Lorenzo Training &amp; Didactical Equipment","isPartOf":{"@id":"https:\/\/delorenzoglobal.com\/es\/#website"},"primaryImageOfPage":{"@id":"https:\/\/delorenzoglobal.com\/es\/producto\/diseno-y-automatizacion-de-fabrica\/#primaryimage"},"image":{"@id":"https:\/\/delorenzoglobal.com\/es\/producto\/diseno-y-automatizacion-de-fabrica\/#primaryimage"},"thumbnailUrl":"https:\/\/delorenzoglobal.com\/wp-content\/uploads\/2024\/04\/DL-FACTORY-BUILDER.png","datePublished":"2024-04-22T06:37:28+00:00","dateModified":"2025-01-23T15:33:25+00:00","breadcrumb":{"@id":"https:\/\/delorenzoglobal.com\/es\/producto\/diseno-y-automatizacion-de-fabrica\/#breadcrumb"},"inLanguage":"es","potentialAction":[{"@type":"ReadAction","target":["https:\/\/delorenzoglobal.com\/es\/producto\/diseno-y-automatizacion-de-fabrica\/"]}]},{"@type":"ImageObject","inLanguage":"es","@id":"https:\/\/delorenzoglobal.com\/es\/producto\/diseno-y-automatizacion-de-fabrica\/#primaryimage","url":"https:\/\/delorenzoglobal.com\/wp-content\/uploads\/2024\/04\/DL-FACTORY-BUILDER.png","contentUrl":"https:\/\/delorenzoglobal.com\/wp-content\/uploads\/2024\/04\/DL-FACTORY-BUILDER.png","width":1393,"height":817},{"@type":"BreadcrumbList","@id":"https:\/\/delorenzoglobal.com\/es\/producto\/diseno-y-automatizacion-de-fabrica\/#breadcrumb","itemListElement":[{"@type":"ListItem","position":1,"name":"Home","item":"https:\/\/delorenzoglobal.com\/es\/"},{"@type":"ListItem","position":2,"name":"Tienda","item":"https:\/\/delorenzoglobal.com\/es\/tienda\/"},{"@type":"ListItem","position":3,"name":"DISE\u00d1O Y AUTOMATIZACI\u00d3N DE F\u00c1BRICA"}]},{"@type":"WebSite","@id":"https:\/\/delorenzoglobal.com\/es\/#website","url":"https:\/\/delorenzoglobal.com\/es\/","name":"De Lorenzo Training &amp; Didactical Equipment","description":"","potentialAction":[{"@type":"SearchAction","target":{"@type":"EntryPoint","urlTemplate":"https:\/\/delorenzoglobal.com\/es\/?s={search_term_string}"},"query-input":{"@type":"PropertyValueSpecification","valueRequired":true,"valueName":"search_term_string"}}],"inLanguage":"es"}]}},"_links":{"self":[{"href":"https:\/\/delorenzoglobal.com\/es\/wp-json\/wp\/v2\/product\/12711","targetHints":{"allow":["GET"]}}],"collection":[{"href":"https:\/\/delorenzoglobal.com\/es\/wp-json\/wp\/v2\/product"}],"about":[{"href":"https:\/\/delorenzoglobal.com\/es\/wp-json\/wp\/v2\/types\/product"}],"wp:featuredmedia":[{"embeddable":true,"href":"https:\/\/delorenzoglobal.com\/es\/wp-json\/wp\/v2\/media\/12688"}],"wp:attachment":[{"href":"https:\/\/delorenzoglobal.com\/es\/wp-json\/wp\/v2\/media?parent=12711"}],"wp:term":[{"taxonomy":"product_brand","embeddable":true,"href":"https:\/\/delorenzoglobal.com\/es\/wp-json\/wp\/v2\/product_brand?post=12711"},{"taxonomy":"product_cat","embeddable":true,"href":"https:\/\/delorenzoglobal.com\/es\/wp-json\/wp\/v2\/product_cat?post=12711"},{"taxonomy":"product_tag","embeddable":true,"href":"https:\/\/delorenzoglobal.com\/es\/wp-json\/wp\/v2\/product_tag?post=12711"}],"curies":[{"name":"wp","href":"https:\/\/api.w.org\/{rel}","templated":true}]}}