{"id":12525,"date":"2024-04-19T16:31:46","date_gmt":"2024-04-19T14:31:46","guid":{"rendered":"https:\/\/delorenzoglobal.com\/?post_type=product&#038;p=12525"},"modified":"2025-01-23T12:17:07","modified_gmt":"2025-01-23T11:17:07","slug":"invernadero-didactico-de-dos-naves-dl-greenhouse","status":"publish","type":"product","link":"https:\/\/delorenzoglobal.com\/es\/producto\/invernadero-didactico-de-dos-naves-dl-greenhouse\/","title":{"rendered":"INVERNADERO DID\u00c1CTICO DE DOS NAVES"},"content":{"rendered":"<p>Con el aumento de la poblaci\u00f3n mundial, el abastecimiento de alimentos org\u00e1nicos frescos de alta calidad depende cada vez m\u00e1s de nuevos m\u00e9todos de cultivo eficientes.<\/p>\n<p>Ser\u00e1 de vital importancia cultivar en una alta densidad, de manera ecol\u00f3gicamente ben\u00e9fica y cercana al consumidor.<\/p>\n<p>Esta es la raz\u00f3n por la que nuestro invernadero did\u00e1ctico cuenta con dos naves, una equipada con mesas de cultivo tradicionales y la otra con un sistema hidrop\u00f3nico de columnas, un sistema que proporciona espacios de cultivo para verduras, hierbas y flores de una manera muy densa utilizando un sistema de circulaci\u00f3n continua de agua y fertilizante.<\/p>\n<p>Adem\u00e1s, hay una sala de conferencias que, en conexi\u00f3n con las naves, permite a los profesores vincular directamente la teor\u00eda con la pr\u00e1ctica.<\/p>\n","protected":false},"excerpt":{"rendered":"<p>Con el aumento de la poblaci\u00f3n mundial, el abastecimiento de alimentos org\u00e1nicos frescos de alta calidad depende cada vez m\u00e1s de nuevos m\u00e9todos de cultivo eficientes. Ser\u00e1 de vital importancia cultivar en una alta densidad, de manera ecol\u00f3gicamente ben\u00e9fica y cercana al consumidor. Esta es la raz\u00f3n por la que nuestro invernadero did\u00e1ctico cuenta con [&hellip;]<\/p>\n","protected":false},"featured_media":12533,"template":"","meta":{"_acf_changed":false},"product_brand":[],"product_cat":[420],"product_tag":[],"class_list":{"0":"post-12525","1":"product","2":"type-product","3":"status-publish","4":"has-post-thumbnail","6":"product_cat-invernaderos-didacticos","8":"first","9":"instock","10":"shipping-taxable","11":"product-type-simple"},"acf":[],"yoast_head":"<!-- This site is optimized with the Yoast SEO plugin v27.4 - https:\/\/yoast.com\/product\/yoast-seo-wordpress\/ -->\n<title>INVERNADERO DID\u00c1CTICO DE DOS NAVES - De Lorenzo Training &amp; Didactical Equipment<\/title>\n<meta name=\"robots\" content=\"index, follow, max-snippet:-1, max-image-preview:large, max-video-preview:-1\" \/>\n<link rel=\"canonical\" href=\"https:\/\/delorenzoglobal.com\/es\/producto\/invernadero-didactico-de-dos-naves-dl-greenhouse\/\" \/>\n<meta property=\"og:locale\" content=\"es_ES\" \/>\n<meta property=\"og:type\" content=\"article\" \/>\n<meta property=\"og:title\" content=\"INVERNADERO DID\u00c1CTICO DE DOS NAVES - De Lorenzo Training &amp; Didactical Equipment\" \/>\n<meta property=\"og:description\" content=\"Con el aumento de la poblaci\u00f3n mundial, el abastecimiento de alimentos org\u00e1nicos frescos de alta calidad depende cada vez m\u00e1s de nuevos m\u00e9todos de cultivo eficientes. Ser\u00e1 de vital importancia cultivar en una alta densidad, de manera ecol\u00f3gicamente ben\u00e9fica y cercana al consumidor. Esta es la raz\u00f3n por la que nuestro invernadero did\u00e1ctico cuenta con [&hellip;]\" \/>\n<meta property=\"og:url\" content=\"https:\/\/delorenzoglobal.com\/es\/producto\/invernadero-didactico-de-dos-naves-dl-greenhouse\/\" \/>\n<meta property=\"og:site_name\" content=\"De Lorenzo Training &amp; Didactical Equipment\" \/>\n<meta property=\"article:modified_time\" content=\"2025-01-23T11:17:07+00:00\" \/>\n<meta property=\"og:image\" content=\"https:\/\/delorenzoglobal.com\/wp-content\/uploads\/2024\/04\/GREENHOUSE.png\" \/>\n\t<meta property=\"og:image:width\" content=\"683\" \/>\n\t<meta property=\"og:image:height\" content=\"657\" \/>\n\t<meta property=\"og:image:type\" content=\"image\/png\" \/>\n<meta name=\"twitter:card\" content=\"summary_large_image\" \/>\n<meta name=\"twitter:label1\" content=\"Tiempo de lectura\" \/>\n\t<meta name=\"twitter:data1\" content=\"1 minuto\" \/>\n<script type=\"application\/ld+json\" class=\"yoast-schema-graph\">{\"@context\":\"https:\\\/\\\/schema.org\",\"@graph\":[{\"@type\":\"WebPage\",\"@id\":\"https:\\\/\\\/delorenzoglobal.com\\\/es\\\/producto\\\/invernadero-didactico-de-dos-naves-dl-greenhouse\\\/\",\"url\":\"https:\\\/\\\/delorenzoglobal.com\\\/es\\\/producto\\\/invernadero-didactico-de-dos-naves-dl-greenhouse\\\/\",\"name\":\"INVERNADERO DID\u00c1CTICO DE DOS NAVES - De Lorenzo Training &amp; Didactical Equipment\",\"isPartOf\":{\"@id\":\"https:\\\/\\\/delorenzoglobal.com\\\/es\\\/#website\"},\"primaryImageOfPage\":{\"@id\":\"https:\\\/\\\/delorenzoglobal.com\\\/es\\\/producto\\\/invernadero-didactico-de-dos-naves-dl-greenhouse\\\/#primaryimage\"},\"image\":{\"@id\":\"https:\\\/\\\/delorenzoglobal.com\\\/es\\\/producto\\\/invernadero-didactico-de-dos-naves-dl-greenhouse\\\/#primaryimage\"},\"thumbnailUrl\":\"https:\\\/\\\/delorenzoglobal.com\\\/wp-content\\\/uploads\\\/2024\\\/04\\\/GREENHOUSE.png\",\"datePublished\":\"2024-04-19T14:31:46+00:00\",\"dateModified\":\"2025-01-23T11:17:07+00:00\",\"breadcrumb\":{\"@id\":\"https:\\\/\\\/delorenzoglobal.com\\\/es\\\/producto\\\/invernadero-didactico-de-dos-naves-dl-greenhouse\\\/#breadcrumb\"},\"inLanguage\":\"es\",\"potentialAction\":[{\"@type\":\"ReadAction\",\"target\":[\"https:\\\/\\\/delorenzoglobal.com\\\/es\\\/producto\\\/invernadero-didactico-de-dos-naves-dl-greenhouse\\\/\"]}]},{\"@type\":\"ImageObject\",\"inLanguage\":\"es\",\"@id\":\"https:\\\/\\\/delorenzoglobal.com\\\/es\\\/producto\\\/invernadero-didactico-de-dos-naves-dl-greenhouse\\\/#primaryimage\",\"url\":\"https:\\\/\\\/delorenzoglobal.com\\\/wp-content\\\/uploads\\\/2024\\\/04\\\/GREENHOUSE.png\",\"contentUrl\":\"https:\\\/\\\/delorenzoglobal.com\\\/wp-content\\\/uploads\\\/2024\\\/04\\\/GREENHOUSE.png\",\"width\":683,\"height\":657},{\"@type\":\"BreadcrumbList\",\"@id\":\"https:\\\/\\\/delorenzoglobal.com\\\/es\\\/producto\\\/invernadero-didactico-de-dos-naves-dl-greenhouse\\\/#breadcrumb\",\"itemListElement\":[{\"@type\":\"ListItem\",\"position\":1,\"name\":\"Home\",\"item\":\"https:\\\/\\\/delorenzoglobal.com\\\/es\\\/\"},{\"@type\":\"ListItem\",\"position\":2,\"name\":\"Tienda\",\"item\":\"https:\\\/\\\/delorenzoglobal.com\\\/es\\\/tienda\\\/\"},{\"@type\":\"ListItem\",\"position\":3,\"name\":\"INVERNADERO DID\u00c1CTICO DE DOS NAVES\"}]},{\"@type\":\"WebSite\",\"@id\":\"https:\\\/\\\/delorenzoglobal.com\\\/es\\\/#website\",\"url\":\"https:\\\/\\\/delorenzoglobal.com\\\/es\\\/\",\"name\":\"De Lorenzo Training &amp; Didactical Equipment\",\"description\":\"\",\"potentialAction\":[{\"@type\":\"SearchAction\",\"target\":{\"@type\":\"EntryPoint\",\"urlTemplate\":\"https:\\\/\\\/delorenzoglobal.com\\\/es\\\/?s={search_term_string}\"},\"query-input\":{\"@type\":\"PropertyValueSpecification\",\"valueRequired\":true,\"valueName\":\"search_term_string\"}}],\"inLanguage\":\"es\"}]}<\/script>\n<!-- \/ Yoast SEO plugin. -->","yoast_head_json":{"title":"INVERNADERO DID\u00c1CTICO DE DOS NAVES - De Lorenzo Training &amp; Didactical Equipment","robots":{"index":"index","follow":"follow","max-snippet":"max-snippet:-1","max-image-preview":"max-image-preview:large","max-video-preview":"max-video-preview:-1"},"canonical":"https:\/\/delorenzoglobal.com\/es\/producto\/invernadero-didactico-de-dos-naves-dl-greenhouse\/","og_locale":"es_ES","og_type":"article","og_title":"INVERNADERO DID\u00c1CTICO DE DOS NAVES - De Lorenzo Training &amp; Didactical Equipment","og_description":"Con el aumento de la poblaci\u00f3n mundial, el abastecimiento de alimentos org\u00e1nicos frescos de alta calidad depende cada vez m\u00e1s de nuevos m\u00e9todos de cultivo eficientes. Ser\u00e1 de vital importancia cultivar en una alta densidad, de manera ecol\u00f3gicamente ben\u00e9fica y cercana al consumidor. Esta es la raz\u00f3n por la que nuestro invernadero did\u00e1ctico cuenta con [&hellip;]","og_url":"https:\/\/delorenzoglobal.com\/es\/producto\/invernadero-didactico-de-dos-naves-dl-greenhouse\/","og_site_name":"De Lorenzo Training &amp; Didactical Equipment","article_modified_time":"2025-01-23T11:17:07+00:00","og_image":[{"width":683,"height":657,"url":"https:\/\/delorenzoglobal.com\/wp-content\/uploads\/2024\/04\/GREENHOUSE.png","type":"image\/png"}],"twitter_card":"summary_large_image","twitter_misc":{"Tiempo de lectura":"1 minuto"},"schema":{"@context":"https:\/\/schema.org","@graph":[{"@type":"WebPage","@id":"https:\/\/delorenzoglobal.com\/es\/producto\/invernadero-didactico-de-dos-naves-dl-greenhouse\/","url":"https:\/\/delorenzoglobal.com\/es\/producto\/invernadero-didactico-de-dos-naves-dl-greenhouse\/","name":"INVERNADERO DID\u00c1CTICO DE DOS NAVES - De Lorenzo Training &amp; Didactical Equipment","isPartOf":{"@id":"https:\/\/delorenzoglobal.com\/es\/#website"},"primaryImageOfPage":{"@id":"https:\/\/delorenzoglobal.com\/es\/producto\/invernadero-didactico-de-dos-naves-dl-greenhouse\/#primaryimage"},"image":{"@id":"https:\/\/delorenzoglobal.com\/es\/producto\/invernadero-didactico-de-dos-naves-dl-greenhouse\/#primaryimage"},"thumbnailUrl":"https:\/\/delorenzoglobal.com\/wp-content\/uploads\/2024\/04\/GREENHOUSE.png","datePublished":"2024-04-19T14:31:46+00:00","dateModified":"2025-01-23T11:17:07+00:00","breadcrumb":{"@id":"https:\/\/delorenzoglobal.com\/es\/producto\/invernadero-didactico-de-dos-naves-dl-greenhouse\/#breadcrumb"},"inLanguage":"es","potentialAction":[{"@type":"ReadAction","target":["https:\/\/delorenzoglobal.com\/es\/producto\/invernadero-didactico-de-dos-naves-dl-greenhouse\/"]}]},{"@type":"ImageObject","inLanguage":"es","@id":"https:\/\/delorenzoglobal.com\/es\/producto\/invernadero-didactico-de-dos-naves-dl-greenhouse\/#primaryimage","url":"https:\/\/delorenzoglobal.com\/wp-content\/uploads\/2024\/04\/GREENHOUSE.png","contentUrl":"https:\/\/delorenzoglobal.com\/wp-content\/uploads\/2024\/04\/GREENHOUSE.png","width":683,"height":657},{"@type":"BreadcrumbList","@id":"https:\/\/delorenzoglobal.com\/es\/producto\/invernadero-didactico-de-dos-naves-dl-greenhouse\/#breadcrumb","itemListElement":[{"@type":"ListItem","position":1,"name":"Home","item":"https:\/\/delorenzoglobal.com\/es\/"},{"@type":"ListItem","position":2,"name":"Tienda","item":"https:\/\/delorenzoglobal.com\/es\/tienda\/"},{"@type":"ListItem","position":3,"name":"INVERNADERO DID\u00c1CTICO DE DOS NAVES"}]},{"@type":"WebSite","@id":"https:\/\/delorenzoglobal.com\/es\/#website","url":"https:\/\/delorenzoglobal.com\/es\/","name":"De Lorenzo Training &amp; Didactical Equipment","description":"","potentialAction":[{"@type":"SearchAction","target":{"@type":"EntryPoint","urlTemplate":"https:\/\/delorenzoglobal.com\/es\/?s={search_term_string}"},"query-input":{"@type":"PropertyValueSpecification","valueRequired":true,"valueName":"search_term_string"}}],"inLanguage":"es"}]}},"_links":{"self":[{"href":"https:\/\/delorenzoglobal.com\/es\/wp-json\/wp\/v2\/product\/12525","targetHints":{"allow":["GET"]}}],"collection":[{"href":"https:\/\/delorenzoglobal.com\/es\/wp-json\/wp\/v2\/product"}],"about":[{"href":"https:\/\/delorenzoglobal.com\/es\/wp-json\/wp\/v2\/types\/product"}],"wp:featuredmedia":[{"embeddable":true,"href":"https:\/\/delorenzoglobal.com\/es\/wp-json\/wp\/v2\/media\/12533"}],"wp:attachment":[{"href":"https:\/\/delorenzoglobal.com\/es\/wp-json\/wp\/v2\/media?parent=12525"}],"wp:term":[{"taxonomy":"product_brand","embeddable":true,"href":"https:\/\/delorenzoglobal.com\/es\/wp-json\/wp\/v2\/product_brand?post=12525"},{"taxonomy":"product_cat","embeddable":true,"href":"https:\/\/delorenzoglobal.com\/es\/wp-json\/wp\/v2\/product_cat?post=12525"},{"taxonomy":"product_tag","embeddable":true,"href":"https:\/\/delorenzoglobal.com\/es\/wp-json\/wp\/v2\/product_tag?post=12525"}],"curies":[{"name":"wp","href":"https:\/\/api.w.org\/{rel}","templated":true}]}}