{"id":12390,"date":"2024-04-19T16:00:46","date_gmt":"2024-04-19T14:00:46","guid":{"rendered":"https:\/\/delorenzoglobal.com\/?post_type=product&#038;p=12390"},"modified":"2026-04-01T16:41:18","modified_gmt":"2026-04-01T14:41:18","slug":"banco-multifuncional-3","status":"publish","type":"product","link":"https:\/\/delorenzoglobal.com\/es\/producto\/banco-multifuncional-3\/","title":{"rendered":"BANCO MULTIFUNCIONAL"},"content":{"rendered":"<p>Banco multifuncional con un volumen total de aproximadamente 80 litros adecuado para la preparaci\u00f3n de peque\u00f1as cantidades de mermeladas, mermelada de naranja, ketchup, jugos y otros productos alimenticios.<\/p>\n<p>La unidad est\u00e1 dise\u00f1ada como una planta a peque\u00f1a escala con un alto nivel de tecnolog\u00eda.<\/p>\n<p>El banco multifuncional de 80 litros es una unidad aut\u00f3noma capaz de ofrecer productos de alta calidad.<\/p>\n<p>Con este banco multifuncional, es posible realizar las siguientes operaciones:<\/p>\n<ul>\n<li>Generaci\u00f3n de vapor<\/li>\n<li>Lavado del producto<\/li>\n<li>Cocci\u00f3n, escaldado y desactivaci\u00f3n enzim\u00e1tica de hortalizas y frutas<\/li>\n<li>Cocci\u00f3n al vac\u00edo y concentraci\u00f3n<\/li>\n<li>Cocci\u00f3n hasta 110\u00b0C<\/li>\n<li>Cocci\u00f3n a presi\u00f3n atmosf\u00e9rica<\/li>\n<li>Proceso de destilaci\u00f3n de sustancias arom\u00e1ticas<\/li>\n<li>Frutas y casta\u00f1as confitadas<\/li>\n<li>Cocci\u00f3n al vapor de at\u00fan o verduras<\/li>\n<li>Refrigeraci\u00f3n de productos previamente cocidos al vac\u00edo<\/li>\n<li>Diferentes tipos de esterilizaci\u00f3n: a trav\u00e9s de vapor, lluvia y sistemas mixtos para frascos, cajas (todo incluye enfriamiento a contrapresi\u00f3n)<\/li>\n<li>Lavado y enjuague de los recipientes despu\u00e9s de la esterilizaci\u00f3n y pasteurizaci\u00f3n<\/li>\n<li>Relleno del producto mediante grifo semiautom\u00e1tico<\/li>\n<li>Apriete semiautom\u00e1tico de tapas con embrague de esfuerzo controlado<\/li>\n<\/ul>\n","protected":false},"excerpt":{"rendered":"<p>Banco multifuncional con un volumen total de aproximadamente 80 litros adecuado para la preparaci\u00f3n de peque\u00f1as cantidades de mermeladas, mermelada de naranja, ketchup, jugos y otros productos alimenticios. La unidad est\u00e1 dise\u00f1ada como una planta a peque\u00f1a escala con un alto nivel de tecnolog\u00eda. El banco multifuncional de 80 litros es una unidad aut\u00f3noma capaz [&hellip;]<\/p>\n","protected":false},"featured_media":12379,"template":"","meta":{"_acf_changed":false},"product_brand":[],"product_cat":[414],"product_tag":[],"class_list":{"0":"post-12390","1":"product","2":"type-product","3":"status-publish","4":"has-post-thumbnail","6":"product_cat-tecnologia-de-los-alimentos","8":"first","9":"instock","10":"shipping-taxable","11":"product-type-simple"},"acf":[],"yoast_head":"<!-- This site is optimized with the Yoast SEO plugin v27.4 - https:\/\/yoast.com\/product\/yoast-seo-wordpress\/ -->\n<title>BANCO MULTIFUNCIONAL - De Lorenzo Training &amp; Didactical Equipment<\/title>\n<meta name=\"robots\" content=\"index, follow, max-snippet:-1, max-image-preview:large, max-video-preview:-1\" \/>\n<link rel=\"canonical\" href=\"https:\/\/delorenzoglobal.com\/es\/producto\/banco-multifuncional-3\/\" \/>\n<meta property=\"og:locale\" content=\"es_ES\" \/>\n<meta property=\"og:type\" content=\"article\" \/>\n<meta property=\"og:title\" content=\"BANCO MULTIFUNCIONAL - De Lorenzo Training &amp; Didactical Equipment\" \/>\n<meta property=\"og:description\" content=\"Banco multifuncional con un volumen total de aproximadamente 80 litros adecuado para la preparaci\u00f3n de peque\u00f1as cantidades de mermeladas, mermelada de naranja, ketchup, jugos y otros productos alimenticios. La unidad est\u00e1 dise\u00f1ada como una planta a peque\u00f1a escala con un alto nivel de tecnolog\u00eda. El banco multifuncional de 80 litros es una unidad aut\u00f3noma capaz [&hellip;]\" \/>\n<meta property=\"og:url\" content=\"https:\/\/delorenzoglobal.com\/es\/producto\/banco-multifuncional-3\/\" \/>\n<meta property=\"og:site_name\" content=\"De Lorenzo Training &amp; Didactical Equipment\" \/>\n<meta property=\"article:modified_time\" content=\"2026-04-01T14:41:18+00:00\" \/>\n<meta property=\"og:image\" content=\"https:\/\/delorenzoglobal.com\/wp-content\/uploads\/2024\/04\/LAB80.jpg\" \/>\n\t<meta property=\"og:image:width\" content=\"1148\" \/>\n\t<meta property=\"og:image:height\" content=\"630\" \/>\n\t<meta property=\"og:image:type\" content=\"image\/jpeg\" \/>\n<meta name=\"twitter:card\" content=\"summary_large_image\" \/>\n<meta name=\"twitter:label1\" content=\"Tiempo de lectura\" \/>\n\t<meta name=\"twitter:data1\" content=\"2 minutos\" \/>\n<script type=\"application\/ld+json\" class=\"yoast-schema-graph\">{\"@context\":\"https:\\\/\\\/schema.org\",\"@graph\":[{\"@type\":\"WebPage\",\"@id\":\"https:\\\/\\\/delorenzoglobal.com\\\/es\\\/producto\\\/banco-multifuncional-3\\\/\",\"url\":\"https:\\\/\\\/delorenzoglobal.com\\\/es\\\/producto\\\/banco-multifuncional-3\\\/\",\"name\":\"BANCO MULTIFUNCIONAL - De Lorenzo Training &amp; Didactical Equipment\",\"isPartOf\":{\"@id\":\"https:\\\/\\\/delorenzoglobal.com\\\/es\\\/#website\"},\"primaryImageOfPage\":{\"@id\":\"https:\\\/\\\/delorenzoglobal.com\\\/es\\\/producto\\\/banco-multifuncional-3\\\/#primaryimage\"},\"image\":{\"@id\":\"https:\\\/\\\/delorenzoglobal.com\\\/es\\\/producto\\\/banco-multifuncional-3\\\/#primaryimage\"},\"thumbnailUrl\":\"https:\\\/\\\/delorenzoglobal.com\\\/wp-content\\\/uploads\\\/2024\\\/04\\\/LAB80.jpg\",\"datePublished\":\"2024-04-19T14:00:46+00:00\",\"dateModified\":\"2026-04-01T14:41:18+00:00\",\"breadcrumb\":{\"@id\":\"https:\\\/\\\/delorenzoglobal.com\\\/es\\\/producto\\\/banco-multifuncional-3\\\/#breadcrumb\"},\"inLanguage\":\"es\",\"potentialAction\":[{\"@type\":\"ReadAction\",\"target\":[\"https:\\\/\\\/delorenzoglobal.com\\\/es\\\/producto\\\/banco-multifuncional-3\\\/\"]}]},{\"@type\":\"ImageObject\",\"inLanguage\":\"es\",\"@id\":\"https:\\\/\\\/delorenzoglobal.com\\\/es\\\/producto\\\/banco-multifuncional-3\\\/#primaryimage\",\"url\":\"https:\\\/\\\/delorenzoglobal.com\\\/wp-content\\\/uploads\\\/2024\\\/04\\\/LAB80.jpg\",\"contentUrl\":\"https:\\\/\\\/delorenzoglobal.com\\\/wp-content\\\/uploads\\\/2024\\\/04\\\/LAB80.jpg\",\"width\":1148,\"height\":630},{\"@type\":\"BreadcrumbList\",\"@id\":\"https:\\\/\\\/delorenzoglobal.com\\\/es\\\/producto\\\/banco-multifuncional-3\\\/#breadcrumb\",\"itemListElement\":[{\"@type\":\"ListItem\",\"position\":1,\"name\":\"Home\",\"item\":\"https:\\\/\\\/delorenzoglobal.com\\\/es\\\/\"},{\"@type\":\"ListItem\",\"position\":2,\"name\":\"Tienda\",\"item\":\"https:\\\/\\\/delorenzoglobal.com\\\/es\\\/tienda\\\/\"},{\"@type\":\"ListItem\",\"position\":3,\"name\":\"BANCO MULTIFUNCIONAL\"}]},{\"@type\":\"WebSite\",\"@id\":\"https:\\\/\\\/delorenzoglobal.com\\\/es\\\/#website\",\"url\":\"https:\\\/\\\/delorenzoglobal.com\\\/es\\\/\",\"name\":\"De Lorenzo Training &amp; Didactical Equipment\",\"description\":\"\",\"potentialAction\":[{\"@type\":\"SearchAction\",\"target\":{\"@type\":\"EntryPoint\",\"urlTemplate\":\"https:\\\/\\\/delorenzoglobal.com\\\/es\\\/?s={search_term_string}\"},\"query-input\":{\"@type\":\"PropertyValueSpecification\",\"valueRequired\":true,\"valueName\":\"search_term_string\"}}],\"inLanguage\":\"es\"}]}<\/script>\n<!-- \/ Yoast SEO plugin. -->","yoast_head_json":{"title":"BANCO MULTIFUNCIONAL - De Lorenzo Training &amp; Didactical Equipment","robots":{"index":"index","follow":"follow","max-snippet":"max-snippet:-1","max-image-preview":"max-image-preview:large","max-video-preview":"max-video-preview:-1"},"canonical":"https:\/\/delorenzoglobal.com\/es\/producto\/banco-multifuncional-3\/","og_locale":"es_ES","og_type":"article","og_title":"BANCO MULTIFUNCIONAL - De Lorenzo Training &amp; Didactical Equipment","og_description":"Banco multifuncional con un volumen total de aproximadamente 80 litros adecuado para la preparaci\u00f3n de peque\u00f1as cantidades de mermeladas, mermelada de naranja, ketchup, jugos y otros productos alimenticios. La unidad est\u00e1 dise\u00f1ada como una planta a peque\u00f1a escala con un alto nivel de tecnolog\u00eda. El banco multifuncional de 80 litros es una unidad aut\u00f3noma capaz [&hellip;]","og_url":"https:\/\/delorenzoglobal.com\/es\/producto\/banco-multifuncional-3\/","og_site_name":"De Lorenzo Training &amp; Didactical Equipment","article_modified_time":"2026-04-01T14:41:18+00:00","og_image":[{"width":1148,"height":630,"url":"https:\/\/delorenzoglobal.com\/wp-content\/uploads\/2024\/04\/LAB80.jpg","type":"image\/jpeg"}],"twitter_card":"summary_large_image","twitter_misc":{"Tiempo de lectura":"2 minutos"},"schema":{"@context":"https:\/\/schema.org","@graph":[{"@type":"WebPage","@id":"https:\/\/delorenzoglobal.com\/es\/producto\/banco-multifuncional-3\/","url":"https:\/\/delorenzoglobal.com\/es\/producto\/banco-multifuncional-3\/","name":"BANCO MULTIFUNCIONAL - De Lorenzo Training &amp; Didactical Equipment","isPartOf":{"@id":"https:\/\/delorenzoglobal.com\/es\/#website"},"primaryImageOfPage":{"@id":"https:\/\/delorenzoglobal.com\/es\/producto\/banco-multifuncional-3\/#primaryimage"},"image":{"@id":"https:\/\/delorenzoglobal.com\/es\/producto\/banco-multifuncional-3\/#primaryimage"},"thumbnailUrl":"https:\/\/delorenzoglobal.com\/wp-content\/uploads\/2024\/04\/LAB80.jpg","datePublished":"2024-04-19T14:00:46+00:00","dateModified":"2026-04-01T14:41:18+00:00","breadcrumb":{"@id":"https:\/\/delorenzoglobal.com\/es\/producto\/banco-multifuncional-3\/#breadcrumb"},"inLanguage":"es","potentialAction":[{"@type":"ReadAction","target":["https:\/\/delorenzoglobal.com\/es\/producto\/banco-multifuncional-3\/"]}]},{"@type":"ImageObject","inLanguage":"es","@id":"https:\/\/delorenzoglobal.com\/es\/producto\/banco-multifuncional-3\/#primaryimage","url":"https:\/\/delorenzoglobal.com\/wp-content\/uploads\/2024\/04\/LAB80.jpg","contentUrl":"https:\/\/delorenzoglobal.com\/wp-content\/uploads\/2024\/04\/LAB80.jpg","width":1148,"height":630},{"@type":"BreadcrumbList","@id":"https:\/\/delorenzoglobal.com\/es\/producto\/banco-multifuncional-3\/#breadcrumb","itemListElement":[{"@type":"ListItem","position":1,"name":"Home","item":"https:\/\/delorenzoglobal.com\/es\/"},{"@type":"ListItem","position":2,"name":"Tienda","item":"https:\/\/delorenzoglobal.com\/es\/tienda\/"},{"@type":"ListItem","position":3,"name":"BANCO MULTIFUNCIONAL"}]},{"@type":"WebSite","@id":"https:\/\/delorenzoglobal.com\/es\/#website","url":"https:\/\/delorenzoglobal.com\/es\/","name":"De Lorenzo Training &amp; Didactical Equipment","description":"","potentialAction":[{"@type":"SearchAction","target":{"@type":"EntryPoint","urlTemplate":"https:\/\/delorenzoglobal.com\/es\/?s={search_term_string}"},"query-input":{"@type":"PropertyValueSpecification","valueRequired":true,"valueName":"search_term_string"}}],"inLanguage":"es"}]}},"_links":{"self":[{"href":"https:\/\/delorenzoglobal.com\/es\/wp-json\/wp\/v2\/product\/12390","targetHints":{"allow":["GET"]}}],"collection":[{"href":"https:\/\/delorenzoglobal.com\/es\/wp-json\/wp\/v2\/product"}],"about":[{"href":"https:\/\/delorenzoglobal.com\/es\/wp-json\/wp\/v2\/types\/product"}],"wp:featuredmedia":[{"embeddable":true,"href":"https:\/\/delorenzoglobal.com\/es\/wp-json\/wp\/v2\/media\/12379"}],"wp:attachment":[{"href":"https:\/\/delorenzoglobal.com\/es\/wp-json\/wp\/v2\/media?parent=12390"}],"wp:term":[{"taxonomy":"product_brand","embeddable":true,"href":"https:\/\/delorenzoglobal.com\/es\/wp-json\/wp\/v2\/product_brand?post=12390"},{"taxonomy":"product_cat","embeddable":true,"href":"https:\/\/delorenzoglobal.com\/es\/wp-json\/wp\/v2\/product_cat?post=12390"},{"taxonomy":"product_tag","embeddable":true,"href":"https:\/\/delorenzoglobal.com\/es\/wp-json\/wp\/v2\/product_tag?post=12390"}],"curies":[{"name":"wp","href":"https:\/\/api.w.org\/{rel}","templated":true}]}}