{"id":12331,"date":"2024-04-19T15:51:33","date_gmt":"2024-04-19T13:51:33","guid":{"rendered":"https:\/\/delorenzoglobal.com\/?post_type=product&#038;p=12331"},"modified":"2025-01-23T09:28:14","modified_gmt":"2025-01-23T08:28:14","slug":"banco-multifuncional","status":"publish","type":"product","link":"https:\/\/delorenzoglobal.com\/es\/producto\/banco-multifuncional\/","title":{"rendered":"BANCO MULTIFUNCIONAL"},"content":{"rendered":"<p>Unidad de cocina multifuncional con un volumen total de unos 30 litros y un volumen de funcionamiento de 20 litros adecuado para la preparaci\u00f3n de peque\u00f1as cantidades (15-20 kg) de mermeladas, jaleas, ketchup, jugos y otros productos alimenticios.<\/p>\n<p>La unidad, dise\u00f1ada como un banco multifuncional, est\u00e1 compuesta por una unidad multifuncional de cocina\/concentraci\u00f3n (en la atm\u00f3sfera o envasada al vac\u00edo) y de tratamiento t\u00e9rmico (pasteurizaci\u00f3n \/ esterilizaci\u00f3n y el enfriamiento consecuente) del producto envasado.<\/p>\n<p>La posibilidad de realizar la operaci\u00f3n de cocci\u00f3n y concentraci\u00f3n incluso envasada al vac\u00edo, como en instalaciones de gran escala permite alcanzar altos niveles cualitativos del producto terminado, manteniendo los niveles de vitamina contenida altos y manteniendo los colores m\u00e1s brillantes.<\/p>\n","protected":false},"excerpt":{"rendered":"<p>Unidad de cocina multifuncional con un volumen total de unos 30 litros y un volumen de funcionamiento de 20 litros adecuado para la preparaci\u00f3n de peque\u00f1as cantidades (15-20 kg) de mermeladas, jaleas, ketchup, jugos y otros productos alimenticios. La unidad, dise\u00f1ada como un banco multifuncional, est\u00e1 compuesta por una unidad multifuncional de cocina\/concentraci\u00f3n (en la [&hellip;]<\/p>\n","protected":false},"featured_media":12315,"template":"","meta":{"_acf_changed":false},"product_brand":[],"product_cat":[414],"product_tag":[],"class_list":{"0":"post-12331","1":"product","2":"type-product","3":"status-publish","4":"has-post-thumbnail","6":"product_cat-tecnologia-de-los-alimentos","8":"first","9":"instock","10":"shipping-taxable","11":"product-type-simple"},"acf":[],"yoast_head":"<!-- This site is optimized with the Yoast SEO plugin v27.4 - https:\/\/yoast.com\/product\/yoast-seo-wordpress\/ -->\n<title>BANCO MULTIFUNCIONAL - De Lorenzo Training &amp; Didactical Equipment<\/title>\n<meta name=\"robots\" content=\"index, follow, max-snippet:-1, max-image-preview:large, max-video-preview:-1\" \/>\n<link rel=\"canonical\" href=\"https:\/\/delorenzoglobal.com\/es\/producto\/banco-multifuncional\/\" \/>\n<meta property=\"og:locale\" content=\"es_ES\" \/>\n<meta property=\"og:type\" content=\"article\" \/>\n<meta property=\"og:title\" content=\"BANCO MULTIFUNCIONAL - De Lorenzo Training &amp; Didactical Equipment\" \/>\n<meta property=\"og:description\" content=\"Unidad de cocina multifuncional con un volumen total de unos 30 litros y un volumen de funcionamiento de 20 litros adecuado para la preparaci\u00f3n de peque\u00f1as cantidades (15-20 kg) de mermeladas, jaleas, ketchup, jugos y otros productos alimenticios. La unidad, dise\u00f1ada como un banco multifuncional, est\u00e1 compuesta por una unidad multifuncional de cocina\/concentraci\u00f3n (en la [&hellip;]\" \/>\n<meta property=\"og:url\" content=\"https:\/\/delorenzoglobal.com\/es\/producto\/banco-multifuncional\/\" \/>\n<meta property=\"og:site_name\" content=\"De Lorenzo Training &amp; Didactical Equipment\" \/>\n<meta property=\"article:modified_time\" content=\"2025-01-23T08:28:14+00:00\" \/>\n<meta property=\"og:image\" content=\"https:\/\/delorenzoglobal.com\/wp-content\/uploads\/2024\/04\/DL-LAB30-672x1024.png\" \/>\n\t<meta property=\"og:image:width\" content=\"672\" \/>\n\t<meta property=\"og:image:height\" content=\"1024\" \/>\n\t<meta property=\"og:image:type\" content=\"image\/png\" \/>\n<meta name=\"twitter:card\" content=\"summary_large_image\" \/>\n<meta name=\"twitter:label1\" content=\"Tiempo de lectura\" \/>\n\t<meta name=\"twitter:data1\" content=\"1 minuto\" \/>\n<script type=\"application\/ld+json\" class=\"yoast-schema-graph\">{\"@context\":\"https:\\\/\\\/schema.org\",\"@graph\":[{\"@type\":\"WebPage\",\"@id\":\"https:\\\/\\\/delorenzoglobal.com\\\/es\\\/producto\\\/banco-multifuncional\\\/\",\"url\":\"https:\\\/\\\/delorenzoglobal.com\\\/es\\\/producto\\\/banco-multifuncional\\\/\",\"name\":\"BANCO MULTIFUNCIONAL - De Lorenzo Training &amp; Didactical Equipment\",\"isPartOf\":{\"@id\":\"https:\\\/\\\/delorenzoglobal.com\\\/es\\\/#website\"},\"primaryImageOfPage\":{\"@id\":\"https:\\\/\\\/delorenzoglobal.com\\\/es\\\/producto\\\/banco-multifuncional\\\/#primaryimage\"},\"image\":{\"@id\":\"https:\\\/\\\/delorenzoglobal.com\\\/es\\\/producto\\\/banco-multifuncional\\\/#primaryimage\"},\"thumbnailUrl\":\"https:\\\/\\\/delorenzoglobal.com\\\/wp-content\\\/uploads\\\/2024\\\/04\\\/DL-LAB30.png\",\"datePublished\":\"2024-04-19T13:51:33+00:00\",\"dateModified\":\"2025-01-23T08:28:14+00:00\",\"breadcrumb\":{\"@id\":\"https:\\\/\\\/delorenzoglobal.com\\\/es\\\/producto\\\/banco-multifuncional\\\/#breadcrumb\"},\"inLanguage\":\"es\",\"potentialAction\":[{\"@type\":\"ReadAction\",\"target\":[\"https:\\\/\\\/delorenzoglobal.com\\\/es\\\/producto\\\/banco-multifuncional\\\/\"]}]},{\"@type\":\"ImageObject\",\"inLanguage\":\"es\",\"@id\":\"https:\\\/\\\/delorenzoglobal.com\\\/es\\\/producto\\\/banco-multifuncional\\\/#primaryimage\",\"url\":\"https:\\\/\\\/delorenzoglobal.com\\\/wp-content\\\/uploads\\\/2024\\\/04\\\/DL-LAB30.png\",\"contentUrl\":\"https:\\\/\\\/delorenzoglobal.com\\\/wp-content\\\/uploads\\\/2024\\\/04\\\/DL-LAB30.png\",\"width\":2204,\"height\":3358},{\"@type\":\"BreadcrumbList\",\"@id\":\"https:\\\/\\\/delorenzoglobal.com\\\/es\\\/producto\\\/banco-multifuncional\\\/#breadcrumb\",\"itemListElement\":[{\"@type\":\"ListItem\",\"position\":1,\"name\":\"Home\",\"item\":\"https:\\\/\\\/delorenzoglobal.com\\\/es\\\/\"},{\"@type\":\"ListItem\",\"position\":2,\"name\":\"Tienda\",\"item\":\"https:\\\/\\\/delorenzoglobal.com\\\/es\\\/tienda\\\/\"},{\"@type\":\"ListItem\",\"position\":3,\"name\":\"BANCO MULTIFUNCIONAL\"}]},{\"@type\":\"WebSite\",\"@id\":\"https:\\\/\\\/delorenzoglobal.com\\\/es\\\/#website\",\"url\":\"https:\\\/\\\/delorenzoglobal.com\\\/es\\\/\",\"name\":\"De Lorenzo Training &amp; Didactical Equipment\",\"description\":\"\",\"potentialAction\":[{\"@type\":\"SearchAction\",\"target\":{\"@type\":\"EntryPoint\",\"urlTemplate\":\"https:\\\/\\\/delorenzoglobal.com\\\/es\\\/?s={search_term_string}\"},\"query-input\":{\"@type\":\"PropertyValueSpecification\",\"valueRequired\":true,\"valueName\":\"search_term_string\"}}],\"inLanguage\":\"es\"}]}<\/script>\n<!-- \/ Yoast SEO plugin. -->","yoast_head_json":{"title":"BANCO MULTIFUNCIONAL - De Lorenzo Training &amp; Didactical Equipment","robots":{"index":"index","follow":"follow","max-snippet":"max-snippet:-1","max-image-preview":"max-image-preview:large","max-video-preview":"max-video-preview:-1"},"canonical":"https:\/\/delorenzoglobal.com\/es\/producto\/banco-multifuncional\/","og_locale":"es_ES","og_type":"article","og_title":"BANCO MULTIFUNCIONAL - De Lorenzo Training &amp; Didactical Equipment","og_description":"Unidad de cocina multifuncional con un volumen total de unos 30 litros y un volumen de funcionamiento de 20 litros adecuado para la preparaci\u00f3n de peque\u00f1as cantidades (15-20 kg) de mermeladas, jaleas, ketchup, jugos y otros productos alimenticios. La unidad, dise\u00f1ada como un banco multifuncional, est\u00e1 compuesta por una unidad multifuncional de cocina\/concentraci\u00f3n (en la [&hellip;]","og_url":"https:\/\/delorenzoglobal.com\/es\/producto\/banco-multifuncional\/","og_site_name":"De Lorenzo Training &amp; Didactical Equipment","article_modified_time":"2025-01-23T08:28:14+00:00","og_image":[{"width":672,"height":1024,"url":"https:\/\/delorenzoglobal.com\/wp-content\/uploads\/2024\/04\/DL-LAB30-672x1024.png","type":"image\/png"}],"twitter_card":"summary_large_image","twitter_misc":{"Tiempo de lectura":"1 minuto"},"schema":{"@context":"https:\/\/schema.org","@graph":[{"@type":"WebPage","@id":"https:\/\/delorenzoglobal.com\/es\/producto\/banco-multifuncional\/","url":"https:\/\/delorenzoglobal.com\/es\/producto\/banco-multifuncional\/","name":"BANCO MULTIFUNCIONAL - De Lorenzo Training &amp; Didactical Equipment","isPartOf":{"@id":"https:\/\/delorenzoglobal.com\/es\/#website"},"primaryImageOfPage":{"@id":"https:\/\/delorenzoglobal.com\/es\/producto\/banco-multifuncional\/#primaryimage"},"image":{"@id":"https:\/\/delorenzoglobal.com\/es\/producto\/banco-multifuncional\/#primaryimage"},"thumbnailUrl":"https:\/\/delorenzoglobal.com\/wp-content\/uploads\/2024\/04\/DL-LAB30.png","datePublished":"2024-04-19T13:51:33+00:00","dateModified":"2025-01-23T08:28:14+00:00","breadcrumb":{"@id":"https:\/\/delorenzoglobal.com\/es\/producto\/banco-multifuncional\/#breadcrumb"},"inLanguage":"es","potentialAction":[{"@type":"ReadAction","target":["https:\/\/delorenzoglobal.com\/es\/producto\/banco-multifuncional\/"]}]},{"@type":"ImageObject","inLanguage":"es","@id":"https:\/\/delorenzoglobal.com\/es\/producto\/banco-multifuncional\/#primaryimage","url":"https:\/\/delorenzoglobal.com\/wp-content\/uploads\/2024\/04\/DL-LAB30.png","contentUrl":"https:\/\/delorenzoglobal.com\/wp-content\/uploads\/2024\/04\/DL-LAB30.png","width":2204,"height":3358},{"@type":"BreadcrumbList","@id":"https:\/\/delorenzoglobal.com\/es\/producto\/banco-multifuncional\/#breadcrumb","itemListElement":[{"@type":"ListItem","position":1,"name":"Home","item":"https:\/\/delorenzoglobal.com\/es\/"},{"@type":"ListItem","position":2,"name":"Tienda","item":"https:\/\/delorenzoglobal.com\/es\/tienda\/"},{"@type":"ListItem","position":3,"name":"BANCO MULTIFUNCIONAL"}]},{"@type":"WebSite","@id":"https:\/\/delorenzoglobal.com\/es\/#website","url":"https:\/\/delorenzoglobal.com\/es\/","name":"De Lorenzo Training &amp; Didactical Equipment","description":"","potentialAction":[{"@type":"SearchAction","target":{"@type":"EntryPoint","urlTemplate":"https:\/\/delorenzoglobal.com\/es\/?s={search_term_string}"},"query-input":{"@type":"PropertyValueSpecification","valueRequired":true,"valueName":"search_term_string"}}],"inLanguage":"es"}]}},"_links":{"self":[{"href":"https:\/\/delorenzoglobal.com\/es\/wp-json\/wp\/v2\/product\/12331","targetHints":{"allow":["GET"]}}],"collection":[{"href":"https:\/\/delorenzoglobal.com\/es\/wp-json\/wp\/v2\/product"}],"about":[{"href":"https:\/\/delorenzoglobal.com\/es\/wp-json\/wp\/v2\/types\/product"}],"wp:featuredmedia":[{"embeddable":true,"href":"https:\/\/delorenzoglobal.com\/es\/wp-json\/wp\/v2\/media\/12315"}],"wp:attachment":[{"href":"https:\/\/delorenzoglobal.com\/es\/wp-json\/wp\/v2\/media?parent=12331"}],"wp:term":[{"taxonomy":"product_brand","embeddable":true,"href":"https:\/\/delorenzoglobal.com\/es\/wp-json\/wp\/v2\/product_brand?post=12331"},{"taxonomy":"product_cat","embeddable":true,"href":"https:\/\/delorenzoglobal.com\/es\/wp-json\/wp\/v2\/product_cat?post=12331"},{"taxonomy":"product_tag","embeddable":true,"href":"https:\/\/delorenzoglobal.com\/es\/wp-json\/wp\/v2\/product_tag?post=12331"}],"curies":[{"name":"wp","href":"https:\/\/api.w.org\/{rel}","templated":true}]}}