{"id":12242,"date":"2024-04-19T15:28:38","date_gmt":"2024-04-19T13:28:38","guid":{"rendered":"https:\/\/delorenzoglobal.com\/?post_type=product&#038;p=12242"},"modified":"2025-01-23T10:31:37","modified_gmt":"2025-01-23T09:31:37","slug":"maquina-de-procesamiento-de-leche-y-queso-2","status":"publish","type":"product","link":"https:\/\/delorenzoglobal.com\/es\/producto\/maquina-de-procesamiento-de-leche-y-queso-2\/","title":{"rendered":"M\u00c1QUINA DE PROCESAMIENTO DE LECHE Y QUESO"},"content":{"rendered":"<p>La tecnolog\u00eda de los alimentos se ha convertido en un \u00e1rea interdisciplinaria basada en la ingenier\u00eda qu\u00edmica y la ciencia de los alimentos que se ocupa de los procesos de producci\u00f3n que fabrican los alimentos.<\/p>\n<p>Las industrias alimentarias buscan constantemente mejorar la calidad y la rentabilidad de los productos alimenticios, tratando de llevar a cabo actividades industriales m\u00e1s sostenibles y respetuosas con el medio ambiente.<\/p>\n<p>Para responder a la creciente demanda de t\u00e9cnicos cualificados y personal cualificado en el sector de la tecnolog\u00eda alimentaria, los institutos t\u00e9cnicos y las universidades deben ampliar su oferta educativa equipando a los laboratorios pertinentes con m\u00e1quinas y equipos adecuados.<\/p>\n<p>Gracias al tama\u00f1o compacto de esta m\u00e1quina y a su pantalla f\u00e1cil de usar, los estudiantes pueden comprender y reproducir f\u00e1cilmente un ciclo de producci\u00f3n completo relacionado con el procesamiento de la leche.<\/p>\n<p>En particular, con esta m\u00e1quina es posible producir:<\/p>\n<ul>\n<li>Leche pasteurizada<\/li>\n<li>Yoghurt<\/li>\n<li>Queso blando y duro<\/li>\n<li>Ricota<\/li>\n<li>Queso de pasta filata<\/li>\n<\/ul>\n","protected":false},"excerpt":{"rendered":"<p>La tecnolog\u00eda de los alimentos se ha convertido en un \u00e1rea interdisciplinaria basada en la ingenier\u00eda qu\u00edmica y la ciencia de los alimentos que se ocupa de los procesos de producci\u00f3n que fabrican los alimentos. Las industrias alimentarias buscan constantemente mejorar la calidad y la rentabilidad de los productos alimenticios, tratando de llevar a cabo [&hellip;]<\/p>\n","protected":false},"featured_media":12231,"template":"","meta":{"_acf_changed":false},"product_brand":[],"product_cat":[414],"product_tag":[],"class_list":{"0":"post-12242","1":"product","2":"type-product","3":"status-publish","4":"has-post-thumbnail","6":"product_cat-tecnologia-de-los-alimentos","8":"first","9":"instock","10":"shipping-taxable","11":"product-type-simple"},"acf":[],"yoast_head":"<!-- This site is optimized with the Yoast SEO plugin v27.4 - https:\/\/yoast.com\/product\/yoast-seo-wordpress\/ -->\n<title>M\u00c1QUINA DE PROCESAMIENTO DE LECHE Y QUESO - De Lorenzo Training &amp; Didactical Equipment<\/title>\n<meta name=\"robots\" content=\"index, follow, max-snippet:-1, max-image-preview:large, max-video-preview:-1\" \/>\n<link rel=\"canonical\" href=\"https:\/\/delorenzoglobal.com\/es\/producto\/maquina-de-procesamiento-de-leche-y-queso-2\/\" \/>\n<meta property=\"og:locale\" content=\"es_ES\" \/>\n<meta property=\"og:type\" content=\"article\" \/>\n<meta property=\"og:title\" content=\"M\u00c1QUINA DE PROCESAMIENTO DE LECHE Y QUESO - De Lorenzo Training &amp; Didactical Equipment\" \/>\n<meta property=\"og:description\" content=\"La tecnolog\u00eda de los alimentos se ha convertido en un \u00e1rea interdisciplinaria basada en la ingenier\u00eda qu\u00edmica y la ciencia de los alimentos que se ocupa de los procesos de producci\u00f3n que fabrican los alimentos. Las industrias alimentarias buscan constantemente mejorar la calidad y la rentabilidad de los productos alimenticios, tratando de llevar a cabo [&hellip;]\" \/>\n<meta property=\"og:url\" content=\"https:\/\/delorenzoglobal.com\/es\/producto\/maquina-de-procesamiento-de-leche-y-queso-2\/\" \/>\n<meta property=\"og:site_name\" content=\"De Lorenzo Training &amp; Didactical Equipment\" \/>\n<meta property=\"article:modified_time\" content=\"2025-01-23T09:31:37+00:00\" \/>\n<meta property=\"og:image\" content=\"https:\/\/delorenzoglobal.com\/wp-content\/uploads\/2024\/04\/MILK100.jpg\" \/>\n\t<meta property=\"og:image:width\" content=\"494\" \/>\n\t<meta property=\"og:image:height\" content=\"690\" \/>\n\t<meta property=\"og:image:type\" content=\"image\/jpeg\" \/>\n<meta name=\"twitter:card\" content=\"summary_large_image\" \/>\n<meta name=\"twitter:label1\" content=\"Tiempo de lectura\" \/>\n\t<meta name=\"twitter:data1\" content=\"2 minutos\" \/>\n<script type=\"application\/ld+json\" class=\"yoast-schema-graph\">{\"@context\":\"https:\\\/\\\/schema.org\",\"@graph\":[{\"@type\":\"WebPage\",\"@id\":\"https:\\\/\\\/delorenzoglobal.com\\\/es\\\/producto\\\/maquina-de-procesamiento-de-leche-y-queso-2\\\/\",\"url\":\"https:\\\/\\\/delorenzoglobal.com\\\/es\\\/producto\\\/maquina-de-procesamiento-de-leche-y-queso-2\\\/\",\"name\":\"M\u00c1QUINA DE PROCESAMIENTO DE LECHE Y QUESO - De Lorenzo Training &amp; Didactical Equipment\",\"isPartOf\":{\"@id\":\"https:\\\/\\\/delorenzoglobal.com\\\/es\\\/#website\"},\"primaryImageOfPage\":{\"@id\":\"https:\\\/\\\/delorenzoglobal.com\\\/es\\\/producto\\\/maquina-de-procesamiento-de-leche-y-queso-2\\\/#primaryimage\"},\"image\":{\"@id\":\"https:\\\/\\\/delorenzoglobal.com\\\/es\\\/producto\\\/maquina-de-procesamiento-de-leche-y-queso-2\\\/#primaryimage\"},\"thumbnailUrl\":\"https:\\\/\\\/delorenzoglobal.com\\\/wp-content\\\/uploads\\\/2024\\\/04\\\/MILK100.jpg\",\"datePublished\":\"2024-04-19T13:28:38+00:00\",\"dateModified\":\"2025-01-23T09:31:37+00:00\",\"breadcrumb\":{\"@id\":\"https:\\\/\\\/delorenzoglobal.com\\\/es\\\/producto\\\/maquina-de-procesamiento-de-leche-y-queso-2\\\/#breadcrumb\"},\"inLanguage\":\"es\",\"potentialAction\":[{\"@type\":\"ReadAction\",\"target\":[\"https:\\\/\\\/delorenzoglobal.com\\\/es\\\/producto\\\/maquina-de-procesamiento-de-leche-y-queso-2\\\/\"]}]},{\"@type\":\"ImageObject\",\"inLanguage\":\"es\",\"@id\":\"https:\\\/\\\/delorenzoglobal.com\\\/es\\\/producto\\\/maquina-de-procesamiento-de-leche-y-queso-2\\\/#primaryimage\",\"url\":\"https:\\\/\\\/delorenzoglobal.com\\\/wp-content\\\/uploads\\\/2024\\\/04\\\/MILK100.jpg\",\"contentUrl\":\"https:\\\/\\\/delorenzoglobal.com\\\/wp-content\\\/uploads\\\/2024\\\/04\\\/MILK100.jpg\",\"width\":494,\"height\":690},{\"@type\":\"BreadcrumbList\",\"@id\":\"https:\\\/\\\/delorenzoglobal.com\\\/es\\\/producto\\\/maquina-de-procesamiento-de-leche-y-queso-2\\\/#breadcrumb\",\"itemListElement\":[{\"@type\":\"ListItem\",\"position\":1,\"name\":\"Home\",\"item\":\"https:\\\/\\\/delorenzoglobal.com\\\/es\\\/\"},{\"@type\":\"ListItem\",\"position\":2,\"name\":\"Tienda\",\"item\":\"https:\\\/\\\/delorenzoglobal.com\\\/es\\\/tienda\\\/\"},{\"@type\":\"ListItem\",\"position\":3,\"name\":\"M\u00c1QUINA DE PROCESAMIENTO DE LECHE Y QUESO\"}]},{\"@type\":\"WebSite\",\"@id\":\"https:\\\/\\\/delorenzoglobal.com\\\/es\\\/#website\",\"url\":\"https:\\\/\\\/delorenzoglobal.com\\\/es\\\/\",\"name\":\"De Lorenzo Training &amp; Didactical Equipment\",\"description\":\"\",\"potentialAction\":[{\"@type\":\"SearchAction\",\"target\":{\"@type\":\"EntryPoint\",\"urlTemplate\":\"https:\\\/\\\/delorenzoglobal.com\\\/es\\\/?s={search_term_string}\"},\"query-input\":{\"@type\":\"PropertyValueSpecification\",\"valueRequired\":true,\"valueName\":\"search_term_string\"}}],\"inLanguage\":\"es\"}]}<\/script>\n<!-- \/ Yoast SEO plugin. -->","yoast_head_json":{"title":"M\u00c1QUINA DE PROCESAMIENTO DE LECHE Y QUESO - De Lorenzo Training &amp; Didactical Equipment","robots":{"index":"index","follow":"follow","max-snippet":"max-snippet:-1","max-image-preview":"max-image-preview:large","max-video-preview":"max-video-preview:-1"},"canonical":"https:\/\/delorenzoglobal.com\/es\/producto\/maquina-de-procesamiento-de-leche-y-queso-2\/","og_locale":"es_ES","og_type":"article","og_title":"M\u00c1QUINA DE PROCESAMIENTO DE LECHE Y QUESO - De Lorenzo Training &amp; Didactical Equipment","og_description":"La tecnolog\u00eda de los alimentos se ha convertido en un \u00e1rea interdisciplinaria basada en la ingenier\u00eda qu\u00edmica y la ciencia de los alimentos que se ocupa de los procesos de producci\u00f3n que fabrican los alimentos. Las industrias alimentarias buscan constantemente mejorar la calidad y la rentabilidad de los productos alimenticios, tratando de llevar a cabo [&hellip;]","og_url":"https:\/\/delorenzoglobal.com\/es\/producto\/maquina-de-procesamiento-de-leche-y-queso-2\/","og_site_name":"De Lorenzo Training &amp; Didactical Equipment","article_modified_time":"2025-01-23T09:31:37+00:00","og_image":[{"width":494,"height":690,"url":"https:\/\/delorenzoglobal.com\/wp-content\/uploads\/2024\/04\/MILK100.jpg","type":"image\/jpeg"}],"twitter_card":"summary_large_image","twitter_misc":{"Tiempo de lectura":"2 minutos"},"schema":{"@context":"https:\/\/schema.org","@graph":[{"@type":"WebPage","@id":"https:\/\/delorenzoglobal.com\/es\/producto\/maquina-de-procesamiento-de-leche-y-queso-2\/","url":"https:\/\/delorenzoglobal.com\/es\/producto\/maquina-de-procesamiento-de-leche-y-queso-2\/","name":"M\u00c1QUINA DE PROCESAMIENTO DE LECHE Y QUESO - De Lorenzo Training &amp; Didactical Equipment","isPartOf":{"@id":"https:\/\/delorenzoglobal.com\/es\/#website"},"primaryImageOfPage":{"@id":"https:\/\/delorenzoglobal.com\/es\/producto\/maquina-de-procesamiento-de-leche-y-queso-2\/#primaryimage"},"image":{"@id":"https:\/\/delorenzoglobal.com\/es\/producto\/maquina-de-procesamiento-de-leche-y-queso-2\/#primaryimage"},"thumbnailUrl":"https:\/\/delorenzoglobal.com\/wp-content\/uploads\/2024\/04\/MILK100.jpg","datePublished":"2024-04-19T13:28:38+00:00","dateModified":"2025-01-23T09:31:37+00:00","breadcrumb":{"@id":"https:\/\/delorenzoglobal.com\/es\/producto\/maquina-de-procesamiento-de-leche-y-queso-2\/#breadcrumb"},"inLanguage":"es","potentialAction":[{"@type":"ReadAction","target":["https:\/\/delorenzoglobal.com\/es\/producto\/maquina-de-procesamiento-de-leche-y-queso-2\/"]}]},{"@type":"ImageObject","inLanguage":"es","@id":"https:\/\/delorenzoglobal.com\/es\/producto\/maquina-de-procesamiento-de-leche-y-queso-2\/#primaryimage","url":"https:\/\/delorenzoglobal.com\/wp-content\/uploads\/2024\/04\/MILK100.jpg","contentUrl":"https:\/\/delorenzoglobal.com\/wp-content\/uploads\/2024\/04\/MILK100.jpg","width":494,"height":690},{"@type":"BreadcrumbList","@id":"https:\/\/delorenzoglobal.com\/es\/producto\/maquina-de-procesamiento-de-leche-y-queso-2\/#breadcrumb","itemListElement":[{"@type":"ListItem","position":1,"name":"Home","item":"https:\/\/delorenzoglobal.com\/es\/"},{"@type":"ListItem","position":2,"name":"Tienda","item":"https:\/\/delorenzoglobal.com\/es\/tienda\/"},{"@type":"ListItem","position":3,"name":"M\u00c1QUINA DE PROCESAMIENTO DE LECHE Y QUESO"}]},{"@type":"WebSite","@id":"https:\/\/delorenzoglobal.com\/es\/#website","url":"https:\/\/delorenzoglobal.com\/es\/","name":"De Lorenzo Training &amp; Didactical Equipment","description":"","potentialAction":[{"@type":"SearchAction","target":{"@type":"EntryPoint","urlTemplate":"https:\/\/delorenzoglobal.com\/es\/?s={search_term_string}"},"query-input":{"@type":"PropertyValueSpecification","valueRequired":true,"valueName":"search_term_string"}}],"inLanguage":"es"}]}},"_links":{"self":[{"href":"https:\/\/delorenzoglobal.com\/es\/wp-json\/wp\/v2\/product\/12242","targetHints":{"allow":["GET"]}}],"collection":[{"href":"https:\/\/delorenzoglobal.com\/es\/wp-json\/wp\/v2\/product"}],"about":[{"href":"https:\/\/delorenzoglobal.com\/es\/wp-json\/wp\/v2\/types\/product"}],"wp:featuredmedia":[{"embeddable":true,"href":"https:\/\/delorenzoglobal.com\/es\/wp-json\/wp\/v2\/media\/12231"}],"wp:attachment":[{"href":"https:\/\/delorenzoglobal.com\/es\/wp-json\/wp\/v2\/media?parent=12242"}],"wp:term":[{"taxonomy":"product_brand","embeddable":true,"href":"https:\/\/delorenzoglobal.com\/es\/wp-json\/wp\/v2\/product_brand?post=12242"},{"taxonomy":"product_cat","embeddable":true,"href":"https:\/\/delorenzoglobal.com\/es\/wp-json\/wp\/v2\/product_cat?post=12242"},{"taxonomy":"product_tag","embeddable":true,"href":"https:\/\/delorenzoglobal.com\/es\/wp-json\/wp\/v2\/product_tag?post=12242"}],"curies":[{"name":"wp","href":"https:\/\/api.w.org\/{rel}","templated":true}]}}