{"id":12215,"date":"2024-04-19T15:19:46","date_gmt":"2024-04-19T13:19:46","guid":{"rendered":"https:\/\/delorenzoglobal.com\/?post_type=product&#038;p=12215"},"modified":"2025-10-06T14:09:39","modified_gmt":"2025-10-06T12:09:39","slug":"recipiente-recubierto-con-intercambiador-de-calor-de-agitador-y-bobina","status":"publish","type":"product","link":"https:\/\/delorenzoglobal.com\/es\/producto\/recipiente-recubierto-con-intercambiador-de-calor-de-agitador-y-bobina\/","title":{"rendered":"RECIPIENTE RECUBIERTO CON INTERCAMBIADOR DE CALOR DE AGITADOR Y BOBINA"},"content":{"rendered":"<p>Este tipo de intercambiador de calor se utiliza com\u00fanmente en las industrias de procesos y qu\u00edmicas, cuando se requiere una temperatura de fluido bien definida.<\/p>\n<p>El intercambiador puede funcionar con un recipiente de doble pared o un tubo en espiral; el m\u00f3dulo tambi\u00e9n puede funcionar con un flujo continuo en el recipiente o calentar una cantidad definida de l\u00edquido.<\/p>\n<p>El intercambiador incluye un termopar que mide continuamente la temperatura del fluido dentro del recipiente e incluye tambi\u00e9n un agitador de velocidad variable para probar los efectos en el intercambiador de calor.<\/p>\n","protected":false},"excerpt":{"rendered":"<p>Este tipo de intercambiador de calor se utiliza com\u00fanmente en las industrias de procesos y qu\u00edmicas, cuando se requiere una temperatura de fluido bien definida. El intercambiador puede funcionar con un recipiente de doble pared o un tubo en espiral; el m\u00f3dulo tambi\u00e9n puede funcionar con un flujo continuo en el recipiente o calentar una [&hellip;]<\/p>\n","protected":false},"featured_media":64128,"template":"","meta":{"_acf_changed":false},"product_brand":[],"product_cat":[405],"product_tag":[],"class_list":{"0":"post-12215","1":"product","2":"type-product","3":"status-publish","4":"has-post-thumbnail","6":"product_cat-la-transferencia-de-calor","8":"first","9":"instock","10":"shipping-taxable","11":"product-type-simple"},"acf":[],"yoast_head":"<!-- This site is optimized with the Yoast SEO plugin v27.4 - https:\/\/yoast.com\/product\/yoast-seo-wordpress\/ -->\n<title>RECIPIENTE RECUBIERTO CON INTERCAMBIADOR DE CALOR DE AGITADOR Y BOBINA - De Lorenzo Training &amp; Didactical Equipment<\/title>\n<meta name=\"robots\" content=\"index, follow, max-snippet:-1, max-image-preview:large, max-video-preview:-1\" \/>\n<link rel=\"canonical\" href=\"https:\/\/delorenzoglobal.com\/es\/producto\/recipiente-recubierto-con-intercambiador-de-calor-de-agitador-y-bobina\/\" \/>\n<meta property=\"og:locale\" content=\"es_ES\" \/>\n<meta property=\"og:type\" content=\"article\" \/>\n<meta property=\"og:title\" content=\"RECIPIENTE RECUBIERTO CON INTERCAMBIADOR DE CALOR DE AGITADOR Y BOBINA - De Lorenzo Training &amp; Didactical Equipment\" \/>\n<meta property=\"og:description\" content=\"Este tipo de intercambiador de calor se utiliza com\u00fanmente en las industrias de procesos y qu\u00edmicas, cuando se requiere una temperatura de fluido bien definida. El intercambiador puede funcionar con un recipiente de doble pared o un tubo en espiral; el m\u00f3dulo tambi\u00e9n puede funcionar con un flujo continuo en el recipiente o calentar una [&hellip;]\" \/>\n<meta property=\"og:url\" content=\"https:\/\/delorenzoglobal.com\/es\/producto\/recipiente-recubierto-con-intercambiador-de-calor-de-agitador-y-bobina\/\" \/>\n<meta property=\"og:site_name\" content=\"De Lorenzo Training &amp; Didactical Equipment\" \/>\n<meta property=\"article:modified_time\" content=\"2025-10-06T12:09:39+00:00\" \/>\n<meta property=\"og:image\" content=\"https:\/\/delorenzoglobal.com\/wp-content\/uploads\/2024\/04\/DL-DKC015-2.jpg\" \/>\n\t<meta property=\"og:image:width\" content=\"408\" \/>\n\t<meta property=\"og:image:height\" content=\"369\" \/>\n\t<meta property=\"og:image:type\" content=\"image\/jpeg\" \/>\n<meta name=\"twitter:card\" content=\"summary_large_image\" \/>\n<meta name=\"twitter:label1\" content=\"Tiempo de lectura\" \/>\n\t<meta name=\"twitter:data1\" content=\"1 minuto\" \/>\n<script type=\"application\/ld+json\" class=\"yoast-schema-graph\">{\"@context\":\"https:\\\/\\\/schema.org\",\"@graph\":[{\"@type\":\"WebPage\",\"@id\":\"https:\\\/\\\/delorenzoglobal.com\\\/es\\\/producto\\\/recipiente-recubierto-con-intercambiador-de-calor-de-agitador-y-bobina\\\/\",\"url\":\"https:\\\/\\\/delorenzoglobal.com\\\/es\\\/producto\\\/recipiente-recubierto-con-intercambiador-de-calor-de-agitador-y-bobina\\\/\",\"name\":\"RECIPIENTE RECUBIERTO CON INTERCAMBIADOR DE CALOR DE AGITADOR Y BOBINA - De Lorenzo Training &amp; Didactical Equipment\",\"isPartOf\":{\"@id\":\"https:\\\/\\\/delorenzoglobal.com\\\/es\\\/#website\"},\"primaryImageOfPage\":{\"@id\":\"https:\\\/\\\/delorenzoglobal.com\\\/es\\\/producto\\\/recipiente-recubierto-con-intercambiador-de-calor-de-agitador-y-bobina\\\/#primaryimage\"},\"image\":{\"@id\":\"https:\\\/\\\/delorenzoglobal.com\\\/es\\\/producto\\\/recipiente-recubierto-con-intercambiador-de-calor-de-agitador-y-bobina\\\/#primaryimage\"},\"thumbnailUrl\":\"https:\\\/\\\/delorenzoglobal.com\\\/wp-content\\\/uploads\\\/2024\\\/04\\\/DL-DKC015-3.jpg\",\"datePublished\":\"2024-04-19T13:19:46+00:00\",\"dateModified\":\"2025-10-06T12:09:39+00:00\",\"breadcrumb\":{\"@id\":\"https:\\\/\\\/delorenzoglobal.com\\\/es\\\/producto\\\/recipiente-recubierto-con-intercambiador-de-calor-de-agitador-y-bobina\\\/#breadcrumb\"},\"inLanguage\":\"es\",\"potentialAction\":[{\"@type\":\"ReadAction\",\"target\":[\"https:\\\/\\\/delorenzoglobal.com\\\/es\\\/producto\\\/recipiente-recubierto-con-intercambiador-de-calor-de-agitador-y-bobina\\\/\"]}]},{\"@type\":\"ImageObject\",\"inLanguage\":\"es\",\"@id\":\"https:\\\/\\\/delorenzoglobal.com\\\/es\\\/producto\\\/recipiente-recubierto-con-intercambiador-de-calor-de-agitador-y-bobina\\\/#primaryimage\",\"url\":\"https:\\\/\\\/delorenzoglobal.com\\\/wp-content\\\/uploads\\\/2024\\\/04\\\/DL-DKC015-3.jpg\",\"contentUrl\":\"https:\\\/\\\/delorenzoglobal.com\\\/wp-content\\\/uploads\\\/2024\\\/04\\\/DL-DKC015-3.jpg\",\"width\":635,\"height\":628},{\"@type\":\"BreadcrumbList\",\"@id\":\"https:\\\/\\\/delorenzoglobal.com\\\/es\\\/producto\\\/recipiente-recubierto-con-intercambiador-de-calor-de-agitador-y-bobina\\\/#breadcrumb\",\"itemListElement\":[{\"@type\":\"ListItem\",\"position\":1,\"name\":\"Home\",\"item\":\"https:\\\/\\\/delorenzoglobal.com\\\/es\\\/\"},{\"@type\":\"ListItem\",\"position\":2,\"name\":\"Tienda\",\"item\":\"https:\\\/\\\/delorenzoglobal.com\\\/es\\\/tienda\\\/\"},{\"@type\":\"ListItem\",\"position\":3,\"name\":\"RECIPIENTE RECUBIERTO CON INTERCAMBIADOR DE CALOR DE AGITADOR Y BOBINA\"}]},{\"@type\":\"WebSite\",\"@id\":\"https:\\\/\\\/delorenzoglobal.com\\\/es\\\/#website\",\"url\":\"https:\\\/\\\/delorenzoglobal.com\\\/es\\\/\",\"name\":\"De Lorenzo Training &amp; Didactical Equipment\",\"description\":\"\",\"potentialAction\":[{\"@type\":\"SearchAction\",\"target\":{\"@type\":\"EntryPoint\",\"urlTemplate\":\"https:\\\/\\\/delorenzoglobal.com\\\/es\\\/?s={search_term_string}\"},\"query-input\":{\"@type\":\"PropertyValueSpecification\",\"valueRequired\":true,\"valueName\":\"search_term_string\"}}],\"inLanguage\":\"es\"}]}<\/script>\n<!-- \/ Yoast SEO plugin. -->","yoast_head_json":{"title":"RECIPIENTE RECUBIERTO CON INTERCAMBIADOR DE CALOR DE AGITADOR Y BOBINA - De Lorenzo Training &amp; Didactical Equipment","robots":{"index":"index","follow":"follow","max-snippet":"max-snippet:-1","max-image-preview":"max-image-preview:large","max-video-preview":"max-video-preview:-1"},"canonical":"https:\/\/delorenzoglobal.com\/es\/producto\/recipiente-recubierto-con-intercambiador-de-calor-de-agitador-y-bobina\/","og_locale":"es_ES","og_type":"article","og_title":"RECIPIENTE RECUBIERTO CON INTERCAMBIADOR DE CALOR DE AGITADOR Y BOBINA - De Lorenzo Training &amp; Didactical Equipment","og_description":"Este tipo de intercambiador de calor se utiliza com\u00fanmente en las industrias de procesos y qu\u00edmicas, cuando se requiere una temperatura de fluido bien definida. El intercambiador puede funcionar con un recipiente de doble pared o un tubo en espiral; el m\u00f3dulo tambi\u00e9n puede funcionar con un flujo continuo en el recipiente o calentar una [&hellip;]","og_url":"https:\/\/delorenzoglobal.com\/es\/producto\/recipiente-recubierto-con-intercambiador-de-calor-de-agitador-y-bobina\/","og_site_name":"De Lorenzo Training &amp; Didactical Equipment","article_modified_time":"2025-10-06T12:09:39+00:00","og_image":[{"width":408,"height":369,"url":"https:\/\/delorenzoglobal.com\/wp-content\/uploads\/2024\/04\/DL-DKC015-2.jpg","type":"image\/jpeg"}],"twitter_card":"summary_large_image","twitter_misc":{"Tiempo de lectura":"1 minuto"},"schema":{"@context":"https:\/\/schema.org","@graph":[{"@type":"WebPage","@id":"https:\/\/delorenzoglobal.com\/es\/producto\/recipiente-recubierto-con-intercambiador-de-calor-de-agitador-y-bobina\/","url":"https:\/\/delorenzoglobal.com\/es\/producto\/recipiente-recubierto-con-intercambiador-de-calor-de-agitador-y-bobina\/","name":"RECIPIENTE RECUBIERTO CON INTERCAMBIADOR DE CALOR DE AGITADOR Y BOBINA - De Lorenzo Training &amp; Didactical Equipment","isPartOf":{"@id":"https:\/\/delorenzoglobal.com\/es\/#website"},"primaryImageOfPage":{"@id":"https:\/\/delorenzoglobal.com\/es\/producto\/recipiente-recubierto-con-intercambiador-de-calor-de-agitador-y-bobina\/#primaryimage"},"image":{"@id":"https:\/\/delorenzoglobal.com\/es\/producto\/recipiente-recubierto-con-intercambiador-de-calor-de-agitador-y-bobina\/#primaryimage"},"thumbnailUrl":"https:\/\/delorenzoglobal.com\/wp-content\/uploads\/2024\/04\/DL-DKC015-3.jpg","datePublished":"2024-04-19T13:19:46+00:00","dateModified":"2025-10-06T12:09:39+00:00","breadcrumb":{"@id":"https:\/\/delorenzoglobal.com\/es\/producto\/recipiente-recubierto-con-intercambiador-de-calor-de-agitador-y-bobina\/#breadcrumb"},"inLanguage":"es","potentialAction":[{"@type":"ReadAction","target":["https:\/\/delorenzoglobal.com\/es\/producto\/recipiente-recubierto-con-intercambiador-de-calor-de-agitador-y-bobina\/"]}]},{"@type":"ImageObject","inLanguage":"es","@id":"https:\/\/delorenzoglobal.com\/es\/producto\/recipiente-recubierto-con-intercambiador-de-calor-de-agitador-y-bobina\/#primaryimage","url":"https:\/\/delorenzoglobal.com\/wp-content\/uploads\/2024\/04\/DL-DKC015-3.jpg","contentUrl":"https:\/\/delorenzoglobal.com\/wp-content\/uploads\/2024\/04\/DL-DKC015-3.jpg","width":635,"height":628},{"@type":"BreadcrumbList","@id":"https:\/\/delorenzoglobal.com\/es\/producto\/recipiente-recubierto-con-intercambiador-de-calor-de-agitador-y-bobina\/#breadcrumb","itemListElement":[{"@type":"ListItem","position":1,"name":"Home","item":"https:\/\/delorenzoglobal.com\/es\/"},{"@type":"ListItem","position":2,"name":"Tienda","item":"https:\/\/delorenzoglobal.com\/es\/tienda\/"},{"@type":"ListItem","position":3,"name":"RECIPIENTE RECUBIERTO CON INTERCAMBIADOR DE CALOR DE AGITADOR Y BOBINA"}]},{"@type":"WebSite","@id":"https:\/\/delorenzoglobal.com\/es\/#website","url":"https:\/\/delorenzoglobal.com\/es\/","name":"De Lorenzo Training &amp; Didactical Equipment","description":"","potentialAction":[{"@type":"SearchAction","target":{"@type":"EntryPoint","urlTemplate":"https:\/\/delorenzoglobal.com\/es\/?s={search_term_string}"},"query-input":{"@type":"PropertyValueSpecification","valueRequired":true,"valueName":"search_term_string"}}],"inLanguage":"es"}]}},"_links":{"self":[{"href":"https:\/\/delorenzoglobal.com\/es\/wp-json\/wp\/v2\/product\/12215","targetHints":{"allow":["GET"]}}],"collection":[{"href":"https:\/\/delorenzoglobal.com\/es\/wp-json\/wp\/v2\/product"}],"about":[{"href":"https:\/\/delorenzoglobal.com\/es\/wp-json\/wp\/v2\/types\/product"}],"wp:featuredmedia":[{"embeddable":true,"href":"https:\/\/delorenzoglobal.com\/es\/wp-json\/wp\/v2\/media\/64128"}],"wp:attachment":[{"href":"https:\/\/delorenzoglobal.com\/es\/wp-json\/wp\/v2\/media?parent=12215"}],"wp:term":[{"taxonomy":"product_brand","embeddable":true,"href":"https:\/\/delorenzoglobal.com\/es\/wp-json\/wp\/v2\/product_brand?post=12215"},{"taxonomy":"product_cat","embeddable":true,"href":"https:\/\/delorenzoglobal.com\/es\/wp-json\/wp\/v2\/product_cat?post=12215"},{"taxonomy":"product_tag","embeddable":true,"href":"https:\/\/delorenzoglobal.com\/es\/wp-json\/wp\/v2\/product_tag?post=12215"}],"curies":[{"name":"wp","href":"https:\/\/api.w.org\/{rel}","templated":true}]}}