{"id":12026,"date":"2024-04-19T14:30:28","date_gmt":"2024-04-19T12:30:28","guid":{"rendered":"https:\/\/delorenzoglobal.com\/?post_type=product&#038;p=12026"},"modified":"2025-01-22T16:07:40","modified_gmt":"2025-01-22T15:07:40","slug":"liquido-extraccion-de-liquido","status":"publish","type":"product","link":"https:\/\/delorenzoglobal.com\/es\/producto\/liquido-extraccion-de-liquido\/","title":{"rendered":"L\u00cdQUIDO \u2013 EXTRACCI\u00d3N L\u00cdQUIDA"},"content":{"rendered":"<p>Cuando la separaci\u00f3n por destilaci\u00f3n es ineficaz o impr\u00e1ctica, la extracci\u00f3n l\u00edquido-l\u00edquido es una de las alternativas a considerar.<\/p>\n<p>Esta planta permite realizar una operaci\u00f3n de transferencia de materia basada en la disoluci\u00f3n de uno o m\u00e1s componentes de una mezcla l\u00edquida en un solvente selectivo, inmiscible con el l\u00edquido.<\/p>\n","protected":false},"excerpt":{"rendered":"<p>Cuando la separaci\u00f3n por destilaci\u00f3n es ineficaz o impr\u00e1ctica, la extracci\u00f3n l\u00edquido-l\u00edquido es una de las alternativas a considerar. Esta planta permite realizar una operaci\u00f3n de transferencia de materia basada en la disoluci\u00f3n de uno o m\u00e1s componentes de una mezcla l\u00edquida en un solvente selectivo, inmiscible con el l\u00edquido.<\/p>\n","protected":false},"featured_media":12121,"template":"","meta":{"_acf_changed":false},"product_brand":[],"product_cat":[411],"product_tag":[],"class_list":{"0":"post-12026","1":"product","2":"type-product","3":"status-publish","4":"has-post-thumbnail","6":"product_cat-quimica-industrial-2","8":"first","9":"instock","10":"shipping-taxable","11":"product-type-simple"},"acf":[],"yoast_head":"<!-- This site is optimized with the Yoast SEO plugin v27.4 - https:\/\/yoast.com\/product\/yoast-seo-wordpress\/ -->\n<title>L\u00cdQUIDO \u2013 EXTRACCI\u00d3N L\u00cdQUIDA - De Lorenzo Training &amp; Didactical Equipment<\/title>\n<meta name=\"robots\" content=\"index, follow, max-snippet:-1, max-image-preview:large, max-video-preview:-1\" \/>\n<link rel=\"canonical\" href=\"https:\/\/delorenzoglobal.com\/es\/producto\/liquido-extraccion-de-liquido\/\" \/>\n<meta property=\"og:locale\" content=\"es_ES\" \/>\n<meta property=\"og:type\" content=\"article\" \/>\n<meta property=\"og:title\" content=\"L\u00cdQUIDO \u2013 EXTRACCI\u00d3N L\u00cdQUIDA - De Lorenzo Training &amp; Didactical Equipment\" \/>\n<meta property=\"og:description\" content=\"Cuando la separaci\u00f3n por destilaci\u00f3n es ineficaz o impr\u00e1ctica, la extracci\u00f3n l\u00edquido-l\u00edquido es una de las alternativas a considerar. Esta planta permite realizar una operaci\u00f3n de transferencia de materia basada en la disoluci\u00f3n de uno o m\u00e1s componentes de una mezcla l\u00edquida en un solvente selectivo, inmiscible con el l\u00edquido.\" \/>\n<meta property=\"og:url\" content=\"https:\/\/delorenzoglobal.com\/es\/producto\/liquido-extraccion-de-liquido\/\" \/>\n<meta property=\"og:site_name\" content=\"De Lorenzo Training &amp; Didactical Equipment\" \/>\n<meta property=\"article:modified_time\" content=\"2025-01-22T15:07:40+00:00\" \/>\n<meta property=\"og:image\" content=\"https:\/\/delorenzoglobal.com\/wp-content\/uploads\/2024\/04\/DL-CH15.png\" \/>\n\t<meta property=\"og:image:width\" content=\"408\" \/>\n\t<meta property=\"og:image:height\" content=\"388\" \/>\n\t<meta property=\"og:image:type\" content=\"image\/png\" \/>\n<meta name=\"twitter:card\" content=\"summary_large_image\" \/>\n<meta name=\"twitter:label1\" content=\"Tiempo de lectura\" \/>\n\t<meta name=\"twitter:data1\" content=\"1 minuto\" \/>\n<script type=\"application\/ld+json\" class=\"yoast-schema-graph\">{\"@context\":\"https:\\\/\\\/schema.org\",\"@graph\":[{\"@type\":\"WebPage\",\"@id\":\"https:\\\/\\\/delorenzoglobal.com\\\/es\\\/producto\\\/liquido-extraccion-de-liquido\\\/\",\"url\":\"https:\\\/\\\/delorenzoglobal.com\\\/es\\\/producto\\\/liquido-extraccion-de-liquido\\\/\",\"name\":\"L\u00cdQUIDO \u2013 EXTRACCI\u00d3N L\u00cdQUIDA - De Lorenzo Training &amp; Didactical Equipment\",\"isPartOf\":{\"@id\":\"https:\\\/\\\/delorenzoglobal.com\\\/es\\\/#website\"},\"primaryImageOfPage\":{\"@id\":\"https:\\\/\\\/delorenzoglobal.com\\\/es\\\/producto\\\/liquido-extraccion-de-liquido\\\/#primaryimage\"},\"image\":{\"@id\":\"https:\\\/\\\/delorenzoglobal.com\\\/es\\\/producto\\\/liquido-extraccion-de-liquido\\\/#primaryimage\"},\"thumbnailUrl\":\"https:\\\/\\\/delorenzoglobal.com\\\/wp-content\\\/uploads\\\/2024\\\/04\\\/DL-CH15.png\",\"datePublished\":\"2024-04-19T12:30:28+00:00\",\"dateModified\":\"2025-01-22T15:07:40+00:00\",\"breadcrumb\":{\"@id\":\"https:\\\/\\\/delorenzoglobal.com\\\/es\\\/producto\\\/liquido-extraccion-de-liquido\\\/#breadcrumb\"},\"inLanguage\":\"es\",\"potentialAction\":[{\"@type\":\"ReadAction\",\"target\":[\"https:\\\/\\\/delorenzoglobal.com\\\/es\\\/producto\\\/liquido-extraccion-de-liquido\\\/\"]}]},{\"@type\":\"ImageObject\",\"inLanguage\":\"es\",\"@id\":\"https:\\\/\\\/delorenzoglobal.com\\\/es\\\/producto\\\/liquido-extraccion-de-liquido\\\/#primaryimage\",\"url\":\"https:\\\/\\\/delorenzoglobal.com\\\/wp-content\\\/uploads\\\/2024\\\/04\\\/DL-CH15.png\",\"contentUrl\":\"https:\\\/\\\/delorenzoglobal.com\\\/wp-content\\\/uploads\\\/2024\\\/04\\\/DL-CH15.png\",\"width\":408,\"height\":388},{\"@type\":\"BreadcrumbList\",\"@id\":\"https:\\\/\\\/delorenzoglobal.com\\\/es\\\/producto\\\/liquido-extraccion-de-liquido\\\/#breadcrumb\",\"itemListElement\":[{\"@type\":\"ListItem\",\"position\":1,\"name\":\"Home\",\"item\":\"https:\\\/\\\/delorenzoglobal.com\\\/es\\\/\"},{\"@type\":\"ListItem\",\"position\":2,\"name\":\"Tienda\",\"item\":\"https:\\\/\\\/delorenzoglobal.com\\\/es\\\/tienda\\\/\"},{\"@type\":\"ListItem\",\"position\":3,\"name\":\"L\u00cdQUIDO \u2013 EXTRACCI\u00d3N L\u00cdQUIDA\"}]},{\"@type\":\"WebSite\",\"@id\":\"https:\\\/\\\/delorenzoglobal.com\\\/es\\\/#website\",\"url\":\"https:\\\/\\\/delorenzoglobal.com\\\/es\\\/\",\"name\":\"De Lorenzo Training &amp; Didactical Equipment\",\"description\":\"\",\"potentialAction\":[{\"@type\":\"SearchAction\",\"target\":{\"@type\":\"EntryPoint\",\"urlTemplate\":\"https:\\\/\\\/delorenzoglobal.com\\\/es\\\/?s={search_term_string}\"},\"query-input\":{\"@type\":\"PropertyValueSpecification\",\"valueRequired\":true,\"valueName\":\"search_term_string\"}}],\"inLanguage\":\"es\"}]}<\/script>\n<!-- \/ Yoast SEO plugin. -->","yoast_head_json":{"title":"L\u00cdQUIDO \u2013 EXTRACCI\u00d3N L\u00cdQUIDA - De Lorenzo Training &amp; Didactical Equipment","robots":{"index":"index","follow":"follow","max-snippet":"max-snippet:-1","max-image-preview":"max-image-preview:large","max-video-preview":"max-video-preview:-1"},"canonical":"https:\/\/delorenzoglobal.com\/es\/producto\/liquido-extraccion-de-liquido\/","og_locale":"es_ES","og_type":"article","og_title":"L\u00cdQUIDO \u2013 EXTRACCI\u00d3N L\u00cdQUIDA - De Lorenzo Training &amp; Didactical Equipment","og_description":"Cuando la separaci\u00f3n por destilaci\u00f3n es ineficaz o impr\u00e1ctica, la extracci\u00f3n l\u00edquido-l\u00edquido es una de las alternativas a considerar. Esta planta permite realizar una operaci\u00f3n de transferencia de materia basada en la disoluci\u00f3n de uno o m\u00e1s componentes de una mezcla l\u00edquida en un solvente selectivo, inmiscible con el l\u00edquido.","og_url":"https:\/\/delorenzoglobal.com\/es\/producto\/liquido-extraccion-de-liquido\/","og_site_name":"De Lorenzo Training &amp; Didactical Equipment","article_modified_time":"2025-01-22T15:07:40+00:00","og_image":[{"width":408,"height":388,"url":"https:\/\/delorenzoglobal.com\/wp-content\/uploads\/2024\/04\/DL-CH15.png","type":"image\/png"}],"twitter_card":"summary_large_image","twitter_misc":{"Tiempo de lectura":"1 minuto"},"schema":{"@context":"https:\/\/schema.org","@graph":[{"@type":"WebPage","@id":"https:\/\/delorenzoglobal.com\/es\/producto\/liquido-extraccion-de-liquido\/","url":"https:\/\/delorenzoglobal.com\/es\/producto\/liquido-extraccion-de-liquido\/","name":"L\u00cdQUIDO \u2013 EXTRACCI\u00d3N L\u00cdQUIDA - De Lorenzo Training &amp; Didactical Equipment","isPartOf":{"@id":"https:\/\/delorenzoglobal.com\/es\/#website"},"primaryImageOfPage":{"@id":"https:\/\/delorenzoglobal.com\/es\/producto\/liquido-extraccion-de-liquido\/#primaryimage"},"image":{"@id":"https:\/\/delorenzoglobal.com\/es\/producto\/liquido-extraccion-de-liquido\/#primaryimage"},"thumbnailUrl":"https:\/\/delorenzoglobal.com\/wp-content\/uploads\/2024\/04\/DL-CH15.png","datePublished":"2024-04-19T12:30:28+00:00","dateModified":"2025-01-22T15:07:40+00:00","breadcrumb":{"@id":"https:\/\/delorenzoglobal.com\/es\/producto\/liquido-extraccion-de-liquido\/#breadcrumb"},"inLanguage":"es","potentialAction":[{"@type":"ReadAction","target":["https:\/\/delorenzoglobal.com\/es\/producto\/liquido-extraccion-de-liquido\/"]}]},{"@type":"ImageObject","inLanguage":"es","@id":"https:\/\/delorenzoglobal.com\/es\/producto\/liquido-extraccion-de-liquido\/#primaryimage","url":"https:\/\/delorenzoglobal.com\/wp-content\/uploads\/2024\/04\/DL-CH15.png","contentUrl":"https:\/\/delorenzoglobal.com\/wp-content\/uploads\/2024\/04\/DL-CH15.png","width":408,"height":388},{"@type":"BreadcrumbList","@id":"https:\/\/delorenzoglobal.com\/es\/producto\/liquido-extraccion-de-liquido\/#breadcrumb","itemListElement":[{"@type":"ListItem","position":1,"name":"Home","item":"https:\/\/delorenzoglobal.com\/es\/"},{"@type":"ListItem","position":2,"name":"Tienda","item":"https:\/\/delorenzoglobal.com\/es\/tienda\/"},{"@type":"ListItem","position":3,"name":"L\u00cdQUIDO \u2013 EXTRACCI\u00d3N L\u00cdQUIDA"}]},{"@type":"WebSite","@id":"https:\/\/delorenzoglobal.com\/es\/#website","url":"https:\/\/delorenzoglobal.com\/es\/","name":"De Lorenzo Training &amp; Didactical Equipment","description":"","potentialAction":[{"@type":"SearchAction","target":{"@type":"EntryPoint","urlTemplate":"https:\/\/delorenzoglobal.com\/es\/?s={search_term_string}"},"query-input":{"@type":"PropertyValueSpecification","valueRequired":true,"valueName":"search_term_string"}}],"inLanguage":"es"}]}},"_links":{"self":[{"href":"https:\/\/delorenzoglobal.com\/es\/wp-json\/wp\/v2\/product\/12026","targetHints":{"allow":["GET"]}}],"collection":[{"href":"https:\/\/delorenzoglobal.com\/es\/wp-json\/wp\/v2\/product"}],"about":[{"href":"https:\/\/delorenzoglobal.com\/es\/wp-json\/wp\/v2\/types\/product"}],"wp:featuredmedia":[{"embeddable":true,"href":"https:\/\/delorenzoglobal.com\/es\/wp-json\/wp\/v2\/media\/12121"}],"wp:attachment":[{"href":"https:\/\/delorenzoglobal.com\/es\/wp-json\/wp\/v2\/media?parent=12026"}],"wp:term":[{"taxonomy":"product_brand","embeddable":true,"href":"https:\/\/delorenzoglobal.com\/es\/wp-json\/wp\/v2\/product_brand?post=12026"},{"taxonomy":"product_cat","embeddable":true,"href":"https:\/\/delorenzoglobal.com\/es\/wp-json\/wp\/v2\/product_cat?post=12026"},{"taxonomy":"product_tag","embeddable":true,"href":"https:\/\/delorenzoglobal.com\/es\/wp-json\/wp\/v2\/product_tag?post=12026"}],"curies":[{"name":"wp","href":"https:\/\/api.w.org\/{rel}","templated":true}]}}