{"id":11979,"date":"2024-04-19T13:58:50","date_gmt":"2024-04-19T11:58:50","guid":{"rendered":"https:\/\/delorenzoglobal.com\/?post_type=product&#038;p=11979"},"modified":"2025-09-08T16:50:24","modified_gmt":"2025-09-08T14:50:24","slug":"continuos-distillation","status":"publish","type":"product","link":"https:\/\/delorenzoglobal.com\/es\/producto\/continuos-distillation\/","title":{"rendered":"DESTILACI\u00d3N CONTINUA"},"content":{"rendered":"<p>La planta de destilaci\u00f3n continua permite el estudio de la remoci\u00f3n de un l\u00edquido vol\u00e1til para enriquecer un soluto; permite trabajar a presi\u00f3n atmosf\u00e9rica o en depresi\u00f3n.<\/p>\n<p>Con este equipo podemos realizar estudios cambiando las principales variables que inciden en el proceso de destilaci\u00f3n continua:<\/p>\n<ul>\n<li>Temperatura de alimentaci\u00f3n de entrada<\/li>\n<li>Poder de calefacci\u00f3n<\/li>\n<li>Entrada de l\u00edquido<\/li>\n<li>Presi\u00f3n de columna<\/li>\n<li>Proporci\u00f3n del reflujo<\/li>\n<li>Refrigeraci\u00f3n de entrada<\/li>\n<\/ul>\n","protected":false},"excerpt":{"rendered":"<p>La planta de destilaci\u00f3n continua permite el estudio de la remoci\u00f3n de un l\u00edquido vol\u00e1til para enriquecer un soluto; permite trabajar a presi\u00f3n atmosf\u00e9rica o en depresi\u00f3n. Con este equipo podemos realizar estudios cambiando las principales variables que inciden en el proceso de destilaci\u00f3n continua: Temperatura de alimentaci\u00f3n de entrada Poder de calefacci\u00f3n Entrada de [&hellip;]<\/p>\n","protected":false},"featured_media":12134,"template":"","meta":{"_acf_changed":false},"product_brand":[],"product_cat":[411],"product_tag":[],"class_list":{"0":"post-11979","1":"product","2":"type-product","3":"status-publish","4":"has-post-thumbnail","6":"product_cat-quimica-industrial-2","8":"first","9":"instock","10":"shipping-taxable","11":"product-type-simple"},"acf":[],"yoast_head":"<!-- This site is optimized with the Yoast SEO plugin v27.4 - https:\/\/yoast.com\/product\/yoast-seo-wordpress\/ -->\n<title>DESTILACI\u00d3N CONTINUA - De Lorenzo Training &amp; Didactical Equipment<\/title>\n<meta name=\"robots\" content=\"index, follow, max-snippet:-1, max-image-preview:large, max-video-preview:-1\" \/>\n<link rel=\"canonical\" href=\"https:\/\/delorenzoglobal.com\/es\/producto\/continuos-distillation\/\" \/>\n<meta property=\"og:locale\" content=\"es_ES\" \/>\n<meta property=\"og:type\" content=\"article\" \/>\n<meta property=\"og:title\" content=\"DESTILACI\u00d3N CONTINUA - De Lorenzo Training &amp; Didactical Equipment\" \/>\n<meta property=\"og:description\" content=\"La planta de destilaci\u00f3n continua permite el estudio de la remoci\u00f3n de un l\u00edquido vol\u00e1til para enriquecer un soluto; permite trabajar a presi\u00f3n atmosf\u00e9rica o en depresi\u00f3n. Con este equipo podemos realizar estudios cambiando las principales variables que inciden en el proceso de destilaci\u00f3n continua: Temperatura de alimentaci\u00f3n de entrada Poder de calefacci\u00f3n Entrada de [&hellip;]\" \/>\n<meta property=\"og:url\" content=\"https:\/\/delorenzoglobal.com\/es\/producto\/continuos-distillation\/\" \/>\n<meta property=\"og:site_name\" content=\"De Lorenzo Training &amp; Didactical Equipment\" \/>\n<meta property=\"article:modified_time\" content=\"2025-09-08T14:50:24+00:00\" \/>\n<meta property=\"og:image\" content=\"https:\/\/delorenzoglobal.com\/wp-content\/uploads\/2024\/04\/DL-CH13.png\" \/>\n\t<meta property=\"og:image:width\" content=\"373\" \/>\n\t<meta property=\"og:image:height\" content=\"408\" \/>\n\t<meta property=\"og:image:type\" content=\"image\/png\" \/>\n<meta name=\"twitter:card\" content=\"summary_large_image\" \/>\n<meta name=\"twitter:label1\" content=\"Tiempo de lectura\" \/>\n\t<meta name=\"twitter:data1\" content=\"1 minuto\" \/>\n<script type=\"application\/ld+json\" class=\"yoast-schema-graph\">{\"@context\":\"https:\\\/\\\/schema.org\",\"@graph\":[{\"@type\":\"WebPage\",\"@id\":\"https:\\\/\\\/delorenzoglobal.com\\\/es\\\/producto\\\/continuos-distillation\\\/\",\"url\":\"https:\\\/\\\/delorenzoglobal.com\\\/es\\\/producto\\\/continuos-distillation\\\/\",\"name\":\"DESTILACI\u00d3N CONTINUA - De Lorenzo Training &amp; Didactical Equipment\",\"isPartOf\":{\"@id\":\"https:\\\/\\\/delorenzoglobal.com\\\/es\\\/#website\"},\"primaryImageOfPage\":{\"@id\":\"https:\\\/\\\/delorenzoglobal.com\\\/es\\\/producto\\\/continuos-distillation\\\/#primaryimage\"},\"image\":{\"@id\":\"https:\\\/\\\/delorenzoglobal.com\\\/es\\\/producto\\\/continuos-distillation\\\/#primaryimage\"},\"thumbnailUrl\":\"https:\\\/\\\/delorenzoglobal.com\\\/wp-content\\\/uploads\\\/2024\\\/04\\\/DL-CH13.png\",\"datePublished\":\"2024-04-19T11:58:50+00:00\",\"dateModified\":\"2025-09-08T14:50:24+00:00\",\"breadcrumb\":{\"@id\":\"https:\\\/\\\/delorenzoglobal.com\\\/es\\\/producto\\\/continuos-distillation\\\/#breadcrumb\"},\"inLanguage\":\"es\",\"potentialAction\":[{\"@type\":\"ReadAction\",\"target\":[\"https:\\\/\\\/delorenzoglobal.com\\\/es\\\/producto\\\/continuos-distillation\\\/\"]}]},{\"@type\":\"ImageObject\",\"inLanguage\":\"es\",\"@id\":\"https:\\\/\\\/delorenzoglobal.com\\\/es\\\/producto\\\/continuos-distillation\\\/#primaryimage\",\"url\":\"https:\\\/\\\/delorenzoglobal.com\\\/wp-content\\\/uploads\\\/2024\\\/04\\\/DL-CH13.png\",\"contentUrl\":\"https:\\\/\\\/delorenzoglobal.com\\\/wp-content\\\/uploads\\\/2024\\\/04\\\/DL-CH13.png\",\"width\":373,\"height\":408},{\"@type\":\"BreadcrumbList\",\"@id\":\"https:\\\/\\\/delorenzoglobal.com\\\/es\\\/producto\\\/continuos-distillation\\\/#breadcrumb\",\"itemListElement\":[{\"@type\":\"ListItem\",\"position\":1,\"name\":\"Home\",\"item\":\"https:\\\/\\\/delorenzoglobal.com\\\/es\\\/\"},{\"@type\":\"ListItem\",\"position\":2,\"name\":\"Tienda\",\"item\":\"https:\\\/\\\/delorenzoglobal.com\\\/es\\\/tienda\\\/\"},{\"@type\":\"ListItem\",\"position\":3,\"name\":\"DESTILACI\u00d3N CONTINUA\"}]},{\"@type\":\"WebSite\",\"@id\":\"https:\\\/\\\/delorenzoglobal.com\\\/es\\\/#website\",\"url\":\"https:\\\/\\\/delorenzoglobal.com\\\/es\\\/\",\"name\":\"De Lorenzo Training &amp; Didactical Equipment\",\"description\":\"\",\"potentialAction\":[{\"@type\":\"SearchAction\",\"target\":{\"@type\":\"EntryPoint\",\"urlTemplate\":\"https:\\\/\\\/delorenzoglobal.com\\\/es\\\/?s={search_term_string}\"},\"query-input\":{\"@type\":\"PropertyValueSpecification\",\"valueRequired\":true,\"valueName\":\"search_term_string\"}}],\"inLanguage\":\"es\"}]}<\/script>\n<!-- \/ Yoast SEO plugin. -->","yoast_head_json":{"title":"DESTILACI\u00d3N CONTINUA - De Lorenzo Training &amp; Didactical Equipment","robots":{"index":"index","follow":"follow","max-snippet":"max-snippet:-1","max-image-preview":"max-image-preview:large","max-video-preview":"max-video-preview:-1"},"canonical":"https:\/\/delorenzoglobal.com\/es\/producto\/continuos-distillation\/","og_locale":"es_ES","og_type":"article","og_title":"DESTILACI\u00d3N CONTINUA - De Lorenzo Training &amp; Didactical Equipment","og_description":"La planta de destilaci\u00f3n continua permite el estudio de la remoci\u00f3n de un l\u00edquido vol\u00e1til para enriquecer un soluto; permite trabajar a presi\u00f3n atmosf\u00e9rica o en depresi\u00f3n. Con este equipo podemos realizar estudios cambiando las principales variables que inciden en el proceso de destilaci\u00f3n continua: Temperatura de alimentaci\u00f3n de entrada Poder de calefacci\u00f3n Entrada de [&hellip;]","og_url":"https:\/\/delorenzoglobal.com\/es\/producto\/continuos-distillation\/","og_site_name":"De Lorenzo Training &amp; Didactical Equipment","article_modified_time":"2025-09-08T14:50:24+00:00","og_image":[{"width":373,"height":408,"url":"https:\/\/delorenzoglobal.com\/wp-content\/uploads\/2024\/04\/DL-CH13.png","type":"image\/png"}],"twitter_card":"summary_large_image","twitter_misc":{"Tiempo de lectura":"1 minuto"},"schema":{"@context":"https:\/\/schema.org","@graph":[{"@type":"WebPage","@id":"https:\/\/delorenzoglobal.com\/es\/producto\/continuos-distillation\/","url":"https:\/\/delorenzoglobal.com\/es\/producto\/continuos-distillation\/","name":"DESTILACI\u00d3N CONTINUA - De Lorenzo Training &amp; Didactical Equipment","isPartOf":{"@id":"https:\/\/delorenzoglobal.com\/es\/#website"},"primaryImageOfPage":{"@id":"https:\/\/delorenzoglobal.com\/es\/producto\/continuos-distillation\/#primaryimage"},"image":{"@id":"https:\/\/delorenzoglobal.com\/es\/producto\/continuos-distillation\/#primaryimage"},"thumbnailUrl":"https:\/\/delorenzoglobal.com\/wp-content\/uploads\/2024\/04\/DL-CH13.png","datePublished":"2024-04-19T11:58:50+00:00","dateModified":"2025-09-08T14:50:24+00:00","breadcrumb":{"@id":"https:\/\/delorenzoglobal.com\/es\/producto\/continuos-distillation\/#breadcrumb"},"inLanguage":"es","potentialAction":[{"@type":"ReadAction","target":["https:\/\/delorenzoglobal.com\/es\/producto\/continuos-distillation\/"]}]},{"@type":"ImageObject","inLanguage":"es","@id":"https:\/\/delorenzoglobal.com\/es\/producto\/continuos-distillation\/#primaryimage","url":"https:\/\/delorenzoglobal.com\/wp-content\/uploads\/2024\/04\/DL-CH13.png","contentUrl":"https:\/\/delorenzoglobal.com\/wp-content\/uploads\/2024\/04\/DL-CH13.png","width":373,"height":408},{"@type":"BreadcrumbList","@id":"https:\/\/delorenzoglobal.com\/es\/producto\/continuos-distillation\/#breadcrumb","itemListElement":[{"@type":"ListItem","position":1,"name":"Home","item":"https:\/\/delorenzoglobal.com\/es\/"},{"@type":"ListItem","position":2,"name":"Tienda","item":"https:\/\/delorenzoglobal.com\/es\/tienda\/"},{"@type":"ListItem","position":3,"name":"DESTILACI\u00d3N CONTINUA"}]},{"@type":"WebSite","@id":"https:\/\/delorenzoglobal.com\/es\/#website","url":"https:\/\/delorenzoglobal.com\/es\/","name":"De Lorenzo Training &amp; Didactical Equipment","description":"","potentialAction":[{"@type":"SearchAction","target":{"@type":"EntryPoint","urlTemplate":"https:\/\/delorenzoglobal.com\/es\/?s={search_term_string}"},"query-input":{"@type":"PropertyValueSpecification","valueRequired":true,"valueName":"search_term_string"}}],"inLanguage":"es"}]}},"_links":{"self":[{"href":"https:\/\/delorenzoglobal.com\/es\/wp-json\/wp\/v2\/product\/11979","targetHints":{"allow":["GET"]}}],"collection":[{"href":"https:\/\/delorenzoglobal.com\/es\/wp-json\/wp\/v2\/product"}],"about":[{"href":"https:\/\/delorenzoglobal.com\/es\/wp-json\/wp\/v2\/types\/product"}],"wp:featuredmedia":[{"embeddable":true,"href":"https:\/\/delorenzoglobal.com\/es\/wp-json\/wp\/v2\/media\/12134"}],"wp:attachment":[{"href":"https:\/\/delorenzoglobal.com\/es\/wp-json\/wp\/v2\/media?parent=11979"}],"wp:term":[{"taxonomy":"product_brand","embeddable":true,"href":"https:\/\/delorenzoglobal.com\/es\/wp-json\/wp\/v2\/product_brand?post=11979"},{"taxonomy":"product_cat","embeddable":true,"href":"https:\/\/delorenzoglobal.com\/es\/wp-json\/wp\/v2\/product_cat?post=11979"},{"taxonomy":"product_tag","embeddable":true,"href":"https:\/\/delorenzoglobal.com\/es\/wp-json\/wp\/v2\/product_tag?post=11979"}],"curies":[{"name":"wp","href":"https:\/\/api.w.org\/{rel}","templated":true}]}}