{"id":11849,"date":"2024-04-19T10:42:05","date_gmt":"2024-04-19T08:42:05","guid":{"rendered":"https:\/\/delorenzoglobal.com\/?post_type=product&#038;p=11849"},"modified":"2026-02-02T16:58:14","modified_gmt":"2026-02-02T15:58:14","slug":"canal-miniatura-de-visualizacion-de-flujo","status":"publish","type":"product","link":"https:\/\/delorenzoglobal.com\/es\/producto\/canal-miniatura-de-visualizacion-de-flujo\/","title":{"rendered":"CANAL MINIATURA DE VISUALIZACI\u00d3N DE FLUJO"},"content":{"rendered":"<p>El canal miniatura de visualizaci\u00f3n de flujo permite estudiar el comportamiento de los fluidos en canales abiertos y las l\u00edneas de flujo que se forman alrededor de diferentes objetos sumergidos.<\/p>\n<p>El medio de servicio para los experimentos es el agua fluida.<br \/>\nPara que las l\u00edneas de flujo sean visibles durante la pr\u00e1ctica, se emplea tinta diluida en agua.<br \/>\nEsta combinaci\u00f3n de elementos junto con la caracter\u00edstica de que el canal es completamente transparente permite una visualizaci\u00f3n \u00f3ptima de las l\u00edneas de flujo.<\/p>\n<p>Aunque la forma y el tama\u00f1o del equipo est\u00e1n adaptados al equipo suministrador DL DKL 014, el equipo tambi\u00e9n puede ser utilizado independientemente a \u00e9ste.<\/p>\n<p>Se suministran diferentes cuerpos de vertedero y perfiles seg\u00fan formas variadas.<\/p>\n","protected":false},"excerpt":{"rendered":"<p>El canal miniatura de visualizaci\u00f3n de flujo permite estudiar el comportamiento de los fluidos en canales abiertos y las l\u00edneas de flujo que se forman alrededor de diferentes objetos sumergidos. El medio de servicio para los experimentos es el agua fluida. Para que las l\u00edneas de flujo sean visibles durante la pr\u00e1ctica, se emplea tinta [&hellip;]<\/p>\n","protected":false},"featured_media":62045,"template":"","meta":{"_acf_changed":false},"product_brand":[],"product_cat":[438],"product_tag":[],"class_list":{"0":"post-11849","1":"product","2":"type-product","3":"status-publish","4":"has-post-thumbnail","6":"product_cat-hidraulica-hidrologia-y-tratamiento-del-agua","8":"first","9":"instock","10":"shipping-taxable","11":"product-type-simple"},"acf":[],"yoast_head":"<!-- This site is optimized with the Yoast SEO plugin v27.4 - https:\/\/yoast.com\/product\/yoast-seo-wordpress\/ -->\n<title>CANAL MINIATURA DE VISUALIZACI\u00d3N DE FLUJO - De Lorenzo Training &amp; Didactical Equipment<\/title>\n<meta name=\"robots\" content=\"index, follow, max-snippet:-1, max-image-preview:large, max-video-preview:-1\" \/>\n<link rel=\"canonical\" href=\"https:\/\/delorenzoglobal.com\/es\/producto\/canal-miniatura-de-visualizacion-de-flujo\/\" \/>\n<meta property=\"og:locale\" content=\"es_ES\" \/>\n<meta property=\"og:type\" content=\"article\" \/>\n<meta property=\"og:title\" content=\"CANAL MINIATURA DE VISUALIZACI\u00d3N DE FLUJO - De Lorenzo Training &amp; Didactical Equipment\" \/>\n<meta property=\"og:description\" content=\"El canal miniatura de visualizaci\u00f3n de flujo permite estudiar el comportamiento de los fluidos en canales abiertos y las l\u00edneas de flujo que se forman alrededor de diferentes objetos sumergidos. El medio de servicio para los experimentos es el agua fluida. Para que las l\u00edneas de flujo sean visibles durante la pr\u00e1ctica, se emplea tinta [&hellip;]\" \/>\n<meta property=\"og:url\" content=\"https:\/\/delorenzoglobal.com\/es\/producto\/canal-miniatura-de-visualizacion-de-flujo\/\" \/>\n<meta property=\"og:site_name\" content=\"De Lorenzo Training &amp; Didactical Equipment\" \/>\n<meta property=\"article:modified_time\" content=\"2026-02-02T15:58:14+00:00\" \/>\n<meta property=\"og:image\" content=\"https:\/\/delorenzoglobal.com\/wp-content\/uploads\/2024\/04\/DL-DKL162-scaled.jpg\" \/>\n\t<meta property=\"og:image:width\" content=\"2560\" \/>\n\t<meta property=\"og:image:height\" content=\"2061\" \/>\n\t<meta property=\"og:image:type\" content=\"image\/jpeg\" \/>\n<meta name=\"twitter:card\" content=\"summary_large_image\" \/>\n<meta name=\"twitter:label1\" content=\"Tiempo de lectura\" \/>\n\t<meta name=\"twitter:data1\" content=\"1 minuto\" \/>\n<script type=\"application\/ld+json\" class=\"yoast-schema-graph\">{\"@context\":\"https:\\\/\\\/schema.org\",\"@graph\":[{\"@type\":\"WebPage\",\"@id\":\"https:\\\/\\\/delorenzoglobal.com\\\/es\\\/producto\\\/canal-miniatura-de-visualizacion-de-flujo\\\/\",\"url\":\"https:\\\/\\\/delorenzoglobal.com\\\/es\\\/producto\\\/canal-miniatura-de-visualizacion-de-flujo\\\/\",\"name\":\"CANAL MINIATURA DE VISUALIZACI\u00d3N DE FLUJO - De Lorenzo Training &amp; Didactical Equipment\",\"isPartOf\":{\"@id\":\"https:\\\/\\\/delorenzoglobal.com\\\/es\\\/#website\"},\"primaryImageOfPage\":{\"@id\":\"https:\\\/\\\/delorenzoglobal.com\\\/es\\\/producto\\\/canal-miniatura-de-visualizacion-de-flujo\\\/#primaryimage\"},\"image\":{\"@id\":\"https:\\\/\\\/delorenzoglobal.com\\\/es\\\/producto\\\/canal-miniatura-de-visualizacion-de-flujo\\\/#primaryimage\"},\"thumbnailUrl\":\"https:\\\/\\\/delorenzoglobal.com\\\/wp-content\\\/uploads\\\/2024\\\/04\\\/DL-DKL162-scaled.jpg\",\"datePublished\":\"2024-04-19T08:42:05+00:00\",\"dateModified\":\"2026-02-02T15:58:14+00:00\",\"breadcrumb\":{\"@id\":\"https:\\\/\\\/delorenzoglobal.com\\\/es\\\/producto\\\/canal-miniatura-de-visualizacion-de-flujo\\\/#breadcrumb\"},\"inLanguage\":\"es\",\"potentialAction\":[{\"@type\":\"ReadAction\",\"target\":[\"https:\\\/\\\/delorenzoglobal.com\\\/es\\\/producto\\\/canal-miniatura-de-visualizacion-de-flujo\\\/\"]}]},{\"@type\":\"ImageObject\",\"inLanguage\":\"es\",\"@id\":\"https:\\\/\\\/delorenzoglobal.com\\\/es\\\/producto\\\/canal-miniatura-de-visualizacion-de-flujo\\\/#primaryimage\",\"url\":\"https:\\\/\\\/delorenzoglobal.com\\\/wp-content\\\/uploads\\\/2024\\\/04\\\/DL-DKL162-scaled.jpg\",\"contentUrl\":\"https:\\\/\\\/delorenzoglobal.com\\\/wp-content\\\/uploads\\\/2024\\\/04\\\/DL-DKL162-scaled.jpg\",\"width\":2560,\"height\":2061},{\"@type\":\"BreadcrumbList\",\"@id\":\"https:\\\/\\\/delorenzoglobal.com\\\/es\\\/producto\\\/canal-miniatura-de-visualizacion-de-flujo\\\/#breadcrumb\",\"itemListElement\":[{\"@type\":\"ListItem\",\"position\":1,\"name\":\"Home\",\"item\":\"https:\\\/\\\/delorenzoglobal.com\\\/es\\\/\"},{\"@type\":\"ListItem\",\"position\":2,\"name\":\"Tienda\",\"item\":\"https:\\\/\\\/delorenzoglobal.com\\\/es\\\/tienda\\\/\"},{\"@type\":\"ListItem\",\"position\":3,\"name\":\"CANAL MINIATURA DE VISUALIZACI\u00d3N DE FLUJO\"}]},{\"@type\":\"WebSite\",\"@id\":\"https:\\\/\\\/delorenzoglobal.com\\\/es\\\/#website\",\"url\":\"https:\\\/\\\/delorenzoglobal.com\\\/es\\\/\",\"name\":\"De Lorenzo Training &amp; Didactical Equipment\",\"description\":\"\",\"potentialAction\":[{\"@type\":\"SearchAction\",\"target\":{\"@type\":\"EntryPoint\",\"urlTemplate\":\"https:\\\/\\\/delorenzoglobal.com\\\/es\\\/?s={search_term_string}\"},\"query-input\":{\"@type\":\"PropertyValueSpecification\",\"valueRequired\":true,\"valueName\":\"search_term_string\"}}],\"inLanguage\":\"es\"}]}<\/script>\n<!-- \/ Yoast SEO plugin. -->","yoast_head_json":{"title":"CANAL MINIATURA DE VISUALIZACI\u00d3N DE FLUJO - De Lorenzo Training &amp; Didactical Equipment","robots":{"index":"index","follow":"follow","max-snippet":"max-snippet:-1","max-image-preview":"max-image-preview:large","max-video-preview":"max-video-preview:-1"},"canonical":"https:\/\/delorenzoglobal.com\/es\/producto\/canal-miniatura-de-visualizacion-de-flujo\/","og_locale":"es_ES","og_type":"article","og_title":"CANAL MINIATURA DE VISUALIZACI\u00d3N DE FLUJO - De Lorenzo Training &amp; Didactical Equipment","og_description":"El canal miniatura de visualizaci\u00f3n de flujo permite estudiar el comportamiento de los fluidos en canales abiertos y las l\u00edneas de flujo que se forman alrededor de diferentes objetos sumergidos. El medio de servicio para los experimentos es el agua fluida. Para que las l\u00edneas de flujo sean visibles durante la pr\u00e1ctica, se emplea tinta [&hellip;]","og_url":"https:\/\/delorenzoglobal.com\/es\/producto\/canal-miniatura-de-visualizacion-de-flujo\/","og_site_name":"De Lorenzo Training &amp; Didactical Equipment","article_modified_time":"2026-02-02T15:58:14+00:00","og_image":[{"width":2560,"height":2061,"url":"https:\/\/delorenzoglobal.com\/wp-content\/uploads\/2024\/04\/DL-DKL162-scaled.jpg","type":"image\/jpeg"}],"twitter_card":"summary_large_image","twitter_misc":{"Tiempo de lectura":"1 minuto"},"schema":{"@context":"https:\/\/schema.org","@graph":[{"@type":"WebPage","@id":"https:\/\/delorenzoglobal.com\/es\/producto\/canal-miniatura-de-visualizacion-de-flujo\/","url":"https:\/\/delorenzoglobal.com\/es\/producto\/canal-miniatura-de-visualizacion-de-flujo\/","name":"CANAL MINIATURA DE VISUALIZACI\u00d3N DE FLUJO - De Lorenzo Training &amp; Didactical Equipment","isPartOf":{"@id":"https:\/\/delorenzoglobal.com\/es\/#website"},"primaryImageOfPage":{"@id":"https:\/\/delorenzoglobal.com\/es\/producto\/canal-miniatura-de-visualizacion-de-flujo\/#primaryimage"},"image":{"@id":"https:\/\/delorenzoglobal.com\/es\/producto\/canal-miniatura-de-visualizacion-de-flujo\/#primaryimage"},"thumbnailUrl":"https:\/\/delorenzoglobal.com\/wp-content\/uploads\/2024\/04\/DL-DKL162-scaled.jpg","datePublished":"2024-04-19T08:42:05+00:00","dateModified":"2026-02-02T15:58:14+00:00","breadcrumb":{"@id":"https:\/\/delorenzoglobal.com\/es\/producto\/canal-miniatura-de-visualizacion-de-flujo\/#breadcrumb"},"inLanguage":"es","potentialAction":[{"@type":"ReadAction","target":["https:\/\/delorenzoglobal.com\/es\/producto\/canal-miniatura-de-visualizacion-de-flujo\/"]}]},{"@type":"ImageObject","inLanguage":"es","@id":"https:\/\/delorenzoglobal.com\/es\/producto\/canal-miniatura-de-visualizacion-de-flujo\/#primaryimage","url":"https:\/\/delorenzoglobal.com\/wp-content\/uploads\/2024\/04\/DL-DKL162-scaled.jpg","contentUrl":"https:\/\/delorenzoglobal.com\/wp-content\/uploads\/2024\/04\/DL-DKL162-scaled.jpg","width":2560,"height":2061},{"@type":"BreadcrumbList","@id":"https:\/\/delorenzoglobal.com\/es\/producto\/canal-miniatura-de-visualizacion-de-flujo\/#breadcrumb","itemListElement":[{"@type":"ListItem","position":1,"name":"Home","item":"https:\/\/delorenzoglobal.com\/es\/"},{"@type":"ListItem","position":2,"name":"Tienda","item":"https:\/\/delorenzoglobal.com\/es\/tienda\/"},{"@type":"ListItem","position":3,"name":"CANAL MINIATURA DE VISUALIZACI\u00d3N DE FLUJO"}]},{"@type":"WebSite","@id":"https:\/\/delorenzoglobal.com\/es\/#website","url":"https:\/\/delorenzoglobal.com\/es\/","name":"De Lorenzo Training &amp; Didactical Equipment","description":"","potentialAction":[{"@type":"SearchAction","target":{"@type":"EntryPoint","urlTemplate":"https:\/\/delorenzoglobal.com\/es\/?s={search_term_string}"},"query-input":{"@type":"PropertyValueSpecification","valueRequired":true,"valueName":"search_term_string"}}],"inLanguage":"es"}]}},"_links":{"self":[{"href":"https:\/\/delorenzoglobal.com\/es\/wp-json\/wp\/v2\/product\/11849","targetHints":{"allow":["GET"]}}],"collection":[{"href":"https:\/\/delorenzoglobal.com\/es\/wp-json\/wp\/v2\/product"}],"about":[{"href":"https:\/\/delorenzoglobal.com\/es\/wp-json\/wp\/v2\/types\/product"}],"wp:featuredmedia":[{"embeddable":true,"href":"https:\/\/delorenzoglobal.com\/es\/wp-json\/wp\/v2\/media\/62045"}],"wp:attachment":[{"href":"https:\/\/delorenzoglobal.com\/es\/wp-json\/wp\/v2\/media?parent=11849"}],"wp:term":[{"taxonomy":"product_brand","embeddable":true,"href":"https:\/\/delorenzoglobal.com\/es\/wp-json\/wp\/v2\/product_brand?post=11849"},{"taxonomy":"product_cat","embeddable":true,"href":"https:\/\/delorenzoglobal.com\/es\/wp-json\/wp\/v2\/product_cat?post=11849"},{"taxonomy":"product_tag","embeddable":true,"href":"https:\/\/delorenzoglobal.com\/es\/wp-json\/wp\/v2\/product_tag?post=11849"}],"curies":[{"name":"wp","href":"https:\/\/api.w.org\/{rel}","templated":true}]}}