{"id":11831,"date":"2024-04-19T10:37:21","date_gmt":"2024-04-19T08:37:21","guid":{"rendered":"https:\/\/delorenzoglobal.com\/?post_type=product&#038;p=11831"},"modified":"2025-01-22T12:15:52","modified_gmt":"2025-01-22T11:15:52","slug":"estudio-de-sedimentacion","status":"publish","type":"product","link":"https:\/\/delorenzoglobal.com\/es\/producto\/estudio-de-sedimentacion\/","title":{"rendered":"ESTUDIO DE SEDIMENTACI\u00d3N"},"content":{"rendered":"<p>Para el estudio y la demostraci\u00f3n del fen\u00f3meno natural conocido como sedimentaci\u00f3n: las part\u00edculas contenidas en un fluido, ca\u00eddas por gravedad, se recogen en el fondo de un tanque.<\/p>\n<p>La sedimentaci\u00f3n se utiliza para aclarar toda el agua reduciendo la turbidez.<\/p>\n<p>Dependiendo de las caracter\u00edsticas de la suspensi\u00f3n (mezcla heterog\u00e9nea de part\u00edculas s\u00f3lidas dispersas en un fluido), las part\u00edculas pueden sedimentarse de diferentes maneras dependiendo de su densidad, su concentraci\u00f3n en la soluci\u00f3n y la densidad y viscosidad del fluido en el que se dispersan.<\/p>\n","protected":false},"excerpt":{"rendered":"<p>Para el estudio y la demostraci\u00f3n del fen\u00f3meno natural conocido como sedimentaci\u00f3n: las part\u00edculas contenidas en un fluido, ca\u00eddas por gravedad, se recogen en el fondo de un tanque. La sedimentaci\u00f3n se utiliza para aclarar toda el agua reduciendo la turbidez. Dependiendo de las caracter\u00edsticas de la suspensi\u00f3n (mezcla heterog\u00e9nea de part\u00edculas s\u00f3lidas dispersas en [&hellip;]<\/p>\n","protected":false},"featured_media":11824,"template":"","meta":{"_acf_changed":false},"product_brand":[],"product_cat":[438],"product_tag":[],"class_list":{"0":"post-11831","1":"product","2":"type-product","3":"status-publish","4":"has-post-thumbnail","6":"product_cat-hidraulica-hidrologia-y-tratamiento-del-agua","8":"first","9":"instock","10":"shipping-taxable","11":"product-type-simple"},"acf":[],"yoast_head":"<!-- This site is optimized with the Yoast SEO plugin v27.4 - https:\/\/yoast.com\/product\/yoast-seo-wordpress\/ -->\n<title>ESTUDIO DE SEDIMENTACI\u00d3N - De Lorenzo Training &amp; Didactical Equipment<\/title>\n<meta name=\"robots\" content=\"index, follow, max-snippet:-1, max-image-preview:large, max-video-preview:-1\" \/>\n<link rel=\"canonical\" href=\"https:\/\/delorenzoglobal.com\/es\/producto\/estudio-de-sedimentacion\/\" \/>\n<meta property=\"og:locale\" content=\"es_ES\" \/>\n<meta property=\"og:type\" content=\"article\" \/>\n<meta property=\"og:title\" content=\"ESTUDIO DE SEDIMENTACI\u00d3N - De Lorenzo Training &amp; Didactical Equipment\" \/>\n<meta property=\"og:description\" content=\"Para el estudio y la demostraci\u00f3n del fen\u00f3meno natural conocido como sedimentaci\u00f3n: las part\u00edculas contenidas en un fluido, ca\u00eddas por gravedad, se recogen en el fondo de un tanque. La sedimentaci\u00f3n se utiliza para aclarar toda el agua reduciendo la turbidez. Dependiendo de las caracter\u00edsticas de la suspensi\u00f3n (mezcla heterog\u00e9nea de part\u00edculas s\u00f3lidas dispersas en [&hellip;]\" \/>\n<meta property=\"og:url\" content=\"https:\/\/delorenzoglobal.com\/es\/producto\/estudio-de-sedimentacion\/\" \/>\n<meta property=\"og:site_name\" content=\"De Lorenzo Training &amp; Didactical Equipment\" \/>\n<meta property=\"article:modified_time\" content=\"2025-01-22T11:15:52+00:00\" \/>\n<meta property=\"og:image\" content=\"https:\/\/delorenzoglobal.com\/wp-content\/uploads\/2024\/04\/DL-DKT063-scaled.jpg\" \/>\n\t<meta property=\"og:image:width\" content=\"1710\" \/>\n\t<meta property=\"og:image:height\" content=\"2560\" \/>\n\t<meta property=\"og:image:type\" content=\"image\/jpeg\" \/>\n<meta name=\"twitter:card\" content=\"summary_large_image\" \/>\n<meta name=\"twitter:label1\" content=\"Tiempo de lectura\" \/>\n\t<meta name=\"twitter:data1\" content=\"1 minuto\" \/>\n<script type=\"application\/ld+json\" class=\"yoast-schema-graph\">{\"@context\":\"https:\\\/\\\/schema.org\",\"@graph\":[{\"@type\":\"WebPage\",\"@id\":\"https:\\\/\\\/delorenzoglobal.com\\\/es\\\/producto\\\/estudio-de-sedimentacion\\\/\",\"url\":\"https:\\\/\\\/delorenzoglobal.com\\\/es\\\/producto\\\/estudio-de-sedimentacion\\\/\",\"name\":\"ESTUDIO DE SEDIMENTACI\u00d3N - De Lorenzo Training &amp; Didactical Equipment\",\"isPartOf\":{\"@id\":\"https:\\\/\\\/delorenzoglobal.com\\\/es\\\/#website\"},\"primaryImageOfPage\":{\"@id\":\"https:\\\/\\\/delorenzoglobal.com\\\/es\\\/producto\\\/estudio-de-sedimentacion\\\/#primaryimage\"},\"image\":{\"@id\":\"https:\\\/\\\/delorenzoglobal.com\\\/es\\\/producto\\\/estudio-de-sedimentacion\\\/#primaryimage\"},\"thumbnailUrl\":\"https:\\\/\\\/delorenzoglobal.com\\\/wp-content\\\/uploads\\\/2024\\\/04\\\/DL-DKT063-scaled.jpg\",\"datePublished\":\"2024-04-19T08:37:21+00:00\",\"dateModified\":\"2025-01-22T11:15:52+00:00\",\"breadcrumb\":{\"@id\":\"https:\\\/\\\/delorenzoglobal.com\\\/es\\\/producto\\\/estudio-de-sedimentacion\\\/#breadcrumb\"},\"inLanguage\":\"es\",\"potentialAction\":[{\"@type\":\"ReadAction\",\"target\":[\"https:\\\/\\\/delorenzoglobal.com\\\/es\\\/producto\\\/estudio-de-sedimentacion\\\/\"]}]},{\"@type\":\"ImageObject\",\"inLanguage\":\"es\",\"@id\":\"https:\\\/\\\/delorenzoglobal.com\\\/es\\\/producto\\\/estudio-de-sedimentacion\\\/#primaryimage\",\"url\":\"https:\\\/\\\/delorenzoglobal.com\\\/wp-content\\\/uploads\\\/2024\\\/04\\\/DL-DKT063-scaled.jpg\",\"contentUrl\":\"https:\\\/\\\/delorenzoglobal.com\\\/wp-content\\\/uploads\\\/2024\\\/04\\\/DL-DKT063-scaled.jpg\",\"width\":1710,\"height\":2560},{\"@type\":\"BreadcrumbList\",\"@id\":\"https:\\\/\\\/delorenzoglobal.com\\\/es\\\/producto\\\/estudio-de-sedimentacion\\\/#breadcrumb\",\"itemListElement\":[{\"@type\":\"ListItem\",\"position\":1,\"name\":\"Home\",\"item\":\"https:\\\/\\\/delorenzoglobal.com\\\/es\\\/\"},{\"@type\":\"ListItem\",\"position\":2,\"name\":\"Tienda\",\"item\":\"https:\\\/\\\/delorenzoglobal.com\\\/es\\\/tienda\\\/\"},{\"@type\":\"ListItem\",\"position\":3,\"name\":\"ESTUDIO DE SEDIMENTACI\u00d3N\"}]},{\"@type\":\"WebSite\",\"@id\":\"https:\\\/\\\/delorenzoglobal.com\\\/es\\\/#website\",\"url\":\"https:\\\/\\\/delorenzoglobal.com\\\/es\\\/\",\"name\":\"De Lorenzo Training &amp; Didactical Equipment\",\"description\":\"\",\"potentialAction\":[{\"@type\":\"SearchAction\",\"target\":{\"@type\":\"EntryPoint\",\"urlTemplate\":\"https:\\\/\\\/delorenzoglobal.com\\\/es\\\/?s={search_term_string}\"},\"query-input\":{\"@type\":\"PropertyValueSpecification\",\"valueRequired\":true,\"valueName\":\"search_term_string\"}}],\"inLanguage\":\"es\"}]}<\/script>\n<!-- \/ Yoast SEO plugin. -->","yoast_head_json":{"title":"ESTUDIO DE SEDIMENTACI\u00d3N - De Lorenzo Training &amp; Didactical Equipment","robots":{"index":"index","follow":"follow","max-snippet":"max-snippet:-1","max-image-preview":"max-image-preview:large","max-video-preview":"max-video-preview:-1"},"canonical":"https:\/\/delorenzoglobal.com\/es\/producto\/estudio-de-sedimentacion\/","og_locale":"es_ES","og_type":"article","og_title":"ESTUDIO DE SEDIMENTACI\u00d3N - De Lorenzo Training &amp; Didactical Equipment","og_description":"Para el estudio y la demostraci\u00f3n del fen\u00f3meno natural conocido como sedimentaci\u00f3n: las part\u00edculas contenidas en un fluido, ca\u00eddas por gravedad, se recogen en el fondo de un tanque. La sedimentaci\u00f3n se utiliza para aclarar toda el agua reduciendo la turbidez. Dependiendo de las caracter\u00edsticas de la suspensi\u00f3n (mezcla heterog\u00e9nea de part\u00edculas s\u00f3lidas dispersas en [&hellip;]","og_url":"https:\/\/delorenzoglobal.com\/es\/producto\/estudio-de-sedimentacion\/","og_site_name":"De Lorenzo Training &amp; Didactical Equipment","article_modified_time":"2025-01-22T11:15:52+00:00","og_image":[{"width":1710,"height":2560,"url":"https:\/\/delorenzoglobal.com\/wp-content\/uploads\/2024\/04\/DL-DKT063-scaled.jpg","type":"image\/jpeg"}],"twitter_card":"summary_large_image","twitter_misc":{"Tiempo de lectura":"1 minuto"},"schema":{"@context":"https:\/\/schema.org","@graph":[{"@type":"WebPage","@id":"https:\/\/delorenzoglobal.com\/es\/producto\/estudio-de-sedimentacion\/","url":"https:\/\/delorenzoglobal.com\/es\/producto\/estudio-de-sedimentacion\/","name":"ESTUDIO DE SEDIMENTACI\u00d3N - De Lorenzo Training &amp; Didactical Equipment","isPartOf":{"@id":"https:\/\/delorenzoglobal.com\/es\/#website"},"primaryImageOfPage":{"@id":"https:\/\/delorenzoglobal.com\/es\/producto\/estudio-de-sedimentacion\/#primaryimage"},"image":{"@id":"https:\/\/delorenzoglobal.com\/es\/producto\/estudio-de-sedimentacion\/#primaryimage"},"thumbnailUrl":"https:\/\/delorenzoglobal.com\/wp-content\/uploads\/2024\/04\/DL-DKT063-scaled.jpg","datePublished":"2024-04-19T08:37:21+00:00","dateModified":"2025-01-22T11:15:52+00:00","breadcrumb":{"@id":"https:\/\/delorenzoglobal.com\/es\/producto\/estudio-de-sedimentacion\/#breadcrumb"},"inLanguage":"es","potentialAction":[{"@type":"ReadAction","target":["https:\/\/delorenzoglobal.com\/es\/producto\/estudio-de-sedimentacion\/"]}]},{"@type":"ImageObject","inLanguage":"es","@id":"https:\/\/delorenzoglobal.com\/es\/producto\/estudio-de-sedimentacion\/#primaryimage","url":"https:\/\/delorenzoglobal.com\/wp-content\/uploads\/2024\/04\/DL-DKT063-scaled.jpg","contentUrl":"https:\/\/delorenzoglobal.com\/wp-content\/uploads\/2024\/04\/DL-DKT063-scaled.jpg","width":1710,"height":2560},{"@type":"BreadcrumbList","@id":"https:\/\/delorenzoglobal.com\/es\/producto\/estudio-de-sedimentacion\/#breadcrumb","itemListElement":[{"@type":"ListItem","position":1,"name":"Home","item":"https:\/\/delorenzoglobal.com\/es\/"},{"@type":"ListItem","position":2,"name":"Tienda","item":"https:\/\/delorenzoglobal.com\/es\/tienda\/"},{"@type":"ListItem","position":3,"name":"ESTUDIO DE SEDIMENTACI\u00d3N"}]},{"@type":"WebSite","@id":"https:\/\/delorenzoglobal.com\/es\/#website","url":"https:\/\/delorenzoglobal.com\/es\/","name":"De Lorenzo Training &amp; Didactical Equipment","description":"","potentialAction":[{"@type":"SearchAction","target":{"@type":"EntryPoint","urlTemplate":"https:\/\/delorenzoglobal.com\/es\/?s={search_term_string}"},"query-input":{"@type":"PropertyValueSpecification","valueRequired":true,"valueName":"search_term_string"}}],"inLanguage":"es"}]}},"_links":{"self":[{"href":"https:\/\/delorenzoglobal.com\/es\/wp-json\/wp\/v2\/product\/11831","targetHints":{"allow":["GET"]}}],"collection":[{"href":"https:\/\/delorenzoglobal.com\/es\/wp-json\/wp\/v2\/product"}],"about":[{"href":"https:\/\/delorenzoglobal.com\/es\/wp-json\/wp\/v2\/types\/product"}],"wp:featuredmedia":[{"embeddable":true,"href":"https:\/\/delorenzoglobal.com\/es\/wp-json\/wp\/v2\/media\/11824"}],"wp:attachment":[{"href":"https:\/\/delorenzoglobal.com\/es\/wp-json\/wp\/v2\/media?parent=11831"}],"wp:term":[{"taxonomy":"product_brand","embeddable":true,"href":"https:\/\/delorenzoglobal.com\/es\/wp-json\/wp\/v2\/product_brand?post=11831"},{"taxonomy":"product_cat","embeddable":true,"href":"https:\/\/delorenzoglobal.com\/es\/wp-json\/wp\/v2\/product_cat?post=11831"},{"taxonomy":"product_tag","embeddable":true,"href":"https:\/\/delorenzoglobal.com\/es\/wp-json\/wp\/v2\/product_tag?post=11831"}],"curies":[{"name":"wp","href":"https:\/\/api.w.org\/{rel}","templated":true}]}}