{"id":11728,"date":"2024-04-19T10:21:22","date_gmt":"2024-04-19T08:21:22","guid":{"rendered":"https:\/\/delorenzoglobal.com\/?post_type=product&#038;p=11728"},"modified":"2025-07-21T12:24:25","modified_gmt":"2025-07-21T10:24:25","slug":"ventilador-centrifugo","status":"publish","type":"product","link":"https:\/\/delorenzoglobal.com\/es\/producto\/ventilador-centrifugo\/","title":{"rendered":"VENTILADOR CENTR\u00cdFUGO"},"content":{"rendered":"<p>Este sistema ha sido dise\u00f1ado para garantizar un estudio f\u00e1cil y efectivo de un ventilador centr\u00edfugo y sus caracter\u00edsticas, realizando una amplia gama de experimentos.<\/p>\n<p>El entrenador se suministra con dos impulsores diferentes (palas inclinadas hacia adelante y hacia atr\u00e1s) que se pueden cambiar f\u00e1cilmente.<br \/>\nEs posible controlar la rotaci\u00f3n del motor usando una perilla de 3 posiciones.<\/p>\n","protected":false},"excerpt":{"rendered":"<p>Este sistema ha sido dise\u00f1ado para garantizar un estudio f\u00e1cil y efectivo de un ventilador centr\u00edfugo y sus caracter\u00edsticas, realizando una amplia gama de experimentos. El entrenador se suministra con dos impulsores diferentes (palas inclinadas hacia adelante y hacia atr\u00e1s) que se pueden cambiar f\u00e1cilmente. Es posible controlar la rotaci\u00f3n del motor usando una perilla [&hellip;]<\/p>\n","protected":false},"featured_media":62049,"template":"","meta":{"_acf_changed":false},"product_brand":[],"product_cat":[435],"product_tag":[],"class_list":{"0":"post-11728","1":"product","2":"type-product","3":"status-publish","4":"has-post-thumbnail","6":"product_cat-aerodinamica-es","8":"first","9":"instock","10":"shipping-taxable","11":"product-type-simple"},"acf":[],"yoast_head":"<!-- This site is optimized with the Yoast SEO plugin v27.4 - https:\/\/yoast.com\/product\/yoast-seo-wordpress\/ -->\n<title>VENTILADOR CENTR\u00cdFUGO - De Lorenzo Training &amp; Didactical Equipment<\/title>\n<meta name=\"robots\" content=\"index, follow, max-snippet:-1, max-image-preview:large, max-video-preview:-1\" \/>\n<link rel=\"canonical\" href=\"https:\/\/delorenzoglobal.com\/es\/producto\/ventilador-centrifugo\/\" \/>\n<meta property=\"og:locale\" content=\"es_ES\" \/>\n<meta property=\"og:type\" content=\"article\" \/>\n<meta property=\"og:title\" content=\"VENTILADOR CENTR\u00cdFUGO - De Lorenzo Training &amp; Didactical Equipment\" \/>\n<meta property=\"og:description\" content=\"Este sistema ha sido dise\u00f1ado para garantizar un estudio f\u00e1cil y efectivo de un ventilador centr\u00edfugo y sus caracter\u00edsticas, realizando una amplia gama de experimentos. El entrenador se suministra con dos impulsores diferentes (palas inclinadas hacia adelante y hacia atr\u00e1s) que se pueden cambiar f\u00e1cilmente. Es posible controlar la rotaci\u00f3n del motor usando una perilla [&hellip;]\" \/>\n<meta property=\"og:url\" content=\"https:\/\/delorenzoglobal.com\/es\/producto\/ventilador-centrifugo\/\" \/>\n<meta property=\"og:site_name\" content=\"De Lorenzo Training &amp; Didactical Equipment\" \/>\n<meta property=\"article:modified_time\" content=\"2025-07-21T10:24:25+00:00\" \/>\n<meta property=\"og:image\" content=\"https:\/\/delorenzoglobal.com\/wp-content\/uploads\/2024\/04\/DL-DKL072-scaled.jpg\" \/>\n\t<meta property=\"og:image:width\" content=\"2560\" \/>\n\t<meta property=\"og:image:height\" content=\"1447\" \/>\n\t<meta property=\"og:image:type\" content=\"image\/jpeg\" \/>\n<meta name=\"twitter:card\" content=\"summary_large_image\" \/>\n<meta name=\"twitter:label1\" content=\"Tiempo de lectura\" \/>\n\t<meta name=\"twitter:data1\" content=\"1 minuto\" \/>\n<script type=\"application\/ld+json\" class=\"yoast-schema-graph\">{\"@context\":\"https:\\\/\\\/schema.org\",\"@graph\":[{\"@type\":\"WebPage\",\"@id\":\"https:\\\/\\\/delorenzoglobal.com\\\/es\\\/producto\\\/ventilador-centrifugo\\\/\",\"url\":\"https:\\\/\\\/delorenzoglobal.com\\\/es\\\/producto\\\/ventilador-centrifugo\\\/\",\"name\":\"VENTILADOR CENTR\u00cdFUGO - De Lorenzo Training &amp; Didactical Equipment\",\"isPartOf\":{\"@id\":\"https:\\\/\\\/delorenzoglobal.com\\\/es\\\/#website\"},\"primaryImageOfPage\":{\"@id\":\"https:\\\/\\\/delorenzoglobal.com\\\/es\\\/producto\\\/ventilador-centrifugo\\\/#primaryimage\"},\"image\":{\"@id\":\"https:\\\/\\\/delorenzoglobal.com\\\/es\\\/producto\\\/ventilador-centrifugo\\\/#primaryimage\"},\"thumbnailUrl\":\"https:\\\/\\\/delorenzoglobal.com\\\/wp-content\\\/uploads\\\/2024\\\/04\\\/DL-DKL072-scaled.jpg\",\"datePublished\":\"2024-04-19T08:21:22+00:00\",\"dateModified\":\"2025-07-21T10:24:25+00:00\",\"breadcrumb\":{\"@id\":\"https:\\\/\\\/delorenzoglobal.com\\\/es\\\/producto\\\/ventilador-centrifugo\\\/#breadcrumb\"},\"inLanguage\":\"es\",\"potentialAction\":[{\"@type\":\"ReadAction\",\"target\":[\"https:\\\/\\\/delorenzoglobal.com\\\/es\\\/producto\\\/ventilador-centrifugo\\\/\"]}]},{\"@type\":\"ImageObject\",\"inLanguage\":\"es\",\"@id\":\"https:\\\/\\\/delorenzoglobal.com\\\/es\\\/producto\\\/ventilador-centrifugo\\\/#primaryimage\",\"url\":\"https:\\\/\\\/delorenzoglobal.com\\\/wp-content\\\/uploads\\\/2024\\\/04\\\/DL-DKL072-scaled.jpg\",\"contentUrl\":\"https:\\\/\\\/delorenzoglobal.com\\\/wp-content\\\/uploads\\\/2024\\\/04\\\/DL-DKL072-scaled.jpg\",\"width\":2560,\"height\":1447},{\"@type\":\"BreadcrumbList\",\"@id\":\"https:\\\/\\\/delorenzoglobal.com\\\/es\\\/producto\\\/ventilador-centrifugo\\\/#breadcrumb\",\"itemListElement\":[{\"@type\":\"ListItem\",\"position\":1,\"name\":\"Home\",\"item\":\"https:\\\/\\\/delorenzoglobal.com\\\/es\\\/\"},{\"@type\":\"ListItem\",\"position\":2,\"name\":\"Tienda\",\"item\":\"https:\\\/\\\/delorenzoglobal.com\\\/es\\\/tienda\\\/\"},{\"@type\":\"ListItem\",\"position\":3,\"name\":\"VENTILADOR CENTR\u00cdFUGO\"}]},{\"@type\":\"WebSite\",\"@id\":\"https:\\\/\\\/delorenzoglobal.com\\\/es\\\/#website\",\"url\":\"https:\\\/\\\/delorenzoglobal.com\\\/es\\\/\",\"name\":\"De Lorenzo Training &amp; Didactical Equipment\",\"description\":\"\",\"potentialAction\":[{\"@type\":\"SearchAction\",\"target\":{\"@type\":\"EntryPoint\",\"urlTemplate\":\"https:\\\/\\\/delorenzoglobal.com\\\/es\\\/?s={search_term_string}\"},\"query-input\":{\"@type\":\"PropertyValueSpecification\",\"valueRequired\":true,\"valueName\":\"search_term_string\"}}],\"inLanguage\":\"es\"}]}<\/script>\n<!-- \/ Yoast SEO plugin. -->","yoast_head_json":{"title":"VENTILADOR CENTR\u00cdFUGO - De Lorenzo Training &amp; Didactical Equipment","robots":{"index":"index","follow":"follow","max-snippet":"max-snippet:-1","max-image-preview":"max-image-preview:large","max-video-preview":"max-video-preview:-1"},"canonical":"https:\/\/delorenzoglobal.com\/es\/producto\/ventilador-centrifugo\/","og_locale":"es_ES","og_type":"article","og_title":"VENTILADOR CENTR\u00cdFUGO - De Lorenzo Training &amp; Didactical Equipment","og_description":"Este sistema ha sido dise\u00f1ado para garantizar un estudio f\u00e1cil y efectivo de un ventilador centr\u00edfugo y sus caracter\u00edsticas, realizando una amplia gama de experimentos. El entrenador se suministra con dos impulsores diferentes (palas inclinadas hacia adelante y hacia atr\u00e1s) que se pueden cambiar f\u00e1cilmente. Es posible controlar la rotaci\u00f3n del motor usando una perilla [&hellip;]","og_url":"https:\/\/delorenzoglobal.com\/es\/producto\/ventilador-centrifugo\/","og_site_name":"De Lorenzo Training &amp; Didactical Equipment","article_modified_time":"2025-07-21T10:24:25+00:00","og_image":[{"width":2560,"height":1447,"url":"https:\/\/delorenzoglobal.com\/wp-content\/uploads\/2024\/04\/DL-DKL072-scaled.jpg","type":"image\/jpeg"}],"twitter_card":"summary_large_image","twitter_misc":{"Tiempo de lectura":"1 minuto"},"schema":{"@context":"https:\/\/schema.org","@graph":[{"@type":"WebPage","@id":"https:\/\/delorenzoglobal.com\/es\/producto\/ventilador-centrifugo\/","url":"https:\/\/delorenzoglobal.com\/es\/producto\/ventilador-centrifugo\/","name":"VENTILADOR CENTR\u00cdFUGO - De Lorenzo Training &amp; Didactical Equipment","isPartOf":{"@id":"https:\/\/delorenzoglobal.com\/es\/#website"},"primaryImageOfPage":{"@id":"https:\/\/delorenzoglobal.com\/es\/producto\/ventilador-centrifugo\/#primaryimage"},"image":{"@id":"https:\/\/delorenzoglobal.com\/es\/producto\/ventilador-centrifugo\/#primaryimage"},"thumbnailUrl":"https:\/\/delorenzoglobal.com\/wp-content\/uploads\/2024\/04\/DL-DKL072-scaled.jpg","datePublished":"2024-04-19T08:21:22+00:00","dateModified":"2025-07-21T10:24:25+00:00","breadcrumb":{"@id":"https:\/\/delorenzoglobal.com\/es\/producto\/ventilador-centrifugo\/#breadcrumb"},"inLanguage":"es","potentialAction":[{"@type":"ReadAction","target":["https:\/\/delorenzoglobal.com\/es\/producto\/ventilador-centrifugo\/"]}]},{"@type":"ImageObject","inLanguage":"es","@id":"https:\/\/delorenzoglobal.com\/es\/producto\/ventilador-centrifugo\/#primaryimage","url":"https:\/\/delorenzoglobal.com\/wp-content\/uploads\/2024\/04\/DL-DKL072-scaled.jpg","contentUrl":"https:\/\/delorenzoglobal.com\/wp-content\/uploads\/2024\/04\/DL-DKL072-scaled.jpg","width":2560,"height":1447},{"@type":"BreadcrumbList","@id":"https:\/\/delorenzoglobal.com\/es\/producto\/ventilador-centrifugo\/#breadcrumb","itemListElement":[{"@type":"ListItem","position":1,"name":"Home","item":"https:\/\/delorenzoglobal.com\/es\/"},{"@type":"ListItem","position":2,"name":"Tienda","item":"https:\/\/delorenzoglobal.com\/es\/tienda\/"},{"@type":"ListItem","position":3,"name":"VENTILADOR CENTR\u00cdFUGO"}]},{"@type":"WebSite","@id":"https:\/\/delorenzoglobal.com\/es\/#website","url":"https:\/\/delorenzoglobal.com\/es\/","name":"De Lorenzo Training &amp; Didactical Equipment","description":"","potentialAction":[{"@type":"SearchAction","target":{"@type":"EntryPoint","urlTemplate":"https:\/\/delorenzoglobal.com\/es\/?s={search_term_string}"},"query-input":{"@type":"PropertyValueSpecification","valueRequired":true,"valueName":"search_term_string"}}],"inLanguage":"es"}]}},"_links":{"self":[{"href":"https:\/\/delorenzoglobal.com\/es\/wp-json\/wp\/v2\/product\/11728","targetHints":{"allow":["GET"]}}],"collection":[{"href":"https:\/\/delorenzoglobal.com\/es\/wp-json\/wp\/v2\/product"}],"about":[{"href":"https:\/\/delorenzoglobal.com\/es\/wp-json\/wp\/v2\/types\/product"}],"wp:featuredmedia":[{"embeddable":true,"href":"https:\/\/delorenzoglobal.com\/es\/wp-json\/wp\/v2\/media\/62049"}],"wp:attachment":[{"href":"https:\/\/delorenzoglobal.com\/es\/wp-json\/wp\/v2\/media?parent=11728"}],"wp:term":[{"taxonomy":"product_brand","embeddable":true,"href":"https:\/\/delorenzoglobal.com\/es\/wp-json\/wp\/v2\/product_brand?post=11728"},{"taxonomy":"product_cat","embeddable":true,"href":"https:\/\/delorenzoglobal.com\/es\/wp-json\/wp\/v2\/product_cat?post=11728"},{"taxonomy":"product_tag","embeddable":true,"href":"https:\/\/delorenzoglobal.com\/es\/wp-json\/wp\/v2\/product_tag?post=11728"}],"curies":[{"name":"wp","href":"https:\/\/api.w.org\/{rel}","templated":true}]}}