{"id":11547,"date":"2024-04-19T09:15:18","date_gmt":"2024-04-19T07:15:18","guid":{"rendered":"https:\/\/delorenzoglobal.com\/?post_type=product&#038;p=11547"},"modified":"2025-01-21T11:44:30","modified_gmt":"2025-01-21T10:44:30","slug":"turbina-kaplan-autonoma-freno-electrico-computarizada","status":"publish","type":"product","link":"https:\/\/delorenzoglobal.com\/es\/producto\/turbina-kaplan-autonoma-freno-electrico-computarizada\/","title":{"rendered":"TURBINA  KAPLAN AUTONOMA \u2013 FRENO ELECTRICO COMPUTARIZADA"},"content":{"rendered":"<p>El entrenador puede simular una turbina Kaplan a peque\u00f1a escala, especialmente dise\u00f1ada para fines educativos.<\/p>\n<p>La carcasa de la turbina es parcialmente transparente para que pueda verse la operaci\u00f3n de la turbina impulsada por la inercia del agua.<\/p>\n<p>El chorro de agua impulsa la turbina a trav\u00e9s del principio de retroceso.<\/p>\n<p>El sistema tambi\u00e9n incluye una v\u00e1lvula reguladora incorporada en la entrada de agua que garantiza la posibilidad de trabajar con diferentes flujos.<\/p>\n<p>El sistema de frenado a trav\u00e9s del freno el\u00e9ctrico permite el funcionamiento a diferentes revoluciones.<\/p>\n<p>La turbina funciona de forma aut\u00f3noma gracias al sistema completo de tanque de agua, bomba y todos los instrumentos necesarios basados en un carro m\u00f3vil.<\/p>\n","protected":false},"excerpt":{"rendered":"<p>El entrenador puede simular una turbina Kaplan a peque\u00f1a escala, especialmente dise\u00f1ada para fines educativos. La carcasa de la turbina es parcialmente transparente para que pueda verse la operaci\u00f3n de la turbina impulsada por la inercia del agua. El chorro de agua impulsa la turbina a trav\u00e9s del principio de retroceso. El sistema tambi\u00e9n incluye [&hellip;]<\/p>\n","protected":false},"featured_media":11540,"template":"","meta":{"_acf_changed":false},"product_brand":[],"product_cat":[432],"product_tag":[],"class_list":{"0":"post-11547","1":"product","2":"type-product","3":"status-publish","4":"has-post-thumbnail","6":"product_cat-maquinas-hidraulicas","8":"first","9":"instock","10":"shipping-taxable","11":"product-type-simple"},"acf":[],"yoast_head":"<!-- This site is optimized with the Yoast SEO plugin v27.4 - https:\/\/yoast.com\/product\/yoast-seo-wordpress\/ -->\n<title>TURBINA KAPLAN AUTONOMA \u2013 FRENO ELECTRICO COMPUTARIZADA - De Lorenzo Training &amp; Didactical Equipment<\/title>\n<meta name=\"robots\" content=\"index, follow, max-snippet:-1, max-image-preview:large, max-video-preview:-1\" \/>\n<link rel=\"canonical\" href=\"https:\/\/delorenzoglobal.com\/es\/producto\/turbina-kaplan-autonoma-freno-electrico-computarizada\/\" \/>\n<meta property=\"og:locale\" content=\"es_ES\" \/>\n<meta property=\"og:type\" content=\"article\" \/>\n<meta property=\"og:title\" content=\"TURBINA KAPLAN AUTONOMA \u2013 FRENO ELECTRICO COMPUTARIZADA - De Lorenzo Training &amp; Didactical Equipment\" \/>\n<meta property=\"og:description\" content=\"El entrenador puede simular una turbina Kaplan a peque\u00f1a escala, especialmente dise\u00f1ada para fines educativos. La carcasa de la turbina es parcialmente transparente para que pueda verse la operaci\u00f3n de la turbina impulsada por la inercia del agua. El chorro de agua impulsa la turbina a trav\u00e9s del principio de retroceso. El sistema tambi\u00e9n incluye [&hellip;]\" \/>\n<meta property=\"og:url\" content=\"https:\/\/delorenzoglobal.com\/es\/producto\/turbina-kaplan-autonoma-freno-electrico-computarizada\/\" \/>\n<meta property=\"og:site_name\" content=\"De Lorenzo Training &amp; Didactical Equipment\" \/>\n<meta property=\"article:modified_time\" content=\"2025-01-21T10:44:30+00:00\" \/>\n<meta property=\"og:image\" content=\"https:\/\/delorenzoglobal.com\/wp-content\/uploads\/2024\/04\/DL-DKH044-scaled.jpg\" \/>\n\t<meta property=\"og:image:width\" content=\"1207\" \/>\n\t<meta property=\"og:image:height\" content=\"2560\" \/>\n\t<meta property=\"og:image:type\" content=\"image\/jpeg\" \/>\n<meta name=\"twitter:card\" content=\"summary_large_image\" \/>\n<meta name=\"twitter:label1\" content=\"Tiempo de lectura\" \/>\n\t<meta name=\"twitter:data1\" content=\"1 minuto\" \/>\n<script type=\"application\/ld+json\" class=\"yoast-schema-graph\">{\"@context\":\"https:\\\/\\\/schema.org\",\"@graph\":[{\"@type\":\"WebPage\",\"@id\":\"https:\\\/\\\/delorenzoglobal.com\\\/es\\\/producto\\\/turbina-kaplan-autonoma-freno-electrico-computarizada\\\/\",\"url\":\"https:\\\/\\\/delorenzoglobal.com\\\/es\\\/producto\\\/turbina-kaplan-autonoma-freno-electrico-computarizada\\\/\",\"name\":\"TURBINA KAPLAN AUTONOMA \u2013 FRENO ELECTRICO COMPUTARIZADA - De Lorenzo Training &amp; Didactical Equipment\",\"isPartOf\":{\"@id\":\"https:\\\/\\\/delorenzoglobal.com\\\/es\\\/#website\"},\"primaryImageOfPage\":{\"@id\":\"https:\\\/\\\/delorenzoglobal.com\\\/es\\\/producto\\\/turbina-kaplan-autonoma-freno-electrico-computarizada\\\/#primaryimage\"},\"image\":{\"@id\":\"https:\\\/\\\/delorenzoglobal.com\\\/es\\\/producto\\\/turbina-kaplan-autonoma-freno-electrico-computarizada\\\/#primaryimage\"},\"thumbnailUrl\":\"https:\\\/\\\/delorenzoglobal.com\\\/wp-content\\\/uploads\\\/2024\\\/04\\\/DL-DKH044-scaled.jpg\",\"datePublished\":\"2024-04-19T07:15:18+00:00\",\"dateModified\":\"2025-01-21T10:44:30+00:00\",\"breadcrumb\":{\"@id\":\"https:\\\/\\\/delorenzoglobal.com\\\/es\\\/producto\\\/turbina-kaplan-autonoma-freno-electrico-computarizada\\\/#breadcrumb\"},\"inLanguage\":\"es\",\"potentialAction\":[{\"@type\":\"ReadAction\",\"target\":[\"https:\\\/\\\/delorenzoglobal.com\\\/es\\\/producto\\\/turbina-kaplan-autonoma-freno-electrico-computarizada\\\/\"]}]},{\"@type\":\"ImageObject\",\"inLanguage\":\"es\",\"@id\":\"https:\\\/\\\/delorenzoglobal.com\\\/es\\\/producto\\\/turbina-kaplan-autonoma-freno-electrico-computarizada\\\/#primaryimage\",\"url\":\"https:\\\/\\\/delorenzoglobal.com\\\/wp-content\\\/uploads\\\/2024\\\/04\\\/DL-DKH044-scaled.jpg\",\"contentUrl\":\"https:\\\/\\\/delorenzoglobal.com\\\/wp-content\\\/uploads\\\/2024\\\/04\\\/DL-DKH044-scaled.jpg\",\"width\":1207,\"height\":2560},{\"@type\":\"BreadcrumbList\",\"@id\":\"https:\\\/\\\/delorenzoglobal.com\\\/es\\\/producto\\\/turbina-kaplan-autonoma-freno-electrico-computarizada\\\/#breadcrumb\",\"itemListElement\":[{\"@type\":\"ListItem\",\"position\":1,\"name\":\"Home\",\"item\":\"https:\\\/\\\/delorenzoglobal.com\\\/es\\\/\"},{\"@type\":\"ListItem\",\"position\":2,\"name\":\"Tienda\",\"item\":\"https:\\\/\\\/delorenzoglobal.com\\\/es\\\/tienda\\\/\"},{\"@type\":\"ListItem\",\"position\":3,\"name\":\"TURBINA KAPLAN AUTONOMA \u2013 FRENO ELECTRICO COMPUTARIZADA\"}]},{\"@type\":\"WebSite\",\"@id\":\"https:\\\/\\\/delorenzoglobal.com\\\/es\\\/#website\",\"url\":\"https:\\\/\\\/delorenzoglobal.com\\\/es\\\/\",\"name\":\"De Lorenzo Training &amp; Didactical Equipment\",\"description\":\"\",\"potentialAction\":[{\"@type\":\"SearchAction\",\"target\":{\"@type\":\"EntryPoint\",\"urlTemplate\":\"https:\\\/\\\/delorenzoglobal.com\\\/es\\\/?s={search_term_string}\"},\"query-input\":{\"@type\":\"PropertyValueSpecification\",\"valueRequired\":true,\"valueName\":\"search_term_string\"}}],\"inLanguage\":\"es\"}]}<\/script>\n<!-- \/ Yoast SEO plugin. -->","yoast_head_json":{"title":"TURBINA KAPLAN AUTONOMA \u2013 FRENO ELECTRICO COMPUTARIZADA - De Lorenzo Training &amp; Didactical Equipment","robots":{"index":"index","follow":"follow","max-snippet":"max-snippet:-1","max-image-preview":"max-image-preview:large","max-video-preview":"max-video-preview:-1"},"canonical":"https:\/\/delorenzoglobal.com\/es\/producto\/turbina-kaplan-autonoma-freno-electrico-computarizada\/","og_locale":"es_ES","og_type":"article","og_title":"TURBINA KAPLAN AUTONOMA \u2013 FRENO ELECTRICO COMPUTARIZADA - De Lorenzo Training &amp; Didactical Equipment","og_description":"El entrenador puede simular una turbina Kaplan a peque\u00f1a escala, especialmente dise\u00f1ada para fines educativos. La carcasa de la turbina es parcialmente transparente para que pueda verse la operaci\u00f3n de la turbina impulsada por la inercia del agua. El chorro de agua impulsa la turbina a trav\u00e9s del principio de retroceso. El sistema tambi\u00e9n incluye [&hellip;]","og_url":"https:\/\/delorenzoglobal.com\/es\/producto\/turbina-kaplan-autonoma-freno-electrico-computarizada\/","og_site_name":"De Lorenzo Training &amp; Didactical Equipment","article_modified_time":"2025-01-21T10:44:30+00:00","og_image":[{"width":1207,"height":2560,"url":"https:\/\/delorenzoglobal.com\/wp-content\/uploads\/2024\/04\/DL-DKH044-scaled.jpg","type":"image\/jpeg"}],"twitter_card":"summary_large_image","twitter_misc":{"Tiempo de lectura":"1 minuto"},"schema":{"@context":"https:\/\/schema.org","@graph":[{"@type":"WebPage","@id":"https:\/\/delorenzoglobal.com\/es\/producto\/turbina-kaplan-autonoma-freno-electrico-computarizada\/","url":"https:\/\/delorenzoglobal.com\/es\/producto\/turbina-kaplan-autonoma-freno-electrico-computarizada\/","name":"TURBINA KAPLAN AUTONOMA \u2013 FRENO ELECTRICO COMPUTARIZADA - De Lorenzo Training &amp; Didactical Equipment","isPartOf":{"@id":"https:\/\/delorenzoglobal.com\/es\/#website"},"primaryImageOfPage":{"@id":"https:\/\/delorenzoglobal.com\/es\/producto\/turbina-kaplan-autonoma-freno-electrico-computarizada\/#primaryimage"},"image":{"@id":"https:\/\/delorenzoglobal.com\/es\/producto\/turbina-kaplan-autonoma-freno-electrico-computarizada\/#primaryimage"},"thumbnailUrl":"https:\/\/delorenzoglobal.com\/wp-content\/uploads\/2024\/04\/DL-DKH044-scaled.jpg","datePublished":"2024-04-19T07:15:18+00:00","dateModified":"2025-01-21T10:44:30+00:00","breadcrumb":{"@id":"https:\/\/delorenzoglobal.com\/es\/producto\/turbina-kaplan-autonoma-freno-electrico-computarizada\/#breadcrumb"},"inLanguage":"es","potentialAction":[{"@type":"ReadAction","target":["https:\/\/delorenzoglobal.com\/es\/producto\/turbina-kaplan-autonoma-freno-electrico-computarizada\/"]}]},{"@type":"ImageObject","inLanguage":"es","@id":"https:\/\/delorenzoglobal.com\/es\/producto\/turbina-kaplan-autonoma-freno-electrico-computarizada\/#primaryimage","url":"https:\/\/delorenzoglobal.com\/wp-content\/uploads\/2024\/04\/DL-DKH044-scaled.jpg","contentUrl":"https:\/\/delorenzoglobal.com\/wp-content\/uploads\/2024\/04\/DL-DKH044-scaled.jpg","width":1207,"height":2560},{"@type":"BreadcrumbList","@id":"https:\/\/delorenzoglobal.com\/es\/producto\/turbina-kaplan-autonoma-freno-electrico-computarizada\/#breadcrumb","itemListElement":[{"@type":"ListItem","position":1,"name":"Home","item":"https:\/\/delorenzoglobal.com\/es\/"},{"@type":"ListItem","position":2,"name":"Tienda","item":"https:\/\/delorenzoglobal.com\/es\/tienda\/"},{"@type":"ListItem","position":3,"name":"TURBINA KAPLAN AUTONOMA \u2013 FRENO ELECTRICO COMPUTARIZADA"}]},{"@type":"WebSite","@id":"https:\/\/delorenzoglobal.com\/es\/#website","url":"https:\/\/delorenzoglobal.com\/es\/","name":"De Lorenzo Training &amp; Didactical Equipment","description":"","potentialAction":[{"@type":"SearchAction","target":{"@type":"EntryPoint","urlTemplate":"https:\/\/delorenzoglobal.com\/es\/?s={search_term_string}"},"query-input":{"@type":"PropertyValueSpecification","valueRequired":true,"valueName":"search_term_string"}}],"inLanguage":"es"}]}},"_links":{"self":[{"href":"https:\/\/delorenzoglobal.com\/es\/wp-json\/wp\/v2\/product\/11547","targetHints":{"allow":["GET"]}}],"collection":[{"href":"https:\/\/delorenzoglobal.com\/es\/wp-json\/wp\/v2\/product"}],"about":[{"href":"https:\/\/delorenzoglobal.com\/es\/wp-json\/wp\/v2\/types\/product"}],"wp:featuredmedia":[{"embeddable":true,"href":"https:\/\/delorenzoglobal.com\/es\/wp-json\/wp\/v2\/media\/11540"}],"wp:attachment":[{"href":"https:\/\/delorenzoglobal.com\/es\/wp-json\/wp\/v2\/media?parent=11547"}],"wp:term":[{"taxonomy":"product_brand","embeddable":true,"href":"https:\/\/delorenzoglobal.com\/es\/wp-json\/wp\/v2\/product_brand?post=11547"},{"taxonomy":"product_cat","embeddable":true,"href":"https:\/\/delorenzoglobal.com\/es\/wp-json\/wp\/v2\/product_cat?post=11547"},{"taxonomy":"product_tag","embeddable":true,"href":"https:\/\/delorenzoglobal.com\/es\/wp-json\/wp\/v2\/product_tag?post=11547"}],"curies":[{"name":"wp","href":"https:\/\/api.w.org\/{rel}","templated":true}]}}