{"id":11506,"date":"2024-04-19T09:02:41","date_gmt":"2024-04-19T07:02:41","guid":{"rendered":"https:\/\/delorenzoglobal.com\/?post_type=product&#038;p=11506"},"modified":"2025-01-21T11:05:39","modified_gmt":"2025-01-21T10:05:39","slug":"bina-pelton-autonoma-freno-electrico-computarizada","status":"publish","type":"product","link":"https:\/\/delorenzoglobal.com\/es\/producto\/bina-pelton-autonoma-freno-electrico-computarizada\/","title":{"rendered":"BINA PELTON AUTONOMA \u2013 FRENO ELECTRICO COMPUTARIZADA"},"content":{"rendered":"<p>El equipo simula una instalaci\u00f3n a peque\u00f1a escala con una turbina de Pelton o de reacci\u00f3n.<\/p>\n<p>Est\u00e1 dise\u00f1ado para el estudio y visualizaci\u00f3n tanto del comportamiento como de las caracter\u00edsticas de una turbina Pelton.<\/p>\n<p>Entre sus caracter\u00edsticas m\u00e1s destacables cabe mencionar que la carcasa de la turbina es transparente de manera que se puede ver c\u00f3mo el flujo de agua hace girar al rodete.<\/p>\n<p>Dispone de v\u00e1lvula de regulaci\u00f3n de entrada de agua, lo que permite trabajar con diferentes caudales seg\u00fan requerimiento.<\/p>\n<p>El sistema de frenado mediante freno el\u00e9ctrico permite trabajar a diferentes revoluciones.<\/p>\n<p>La turbina puede operarse de manera totalmente aut\u00f3noma, gracias a que el equipo est\u00e1 compuesto de dep\u00f3sito de agua, bomba y todo el instrumental necesario, sobre un carro m\u00f3vil de laboratorio.<\/p>\n","protected":false},"excerpt":{"rendered":"<p>El equipo simula una instalaci\u00f3n a peque\u00f1a escala con una turbina de Pelton o de reacci\u00f3n. Est\u00e1 dise\u00f1ado para el estudio y visualizaci\u00f3n tanto del comportamiento como de las caracter\u00edsticas de una turbina Pelton. Entre sus caracter\u00edsticas m\u00e1s destacables cabe mencionar que la carcasa de la turbina es transparente de manera que se puede ver [&hellip;]<\/p>\n","protected":false},"featured_media":11495,"template":"","meta":{"_acf_changed":false},"product_brand":[],"product_cat":[432],"product_tag":[],"class_list":{"0":"post-11506","1":"product","2":"type-product","3":"status-publish","4":"has-post-thumbnail","6":"product_cat-maquinas-hidraulicas","8":"first","9":"instock","10":"shipping-taxable","11":"product-type-simple"},"acf":[],"yoast_head":"<!-- This site is optimized with the Yoast SEO plugin v27.4 - https:\/\/yoast.com\/product\/yoast-seo-wordpress\/ -->\n<title>BINA PELTON AUTONOMA \u2013 FRENO ELECTRICO COMPUTARIZADA - De Lorenzo Training &amp; Didactical Equipment<\/title>\n<meta name=\"robots\" content=\"index, follow, max-snippet:-1, max-image-preview:large, max-video-preview:-1\" \/>\n<link rel=\"canonical\" href=\"https:\/\/delorenzoglobal.com\/es\/producto\/bina-pelton-autonoma-freno-electrico-computarizada\/\" \/>\n<meta property=\"og:locale\" content=\"es_ES\" \/>\n<meta property=\"og:type\" content=\"article\" \/>\n<meta property=\"og:title\" content=\"BINA PELTON AUTONOMA \u2013 FRENO ELECTRICO COMPUTARIZADA - De Lorenzo Training &amp; Didactical Equipment\" \/>\n<meta property=\"og:description\" content=\"El equipo simula una instalaci\u00f3n a peque\u00f1a escala con una turbina de Pelton o de reacci\u00f3n. Est\u00e1 dise\u00f1ado para el estudio y visualizaci\u00f3n tanto del comportamiento como de las caracter\u00edsticas de una turbina Pelton. Entre sus caracter\u00edsticas m\u00e1s destacables cabe mencionar que la carcasa de la turbina es transparente de manera que se puede ver [&hellip;]\" \/>\n<meta property=\"og:url\" content=\"https:\/\/delorenzoglobal.com\/es\/producto\/bina-pelton-autonoma-freno-electrico-computarizada\/\" \/>\n<meta property=\"og:site_name\" content=\"De Lorenzo Training &amp; Didactical Equipment\" \/>\n<meta property=\"article:modified_time\" content=\"2025-01-21T10:05:39+00:00\" \/>\n<meta property=\"og:image\" content=\"https:\/\/delorenzoglobal.com\/wp-content\/uploads\/2024\/04\/DL-DKH041.jpg\" \/>\n\t<meta property=\"og:image:width\" content=\"543\" \/>\n\t<meta property=\"og:image:height\" content=\"958\" \/>\n\t<meta property=\"og:image:type\" content=\"image\/jpeg\" \/>\n<meta name=\"twitter:card\" content=\"summary_large_image\" \/>\n<meta name=\"twitter:label1\" content=\"Tiempo de lectura\" \/>\n\t<meta name=\"twitter:data1\" content=\"1 minuto\" \/>\n<script type=\"application\/ld+json\" class=\"yoast-schema-graph\">{\"@context\":\"https:\\\/\\\/schema.org\",\"@graph\":[{\"@type\":\"WebPage\",\"@id\":\"https:\\\/\\\/delorenzoglobal.com\\\/es\\\/producto\\\/bina-pelton-autonoma-freno-electrico-computarizada\\\/\",\"url\":\"https:\\\/\\\/delorenzoglobal.com\\\/es\\\/producto\\\/bina-pelton-autonoma-freno-electrico-computarizada\\\/\",\"name\":\"BINA PELTON AUTONOMA \u2013 FRENO ELECTRICO COMPUTARIZADA - De Lorenzo Training &amp; Didactical Equipment\",\"isPartOf\":{\"@id\":\"https:\\\/\\\/delorenzoglobal.com\\\/es\\\/#website\"},\"primaryImageOfPage\":{\"@id\":\"https:\\\/\\\/delorenzoglobal.com\\\/es\\\/producto\\\/bina-pelton-autonoma-freno-electrico-computarizada\\\/#primaryimage\"},\"image\":{\"@id\":\"https:\\\/\\\/delorenzoglobal.com\\\/es\\\/producto\\\/bina-pelton-autonoma-freno-electrico-computarizada\\\/#primaryimage\"},\"thumbnailUrl\":\"https:\\\/\\\/delorenzoglobal.com\\\/wp-content\\\/uploads\\\/2024\\\/04\\\/DL-DKH041.jpg\",\"datePublished\":\"2024-04-19T07:02:41+00:00\",\"dateModified\":\"2025-01-21T10:05:39+00:00\",\"breadcrumb\":{\"@id\":\"https:\\\/\\\/delorenzoglobal.com\\\/es\\\/producto\\\/bina-pelton-autonoma-freno-electrico-computarizada\\\/#breadcrumb\"},\"inLanguage\":\"es\",\"potentialAction\":[{\"@type\":\"ReadAction\",\"target\":[\"https:\\\/\\\/delorenzoglobal.com\\\/es\\\/producto\\\/bina-pelton-autonoma-freno-electrico-computarizada\\\/\"]}]},{\"@type\":\"ImageObject\",\"inLanguage\":\"es\",\"@id\":\"https:\\\/\\\/delorenzoglobal.com\\\/es\\\/producto\\\/bina-pelton-autonoma-freno-electrico-computarizada\\\/#primaryimage\",\"url\":\"https:\\\/\\\/delorenzoglobal.com\\\/wp-content\\\/uploads\\\/2024\\\/04\\\/DL-DKH041.jpg\",\"contentUrl\":\"https:\\\/\\\/delorenzoglobal.com\\\/wp-content\\\/uploads\\\/2024\\\/04\\\/DL-DKH041.jpg\",\"width\":543,\"height\":958},{\"@type\":\"BreadcrumbList\",\"@id\":\"https:\\\/\\\/delorenzoglobal.com\\\/es\\\/producto\\\/bina-pelton-autonoma-freno-electrico-computarizada\\\/#breadcrumb\",\"itemListElement\":[{\"@type\":\"ListItem\",\"position\":1,\"name\":\"Home\",\"item\":\"https:\\\/\\\/delorenzoglobal.com\\\/es\\\/\"},{\"@type\":\"ListItem\",\"position\":2,\"name\":\"Tienda\",\"item\":\"https:\\\/\\\/delorenzoglobal.com\\\/es\\\/tienda\\\/\"},{\"@type\":\"ListItem\",\"position\":3,\"name\":\"BINA PELTON AUTONOMA \u2013 FRENO ELECTRICO COMPUTARIZADA\"}]},{\"@type\":\"WebSite\",\"@id\":\"https:\\\/\\\/delorenzoglobal.com\\\/es\\\/#website\",\"url\":\"https:\\\/\\\/delorenzoglobal.com\\\/es\\\/\",\"name\":\"De Lorenzo Training &amp; Didactical Equipment\",\"description\":\"\",\"potentialAction\":[{\"@type\":\"SearchAction\",\"target\":{\"@type\":\"EntryPoint\",\"urlTemplate\":\"https:\\\/\\\/delorenzoglobal.com\\\/es\\\/?s={search_term_string}\"},\"query-input\":{\"@type\":\"PropertyValueSpecification\",\"valueRequired\":true,\"valueName\":\"search_term_string\"}}],\"inLanguage\":\"es\"}]}<\/script>\n<!-- \/ Yoast SEO plugin. -->","yoast_head_json":{"title":"BINA PELTON AUTONOMA \u2013 FRENO ELECTRICO COMPUTARIZADA - De Lorenzo Training &amp; Didactical Equipment","robots":{"index":"index","follow":"follow","max-snippet":"max-snippet:-1","max-image-preview":"max-image-preview:large","max-video-preview":"max-video-preview:-1"},"canonical":"https:\/\/delorenzoglobal.com\/es\/producto\/bina-pelton-autonoma-freno-electrico-computarizada\/","og_locale":"es_ES","og_type":"article","og_title":"BINA PELTON AUTONOMA \u2013 FRENO ELECTRICO COMPUTARIZADA - De Lorenzo Training &amp; Didactical Equipment","og_description":"El equipo simula una instalaci\u00f3n a peque\u00f1a escala con una turbina de Pelton o de reacci\u00f3n. Est\u00e1 dise\u00f1ado para el estudio y visualizaci\u00f3n tanto del comportamiento como de las caracter\u00edsticas de una turbina Pelton. Entre sus caracter\u00edsticas m\u00e1s destacables cabe mencionar que la carcasa de la turbina es transparente de manera que se puede ver [&hellip;]","og_url":"https:\/\/delorenzoglobal.com\/es\/producto\/bina-pelton-autonoma-freno-electrico-computarizada\/","og_site_name":"De Lorenzo Training &amp; Didactical Equipment","article_modified_time":"2025-01-21T10:05:39+00:00","og_image":[{"width":543,"height":958,"url":"https:\/\/delorenzoglobal.com\/wp-content\/uploads\/2024\/04\/DL-DKH041.jpg","type":"image\/jpeg"}],"twitter_card":"summary_large_image","twitter_misc":{"Tiempo de lectura":"1 minuto"},"schema":{"@context":"https:\/\/schema.org","@graph":[{"@type":"WebPage","@id":"https:\/\/delorenzoglobal.com\/es\/producto\/bina-pelton-autonoma-freno-electrico-computarizada\/","url":"https:\/\/delorenzoglobal.com\/es\/producto\/bina-pelton-autonoma-freno-electrico-computarizada\/","name":"BINA PELTON AUTONOMA \u2013 FRENO ELECTRICO COMPUTARIZADA - De Lorenzo Training &amp; Didactical Equipment","isPartOf":{"@id":"https:\/\/delorenzoglobal.com\/es\/#website"},"primaryImageOfPage":{"@id":"https:\/\/delorenzoglobal.com\/es\/producto\/bina-pelton-autonoma-freno-electrico-computarizada\/#primaryimage"},"image":{"@id":"https:\/\/delorenzoglobal.com\/es\/producto\/bina-pelton-autonoma-freno-electrico-computarizada\/#primaryimage"},"thumbnailUrl":"https:\/\/delorenzoglobal.com\/wp-content\/uploads\/2024\/04\/DL-DKH041.jpg","datePublished":"2024-04-19T07:02:41+00:00","dateModified":"2025-01-21T10:05:39+00:00","breadcrumb":{"@id":"https:\/\/delorenzoglobal.com\/es\/producto\/bina-pelton-autonoma-freno-electrico-computarizada\/#breadcrumb"},"inLanguage":"es","potentialAction":[{"@type":"ReadAction","target":["https:\/\/delorenzoglobal.com\/es\/producto\/bina-pelton-autonoma-freno-electrico-computarizada\/"]}]},{"@type":"ImageObject","inLanguage":"es","@id":"https:\/\/delorenzoglobal.com\/es\/producto\/bina-pelton-autonoma-freno-electrico-computarizada\/#primaryimage","url":"https:\/\/delorenzoglobal.com\/wp-content\/uploads\/2024\/04\/DL-DKH041.jpg","contentUrl":"https:\/\/delorenzoglobal.com\/wp-content\/uploads\/2024\/04\/DL-DKH041.jpg","width":543,"height":958},{"@type":"BreadcrumbList","@id":"https:\/\/delorenzoglobal.com\/es\/producto\/bina-pelton-autonoma-freno-electrico-computarizada\/#breadcrumb","itemListElement":[{"@type":"ListItem","position":1,"name":"Home","item":"https:\/\/delorenzoglobal.com\/es\/"},{"@type":"ListItem","position":2,"name":"Tienda","item":"https:\/\/delorenzoglobal.com\/es\/tienda\/"},{"@type":"ListItem","position":3,"name":"BINA PELTON AUTONOMA \u2013 FRENO ELECTRICO COMPUTARIZADA"}]},{"@type":"WebSite","@id":"https:\/\/delorenzoglobal.com\/es\/#website","url":"https:\/\/delorenzoglobal.com\/es\/","name":"De Lorenzo Training &amp; Didactical Equipment","description":"","potentialAction":[{"@type":"SearchAction","target":{"@type":"EntryPoint","urlTemplate":"https:\/\/delorenzoglobal.com\/es\/?s={search_term_string}"},"query-input":{"@type":"PropertyValueSpecification","valueRequired":true,"valueName":"search_term_string"}}],"inLanguage":"es"}]}},"_links":{"self":[{"href":"https:\/\/delorenzoglobal.com\/es\/wp-json\/wp\/v2\/product\/11506","targetHints":{"allow":["GET"]}}],"collection":[{"href":"https:\/\/delorenzoglobal.com\/es\/wp-json\/wp\/v2\/product"}],"about":[{"href":"https:\/\/delorenzoglobal.com\/es\/wp-json\/wp\/v2\/types\/product"}],"wp:featuredmedia":[{"embeddable":true,"href":"https:\/\/delorenzoglobal.com\/es\/wp-json\/wp\/v2\/media\/11495"}],"wp:attachment":[{"href":"https:\/\/delorenzoglobal.com\/es\/wp-json\/wp\/v2\/media?parent=11506"}],"wp:term":[{"taxonomy":"product_brand","embeddable":true,"href":"https:\/\/delorenzoglobal.com\/es\/wp-json\/wp\/v2\/product_brand?post=11506"},{"taxonomy":"product_cat","embeddable":true,"href":"https:\/\/delorenzoglobal.com\/es\/wp-json\/wp\/v2\/product_cat?post=11506"},{"taxonomy":"product_tag","embeddable":true,"href":"https:\/\/delorenzoglobal.com\/es\/wp-json\/wp\/v2\/product_tag?post=11506"}],"curies":[{"name":"wp","href":"https:\/\/api.w.org\/{rel}","templated":true}]}}