{"id":11378,"date":"2024-04-18T16:13:12","date_gmt":"2024-04-18T14:13:12","guid":{"rendered":"https:\/\/delorenzoglobal.com\/?post_type=product&#038;p=11378"},"modified":"2025-01-17T09:20:50","modified_gmt":"2025-01-17T08:20:50","slug":"__trashed-2","status":"publish","type":"product","link":"https:\/\/delorenzoglobal.com\/es\/producto\/__trashed-2\/","title":{"rendered":"M\u00d3DULO CARACTER\u00cdSTICAS DE LA BOMBA CENTR\u00cdFUGA"},"content":{"rendered":"<p>Las bombas se incluyen en un sistema de tuber\u00edas para convertir energ\u00eda mec\u00e1nica en energ\u00eda hidr\u00e1ulica.<br \/>\nEsta energ\u00eda adicional permite transmitir un fluido de un lugar a otro cuando no es factible que fluya por gravedad, elevarlo a cierta altura sobre la bomba o recircularlo en un sistema cerrado.<\/p>\n","protected":false},"excerpt":{"rendered":"<p>Las bombas se incluyen en un sistema de tuber\u00edas para convertir energ\u00eda mec\u00e1nica en energ\u00eda hidr\u00e1ulica. Esta energ\u00eda adicional permite transmitir un fluido de un lugar a otro cuando no es factible que fluya por gravedad, elevarlo a cierta altura sobre la bomba o recircularlo en un sistema cerrado.<\/p>\n","protected":false},"featured_media":11387,"template":"","meta":{"_acf_changed":false},"product_brand":[],"product_cat":[429],"product_tag":[],"class_list":{"0":"post-11378","1":"product","2":"type-product","3":"status-publish","4":"has-post-thumbnail","6":"product_cat-fundamentos-de-la-mecanica-de-fluidos","8":"first","9":"instock","10":"shipping-taxable","11":"product-type-simple"},"acf":[],"yoast_head":"<!-- This site is optimized with the Yoast SEO plugin v27.4 - https:\/\/yoast.com\/product\/yoast-seo-wordpress\/ -->\n<title>M\u00d3DULO CARACTER\u00cdSTICAS DE LA BOMBA CENTR\u00cdFUGA - De Lorenzo Training &amp; Didactical Equipment<\/title>\n<meta name=\"robots\" content=\"index, follow, max-snippet:-1, max-image-preview:large, max-video-preview:-1\" \/>\n<link rel=\"canonical\" href=\"https:\/\/delorenzoglobal.com\/es\/producto\/__trashed-2\/\" \/>\n<meta property=\"og:locale\" content=\"es_ES\" \/>\n<meta property=\"og:type\" content=\"article\" \/>\n<meta property=\"og:title\" content=\"M\u00d3DULO CARACTER\u00cdSTICAS DE LA BOMBA CENTR\u00cdFUGA - De Lorenzo Training &amp; Didactical Equipment\" \/>\n<meta property=\"og:description\" content=\"Las bombas se incluyen en un sistema de tuber\u00edas para convertir energ\u00eda mec\u00e1nica en energ\u00eda hidr\u00e1ulica. Esta energ\u00eda adicional permite transmitir un fluido de un lugar a otro cuando no es factible que fluya por gravedad, elevarlo a cierta altura sobre la bomba o recircularlo en un sistema cerrado.\" \/>\n<meta property=\"og:url\" content=\"https:\/\/delorenzoglobal.com\/es\/producto\/__trashed-2\/\" \/>\n<meta property=\"og:site_name\" content=\"De Lorenzo Training &amp; Didactical Equipment\" \/>\n<meta property=\"article:modified_time\" content=\"2025-01-17T08:20:50+00:00\" \/>\n<meta property=\"og:image\" content=\"https:\/\/delorenzoglobal.com\/wp-content\/uploads\/2024\/04\/DL-DKB032.png\" \/>\n\t<meta property=\"og:image:width\" content=\"1024\" \/>\n\t<meta property=\"og:image:height\" content=\"1133\" \/>\n\t<meta property=\"og:image:type\" content=\"image\/png\" \/>\n<meta name=\"twitter:card\" content=\"summary_large_image\" \/>\n<meta name=\"twitter:label1\" content=\"Tiempo de lectura\" \/>\n\t<meta name=\"twitter:data1\" content=\"1 minuto\" \/>\n<script type=\"application\/ld+json\" class=\"yoast-schema-graph\">{\"@context\":\"https:\\\/\\\/schema.org\",\"@graph\":[{\"@type\":\"WebPage\",\"@id\":\"https:\\\/\\\/delorenzoglobal.com\\\/es\\\/producto\\\/__trashed-2\\\/\",\"url\":\"https:\\\/\\\/delorenzoglobal.com\\\/es\\\/producto\\\/__trashed-2\\\/\",\"name\":\"M\u00d3DULO CARACTER\u00cdSTICAS DE LA BOMBA CENTR\u00cdFUGA - De Lorenzo Training &amp; Didactical Equipment\",\"isPartOf\":{\"@id\":\"https:\\\/\\\/delorenzoglobal.com\\\/es\\\/#website\"},\"primaryImageOfPage\":{\"@id\":\"https:\\\/\\\/delorenzoglobal.com\\\/es\\\/producto\\\/__trashed-2\\\/#primaryimage\"},\"image\":{\"@id\":\"https:\\\/\\\/delorenzoglobal.com\\\/es\\\/producto\\\/__trashed-2\\\/#primaryimage\"},\"thumbnailUrl\":\"https:\\\/\\\/delorenzoglobal.com\\\/wp-content\\\/uploads\\\/2024\\\/04\\\/DL-DKB032.png\",\"datePublished\":\"2024-04-18T14:13:12+00:00\",\"dateModified\":\"2025-01-17T08:20:50+00:00\",\"breadcrumb\":{\"@id\":\"https:\\\/\\\/delorenzoglobal.com\\\/es\\\/producto\\\/__trashed-2\\\/#breadcrumb\"},\"inLanguage\":\"es\",\"potentialAction\":[{\"@type\":\"ReadAction\",\"target\":[\"https:\\\/\\\/delorenzoglobal.com\\\/es\\\/producto\\\/__trashed-2\\\/\"]}]},{\"@type\":\"ImageObject\",\"inLanguage\":\"es\",\"@id\":\"https:\\\/\\\/delorenzoglobal.com\\\/es\\\/producto\\\/__trashed-2\\\/#primaryimage\",\"url\":\"https:\\\/\\\/delorenzoglobal.com\\\/wp-content\\\/uploads\\\/2024\\\/04\\\/DL-DKB032.png\",\"contentUrl\":\"https:\\\/\\\/delorenzoglobal.com\\\/wp-content\\\/uploads\\\/2024\\\/04\\\/DL-DKB032.png\",\"width\":1024,\"height\":1133},{\"@type\":\"BreadcrumbList\",\"@id\":\"https:\\\/\\\/delorenzoglobal.com\\\/es\\\/producto\\\/__trashed-2\\\/#breadcrumb\",\"itemListElement\":[{\"@type\":\"ListItem\",\"position\":1,\"name\":\"Home\",\"item\":\"https:\\\/\\\/delorenzoglobal.com\\\/es\\\/\"},{\"@type\":\"ListItem\",\"position\":2,\"name\":\"Tienda\",\"item\":\"https:\\\/\\\/delorenzoglobal.com\\\/es\\\/tienda\\\/\"},{\"@type\":\"ListItem\",\"position\":3,\"name\":\"M\u00d3DULO CARACTER\u00cdSTICAS DE LA BOMBA CENTR\u00cdFUGA\"}]},{\"@type\":\"WebSite\",\"@id\":\"https:\\\/\\\/delorenzoglobal.com\\\/es\\\/#website\",\"url\":\"https:\\\/\\\/delorenzoglobal.com\\\/es\\\/\",\"name\":\"De Lorenzo Training &amp; Didactical Equipment\",\"description\":\"\",\"potentialAction\":[{\"@type\":\"SearchAction\",\"target\":{\"@type\":\"EntryPoint\",\"urlTemplate\":\"https:\\\/\\\/delorenzoglobal.com\\\/es\\\/?s={search_term_string}\"},\"query-input\":{\"@type\":\"PropertyValueSpecification\",\"valueRequired\":true,\"valueName\":\"search_term_string\"}}],\"inLanguage\":\"es\"}]}<\/script>\n<!-- \/ Yoast SEO plugin. -->","yoast_head_json":{"title":"M\u00d3DULO CARACTER\u00cdSTICAS DE LA BOMBA CENTR\u00cdFUGA - De Lorenzo Training &amp; Didactical Equipment","robots":{"index":"index","follow":"follow","max-snippet":"max-snippet:-1","max-image-preview":"max-image-preview:large","max-video-preview":"max-video-preview:-1"},"canonical":"https:\/\/delorenzoglobal.com\/es\/producto\/__trashed-2\/","og_locale":"es_ES","og_type":"article","og_title":"M\u00d3DULO CARACTER\u00cdSTICAS DE LA BOMBA CENTR\u00cdFUGA - De Lorenzo Training &amp; Didactical Equipment","og_description":"Las bombas se incluyen en un sistema de tuber\u00edas para convertir energ\u00eda mec\u00e1nica en energ\u00eda hidr\u00e1ulica. Esta energ\u00eda adicional permite transmitir un fluido de un lugar a otro cuando no es factible que fluya por gravedad, elevarlo a cierta altura sobre la bomba o recircularlo en un sistema cerrado.","og_url":"https:\/\/delorenzoglobal.com\/es\/producto\/__trashed-2\/","og_site_name":"De Lorenzo Training &amp; Didactical Equipment","article_modified_time":"2025-01-17T08:20:50+00:00","og_image":[{"width":1024,"height":1133,"url":"https:\/\/delorenzoglobal.com\/wp-content\/uploads\/2024\/04\/DL-DKB032.png","type":"image\/png"}],"twitter_card":"summary_large_image","twitter_misc":{"Tiempo de lectura":"1 minuto"},"schema":{"@context":"https:\/\/schema.org","@graph":[{"@type":"WebPage","@id":"https:\/\/delorenzoglobal.com\/es\/producto\/__trashed-2\/","url":"https:\/\/delorenzoglobal.com\/es\/producto\/__trashed-2\/","name":"M\u00d3DULO CARACTER\u00cdSTICAS DE LA BOMBA CENTR\u00cdFUGA - De Lorenzo Training &amp; Didactical Equipment","isPartOf":{"@id":"https:\/\/delorenzoglobal.com\/es\/#website"},"primaryImageOfPage":{"@id":"https:\/\/delorenzoglobal.com\/es\/producto\/__trashed-2\/#primaryimage"},"image":{"@id":"https:\/\/delorenzoglobal.com\/es\/producto\/__trashed-2\/#primaryimage"},"thumbnailUrl":"https:\/\/delorenzoglobal.com\/wp-content\/uploads\/2024\/04\/DL-DKB032.png","datePublished":"2024-04-18T14:13:12+00:00","dateModified":"2025-01-17T08:20:50+00:00","breadcrumb":{"@id":"https:\/\/delorenzoglobal.com\/es\/producto\/__trashed-2\/#breadcrumb"},"inLanguage":"es","potentialAction":[{"@type":"ReadAction","target":["https:\/\/delorenzoglobal.com\/es\/producto\/__trashed-2\/"]}]},{"@type":"ImageObject","inLanguage":"es","@id":"https:\/\/delorenzoglobal.com\/es\/producto\/__trashed-2\/#primaryimage","url":"https:\/\/delorenzoglobal.com\/wp-content\/uploads\/2024\/04\/DL-DKB032.png","contentUrl":"https:\/\/delorenzoglobal.com\/wp-content\/uploads\/2024\/04\/DL-DKB032.png","width":1024,"height":1133},{"@type":"BreadcrumbList","@id":"https:\/\/delorenzoglobal.com\/es\/producto\/__trashed-2\/#breadcrumb","itemListElement":[{"@type":"ListItem","position":1,"name":"Home","item":"https:\/\/delorenzoglobal.com\/es\/"},{"@type":"ListItem","position":2,"name":"Tienda","item":"https:\/\/delorenzoglobal.com\/es\/tienda\/"},{"@type":"ListItem","position":3,"name":"M\u00d3DULO CARACTER\u00cdSTICAS DE LA BOMBA CENTR\u00cdFUGA"}]},{"@type":"WebSite","@id":"https:\/\/delorenzoglobal.com\/es\/#website","url":"https:\/\/delorenzoglobal.com\/es\/","name":"De Lorenzo Training &amp; Didactical Equipment","description":"","potentialAction":[{"@type":"SearchAction","target":{"@type":"EntryPoint","urlTemplate":"https:\/\/delorenzoglobal.com\/es\/?s={search_term_string}"},"query-input":{"@type":"PropertyValueSpecification","valueRequired":true,"valueName":"search_term_string"}}],"inLanguage":"es"}]}},"_links":{"self":[{"href":"https:\/\/delorenzoglobal.com\/es\/wp-json\/wp\/v2\/product\/11378","targetHints":{"allow":["GET"]}}],"collection":[{"href":"https:\/\/delorenzoglobal.com\/es\/wp-json\/wp\/v2\/product"}],"about":[{"href":"https:\/\/delorenzoglobal.com\/es\/wp-json\/wp\/v2\/types\/product"}],"wp:featuredmedia":[{"embeddable":true,"href":"https:\/\/delorenzoglobal.com\/es\/wp-json\/wp\/v2\/media\/11387"}],"wp:attachment":[{"href":"https:\/\/delorenzoglobal.com\/es\/wp-json\/wp\/v2\/media?parent=11378"}],"wp:term":[{"taxonomy":"product_brand","embeddable":true,"href":"https:\/\/delorenzoglobal.com\/es\/wp-json\/wp\/v2\/product_brand?post=11378"},{"taxonomy":"product_cat","embeddable":true,"href":"https:\/\/delorenzoglobal.com\/es\/wp-json\/wp\/v2\/product_cat?post=11378"},{"taxonomy":"product_tag","embeddable":true,"href":"https:\/\/delorenzoglobal.com\/es\/wp-json\/wp\/v2\/product_tag?post=11378"}],"curies":[{"name":"wp","href":"https:\/\/api.w.org\/{rel}","templated":true}]}}