{"id":11308,"date":"2024-04-18T15:45:11","date_gmt":"2024-04-18T13:45:11","guid":{"rendered":"https:\/\/delorenzoglobal.com\/?post_type=product&#038;p=11308"},"modified":"2025-01-20T16:59:43","modified_gmt":"2025-01-20T15:59:43","slug":"aparato-de-pascal","status":"publish","type":"product","link":"https:\/\/delorenzoglobal.com\/es\/producto\/aparato-de-pascal\/","title":{"rendered":"APARATO DE PASCAL"},"content":{"rendered":"<p>Equipo dise\u00f1ado para el estudio y demostraci\u00f3n de la ley de Pascal.<br \/>\nEsta ley fue enunciada por el f\u00edsico y matem\u00e1tico Blaise Pascal (1623-1662) y dice que \u201cLa presi\u00f3n ejercida en un punto de un fluido en equilibrio se transmite \u00edntegramente en todos los sentidos\u201d.<\/p>\n<p>Tambi\u00e9n con este equipo podemos estudiar la denominada \u201cParadoja hidrost\u00e1tica\u201d, que es una consecuencia de la Ley de Pascal \u201cLa presi\u00f3n en el seno de un l\u00edquido en reposo depende \u00fanicamente de la altura de agua, independientemente de la cantidad\u201d.<br \/>\nHay numerosas aplicaciones basadas en la ley de Pascal, una de las m\u00e1s conocidas es la prensa hidr\u00e1ulica.<\/p>\n","protected":false},"excerpt":{"rendered":"<p>Equipo dise\u00f1ado para el estudio y demostraci\u00f3n de la ley de Pascal. Esta ley fue enunciada por el f\u00edsico y matem\u00e1tico Blaise Pascal (1623-1662) y dice que \u201cLa presi\u00f3n ejercida en un punto de un fluido en equilibrio se transmite \u00edntegramente en todos los sentidos\u201d. Tambi\u00e9n con este equipo podemos estudiar la denominada \u201cParadoja hidrost\u00e1tica\u201d, [&hellip;]<\/p>\n","protected":false},"featured_media":19810,"template":"","meta":{"_acf_changed":false},"product_brand":[],"product_cat":[429],"product_tag":[],"class_list":{"0":"post-11308","1":"product","2":"type-product","3":"status-publish","4":"has-post-thumbnail","6":"product_cat-fundamentos-de-la-mecanica-de-fluidos","8":"first","9":"instock","10":"shipping-taxable","11":"product-type-simple"},"acf":[],"yoast_head":"<!-- This site is optimized with the Yoast SEO plugin v27.4 - https:\/\/yoast.com\/product\/yoast-seo-wordpress\/ -->\n<title>APARATO DE PASCAL - De Lorenzo Training &amp; Didactical Equipment<\/title>\n<meta name=\"robots\" content=\"index, follow, max-snippet:-1, max-image-preview:large, max-video-preview:-1\" \/>\n<link rel=\"canonical\" href=\"https:\/\/delorenzoglobal.com\/es\/producto\/aparato-de-pascal\/\" \/>\n<meta property=\"og:locale\" content=\"es_ES\" \/>\n<meta property=\"og:type\" content=\"article\" \/>\n<meta property=\"og:title\" content=\"APARATO DE PASCAL - De Lorenzo Training &amp; Didactical Equipment\" \/>\n<meta property=\"og:description\" content=\"Equipo dise\u00f1ado para el estudio y demostraci\u00f3n de la ley de Pascal. Esta ley fue enunciada por el f\u00edsico y matem\u00e1tico Blaise Pascal (1623-1662) y dice que \u201cLa presi\u00f3n ejercida en un punto de un fluido en equilibrio se transmite \u00edntegramente en todos los sentidos\u201d. Tambi\u00e9n con este equipo podemos estudiar la denominada \u201cParadoja hidrost\u00e1tica\u201d, [&hellip;]\" \/>\n<meta property=\"og:url\" content=\"https:\/\/delorenzoglobal.com\/es\/producto\/aparato-de-pascal\/\" \/>\n<meta property=\"og:site_name\" content=\"De Lorenzo Training &amp; Didactical Equipment\" \/>\n<meta property=\"article:modified_time\" content=\"2025-01-20T15:59:43+00:00\" \/>\n<meta property=\"og:image\" content=\"https:\/\/delorenzoglobal.com\/wp-content\/uploads\/2024\/04\/DL-DKL281-xs.jpg\" \/>\n\t<meta property=\"og:image:width\" content=\"903\" \/>\n\t<meta property=\"og:image:height\" content=\"1030\" \/>\n\t<meta property=\"og:image:type\" content=\"image\/jpeg\" \/>\n<meta name=\"twitter:card\" content=\"summary_large_image\" \/>\n<meta name=\"twitter:label1\" content=\"Tiempo de lectura\" \/>\n\t<meta name=\"twitter:data1\" content=\"1 minuto\" \/>\n<script type=\"application\/ld+json\" class=\"yoast-schema-graph\">{\"@context\":\"https:\\\/\\\/schema.org\",\"@graph\":[{\"@type\":\"WebPage\",\"@id\":\"https:\\\/\\\/delorenzoglobal.com\\\/es\\\/producto\\\/aparato-de-pascal\\\/\",\"url\":\"https:\\\/\\\/delorenzoglobal.com\\\/es\\\/producto\\\/aparato-de-pascal\\\/\",\"name\":\"APARATO DE PASCAL - De Lorenzo Training &amp; Didactical Equipment\",\"isPartOf\":{\"@id\":\"https:\\\/\\\/delorenzoglobal.com\\\/es\\\/#website\"},\"primaryImageOfPage\":{\"@id\":\"https:\\\/\\\/delorenzoglobal.com\\\/es\\\/producto\\\/aparato-de-pascal\\\/#primaryimage\"},\"image\":{\"@id\":\"https:\\\/\\\/delorenzoglobal.com\\\/es\\\/producto\\\/aparato-de-pascal\\\/#primaryimage\"},\"thumbnailUrl\":\"https:\\\/\\\/delorenzoglobal.com\\\/wp-content\\\/uploads\\\/2024\\\/04\\\/DL-DKL281-xs.jpg\",\"datePublished\":\"2024-04-18T13:45:11+00:00\",\"dateModified\":\"2025-01-20T15:59:43+00:00\",\"breadcrumb\":{\"@id\":\"https:\\\/\\\/delorenzoglobal.com\\\/es\\\/producto\\\/aparato-de-pascal\\\/#breadcrumb\"},\"inLanguage\":\"es\",\"potentialAction\":[{\"@type\":\"ReadAction\",\"target\":[\"https:\\\/\\\/delorenzoglobal.com\\\/es\\\/producto\\\/aparato-de-pascal\\\/\"]}]},{\"@type\":\"ImageObject\",\"inLanguage\":\"es\",\"@id\":\"https:\\\/\\\/delorenzoglobal.com\\\/es\\\/producto\\\/aparato-de-pascal\\\/#primaryimage\",\"url\":\"https:\\\/\\\/delorenzoglobal.com\\\/wp-content\\\/uploads\\\/2024\\\/04\\\/DL-DKL281-xs.jpg\",\"contentUrl\":\"https:\\\/\\\/delorenzoglobal.com\\\/wp-content\\\/uploads\\\/2024\\\/04\\\/DL-DKL281-xs.jpg\",\"width\":903,\"height\":1030},{\"@type\":\"BreadcrumbList\",\"@id\":\"https:\\\/\\\/delorenzoglobal.com\\\/es\\\/producto\\\/aparato-de-pascal\\\/#breadcrumb\",\"itemListElement\":[{\"@type\":\"ListItem\",\"position\":1,\"name\":\"Home\",\"item\":\"https:\\\/\\\/delorenzoglobal.com\\\/es\\\/\"},{\"@type\":\"ListItem\",\"position\":2,\"name\":\"Tienda\",\"item\":\"https:\\\/\\\/delorenzoglobal.com\\\/es\\\/tienda\\\/\"},{\"@type\":\"ListItem\",\"position\":3,\"name\":\"APARATO DE PASCAL\"}]},{\"@type\":\"WebSite\",\"@id\":\"https:\\\/\\\/delorenzoglobal.com\\\/es\\\/#website\",\"url\":\"https:\\\/\\\/delorenzoglobal.com\\\/es\\\/\",\"name\":\"De Lorenzo Training &amp; Didactical Equipment\",\"description\":\"\",\"potentialAction\":[{\"@type\":\"SearchAction\",\"target\":{\"@type\":\"EntryPoint\",\"urlTemplate\":\"https:\\\/\\\/delorenzoglobal.com\\\/es\\\/?s={search_term_string}\"},\"query-input\":{\"@type\":\"PropertyValueSpecification\",\"valueRequired\":true,\"valueName\":\"search_term_string\"}}],\"inLanguage\":\"es\"}]}<\/script>\n<!-- \/ Yoast SEO plugin. -->","yoast_head_json":{"title":"APARATO DE PASCAL - De Lorenzo Training &amp; Didactical Equipment","robots":{"index":"index","follow":"follow","max-snippet":"max-snippet:-1","max-image-preview":"max-image-preview:large","max-video-preview":"max-video-preview:-1"},"canonical":"https:\/\/delorenzoglobal.com\/es\/producto\/aparato-de-pascal\/","og_locale":"es_ES","og_type":"article","og_title":"APARATO DE PASCAL - De Lorenzo Training &amp; Didactical Equipment","og_description":"Equipo dise\u00f1ado para el estudio y demostraci\u00f3n de la ley de Pascal. Esta ley fue enunciada por el f\u00edsico y matem\u00e1tico Blaise Pascal (1623-1662) y dice que \u201cLa presi\u00f3n ejercida en un punto de un fluido en equilibrio se transmite \u00edntegramente en todos los sentidos\u201d. Tambi\u00e9n con este equipo podemos estudiar la denominada \u201cParadoja hidrost\u00e1tica\u201d, [&hellip;]","og_url":"https:\/\/delorenzoglobal.com\/es\/producto\/aparato-de-pascal\/","og_site_name":"De Lorenzo Training &amp; Didactical Equipment","article_modified_time":"2025-01-20T15:59:43+00:00","og_image":[{"width":903,"height":1030,"url":"https:\/\/delorenzoglobal.com\/wp-content\/uploads\/2024\/04\/DL-DKL281-xs.jpg","type":"image\/jpeg"}],"twitter_card":"summary_large_image","twitter_misc":{"Tiempo de lectura":"1 minuto"},"schema":{"@context":"https:\/\/schema.org","@graph":[{"@type":"WebPage","@id":"https:\/\/delorenzoglobal.com\/es\/producto\/aparato-de-pascal\/","url":"https:\/\/delorenzoglobal.com\/es\/producto\/aparato-de-pascal\/","name":"APARATO DE PASCAL - De Lorenzo Training &amp; Didactical Equipment","isPartOf":{"@id":"https:\/\/delorenzoglobal.com\/es\/#website"},"primaryImageOfPage":{"@id":"https:\/\/delorenzoglobal.com\/es\/producto\/aparato-de-pascal\/#primaryimage"},"image":{"@id":"https:\/\/delorenzoglobal.com\/es\/producto\/aparato-de-pascal\/#primaryimage"},"thumbnailUrl":"https:\/\/delorenzoglobal.com\/wp-content\/uploads\/2024\/04\/DL-DKL281-xs.jpg","datePublished":"2024-04-18T13:45:11+00:00","dateModified":"2025-01-20T15:59:43+00:00","breadcrumb":{"@id":"https:\/\/delorenzoglobal.com\/es\/producto\/aparato-de-pascal\/#breadcrumb"},"inLanguage":"es","potentialAction":[{"@type":"ReadAction","target":["https:\/\/delorenzoglobal.com\/es\/producto\/aparato-de-pascal\/"]}]},{"@type":"ImageObject","inLanguage":"es","@id":"https:\/\/delorenzoglobal.com\/es\/producto\/aparato-de-pascal\/#primaryimage","url":"https:\/\/delorenzoglobal.com\/wp-content\/uploads\/2024\/04\/DL-DKL281-xs.jpg","contentUrl":"https:\/\/delorenzoglobal.com\/wp-content\/uploads\/2024\/04\/DL-DKL281-xs.jpg","width":903,"height":1030},{"@type":"BreadcrumbList","@id":"https:\/\/delorenzoglobal.com\/es\/producto\/aparato-de-pascal\/#breadcrumb","itemListElement":[{"@type":"ListItem","position":1,"name":"Home","item":"https:\/\/delorenzoglobal.com\/es\/"},{"@type":"ListItem","position":2,"name":"Tienda","item":"https:\/\/delorenzoglobal.com\/es\/tienda\/"},{"@type":"ListItem","position":3,"name":"APARATO DE PASCAL"}]},{"@type":"WebSite","@id":"https:\/\/delorenzoglobal.com\/es\/#website","url":"https:\/\/delorenzoglobal.com\/es\/","name":"De Lorenzo Training &amp; Didactical Equipment","description":"","potentialAction":[{"@type":"SearchAction","target":{"@type":"EntryPoint","urlTemplate":"https:\/\/delorenzoglobal.com\/es\/?s={search_term_string}"},"query-input":{"@type":"PropertyValueSpecification","valueRequired":true,"valueName":"search_term_string"}}],"inLanguage":"es"}]}},"_links":{"self":[{"href":"https:\/\/delorenzoglobal.com\/es\/wp-json\/wp\/v2\/product\/11308","targetHints":{"allow":["GET"]}}],"collection":[{"href":"https:\/\/delorenzoglobal.com\/es\/wp-json\/wp\/v2\/product"}],"about":[{"href":"https:\/\/delorenzoglobal.com\/es\/wp-json\/wp\/v2\/types\/product"}],"wp:featuredmedia":[{"embeddable":true,"href":"https:\/\/delorenzoglobal.com\/es\/wp-json\/wp\/v2\/media\/19810"}],"wp:attachment":[{"href":"https:\/\/delorenzoglobal.com\/es\/wp-json\/wp\/v2\/media?parent=11308"}],"wp:term":[{"taxonomy":"product_brand","embeddable":true,"href":"https:\/\/delorenzoglobal.com\/es\/wp-json\/wp\/v2\/product_brand?post=11308"},{"taxonomy":"product_cat","embeddable":true,"href":"https:\/\/delorenzoglobal.com\/es\/wp-json\/wp\/v2\/product_cat?post=11308"},{"taxonomy":"product_tag","embeddable":true,"href":"https:\/\/delorenzoglobal.com\/es\/wp-json\/wp\/v2\/product_tag?post=11308"}],"curies":[{"name":"wp","href":"https:\/\/api.w.org\/{rel}","templated":true}]}}