{"id":11246,"date":"2024-04-18T15:31:59","date_gmt":"2024-04-18T13:31:59","guid":{"rendered":"https:\/\/delorenzoglobal.com\/?post_type=product&#038;p=11246"},"modified":"2025-01-20T15:57:00","modified_gmt":"2025-01-20T14:57:00","slug":"estudio-de-los-medidores-de-caudal","status":"publish","type":"product","link":"https:\/\/delorenzoglobal.com\/es\/producto\/estudio-de-los-medidores-de-caudal\/","title":{"rendered":"ESTUDIO DE LOS MEDIDORES DE CAUDAL"},"content":{"rendered":"<p>El objetivo de este equipo es el estudio y comparaci\u00f3n de algunos de los diferentes tipos de medidores de caudal existentes.<\/p>\n<p>El equipo incorpora los medidores de caudal m\u00e1s did\u00e1cticos y representativos. Estos medidores de caudal ser\u00e1n un tubo de Venturi, un rot\u00e1metro, un diafragma, una v\u00e1lvula de asiento inclinado y un tubo de Pitot que colocados en serie permitir\u00e1n realizar una comparaci\u00f3n directa de resultados.<\/p>\n<p>A trav\u00e9s de la realizaci\u00f3n de algunas de las pr\u00e1cticas de este equipo se alcanza a comprender el comportamiento de los fluidos frente a determinadas leyes de la est\u00e1tica, din\u00e1mica o la termodin\u00e1mica.<\/p>\n<p>Se podr\u00e1n poner en pr\u00e1ctica principios generales como el de la conservaci\u00f3n de la masa, o la energ\u00eda de una manera simplificada y sencilla.<\/p>\n<p>Adem\u00e1s, la v\u00e1lvula de regulaci\u00f3n permitir\u00e1 trabajar con caudales variables seg\u00fan las necesidades de la pr\u00e1ctica.<\/p>\n<p>Los resultados se visualizar\u00e1n tanto en el man\u00f3metro de columna de agua como en el diferencial electr\u00f3nico suministrado.<\/p>\n<p>Mediante estos man\u00f3metros se extraen los valores de presi\u00f3n en los distintos puntos estrat\u00e9gicos del equipo.<\/p>\n","protected":false},"excerpt":{"rendered":"<p>El objetivo de este equipo es el estudio y comparaci\u00f3n de algunos de los diferentes tipos de medidores de caudal existentes. El equipo incorpora los medidores de caudal m\u00e1s did\u00e1cticos y representativos. Estos medidores de caudal ser\u00e1n un tubo de Venturi, un rot\u00e1metro, un diafragma, una v\u00e1lvula de asiento inclinado y un tubo de Pitot [&hellip;]<\/p>\n","protected":false},"featured_media":11235,"template":"","meta":{"_acf_changed":false},"product_brand":[],"product_cat":[429],"product_tag":[],"class_list":{"0":"post-11246","1":"product","2":"type-product","3":"status-publish","4":"has-post-thumbnail","6":"product_cat-fundamentos-de-la-mecanica-de-fluidos","8":"first","9":"instock","10":"shipping-taxable","11":"product-type-simple"},"acf":[],"yoast_head":"<!-- This site is optimized with the Yoast SEO plugin v27.4 - https:\/\/yoast.com\/product\/yoast-seo-wordpress\/ -->\n<title>ESTUDIO DE LOS MEDIDORES DE CAUDAL - De Lorenzo Training &amp; Didactical Equipment<\/title>\n<meta name=\"robots\" content=\"index, follow, max-snippet:-1, max-image-preview:large, max-video-preview:-1\" \/>\n<link rel=\"canonical\" href=\"https:\/\/delorenzoglobal.com\/es\/producto\/estudio-de-los-medidores-de-caudal\/\" \/>\n<meta property=\"og:locale\" content=\"es_ES\" \/>\n<meta property=\"og:type\" content=\"article\" \/>\n<meta property=\"og:title\" content=\"ESTUDIO DE LOS MEDIDORES DE CAUDAL - De Lorenzo Training &amp; Didactical Equipment\" \/>\n<meta property=\"og:description\" content=\"El objetivo de este equipo es el estudio y comparaci\u00f3n de algunos de los diferentes tipos de medidores de caudal existentes. El equipo incorpora los medidores de caudal m\u00e1s did\u00e1cticos y representativos. Estos medidores de caudal ser\u00e1n un tubo de Venturi, un rot\u00e1metro, un diafragma, una v\u00e1lvula de asiento inclinado y un tubo de Pitot [&hellip;]\" \/>\n<meta property=\"og:url\" content=\"https:\/\/delorenzoglobal.com\/es\/producto\/estudio-de-los-medidores-de-caudal\/\" \/>\n<meta property=\"og:site_name\" content=\"De Lorenzo Training &amp; Didactical Equipment\" \/>\n<meta property=\"article:modified_time\" content=\"2025-01-20T14:57:00+00:00\" \/>\n<meta property=\"og:image\" content=\"https:\/\/delorenzoglobal.com\/wp-content\/uploads\/2024\/04\/DL-DKL231.jpg\" \/>\n\t<meta property=\"og:image:width\" content=\"1030\" \/>\n\t<meta property=\"og:image:height\" content=\"803\" \/>\n\t<meta property=\"og:image:type\" content=\"image\/jpeg\" \/>\n<meta name=\"twitter:card\" content=\"summary_large_image\" \/>\n<meta name=\"twitter:label1\" content=\"Tiempo de lectura\" \/>\n\t<meta name=\"twitter:data1\" content=\"2 minutos\" \/>\n<script type=\"application\/ld+json\" class=\"yoast-schema-graph\">{\"@context\":\"https:\\\/\\\/schema.org\",\"@graph\":[{\"@type\":\"WebPage\",\"@id\":\"https:\\\/\\\/delorenzoglobal.com\\\/es\\\/producto\\\/estudio-de-los-medidores-de-caudal\\\/\",\"url\":\"https:\\\/\\\/delorenzoglobal.com\\\/es\\\/producto\\\/estudio-de-los-medidores-de-caudal\\\/\",\"name\":\"ESTUDIO DE LOS MEDIDORES DE CAUDAL - De Lorenzo Training &amp; Didactical Equipment\",\"isPartOf\":{\"@id\":\"https:\\\/\\\/delorenzoglobal.com\\\/es\\\/#website\"},\"primaryImageOfPage\":{\"@id\":\"https:\\\/\\\/delorenzoglobal.com\\\/es\\\/producto\\\/estudio-de-los-medidores-de-caudal\\\/#primaryimage\"},\"image\":{\"@id\":\"https:\\\/\\\/delorenzoglobal.com\\\/es\\\/producto\\\/estudio-de-los-medidores-de-caudal\\\/#primaryimage\"},\"thumbnailUrl\":\"https:\\\/\\\/delorenzoglobal.com\\\/wp-content\\\/uploads\\\/2024\\\/04\\\/DL-DKL231.jpg\",\"datePublished\":\"2024-04-18T13:31:59+00:00\",\"dateModified\":\"2025-01-20T14:57:00+00:00\",\"breadcrumb\":{\"@id\":\"https:\\\/\\\/delorenzoglobal.com\\\/es\\\/producto\\\/estudio-de-los-medidores-de-caudal\\\/#breadcrumb\"},\"inLanguage\":\"es\",\"potentialAction\":[{\"@type\":\"ReadAction\",\"target\":[\"https:\\\/\\\/delorenzoglobal.com\\\/es\\\/producto\\\/estudio-de-los-medidores-de-caudal\\\/\"]}]},{\"@type\":\"ImageObject\",\"inLanguage\":\"es\",\"@id\":\"https:\\\/\\\/delorenzoglobal.com\\\/es\\\/producto\\\/estudio-de-los-medidores-de-caudal\\\/#primaryimage\",\"url\":\"https:\\\/\\\/delorenzoglobal.com\\\/wp-content\\\/uploads\\\/2024\\\/04\\\/DL-DKL231.jpg\",\"contentUrl\":\"https:\\\/\\\/delorenzoglobal.com\\\/wp-content\\\/uploads\\\/2024\\\/04\\\/DL-DKL231.jpg\",\"width\":1030,\"height\":803},{\"@type\":\"BreadcrumbList\",\"@id\":\"https:\\\/\\\/delorenzoglobal.com\\\/es\\\/producto\\\/estudio-de-los-medidores-de-caudal\\\/#breadcrumb\",\"itemListElement\":[{\"@type\":\"ListItem\",\"position\":1,\"name\":\"Home\",\"item\":\"https:\\\/\\\/delorenzoglobal.com\\\/es\\\/\"},{\"@type\":\"ListItem\",\"position\":2,\"name\":\"Tienda\",\"item\":\"https:\\\/\\\/delorenzoglobal.com\\\/es\\\/tienda\\\/\"},{\"@type\":\"ListItem\",\"position\":3,\"name\":\"ESTUDIO DE LOS MEDIDORES DE CAUDAL\"}]},{\"@type\":\"WebSite\",\"@id\":\"https:\\\/\\\/delorenzoglobal.com\\\/es\\\/#website\",\"url\":\"https:\\\/\\\/delorenzoglobal.com\\\/es\\\/\",\"name\":\"De Lorenzo Training &amp; Didactical Equipment\",\"description\":\"\",\"potentialAction\":[{\"@type\":\"SearchAction\",\"target\":{\"@type\":\"EntryPoint\",\"urlTemplate\":\"https:\\\/\\\/delorenzoglobal.com\\\/es\\\/?s={search_term_string}\"},\"query-input\":{\"@type\":\"PropertyValueSpecification\",\"valueRequired\":true,\"valueName\":\"search_term_string\"}}],\"inLanguage\":\"es\"}]}<\/script>\n<!-- \/ Yoast SEO plugin. -->","yoast_head_json":{"title":"ESTUDIO DE LOS MEDIDORES DE CAUDAL - De Lorenzo Training &amp; Didactical Equipment","robots":{"index":"index","follow":"follow","max-snippet":"max-snippet:-1","max-image-preview":"max-image-preview:large","max-video-preview":"max-video-preview:-1"},"canonical":"https:\/\/delorenzoglobal.com\/es\/producto\/estudio-de-los-medidores-de-caudal\/","og_locale":"es_ES","og_type":"article","og_title":"ESTUDIO DE LOS MEDIDORES DE CAUDAL - De Lorenzo Training &amp; Didactical Equipment","og_description":"El objetivo de este equipo es el estudio y comparaci\u00f3n de algunos de los diferentes tipos de medidores de caudal existentes. El equipo incorpora los medidores de caudal m\u00e1s did\u00e1cticos y representativos. Estos medidores de caudal ser\u00e1n un tubo de Venturi, un rot\u00e1metro, un diafragma, una v\u00e1lvula de asiento inclinado y un tubo de Pitot [&hellip;]","og_url":"https:\/\/delorenzoglobal.com\/es\/producto\/estudio-de-los-medidores-de-caudal\/","og_site_name":"De Lorenzo Training &amp; Didactical Equipment","article_modified_time":"2025-01-20T14:57:00+00:00","og_image":[{"width":1030,"height":803,"url":"https:\/\/delorenzoglobal.com\/wp-content\/uploads\/2024\/04\/DL-DKL231.jpg","type":"image\/jpeg"}],"twitter_card":"summary_large_image","twitter_misc":{"Tiempo de lectura":"2 minutos"},"schema":{"@context":"https:\/\/schema.org","@graph":[{"@type":"WebPage","@id":"https:\/\/delorenzoglobal.com\/es\/producto\/estudio-de-los-medidores-de-caudal\/","url":"https:\/\/delorenzoglobal.com\/es\/producto\/estudio-de-los-medidores-de-caudal\/","name":"ESTUDIO DE LOS MEDIDORES DE CAUDAL - De Lorenzo Training &amp; Didactical Equipment","isPartOf":{"@id":"https:\/\/delorenzoglobal.com\/es\/#website"},"primaryImageOfPage":{"@id":"https:\/\/delorenzoglobal.com\/es\/producto\/estudio-de-los-medidores-de-caudal\/#primaryimage"},"image":{"@id":"https:\/\/delorenzoglobal.com\/es\/producto\/estudio-de-los-medidores-de-caudal\/#primaryimage"},"thumbnailUrl":"https:\/\/delorenzoglobal.com\/wp-content\/uploads\/2024\/04\/DL-DKL231.jpg","datePublished":"2024-04-18T13:31:59+00:00","dateModified":"2025-01-20T14:57:00+00:00","breadcrumb":{"@id":"https:\/\/delorenzoglobal.com\/es\/producto\/estudio-de-los-medidores-de-caudal\/#breadcrumb"},"inLanguage":"es","potentialAction":[{"@type":"ReadAction","target":["https:\/\/delorenzoglobal.com\/es\/producto\/estudio-de-los-medidores-de-caudal\/"]}]},{"@type":"ImageObject","inLanguage":"es","@id":"https:\/\/delorenzoglobal.com\/es\/producto\/estudio-de-los-medidores-de-caudal\/#primaryimage","url":"https:\/\/delorenzoglobal.com\/wp-content\/uploads\/2024\/04\/DL-DKL231.jpg","contentUrl":"https:\/\/delorenzoglobal.com\/wp-content\/uploads\/2024\/04\/DL-DKL231.jpg","width":1030,"height":803},{"@type":"BreadcrumbList","@id":"https:\/\/delorenzoglobal.com\/es\/producto\/estudio-de-los-medidores-de-caudal\/#breadcrumb","itemListElement":[{"@type":"ListItem","position":1,"name":"Home","item":"https:\/\/delorenzoglobal.com\/es\/"},{"@type":"ListItem","position":2,"name":"Tienda","item":"https:\/\/delorenzoglobal.com\/es\/tienda\/"},{"@type":"ListItem","position":3,"name":"ESTUDIO DE LOS MEDIDORES DE CAUDAL"}]},{"@type":"WebSite","@id":"https:\/\/delorenzoglobal.com\/es\/#website","url":"https:\/\/delorenzoglobal.com\/es\/","name":"De Lorenzo Training &amp; Didactical Equipment","description":"","potentialAction":[{"@type":"SearchAction","target":{"@type":"EntryPoint","urlTemplate":"https:\/\/delorenzoglobal.com\/es\/?s={search_term_string}"},"query-input":{"@type":"PropertyValueSpecification","valueRequired":true,"valueName":"search_term_string"}}],"inLanguage":"es"}]}},"_links":{"self":[{"href":"https:\/\/delorenzoglobal.com\/es\/wp-json\/wp\/v2\/product\/11246","targetHints":{"allow":["GET"]}}],"collection":[{"href":"https:\/\/delorenzoglobal.com\/es\/wp-json\/wp\/v2\/product"}],"about":[{"href":"https:\/\/delorenzoglobal.com\/es\/wp-json\/wp\/v2\/types\/product"}],"wp:featuredmedia":[{"embeddable":true,"href":"https:\/\/delorenzoglobal.com\/es\/wp-json\/wp\/v2\/media\/11235"}],"wp:attachment":[{"href":"https:\/\/delorenzoglobal.com\/es\/wp-json\/wp\/v2\/media?parent=11246"}],"wp:term":[{"taxonomy":"product_brand","embeddable":true,"href":"https:\/\/delorenzoglobal.com\/es\/wp-json\/wp\/v2\/product_brand?post=11246"},{"taxonomy":"product_cat","embeddable":true,"href":"https:\/\/delorenzoglobal.com\/es\/wp-json\/wp\/v2\/product_cat?post=11246"},{"taxonomy":"product_tag","embeddable":true,"href":"https:\/\/delorenzoglobal.com\/es\/wp-json\/wp\/v2\/product_tag?post=11246"}],"curies":[{"name":"wp","href":"https:\/\/api.w.org\/{rel}","templated":true}]}}