{"id":10869,"date":"2024-04-18T12:18:24","date_gmt":"2024-04-18T10:18:24","guid":{"rendered":"https:\/\/delorenzoglobal.com\/?post_type=product&#038;p=10869"},"modified":"2025-03-20T14:04:17","modified_gmt":"2025-03-20T13:04:17","slug":"entrenador-de-energia-geotermica","status":"publish","type":"product","link":"https:\/\/delorenzoglobal.com\/es\/producto\/entrenador-de-energia-geotermica\/","title":{"rendered":"ENTRENADOR DE ENERG\u00cdA GEOT\u00c9RMICA"},"content":{"rendered":"<p>El DL GEOTHERM ha sido dise\u00f1ado como un sistema miniaturizado de aire acondicionado con bomba de calor geot\u00e9rmica para estudiar los procesos de refrigeraci\u00f3n y calefacci\u00f3n de la planta de bomba de calor reversible con intercambiadores de calor agua-agua.<\/p>\n<p>Este dispositivo de entrenamiento permite a los estudiantes estudiar en detalle el principio de trabajo y el proceso de ciclo t\u00e9rmico de la bomba de calor geot\u00e9rmica y aprender sobre las caracter\u00edsticas del sistema y los m\u00e9todos de control.<\/p>\n<p>Cubre varios temas como hidr\u00e1ulica, mec\u00e1nica y termodin\u00e1mica y control.<\/p>\n<p>Su principio de funcionamiento se basa en el ciclo de Carnot, utilizando aguas subterr\u00e1neas o superficiales.<\/p>\n<p>Un sistema de compresor, que consume una peque\u00f1a cantidad de electricidad, se utiliza para extraer continuamente una gran cantidad de energ\u00eda t\u00e9rmica de bajo grado del agua y convertirla en una peque\u00f1a cantidad de energ\u00eda t\u00e9rmica de alto grado para calefacci\u00f3n interior.<\/p>\n<p>En verano, el sistema de agua de refrigeraci\u00f3n de la unidad funciona a la inversa para sacar el calor residual de la habitaci\u00f3n y liberarlo al suelo o al agua para enfriar el aire acondicionado. Adem\u00e1s, la energ\u00eda se puede almacenar en verano y liberar en invierno.<\/p>\n","protected":false},"excerpt":{"rendered":"<p>El DL GEOTHERM ha sido dise\u00f1ado como un sistema miniaturizado de aire acondicionado con bomba de calor geot\u00e9rmica para estudiar los procesos de refrigeraci\u00f3n y calefacci\u00f3n de la planta de bomba de calor reversible con intercambiadores de calor agua-agua. Este dispositivo de entrenamiento permite a los estudiantes estudiar en detalle el principio de trabajo y [&hellip;]<\/p>\n","protected":false},"featured_media":10797,"template":"","meta":{"_acf_changed":false},"product_brand":[],"product_cat":[402],"product_tag":[],"class_list":{"0":"post-10869","1":"product","2":"type-product","3":"status-publish","4":"has-post-thumbnail","6":"product_cat-plantas-de-calefaccion-y-sanitarias","8":"first","9":"instock","10":"shipping-taxable","11":"product-type-simple"},"acf":[],"yoast_head":"<!-- This site is optimized with the Yoast SEO plugin v27.0 - https:\/\/yoast.com\/product\/yoast-seo-wordpress\/ -->\n<title>ENTRENADOR DE ENERG\u00cdA GEOT\u00c9RMICA - De Lorenzo Training &amp; Didactical Equipment<\/title>\n<meta name=\"robots\" content=\"index, follow, max-snippet:-1, max-image-preview:large, max-video-preview:-1\" \/>\n<link rel=\"canonical\" href=\"https:\/\/delorenzoglobal.com\/es\/producto\/entrenador-de-energia-geotermica\/\" \/>\n<meta property=\"og:locale\" content=\"es_ES\" \/>\n<meta property=\"og:type\" content=\"article\" \/>\n<meta property=\"og:title\" content=\"ENTRENADOR DE ENERG\u00cdA GEOT\u00c9RMICA - De Lorenzo Training &amp; Didactical Equipment\" \/>\n<meta property=\"og:description\" content=\"El DL GEOTHERM ha sido dise\u00f1ado como un sistema miniaturizado de aire acondicionado con bomba de calor geot\u00e9rmica para estudiar los procesos de refrigeraci\u00f3n y calefacci\u00f3n de la planta de bomba de calor reversible con intercambiadores de calor agua-agua. Este dispositivo de entrenamiento permite a los estudiantes estudiar en detalle el principio de trabajo y [&hellip;]\" \/>\n<meta property=\"og:url\" content=\"https:\/\/delorenzoglobal.com\/es\/producto\/entrenador-de-energia-geotermica\/\" \/>\n<meta property=\"og:site_name\" content=\"De Lorenzo Training &amp; Didactical Equipment\" \/>\n<meta property=\"article:modified_time\" content=\"2025-03-20T13:04:17+00:00\" \/>\n<meta property=\"og:image\" content=\"https:\/\/delorenzoglobal.com\/wp-content\/uploads\/2024\/04\/DL-GEOTHERM-scaled.jpg\" \/>\n\t<meta property=\"og:image:width\" content=\"2290\" \/>\n\t<meta property=\"og:image:height\" content=\"2560\" \/>\n\t<meta property=\"og:image:type\" content=\"image\/jpeg\" \/>\n<meta name=\"twitter:card\" content=\"summary_large_image\" \/>\n<meta name=\"twitter:label1\" content=\"Tiempo de lectura\" \/>\n\t<meta name=\"twitter:data1\" content=\"2 minutos\" \/>\n<script type=\"application\/ld+json\" class=\"yoast-schema-graph\">{\"@context\":\"https:\/\/schema.org\",\"@graph\":[{\"@type\":\"WebPage\",\"@id\":\"https:\/\/delorenzoglobal.com\/es\/producto\/entrenador-de-energia-geotermica\/\",\"url\":\"https:\/\/delorenzoglobal.com\/es\/producto\/entrenador-de-energia-geotermica\/\",\"name\":\"ENTRENADOR DE ENERG\u00cdA GEOT\u00c9RMICA - De Lorenzo Training &amp; Didactical Equipment\",\"isPartOf\":{\"@id\":\"https:\/\/delorenzoglobal.com\/es\/#website\"},\"primaryImageOfPage\":{\"@id\":\"https:\/\/delorenzoglobal.com\/es\/producto\/entrenador-de-energia-geotermica\/#primaryimage\"},\"image\":{\"@id\":\"https:\/\/delorenzoglobal.com\/es\/producto\/entrenador-de-energia-geotermica\/#primaryimage\"},\"thumbnailUrl\":\"https:\/\/delorenzoglobal.com\/wp-content\/uploads\/2024\/04\/DL-GEOTHERM-scaled.jpg\",\"datePublished\":\"2024-04-18T10:18:24+00:00\",\"dateModified\":\"2025-03-20T13:04:17+00:00\",\"breadcrumb\":{\"@id\":\"https:\/\/delorenzoglobal.com\/es\/producto\/entrenador-de-energia-geotermica\/#breadcrumb\"},\"inLanguage\":\"es\",\"potentialAction\":[{\"@type\":\"ReadAction\",\"target\":[\"https:\/\/delorenzoglobal.com\/es\/producto\/entrenador-de-energia-geotermica\/\"]}]},{\"@type\":\"ImageObject\",\"inLanguage\":\"es\",\"@id\":\"https:\/\/delorenzoglobal.com\/es\/producto\/entrenador-de-energia-geotermica\/#primaryimage\",\"url\":\"https:\/\/delorenzoglobal.com\/wp-content\/uploads\/2024\/04\/DL-GEOTHERM-scaled.jpg\",\"contentUrl\":\"https:\/\/delorenzoglobal.com\/wp-content\/uploads\/2024\/04\/DL-GEOTHERM-scaled.jpg\",\"width\":2290,\"height\":2560},{\"@type\":\"BreadcrumbList\",\"@id\":\"https:\/\/delorenzoglobal.com\/es\/producto\/entrenador-de-energia-geotermica\/#breadcrumb\",\"itemListElement\":[{\"@type\":\"ListItem\",\"position\":1,\"name\":\"Home\",\"item\":\"https:\/\/delorenzoglobal.com\/es\/\"},{\"@type\":\"ListItem\",\"position\":2,\"name\":\"Tienda\",\"item\":\"https:\/\/delorenzoglobal.com\/es\/tienda\/\"},{\"@type\":\"ListItem\",\"position\":3,\"name\":\"ENTRENADOR DE ENERG\u00cdA GEOT\u00c9RMICA\"}]},{\"@type\":\"WebSite\",\"@id\":\"https:\/\/delorenzoglobal.com\/es\/#website\",\"url\":\"https:\/\/delorenzoglobal.com\/es\/\",\"name\":\"De Lorenzo Training &amp; Didactical Equipment\",\"description\":\"\",\"potentialAction\":[{\"@type\":\"SearchAction\",\"target\":{\"@type\":\"EntryPoint\",\"urlTemplate\":\"https:\/\/delorenzoglobal.com\/es\/?s={search_term_string}\"},\"query-input\":{\"@type\":\"PropertyValueSpecification\",\"valueRequired\":true,\"valueName\":\"search_term_string\"}}],\"inLanguage\":\"es\"}]}<\/script>\n<!-- \/ Yoast SEO plugin. -->","yoast_head_json":{"title":"ENTRENADOR DE ENERG\u00cdA GEOT\u00c9RMICA - De Lorenzo Training &amp; Didactical Equipment","robots":{"index":"index","follow":"follow","max-snippet":"max-snippet:-1","max-image-preview":"max-image-preview:large","max-video-preview":"max-video-preview:-1"},"canonical":"https:\/\/delorenzoglobal.com\/es\/producto\/entrenador-de-energia-geotermica\/","og_locale":"es_ES","og_type":"article","og_title":"ENTRENADOR DE ENERG\u00cdA GEOT\u00c9RMICA - De Lorenzo Training &amp; Didactical Equipment","og_description":"El DL GEOTHERM ha sido dise\u00f1ado como un sistema miniaturizado de aire acondicionado con bomba de calor geot\u00e9rmica para estudiar los procesos de refrigeraci\u00f3n y calefacci\u00f3n de la planta de bomba de calor reversible con intercambiadores de calor agua-agua. Este dispositivo de entrenamiento permite a los estudiantes estudiar en detalle el principio de trabajo y [&hellip;]","og_url":"https:\/\/delorenzoglobal.com\/es\/producto\/entrenador-de-energia-geotermica\/","og_site_name":"De Lorenzo Training &amp; Didactical Equipment","article_modified_time":"2025-03-20T13:04:17+00:00","og_image":[{"width":2290,"height":2560,"url":"https:\/\/delorenzoglobal.com\/wp-content\/uploads\/2024\/04\/DL-GEOTHERM-scaled.jpg","type":"image\/jpeg"}],"twitter_card":"summary_large_image","twitter_misc":{"Tiempo de lectura":"2 minutos"},"schema":{"@context":"https:\/\/schema.org","@graph":[{"@type":"WebPage","@id":"https:\/\/delorenzoglobal.com\/es\/producto\/entrenador-de-energia-geotermica\/","url":"https:\/\/delorenzoglobal.com\/es\/producto\/entrenador-de-energia-geotermica\/","name":"ENTRENADOR DE ENERG\u00cdA GEOT\u00c9RMICA - De Lorenzo Training &amp; Didactical Equipment","isPartOf":{"@id":"https:\/\/delorenzoglobal.com\/es\/#website"},"primaryImageOfPage":{"@id":"https:\/\/delorenzoglobal.com\/es\/producto\/entrenador-de-energia-geotermica\/#primaryimage"},"image":{"@id":"https:\/\/delorenzoglobal.com\/es\/producto\/entrenador-de-energia-geotermica\/#primaryimage"},"thumbnailUrl":"https:\/\/delorenzoglobal.com\/wp-content\/uploads\/2024\/04\/DL-GEOTHERM-scaled.jpg","datePublished":"2024-04-18T10:18:24+00:00","dateModified":"2025-03-20T13:04:17+00:00","breadcrumb":{"@id":"https:\/\/delorenzoglobal.com\/es\/producto\/entrenador-de-energia-geotermica\/#breadcrumb"},"inLanguage":"es","potentialAction":[{"@type":"ReadAction","target":["https:\/\/delorenzoglobal.com\/es\/producto\/entrenador-de-energia-geotermica\/"]}]},{"@type":"ImageObject","inLanguage":"es","@id":"https:\/\/delorenzoglobal.com\/es\/producto\/entrenador-de-energia-geotermica\/#primaryimage","url":"https:\/\/delorenzoglobal.com\/wp-content\/uploads\/2024\/04\/DL-GEOTHERM-scaled.jpg","contentUrl":"https:\/\/delorenzoglobal.com\/wp-content\/uploads\/2024\/04\/DL-GEOTHERM-scaled.jpg","width":2290,"height":2560},{"@type":"BreadcrumbList","@id":"https:\/\/delorenzoglobal.com\/es\/producto\/entrenador-de-energia-geotermica\/#breadcrumb","itemListElement":[{"@type":"ListItem","position":1,"name":"Home","item":"https:\/\/delorenzoglobal.com\/es\/"},{"@type":"ListItem","position":2,"name":"Tienda","item":"https:\/\/delorenzoglobal.com\/es\/tienda\/"},{"@type":"ListItem","position":3,"name":"ENTRENADOR DE ENERG\u00cdA GEOT\u00c9RMICA"}]},{"@type":"WebSite","@id":"https:\/\/delorenzoglobal.com\/es\/#website","url":"https:\/\/delorenzoglobal.com\/es\/","name":"De Lorenzo Training &amp; Didactical Equipment","description":"","potentialAction":[{"@type":"SearchAction","target":{"@type":"EntryPoint","urlTemplate":"https:\/\/delorenzoglobal.com\/es\/?s={search_term_string}"},"query-input":{"@type":"PropertyValueSpecification","valueRequired":true,"valueName":"search_term_string"}}],"inLanguage":"es"}]}},"_links":{"self":[{"href":"https:\/\/delorenzoglobal.com\/es\/wp-json\/wp\/v2\/product\/10869","targetHints":{"allow":["GET"]}}],"collection":[{"href":"https:\/\/delorenzoglobal.com\/es\/wp-json\/wp\/v2\/product"}],"about":[{"href":"https:\/\/delorenzoglobal.com\/es\/wp-json\/wp\/v2\/types\/product"}],"wp:featuredmedia":[{"embeddable":true,"href":"https:\/\/delorenzoglobal.com\/es\/wp-json\/wp\/v2\/media\/10797"}],"wp:attachment":[{"href":"https:\/\/delorenzoglobal.com\/es\/wp-json\/wp\/v2\/media?parent=10869"}],"wp:term":[{"taxonomy":"product_brand","embeddable":true,"href":"https:\/\/delorenzoglobal.com\/es\/wp-json\/wp\/v2\/product_brand?post=10869"},{"taxonomy":"product_cat","embeddable":true,"href":"https:\/\/delorenzoglobal.com\/es\/wp-json\/wp\/v2\/product_cat?post=10869"},{"taxonomy":"product_tag","embeddable":true,"href":"https:\/\/delorenzoglobal.com\/es\/wp-json\/wp\/v2\/product_tag?post=10869"}],"curies":[{"name":"wp","href":"https:\/\/api.w.org\/{rel}","templated":true}]}}