{"id":10844,"date":"2024-04-18T12:16:46","date_gmt":"2024-04-18T10:16:46","guid":{"rendered":"https:\/\/delorenzoglobal.com\/?post_type=product&#038;p=10844"},"modified":"2025-01-17T13:42:21","modified_gmt":"2025-01-17T12:42:21","slug":"redes-de-tuberias","status":"publish","type":"product","link":"https:\/\/delorenzoglobal.com\/es\/producto\/redes-de-tuberias\/","title":{"rendered":"REDES DE TUBER\u00cdAS"},"content":{"rendered":"<p>Redes de Tuber\u00edas, ha sido desarrollado para el estudio y an\u00e1lisis del flujo a trav\u00e9s de redes de tuber\u00edas.<\/p>\n<p>Durante la fase de dise\u00f1o se ha pensado en un equipo completo y flexible, de manera que el usuario pueda estudiar el mayor n\u00famero posible de configuraciones y \u00e9stas sean tan complejas o sencillas como se desee.<\/p>\n<p>La operaci\u00f3n de cambio de configu raciones es r\u00e1pida, limpia y sencilla, sin m\u00e1s que abrir o cerrar v\u00e1lvulas, sin necesidad de montar o desmontar ning una tuber\u00eda o accesorio.<\/p>\n<p>A fin de evitar la fuga de agua del circuito, y al tener que trabajar con muchos tubos manom\u00e9tricos, la instalaci\u00f3n dispone de tomas de presi\u00f3n de doble obturaci\u00f3n, llamadas \u201cecol\u00f3gicas\u201d de las cuales no fuga agua al conectar o des conectar las mismas.<\/p>\n<p>En definitiva, tenemos un equipo completo que abarca todas las configuraciones que se pueden dar en un sistema de tuber\u00edas, que adem\u00e1s cuenta con la posibilidad de estudiar desde el sistema m\u00e1s complejo hasta el m\u00e1s sencillo, todo con un funcionamiento f\u00e1cil y simple y un mantenimiento nulo .<\/p>\n<p>ASPECTOS DESTACABLES<\/p>\n<ul>\n<li>Estudio de todas las configuraciones posibles de un sistema de tuber\u00edas.<\/li>\n<li>Facilidad de cambio de configuraci\u00f3n, sin necesidad de montar o desmontar tuber\u00edas o accesorios.<\/li>\n<li>Tomas manom\u00e9tricas de doble obturaci\u00f3n aguas arriba y abajo de cada elemento.<\/li>\n<li>Man\u00f3metros tipo Bourdon, de columna de agua y diferencial electr\u00f3nico.<\/li>\n<\/ul>\n","protected":false},"excerpt":{"rendered":"<p>Redes de Tuber\u00edas, ha sido desarrollado para el estudio y an\u00e1lisis del flujo a trav\u00e9s de redes de tuber\u00edas. Durante la fase de dise\u00f1o se ha pensado en un equipo completo y flexible, de manera que el usuario pueda estudiar el mayor n\u00famero posible de configuraciones y \u00e9stas sean tan complejas o sencillas como se [&hellip;]<\/p>\n","protected":false},"featured_media":19693,"template":"","meta":{"_acf_changed":false},"product_brand":[],"product_cat":[429],"product_tag":[],"class_list":{"0":"post-10844","1":"product","2":"type-product","3":"status-publish","4":"has-post-thumbnail","6":"product_cat-fundamentos-de-la-mecanica-de-fluidos","8":"first","9":"instock","10":"shipping-taxable","11":"product-type-simple"},"acf":[],"yoast_head":"<!-- This site is optimized with the Yoast SEO plugin v27.4 - https:\/\/yoast.com\/product\/yoast-seo-wordpress\/ -->\n<title>REDES DE TUBER\u00cdAS - De Lorenzo Training &amp; Didactical Equipment<\/title>\n<meta name=\"robots\" content=\"index, follow, max-snippet:-1, max-image-preview:large, max-video-preview:-1\" \/>\n<link rel=\"canonical\" href=\"https:\/\/delorenzoglobal.com\/es\/producto\/redes-de-tuberias\/\" \/>\n<meta property=\"og:locale\" content=\"es_ES\" \/>\n<meta property=\"og:type\" content=\"article\" \/>\n<meta property=\"og:title\" content=\"REDES DE TUBER\u00cdAS - De Lorenzo Training &amp; Didactical Equipment\" \/>\n<meta property=\"og:description\" content=\"Redes de Tuber\u00edas, ha sido desarrollado para el estudio y an\u00e1lisis del flujo a trav\u00e9s de redes de tuber\u00edas. Durante la fase de dise\u00f1o se ha pensado en un equipo completo y flexible, de manera que el usuario pueda estudiar el mayor n\u00famero posible de configuraciones y \u00e9stas sean tan complejas o sencillas como se [&hellip;]\" \/>\n<meta property=\"og:url\" content=\"https:\/\/delorenzoglobal.com\/es\/producto\/redes-de-tuberias\/\" \/>\n<meta property=\"og:site_name\" content=\"De Lorenzo Training &amp; Didactical Equipment\" \/>\n<meta property=\"article:modified_time\" content=\"2025-01-17T12:42:21+00:00\" \/>\n<meta property=\"og:image\" content=\"https:\/\/delorenzoglobal.com\/wp-content\/uploads\/2024\/04\/DL-DKL041-xs.jpg\" \/>\n\t<meta property=\"og:image:width\" content=\"1030\" \/>\n\t<meta property=\"og:image:height\" content=\"709\" \/>\n\t<meta property=\"og:image:type\" content=\"image\/jpeg\" \/>\n<meta name=\"twitter:card\" content=\"summary_large_image\" \/>\n<meta name=\"twitter:label1\" content=\"Tiempo de lectura\" \/>\n\t<meta name=\"twitter:data1\" content=\"2 minutos\" \/>\n<script type=\"application\/ld+json\" class=\"yoast-schema-graph\">{\"@context\":\"https:\\\/\\\/schema.org\",\"@graph\":[{\"@type\":\"WebPage\",\"@id\":\"https:\\\/\\\/delorenzoglobal.com\\\/es\\\/producto\\\/redes-de-tuberias\\\/\",\"url\":\"https:\\\/\\\/delorenzoglobal.com\\\/es\\\/producto\\\/redes-de-tuberias\\\/\",\"name\":\"REDES DE TUBER\u00cdAS - De Lorenzo Training &amp; Didactical Equipment\",\"isPartOf\":{\"@id\":\"https:\\\/\\\/delorenzoglobal.com\\\/es\\\/#website\"},\"primaryImageOfPage\":{\"@id\":\"https:\\\/\\\/delorenzoglobal.com\\\/es\\\/producto\\\/redes-de-tuberias\\\/#primaryimage\"},\"image\":{\"@id\":\"https:\\\/\\\/delorenzoglobal.com\\\/es\\\/producto\\\/redes-de-tuberias\\\/#primaryimage\"},\"thumbnailUrl\":\"https:\\\/\\\/delorenzoglobal.com\\\/wp-content\\\/uploads\\\/2024\\\/04\\\/DL-DKL041-xs.jpg\",\"datePublished\":\"2024-04-18T10:16:46+00:00\",\"dateModified\":\"2025-01-17T12:42:21+00:00\",\"breadcrumb\":{\"@id\":\"https:\\\/\\\/delorenzoglobal.com\\\/es\\\/producto\\\/redes-de-tuberias\\\/#breadcrumb\"},\"inLanguage\":\"es\",\"potentialAction\":[{\"@type\":\"ReadAction\",\"target\":[\"https:\\\/\\\/delorenzoglobal.com\\\/es\\\/producto\\\/redes-de-tuberias\\\/\"]}]},{\"@type\":\"ImageObject\",\"inLanguage\":\"es\",\"@id\":\"https:\\\/\\\/delorenzoglobal.com\\\/es\\\/producto\\\/redes-de-tuberias\\\/#primaryimage\",\"url\":\"https:\\\/\\\/delorenzoglobal.com\\\/wp-content\\\/uploads\\\/2024\\\/04\\\/DL-DKL041-xs.jpg\",\"contentUrl\":\"https:\\\/\\\/delorenzoglobal.com\\\/wp-content\\\/uploads\\\/2024\\\/04\\\/DL-DKL041-xs.jpg\",\"width\":1030,\"height\":709},{\"@type\":\"BreadcrumbList\",\"@id\":\"https:\\\/\\\/delorenzoglobal.com\\\/es\\\/producto\\\/redes-de-tuberias\\\/#breadcrumb\",\"itemListElement\":[{\"@type\":\"ListItem\",\"position\":1,\"name\":\"Home\",\"item\":\"https:\\\/\\\/delorenzoglobal.com\\\/es\\\/\"},{\"@type\":\"ListItem\",\"position\":2,\"name\":\"Tienda\",\"item\":\"https:\\\/\\\/delorenzoglobal.com\\\/es\\\/tienda\\\/\"},{\"@type\":\"ListItem\",\"position\":3,\"name\":\"REDES DE TUBER\u00cdAS\"}]},{\"@type\":\"WebSite\",\"@id\":\"https:\\\/\\\/delorenzoglobal.com\\\/es\\\/#website\",\"url\":\"https:\\\/\\\/delorenzoglobal.com\\\/es\\\/\",\"name\":\"De Lorenzo Training &amp; Didactical Equipment\",\"description\":\"\",\"potentialAction\":[{\"@type\":\"SearchAction\",\"target\":{\"@type\":\"EntryPoint\",\"urlTemplate\":\"https:\\\/\\\/delorenzoglobal.com\\\/es\\\/?s={search_term_string}\"},\"query-input\":{\"@type\":\"PropertyValueSpecification\",\"valueRequired\":true,\"valueName\":\"search_term_string\"}}],\"inLanguage\":\"es\"}]}<\/script>\n<!-- \/ Yoast SEO plugin. -->","yoast_head_json":{"title":"REDES DE TUBER\u00cdAS - De Lorenzo Training &amp; Didactical Equipment","robots":{"index":"index","follow":"follow","max-snippet":"max-snippet:-1","max-image-preview":"max-image-preview:large","max-video-preview":"max-video-preview:-1"},"canonical":"https:\/\/delorenzoglobal.com\/es\/producto\/redes-de-tuberias\/","og_locale":"es_ES","og_type":"article","og_title":"REDES DE TUBER\u00cdAS - De Lorenzo Training &amp; Didactical Equipment","og_description":"Redes de Tuber\u00edas, ha sido desarrollado para el estudio y an\u00e1lisis del flujo a trav\u00e9s de redes de tuber\u00edas. Durante la fase de dise\u00f1o se ha pensado en un equipo completo y flexible, de manera que el usuario pueda estudiar el mayor n\u00famero posible de configuraciones y \u00e9stas sean tan complejas o sencillas como se [&hellip;]","og_url":"https:\/\/delorenzoglobal.com\/es\/producto\/redes-de-tuberias\/","og_site_name":"De Lorenzo Training &amp; Didactical Equipment","article_modified_time":"2025-01-17T12:42:21+00:00","og_image":[{"width":1030,"height":709,"url":"https:\/\/delorenzoglobal.com\/wp-content\/uploads\/2024\/04\/DL-DKL041-xs.jpg","type":"image\/jpeg"}],"twitter_card":"summary_large_image","twitter_misc":{"Tiempo de lectura":"2 minutos"},"schema":{"@context":"https:\/\/schema.org","@graph":[{"@type":"WebPage","@id":"https:\/\/delorenzoglobal.com\/es\/producto\/redes-de-tuberias\/","url":"https:\/\/delorenzoglobal.com\/es\/producto\/redes-de-tuberias\/","name":"REDES DE TUBER\u00cdAS - De Lorenzo Training &amp; Didactical Equipment","isPartOf":{"@id":"https:\/\/delorenzoglobal.com\/es\/#website"},"primaryImageOfPage":{"@id":"https:\/\/delorenzoglobal.com\/es\/producto\/redes-de-tuberias\/#primaryimage"},"image":{"@id":"https:\/\/delorenzoglobal.com\/es\/producto\/redes-de-tuberias\/#primaryimage"},"thumbnailUrl":"https:\/\/delorenzoglobal.com\/wp-content\/uploads\/2024\/04\/DL-DKL041-xs.jpg","datePublished":"2024-04-18T10:16:46+00:00","dateModified":"2025-01-17T12:42:21+00:00","breadcrumb":{"@id":"https:\/\/delorenzoglobal.com\/es\/producto\/redes-de-tuberias\/#breadcrumb"},"inLanguage":"es","potentialAction":[{"@type":"ReadAction","target":["https:\/\/delorenzoglobal.com\/es\/producto\/redes-de-tuberias\/"]}]},{"@type":"ImageObject","inLanguage":"es","@id":"https:\/\/delorenzoglobal.com\/es\/producto\/redes-de-tuberias\/#primaryimage","url":"https:\/\/delorenzoglobal.com\/wp-content\/uploads\/2024\/04\/DL-DKL041-xs.jpg","contentUrl":"https:\/\/delorenzoglobal.com\/wp-content\/uploads\/2024\/04\/DL-DKL041-xs.jpg","width":1030,"height":709},{"@type":"BreadcrumbList","@id":"https:\/\/delorenzoglobal.com\/es\/producto\/redes-de-tuberias\/#breadcrumb","itemListElement":[{"@type":"ListItem","position":1,"name":"Home","item":"https:\/\/delorenzoglobal.com\/es\/"},{"@type":"ListItem","position":2,"name":"Tienda","item":"https:\/\/delorenzoglobal.com\/es\/tienda\/"},{"@type":"ListItem","position":3,"name":"REDES DE TUBER\u00cdAS"}]},{"@type":"WebSite","@id":"https:\/\/delorenzoglobal.com\/es\/#website","url":"https:\/\/delorenzoglobal.com\/es\/","name":"De Lorenzo Training &amp; Didactical Equipment","description":"","potentialAction":[{"@type":"SearchAction","target":{"@type":"EntryPoint","urlTemplate":"https:\/\/delorenzoglobal.com\/es\/?s={search_term_string}"},"query-input":{"@type":"PropertyValueSpecification","valueRequired":true,"valueName":"search_term_string"}}],"inLanguage":"es"}]}},"_links":{"self":[{"href":"https:\/\/delorenzoglobal.com\/es\/wp-json\/wp\/v2\/product\/10844","targetHints":{"allow":["GET"]}}],"collection":[{"href":"https:\/\/delorenzoglobal.com\/es\/wp-json\/wp\/v2\/product"}],"about":[{"href":"https:\/\/delorenzoglobal.com\/es\/wp-json\/wp\/v2\/types\/product"}],"wp:featuredmedia":[{"embeddable":true,"href":"https:\/\/delorenzoglobal.com\/es\/wp-json\/wp\/v2\/media\/19693"}],"wp:attachment":[{"href":"https:\/\/delorenzoglobal.com\/es\/wp-json\/wp\/v2\/media?parent=10844"}],"wp:term":[{"taxonomy":"product_brand","embeddable":true,"href":"https:\/\/delorenzoglobal.com\/es\/wp-json\/wp\/v2\/product_brand?post=10844"},{"taxonomy":"product_cat","embeddable":true,"href":"https:\/\/delorenzoglobal.com\/es\/wp-json\/wp\/v2\/product_cat?post=10844"},{"taxonomy":"product_tag","embeddable":true,"href":"https:\/\/delorenzoglobal.com\/es\/wp-json\/wp\/v2\/product_tag?post=10844"}],"curies":[{"name":"wp","href":"https:\/\/api.w.org\/{rel}","templated":true}]}}