{"id":1071,"date":"2024-04-09T08:41:21","date_gmt":"2024-04-09T06:41:21","guid":{"rendered":"https:\/\/delorenzoglobal.com\/?post_type=product&#038;p=1071"},"modified":"2026-04-02T10:56:59","modified_gmt":"2026-04-02T08:56:59","slug":"luces-de-trafico-inteligentes-simulador","status":"publish","type":"product","link":"https:\/\/delorenzoglobal.com\/es\/producto\/luces-de-trafico-inteligentes-simulador\/","title":{"rendered":"LUCES DE TR\u00c1FICO INTELIGENTES SIMULADOR"},"content":{"rendered":"<p>Representa un cruce entre dos calles, cada una controlada por un sem\u00e1foro con paso de peatones, tambi\u00e9n controlado por un sem\u00e1foro.<\/p>\n<p>El El control autom\u00e1tico del sistema de sem\u00e1foros se realiza a trav\u00e9s de PLC, como en funci\u00f3n de la llegada de los coches o de la llamada de un peat\u00f3n.<\/p>\n<p>&nbsp;<\/p>\n","protected":false},"excerpt":{"rendered":"<p>Representa un cruce entre dos calles, cada una controlada por un sem\u00e1foro con paso de peatones, tambi\u00e9n controlado por un sem\u00e1foro. El El control autom\u00e1tico del sistema de sem\u00e1foros se realiza a trav\u00e9s de PLC, como en funci\u00f3n de la llegada de los coches o de la llamada de un peat\u00f3n. &nbsp;<\/p>\n","protected":false},"featured_media":70178,"template":"","meta":{"_acf_changed":false},"product_brand":[],"product_cat":[169],"product_tag":[],"class_list":{"0":"post-1071","1":"product","2":"type-product","3":"status-publish","4":"has-post-thumbnail","6":"product_cat-simuladores","8":"first","9":"instock","10":"shipping-taxable","11":"product-type-simple"},"acf":[],"yoast_head":"<!-- This site is optimized with the Yoast SEO plugin v27.0 - https:\/\/yoast.com\/product\/yoast-seo-wordpress\/ -->\n<title>LUCES DE TR\u00c1FICO INTELIGENTES SIMULADOR - De Lorenzo Training &amp; Didactical Equipment<\/title>\n<meta name=\"description\" content=\"El DL 2121RM es un sistema de sem\u00e1foros inteligente con PLC para la gesti\u00f3n de intersecciones viales y pasos peatonales.\" \/>\n<meta name=\"robots\" content=\"index, follow, max-snippet:-1, max-image-preview:large, max-video-preview:-1\" \/>\n<link rel=\"canonical\" href=\"https:\/\/delorenzoglobal.com\/es\/producto\/luces-de-trafico-inteligentes-simulador\/\" \/>\n<meta property=\"og:locale\" content=\"es_ES\" \/>\n<meta property=\"og:type\" content=\"article\" \/>\n<meta property=\"og:title\" content=\"LUCES DE TR\u00c1FICO INTELIGENTES SIMULADOR - De Lorenzo Training &amp; Didactical Equipment\" \/>\n<meta property=\"og:description\" content=\"El DL 2121RM es un sistema de sem\u00e1foros inteligente con PLC para la gesti\u00f3n de intersecciones viales y pasos peatonales.\" \/>\n<meta property=\"og:url\" content=\"https:\/\/delorenzoglobal.com\/es\/producto\/luces-de-trafico-inteligentes-simulador\/\" \/>\n<meta property=\"og:site_name\" content=\"De Lorenzo Training &amp; Didactical Equipment\" \/>\n<meta property=\"article:modified_time\" content=\"2026-04-02T08:56:59+00:00\" \/>\n<meta property=\"og:image\" content=\"https:\/\/delorenzoglobal.com\/wp-content\/uploads\/2024\/04\/DL-2121RM.jpg\" \/>\n\t<meta property=\"og:image:width\" content=\"723\" \/>\n\t<meta property=\"og:image:height\" content=\"632\" \/>\n\t<meta property=\"og:image:type\" content=\"image\/jpeg\" \/>\n<meta name=\"twitter:card\" content=\"summary_large_image\" \/>\n<meta name=\"twitter:label1\" content=\"Tiempo de lectura\" \/>\n\t<meta name=\"twitter:data1\" content=\"1 minuto\" \/>\n<script type=\"application\/ld+json\" class=\"yoast-schema-graph\">{\"@context\":\"https:\/\/schema.org\",\"@graph\":[{\"@type\":\"WebPage\",\"@id\":\"https:\/\/delorenzoglobal.com\/es\/producto\/luces-de-trafico-inteligentes-simulador\/\",\"url\":\"https:\/\/delorenzoglobal.com\/es\/producto\/luces-de-trafico-inteligentes-simulador\/\",\"name\":\"LUCES DE TR\u00c1FICO INTELIGENTES SIMULADOR - De Lorenzo Training &amp; Didactical Equipment\",\"isPartOf\":{\"@id\":\"https:\/\/delorenzoglobal.com\/es\/#website\"},\"primaryImageOfPage\":{\"@id\":\"https:\/\/delorenzoglobal.com\/es\/producto\/luces-de-trafico-inteligentes-simulador\/#primaryimage\"},\"image\":{\"@id\":\"https:\/\/delorenzoglobal.com\/es\/producto\/luces-de-trafico-inteligentes-simulador\/#primaryimage\"},\"thumbnailUrl\":\"https:\/\/delorenzoglobal.com\/wp-content\/uploads\/2024\/04\/DL-2121RM.jpg\",\"datePublished\":\"2024-04-09T06:41:21+00:00\",\"dateModified\":\"2026-04-02T08:56:59+00:00\",\"description\":\"El DL 2121RM es un sistema de sem\u00e1foros inteligente con PLC para la gesti\u00f3n de intersecciones viales y pasos peatonales.\",\"breadcrumb\":{\"@id\":\"https:\/\/delorenzoglobal.com\/es\/producto\/luces-de-trafico-inteligentes-simulador\/#breadcrumb\"},\"inLanguage\":\"es\",\"potentialAction\":[{\"@type\":\"ReadAction\",\"target\":[\"https:\/\/delorenzoglobal.com\/es\/producto\/luces-de-trafico-inteligentes-simulador\/\"]}]},{\"@type\":\"ImageObject\",\"inLanguage\":\"es\",\"@id\":\"https:\/\/delorenzoglobal.com\/es\/producto\/luces-de-trafico-inteligentes-simulador\/#primaryimage\",\"url\":\"https:\/\/delorenzoglobal.com\/wp-content\/uploads\/2024\/04\/DL-2121RM.jpg\",\"contentUrl\":\"https:\/\/delorenzoglobal.com\/wp-content\/uploads\/2024\/04\/DL-2121RM.jpg\",\"width\":723,\"height\":632},{\"@type\":\"BreadcrumbList\",\"@id\":\"https:\/\/delorenzoglobal.com\/es\/producto\/luces-de-trafico-inteligentes-simulador\/#breadcrumb\",\"itemListElement\":[{\"@type\":\"ListItem\",\"position\":1,\"name\":\"Home\",\"item\":\"https:\/\/delorenzoglobal.com\/es\/\"},{\"@type\":\"ListItem\",\"position\":2,\"name\":\"Tienda\",\"item\":\"https:\/\/delorenzoglobal.com\/es\/tienda\/\"},{\"@type\":\"ListItem\",\"position\":3,\"name\":\"LUCES DE TR\u00c1FICO INTELIGENTES SIMULADOR\"}]},{\"@type\":\"WebSite\",\"@id\":\"https:\/\/delorenzoglobal.com\/es\/#website\",\"url\":\"https:\/\/delorenzoglobal.com\/es\/\",\"name\":\"De Lorenzo Training &amp; Didactical Equipment\",\"description\":\"\",\"potentialAction\":[{\"@type\":\"SearchAction\",\"target\":{\"@type\":\"EntryPoint\",\"urlTemplate\":\"https:\/\/delorenzoglobal.com\/es\/?s={search_term_string}\"},\"query-input\":{\"@type\":\"PropertyValueSpecification\",\"valueRequired\":true,\"valueName\":\"search_term_string\"}}],\"inLanguage\":\"es\"}]}<\/script>\n<!-- \/ Yoast SEO plugin. -->","yoast_head_json":{"title":"LUCES DE TR\u00c1FICO INTELIGENTES SIMULADOR - De Lorenzo Training &amp; Didactical Equipment","description":"El DL 2121RM es un sistema de sem\u00e1foros inteligente con PLC para la gesti\u00f3n de intersecciones viales y pasos peatonales.","robots":{"index":"index","follow":"follow","max-snippet":"max-snippet:-1","max-image-preview":"max-image-preview:large","max-video-preview":"max-video-preview:-1"},"canonical":"https:\/\/delorenzoglobal.com\/es\/producto\/luces-de-trafico-inteligentes-simulador\/","og_locale":"es_ES","og_type":"article","og_title":"LUCES DE TR\u00c1FICO INTELIGENTES SIMULADOR - De Lorenzo Training &amp; Didactical Equipment","og_description":"El DL 2121RM es un sistema de sem\u00e1foros inteligente con PLC para la gesti\u00f3n de intersecciones viales y pasos peatonales.","og_url":"https:\/\/delorenzoglobal.com\/es\/producto\/luces-de-trafico-inteligentes-simulador\/","og_site_name":"De Lorenzo Training &amp; Didactical Equipment","article_modified_time":"2026-04-02T08:56:59+00:00","og_image":[{"width":723,"height":632,"url":"https:\/\/delorenzoglobal.com\/wp-content\/uploads\/2024\/04\/DL-2121RM.jpg","type":"image\/jpeg"}],"twitter_card":"summary_large_image","twitter_misc":{"Tiempo de lectura":"1 minuto"},"schema":{"@context":"https:\/\/schema.org","@graph":[{"@type":"WebPage","@id":"https:\/\/delorenzoglobal.com\/es\/producto\/luces-de-trafico-inteligentes-simulador\/","url":"https:\/\/delorenzoglobal.com\/es\/producto\/luces-de-trafico-inteligentes-simulador\/","name":"LUCES DE TR\u00c1FICO INTELIGENTES SIMULADOR - De Lorenzo Training &amp; Didactical Equipment","isPartOf":{"@id":"https:\/\/delorenzoglobal.com\/es\/#website"},"primaryImageOfPage":{"@id":"https:\/\/delorenzoglobal.com\/es\/producto\/luces-de-trafico-inteligentes-simulador\/#primaryimage"},"image":{"@id":"https:\/\/delorenzoglobal.com\/es\/producto\/luces-de-trafico-inteligentes-simulador\/#primaryimage"},"thumbnailUrl":"https:\/\/delorenzoglobal.com\/wp-content\/uploads\/2024\/04\/DL-2121RM.jpg","datePublished":"2024-04-09T06:41:21+00:00","dateModified":"2026-04-02T08:56:59+00:00","description":"El DL 2121RM es un sistema de sem\u00e1foros inteligente con PLC para la gesti\u00f3n de intersecciones viales y pasos peatonales.","breadcrumb":{"@id":"https:\/\/delorenzoglobal.com\/es\/producto\/luces-de-trafico-inteligentes-simulador\/#breadcrumb"},"inLanguage":"es","potentialAction":[{"@type":"ReadAction","target":["https:\/\/delorenzoglobal.com\/es\/producto\/luces-de-trafico-inteligentes-simulador\/"]}]},{"@type":"ImageObject","inLanguage":"es","@id":"https:\/\/delorenzoglobal.com\/es\/producto\/luces-de-trafico-inteligentes-simulador\/#primaryimage","url":"https:\/\/delorenzoglobal.com\/wp-content\/uploads\/2024\/04\/DL-2121RM.jpg","contentUrl":"https:\/\/delorenzoglobal.com\/wp-content\/uploads\/2024\/04\/DL-2121RM.jpg","width":723,"height":632},{"@type":"BreadcrumbList","@id":"https:\/\/delorenzoglobal.com\/es\/producto\/luces-de-trafico-inteligentes-simulador\/#breadcrumb","itemListElement":[{"@type":"ListItem","position":1,"name":"Home","item":"https:\/\/delorenzoglobal.com\/es\/"},{"@type":"ListItem","position":2,"name":"Tienda","item":"https:\/\/delorenzoglobal.com\/es\/tienda\/"},{"@type":"ListItem","position":3,"name":"LUCES DE TR\u00c1FICO INTELIGENTES SIMULADOR"}]},{"@type":"WebSite","@id":"https:\/\/delorenzoglobal.com\/es\/#website","url":"https:\/\/delorenzoglobal.com\/es\/","name":"De Lorenzo Training &amp; Didactical Equipment","description":"","potentialAction":[{"@type":"SearchAction","target":{"@type":"EntryPoint","urlTemplate":"https:\/\/delorenzoglobal.com\/es\/?s={search_term_string}"},"query-input":{"@type":"PropertyValueSpecification","valueRequired":true,"valueName":"search_term_string"}}],"inLanguage":"es"}]}},"_links":{"self":[{"href":"https:\/\/delorenzoglobal.com\/es\/wp-json\/wp\/v2\/product\/1071","targetHints":{"allow":["GET"]}}],"collection":[{"href":"https:\/\/delorenzoglobal.com\/es\/wp-json\/wp\/v2\/product"}],"about":[{"href":"https:\/\/delorenzoglobal.com\/es\/wp-json\/wp\/v2\/types\/product"}],"wp:featuredmedia":[{"embeddable":true,"href":"https:\/\/delorenzoglobal.com\/es\/wp-json\/wp\/v2\/media\/70178"}],"wp:attachment":[{"href":"https:\/\/delorenzoglobal.com\/es\/wp-json\/wp\/v2\/media?parent=1071"}],"wp:term":[{"taxonomy":"product_brand","embeddable":true,"href":"https:\/\/delorenzoglobal.com\/es\/wp-json\/wp\/v2\/product_brand?post=1071"},{"taxonomy":"product_cat","embeddable":true,"href":"https:\/\/delorenzoglobal.com\/es\/wp-json\/wp\/v2\/product_cat?post=1071"},{"taxonomy":"product_tag","embeddable":true,"href":"https:\/\/delorenzoglobal.com\/es\/wp-json\/wp\/v2\/product_tag?post=1071"}],"curies":[{"name":"wp","href":"https:\/\/api.w.org\/{rel}","templated":true}]}}