{"id":10674,"date":"2024-04-18T11:32:35","date_gmt":"2024-04-18T09:32:35","guid":{"rendered":"https:\/\/delorenzoglobal.com\/?post_type=product&#038;p=10674"},"modified":"2025-01-16T11:49:54","modified_gmt":"2025-01-16T10:49:54","slug":"sistema-para-el-calentamiento","status":"publish","type":"product","link":"https:\/\/delorenzoglobal.com\/es\/producto\/sistema-para-el-calentamiento\/","title":{"rendered":"SISTEMA PARA EL CALENTAMIENTO"},"content":{"rendered":"<p>El simulador permite el estudio, la experimentaci\u00f3n y la b\u00fasqueda de aver\u00edas correspondiente a las siguientes instalaciones:<\/p>\n<ul>\n<li>Instalaci\u00f3n de calentamiento centralizado;<\/li>\n<li>Instalaci\u00f3n de calentamiento de regulaci\u00f3n distribuida;<\/li>\n<li>Instalaci\u00f3n de calentamiento variable seg\u00fan las zonas.<\/li>\n<\/ul>\n<p>Estas instalaciones est\u00e1n reproducidas sobre el panel, a trav\u00e9s de sin\u00f3pticos de colores que permiten un an\u00e1lisis completo de un circuito hidr\u00e1ulico, de sus componentes y del circuito el\u00e9ctrico\/electr\u00f3nico de control y regularizaci\u00f3n.<\/p>\n","protected":false},"excerpt":{"rendered":"<p>El simulador permite el estudio, la experimentaci\u00f3n y la b\u00fasqueda de aver\u00edas correspondiente a las siguientes instalaciones: Instalaci\u00f3n de calentamiento centralizado; Instalaci\u00f3n de calentamiento de regulaci\u00f3n distribuida; Instalaci\u00f3n de calentamiento variable seg\u00fan las zonas. Estas instalaciones est\u00e1n reproducidas sobre el panel, a trav\u00e9s de sin\u00f3pticos de colores que permiten un an\u00e1lisis completo de un circuito [&hellip;]<\/p>\n","protected":false},"featured_media":16843,"template":"","meta":{"_acf_changed":false},"product_brand":[],"product_cat":[402],"product_tag":[],"class_list":{"0":"post-10674","1":"product","2":"type-product","3":"status-publish","4":"has-post-thumbnail","6":"product_cat-plantas-de-calefaccion-y-sanitarias","8":"first","9":"instock","10":"shipping-taxable","11":"product-type-simple"},"acf":[],"yoast_head":"<!-- This site is optimized with the Yoast SEO plugin v27.0 - https:\/\/yoast.com\/product\/yoast-seo-wordpress\/ -->\n<title>SISTEMA PARA EL CALENTAMIENTO - De Lorenzo Training &amp; Didactical Equipment<\/title>\n<meta name=\"robots\" content=\"index, follow, max-snippet:-1, max-image-preview:large, max-video-preview:-1\" \/>\n<link rel=\"canonical\" href=\"https:\/\/delorenzoglobal.com\/es\/producto\/sistema-para-el-calentamiento\/\" \/>\n<meta property=\"og:locale\" content=\"es_ES\" \/>\n<meta property=\"og:type\" content=\"article\" \/>\n<meta property=\"og:title\" content=\"SISTEMA PARA EL CALENTAMIENTO - De Lorenzo Training &amp; Didactical Equipment\" \/>\n<meta property=\"og:description\" content=\"El simulador permite el estudio, la experimentaci\u00f3n y la b\u00fasqueda de aver\u00edas correspondiente a las siguientes instalaciones: Instalaci\u00f3n de calentamiento centralizado; Instalaci\u00f3n de calentamiento de regulaci\u00f3n distribuida; Instalaci\u00f3n de calentamiento variable seg\u00fan las zonas. Estas instalaciones est\u00e1n reproducidas sobre el panel, a trav\u00e9s de sin\u00f3pticos de colores que permiten un an\u00e1lisis completo de un circuito [&hellip;]\" \/>\n<meta property=\"og:url\" content=\"https:\/\/delorenzoglobal.com\/es\/producto\/sistema-para-el-calentamiento\/\" \/>\n<meta property=\"og:site_name\" content=\"De Lorenzo Training &amp; Didactical Equipment\" \/>\n<meta property=\"article:modified_time\" content=\"2025-01-16T10:49:54+00:00\" \/>\n<meta property=\"og:image\" content=\"https:\/\/delorenzoglobal.com\/wp-content\/uploads\/2024\/04\/DL-TM09-xs-scaled.jpg\" \/>\n\t<meta property=\"og:image:width\" content=\"2560\" \/>\n\t<meta property=\"og:image:height\" content=\"1575\" \/>\n\t<meta property=\"og:image:type\" content=\"image\/jpeg\" \/>\n<meta name=\"twitter:card\" content=\"summary_large_image\" \/>\n<meta name=\"twitter:label1\" content=\"Tiempo de lectura\" \/>\n\t<meta name=\"twitter:data1\" content=\"1 minuto\" \/>\n<script type=\"application\/ld+json\" class=\"yoast-schema-graph\">{\"@context\":\"https:\/\/schema.org\",\"@graph\":[{\"@type\":\"WebPage\",\"@id\":\"https:\/\/delorenzoglobal.com\/es\/producto\/sistema-para-el-calentamiento\/\",\"url\":\"https:\/\/delorenzoglobal.com\/es\/producto\/sistema-para-el-calentamiento\/\",\"name\":\"SISTEMA PARA EL CALENTAMIENTO - De Lorenzo Training &amp; Didactical Equipment\",\"isPartOf\":{\"@id\":\"https:\/\/delorenzoglobal.com\/es\/#website\"},\"primaryImageOfPage\":{\"@id\":\"https:\/\/delorenzoglobal.com\/es\/producto\/sistema-para-el-calentamiento\/#primaryimage\"},\"image\":{\"@id\":\"https:\/\/delorenzoglobal.com\/es\/producto\/sistema-para-el-calentamiento\/#primaryimage\"},\"thumbnailUrl\":\"https:\/\/delorenzoglobal.com\/wp-content\/uploads\/2024\/04\/DL-TM09-xs-scaled.jpg\",\"datePublished\":\"2024-04-18T09:32:35+00:00\",\"dateModified\":\"2025-01-16T10:49:54+00:00\",\"breadcrumb\":{\"@id\":\"https:\/\/delorenzoglobal.com\/es\/producto\/sistema-para-el-calentamiento\/#breadcrumb\"},\"inLanguage\":\"es\",\"potentialAction\":[{\"@type\":\"ReadAction\",\"target\":[\"https:\/\/delorenzoglobal.com\/es\/producto\/sistema-para-el-calentamiento\/\"]}]},{\"@type\":\"ImageObject\",\"inLanguage\":\"es\",\"@id\":\"https:\/\/delorenzoglobal.com\/es\/producto\/sistema-para-el-calentamiento\/#primaryimage\",\"url\":\"https:\/\/delorenzoglobal.com\/wp-content\/uploads\/2024\/04\/DL-TM09-xs-scaled.jpg\",\"contentUrl\":\"https:\/\/delorenzoglobal.com\/wp-content\/uploads\/2024\/04\/DL-TM09-xs-scaled.jpg\",\"width\":2560,\"height\":1575},{\"@type\":\"BreadcrumbList\",\"@id\":\"https:\/\/delorenzoglobal.com\/es\/producto\/sistema-para-el-calentamiento\/#breadcrumb\",\"itemListElement\":[{\"@type\":\"ListItem\",\"position\":1,\"name\":\"Home\",\"item\":\"https:\/\/delorenzoglobal.com\/es\/\"},{\"@type\":\"ListItem\",\"position\":2,\"name\":\"Tienda\",\"item\":\"https:\/\/delorenzoglobal.com\/es\/tienda\/\"},{\"@type\":\"ListItem\",\"position\":3,\"name\":\"SISTEMA PARA EL CALENTAMIENTO\"}]},{\"@type\":\"WebSite\",\"@id\":\"https:\/\/delorenzoglobal.com\/es\/#website\",\"url\":\"https:\/\/delorenzoglobal.com\/es\/\",\"name\":\"De Lorenzo Training &amp; Didactical Equipment\",\"description\":\"\",\"potentialAction\":[{\"@type\":\"SearchAction\",\"target\":{\"@type\":\"EntryPoint\",\"urlTemplate\":\"https:\/\/delorenzoglobal.com\/es\/?s={search_term_string}\"},\"query-input\":{\"@type\":\"PropertyValueSpecification\",\"valueRequired\":true,\"valueName\":\"search_term_string\"}}],\"inLanguage\":\"es\"}]}<\/script>\n<!-- \/ Yoast SEO plugin. -->","yoast_head_json":{"title":"SISTEMA PARA EL CALENTAMIENTO - De Lorenzo Training &amp; Didactical Equipment","robots":{"index":"index","follow":"follow","max-snippet":"max-snippet:-1","max-image-preview":"max-image-preview:large","max-video-preview":"max-video-preview:-1"},"canonical":"https:\/\/delorenzoglobal.com\/es\/producto\/sistema-para-el-calentamiento\/","og_locale":"es_ES","og_type":"article","og_title":"SISTEMA PARA EL CALENTAMIENTO - De Lorenzo Training &amp; Didactical Equipment","og_description":"El simulador permite el estudio, la experimentaci\u00f3n y la b\u00fasqueda de aver\u00edas correspondiente a las siguientes instalaciones: Instalaci\u00f3n de calentamiento centralizado; Instalaci\u00f3n de calentamiento de regulaci\u00f3n distribuida; Instalaci\u00f3n de calentamiento variable seg\u00fan las zonas. Estas instalaciones est\u00e1n reproducidas sobre el panel, a trav\u00e9s de sin\u00f3pticos de colores que permiten un an\u00e1lisis completo de un circuito [&hellip;]","og_url":"https:\/\/delorenzoglobal.com\/es\/producto\/sistema-para-el-calentamiento\/","og_site_name":"De Lorenzo Training &amp; Didactical Equipment","article_modified_time":"2025-01-16T10:49:54+00:00","og_image":[{"width":2560,"height":1575,"url":"https:\/\/delorenzoglobal.com\/wp-content\/uploads\/2024\/04\/DL-TM09-xs-scaled.jpg","type":"image\/jpeg"}],"twitter_card":"summary_large_image","twitter_misc":{"Tiempo de lectura":"1 minuto"},"schema":{"@context":"https:\/\/schema.org","@graph":[{"@type":"WebPage","@id":"https:\/\/delorenzoglobal.com\/es\/producto\/sistema-para-el-calentamiento\/","url":"https:\/\/delorenzoglobal.com\/es\/producto\/sistema-para-el-calentamiento\/","name":"SISTEMA PARA EL CALENTAMIENTO - De Lorenzo Training &amp; Didactical Equipment","isPartOf":{"@id":"https:\/\/delorenzoglobal.com\/es\/#website"},"primaryImageOfPage":{"@id":"https:\/\/delorenzoglobal.com\/es\/producto\/sistema-para-el-calentamiento\/#primaryimage"},"image":{"@id":"https:\/\/delorenzoglobal.com\/es\/producto\/sistema-para-el-calentamiento\/#primaryimage"},"thumbnailUrl":"https:\/\/delorenzoglobal.com\/wp-content\/uploads\/2024\/04\/DL-TM09-xs-scaled.jpg","datePublished":"2024-04-18T09:32:35+00:00","dateModified":"2025-01-16T10:49:54+00:00","breadcrumb":{"@id":"https:\/\/delorenzoglobal.com\/es\/producto\/sistema-para-el-calentamiento\/#breadcrumb"},"inLanguage":"es","potentialAction":[{"@type":"ReadAction","target":["https:\/\/delorenzoglobal.com\/es\/producto\/sistema-para-el-calentamiento\/"]}]},{"@type":"ImageObject","inLanguage":"es","@id":"https:\/\/delorenzoglobal.com\/es\/producto\/sistema-para-el-calentamiento\/#primaryimage","url":"https:\/\/delorenzoglobal.com\/wp-content\/uploads\/2024\/04\/DL-TM09-xs-scaled.jpg","contentUrl":"https:\/\/delorenzoglobal.com\/wp-content\/uploads\/2024\/04\/DL-TM09-xs-scaled.jpg","width":2560,"height":1575},{"@type":"BreadcrumbList","@id":"https:\/\/delorenzoglobal.com\/es\/producto\/sistema-para-el-calentamiento\/#breadcrumb","itemListElement":[{"@type":"ListItem","position":1,"name":"Home","item":"https:\/\/delorenzoglobal.com\/es\/"},{"@type":"ListItem","position":2,"name":"Tienda","item":"https:\/\/delorenzoglobal.com\/es\/tienda\/"},{"@type":"ListItem","position":3,"name":"SISTEMA PARA EL CALENTAMIENTO"}]},{"@type":"WebSite","@id":"https:\/\/delorenzoglobal.com\/es\/#website","url":"https:\/\/delorenzoglobal.com\/es\/","name":"De Lorenzo Training &amp; Didactical Equipment","description":"","potentialAction":[{"@type":"SearchAction","target":{"@type":"EntryPoint","urlTemplate":"https:\/\/delorenzoglobal.com\/es\/?s={search_term_string}"},"query-input":{"@type":"PropertyValueSpecification","valueRequired":true,"valueName":"search_term_string"}}],"inLanguage":"es"}]}},"_links":{"self":[{"href":"https:\/\/delorenzoglobal.com\/es\/wp-json\/wp\/v2\/product\/10674","targetHints":{"allow":["GET"]}}],"collection":[{"href":"https:\/\/delorenzoglobal.com\/es\/wp-json\/wp\/v2\/product"}],"about":[{"href":"https:\/\/delorenzoglobal.com\/es\/wp-json\/wp\/v2\/types\/product"}],"wp:featuredmedia":[{"embeddable":true,"href":"https:\/\/delorenzoglobal.com\/es\/wp-json\/wp\/v2\/media\/16843"}],"wp:attachment":[{"href":"https:\/\/delorenzoglobal.com\/es\/wp-json\/wp\/v2\/media?parent=10674"}],"wp:term":[{"taxonomy":"product_brand","embeddable":true,"href":"https:\/\/delorenzoglobal.com\/es\/wp-json\/wp\/v2\/product_brand?post=10674"},{"taxonomy":"product_cat","embeddable":true,"href":"https:\/\/delorenzoglobal.com\/es\/wp-json\/wp\/v2\/product_cat?post=10674"},{"taxonomy":"product_tag","embeddable":true,"href":"https:\/\/delorenzoglobal.com\/es\/wp-json\/wp\/v2\/product_tag?post=10674"}],"curies":[{"name":"wp","href":"https:\/\/api.w.org\/{rel}","templated":true}]}}