{"id":10629,"date":"2024-04-18T11:25:49","date_gmt":"2024-04-18T09:25:49","guid":{"rendered":"https:\/\/delorenzoglobal.com\/?post_type=product&#038;p=10629"},"modified":"2025-11-24T14:11:46","modified_gmt":"2025-11-24T13:11:46","slug":"banco-hidraulico","status":"publish","type":"product","link":"https:\/\/delorenzoglobal.com\/es\/producto\/banco-hidraulico\/","title":{"rendered":"BANCO HIDRAULICO"},"content":{"rendered":"<p>El DL DKL 014 es un equipo hidr\u00e1ulico apto para ser utilizado como banco de trabajo.<\/p>\n<p>Se puede utilizar una gran variedad de dispositivos did\u00e1cticos mont\u00e1ndolos sobre la mesa.<\/p>\n<p>El conjunto cuenta con dos dep\u00f3sitos volum\u00e9tricos de diferentes tama\u00f1os. El dep\u00f3sito superior tiene una capacidad de 40 litros y el dep\u00f3sito inferior puede albergar una capacidad de agua de hasta 120 litros.<\/p>\n<p>Con la finalidad de obtener las mediciones de caudal de la forma m\u00e1s precisa posible, el dep\u00f3sito superior cuenta con un medidor de caudal el cual se encuentra calibrado de 0-8 litros en intervalos m\u00e1s precisos y de 0-40 litros en intervalos mayores.<\/p>\n<p>El dep\u00f3sito inferior de almacenamiento de agua cuenta con una tapa para evitar la acumulaci\u00f3n de polvo y part\u00edculas.<\/p>\n","protected":false},"excerpt":{"rendered":"<p>El DL DKL 014 es un equipo hidr\u00e1ulico apto para ser utilizado como banco de trabajo. Se puede utilizar una gran variedad de dispositivos did\u00e1cticos mont\u00e1ndolos sobre la mesa. El conjunto cuenta con dos dep\u00f3sitos volum\u00e9tricos de diferentes tama\u00f1os. El dep\u00f3sito superior tiene una capacidad de 40 litros y el dep\u00f3sito inferior puede albergar una [&hellip;]<\/p>\n","protected":false},"featured_media":10609,"template":"","meta":{"_acf_changed":false},"product_brand":[],"product_cat":[429],"product_tag":[],"class_list":{"0":"post-10629","1":"product","2":"type-product","3":"status-publish","4":"has-post-thumbnail","6":"product_cat-fundamentos-de-la-mecanica-de-fluidos","8":"first","9":"instock","10":"shipping-taxable","11":"product-type-simple"},"acf":[],"yoast_head":"<!-- This site is optimized with the Yoast SEO plugin v27.4 - https:\/\/yoast.com\/product\/yoast-seo-wordpress\/ -->\n<title>BANCO HIDRAULICO - De Lorenzo Training &amp; Didactical Equipment<\/title>\n<meta name=\"robots\" content=\"index, follow, max-snippet:-1, max-image-preview:large, max-video-preview:-1\" \/>\n<link rel=\"canonical\" href=\"https:\/\/delorenzoglobal.com\/es\/producto\/banco-hidraulico\/\" \/>\n<meta property=\"og:locale\" content=\"es_ES\" \/>\n<meta property=\"og:type\" content=\"article\" \/>\n<meta property=\"og:title\" content=\"BANCO HIDRAULICO - De Lorenzo Training &amp; Didactical Equipment\" \/>\n<meta property=\"og:description\" content=\"El DL DKL 014 es un equipo hidr\u00e1ulico apto para ser utilizado como banco de trabajo. Se puede utilizar una gran variedad de dispositivos did\u00e1cticos mont\u00e1ndolos sobre la mesa. El conjunto cuenta con dos dep\u00f3sitos volum\u00e9tricos de diferentes tama\u00f1os. El dep\u00f3sito superior tiene una capacidad de 40 litros y el dep\u00f3sito inferior puede albergar una [&hellip;]\" \/>\n<meta property=\"og:url\" content=\"https:\/\/delorenzoglobal.com\/es\/producto\/banco-hidraulico\/\" \/>\n<meta property=\"og:site_name\" content=\"De Lorenzo Training &amp; Didactical Equipment\" \/>\n<meta property=\"article:modified_time\" content=\"2025-11-24T13:11:46+00:00\" \/>\n<meta property=\"og:image\" content=\"https:\/\/delorenzoglobal.com\/wp-content\/uploads\/2024\/04\/DL-DKL014-scaled.jpg\" \/>\n\t<meta property=\"og:image:width\" content=\"2560\" \/>\n\t<meta property=\"og:image:height\" content=\"2234\" \/>\n\t<meta property=\"og:image:type\" content=\"image\/jpeg\" \/>\n<meta name=\"twitter:card\" content=\"summary_large_image\" \/>\n<meta name=\"twitter:label1\" content=\"Tiempo de lectura\" \/>\n\t<meta name=\"twitter:data1\" content=\"1 minuto\" \/>\n<script type=\"application\/ld+json\" class=\"yoast-schema-graph\">{\"@context\":\"https:\\\/\\\/schema.org\",\"@graph\":[{\"@type\":\"WebPage\",\"@id\":\"https:\\\/\\\/delorenzoglobal.com\\\/es\\\/producto\\\/banco-hidraulico\\\/\",\"url\":\"https:\\\/\\\/delorenzoglobal.com\\\/es\\\/producto\\\/banco-hidraulico\\\/\",\"name\":\"BANCO HIDRAULICO - De Lorenzo Training &amp; Didactical Equipment\",\"isPartOf\":{\"@id\":\"https:\\\/\\\/delorenzoglobal.com\\\/es\\\/#website\"},\"primaryImageOfPage\":{\"@id\":\"https:\\\/\\\/delorenzoglobal.com\\\/es\\\/producto\\\/banco-hidraulico\\\/#primaryimage\"},\"image\":{\"@id\":\"https:\\\/\\\/delorenzoglobal.com\\\/es\\\/producto\\\/banco-hidraulico\\\/#primaryimage\"},\"thumbnailUrl\":\"https:\\\/\\\/delorenzoglobal.com\\\/wp-content\\\/uploads\\\/2024\\\/04\\\/DL-DKL014-scaled.jpg\",\"datePublished\":\"2024-04-18T09:25:49+00:00\",\"dateModified\":\"2025-11-24T13:11:46+00:00\",\"breadcrumb\":{\"@id\":\"https:\\\/\\\/delorenzoglobal.com\\\/es\\\/producto\\\/banco-hidraulico\\\/#breadcrumb\"},\"inLanguage\":\"es\",\"potentialAction\":[{\"@type\":\"ReadAction\",\"target\":[\"https:\\\/\\\/delorenzoglobal.com\\\/es\\\/producto\\\/banco-hidraulico\\\/\"]}]},{\"@type\":\"ImageObject\",\"inLanguage\":\"es\",\"@id\":\"https:\\\/\\\/delorenzoglobal.com\\\/es\\\/producto\\\/banco-hidraulico\\\/#primaryimage\",\"url\":\"https:\\\/\\\/delorenzoglobal.com\\\/wp-content\\\/uploads\\\/2024\\\/04\\\/DL-DKL014-scaled.jpg\",\"contentUrl\":\"https:\\\/\\\/delorenzoglobal.com\\\/wp-content\\\/uploads\\\/2024\\\/04\\\/DL-DKL014-scaled.jpg\",\"width\":2560,\"height\":2234},{\"@type\":\"BreadcrumbList\",\"@id\":\"https:\\\/\\\/delorenzoglobal.com\\\/es\\\/producto\\\/banco-hidraulico\\\/#breadcrumb\",\"itemListElement\":[{\"@type\":\"ListItem\",\"position\":1,\"name\":\"Home\",\"item\":\"https:\\\/\\\/delorenzoglobal.com\\\/es\\\/\"},{\"@type\":\"ListItem\",\"position\":2,\"name\":\"Tienda\",\"item\":\"https:\\\/\\\/delorenzoglobal.com\\\/es\\\/tienda\\\/\"},{\"@type\":\"ListItem\",\"position\":3,\"name\":\"BANCO HIDRAULICO\"}]},{\"@type\":\"WebSite\",\"@id\":\"https:\\\/\\\/delorenzoglobal.com\\\/es\\\/#website\",\"url\":\"https:\\\/\\\/delorenzoglobal.com\\\/es\\\/\",\"name\":\"De Lorenzo Training &amp; Didactical Equipment\",\"description\":\"\",\"potentialAction\":[{\"@type\":\"SearchAction\",\"target\":{\"@type\":\"EntryPoint\",\"urlTemplate\":\"https:\\\/\\\/delorenzoglobal.com\\\/es\\\/?s={search_term_string}\"},\"query-input\":{\"@type\":\"PropertyValueSpecification\",\"valueRequired\":true,\"valueName\":\"search_term_string\"}}],\"inLanguage\":\"es\"}]}<\/script>\n<!-- \/ Yoast SEO plugin. -->","yoast_head_json":{"title":"BANCO HIDRAULICO - De Lorenzo Training &amp; Didactical Equipment","robots":{"index":"index","follow":"follow","max-snippet":"max-snippet:-1","max-image-preview":"max-image-preview:large","max-video-preview":"max-video-preview:-1"},"canonical":"https:\/\/delorenzoglobal.com\/es\/producto\/banco-hidraulico\/","og_locale":"es_ES","og_type":"article","og_title":"BANCO HIDRAULICO - De Lorenzo Training &amp; Didactical Equipment","og_description":"El DL DKL 014 es un equipo hidr\u00e1ulico apto para ser utilizado como banco de trabajo. Se puede utilizar una gran variedad de dispositivos did\u00e1cticos mont\u00e1ndolos sobre la mesa. El conjunto cuenta con dos dep\u00f3sitos volum\u00e9tricos de diferentes tama\u00f1os. El dep\u00f3sito superior tiene una capacidad de 40 litros y el dep\u00f3sito inferior puede albergar una [&hellip;]","og_url":"https:\/\/delorenzoglobal.com\/es\/producto\/banco-hidraulico\/","og_site_name":"De Lorenzo Training &amp; Didactical Equipment","article_modified_time":"2025-11-24T13:11:46+00:00","og_image":[{"width":2560,"height":2234,"url":"https:\/\/delorenzoglobal.com\/wp-content\/uploads\/2024\/04\/DL-DKL014-scaled.jpg","type":"image\/jpeg"}],"twitter_card":"summary_large_image","twitter_misc":{"Tiempo de lectura":"1 minuto"},"schema":{"@context":"https:\/\/schema.org","@graph":[{"@type":"WebPage","@id":"https:\/\/delorenzoglobal.com\/es\/producto\/banco-hidraulico\/","url":"https:\/\/delorenzoglobal.com\/es\/producto\/banco-hidraulico\/","name":"BANCO HIDRAULICO - De Lorenzo Training &amp; Didactical Equipment","isPartOf":{"@id":"https:\/\/delorenzoglobal.com\/es\/#website"},"primaryImageOfPage":{"@id":"https:\/\/delorenzoglobal.com\/es\/producto\/banco-hidraulico\/#primaryimage"},"image":{"@id":"https:\/\/delorenzoglobal.com\/es\/producto\/banco-hidraulico\/#primaryimage"},"thumbnailUrl":"https:\/\/delorenzoglobal.com\/wp-content\/uploads\/2024\/04\/DL-DKL014-scaled.jpg","datePublished":"2024-04-18T09:25:49+00:00","dateModified":"2025-11-24T13:11:46+00:00","breadcrumb":{"@id":"https:\/\/delorenzoglobal.com\/es\/producto\/banco-hidraulico\/#breadcrumb"},"inLanguage":"es","potentialAction":[{"@type":"ReadAction","target":["https:\/\/delorenzoglobal.com\/es\/producto\/banco-hidraulico\/"]}]},{"@type":"ImageObject","inLanguage":"es","@id":"https:\/\/delorenzoglobal.com\/es\/producto\/banco-hidraulico\/#primaryimage","url":"https:\/\/delorenzoglobal.com\/wp-content\/uploads\/2024\/04\/DL-DKL014-scaled.jpg","contentUrl":"https:\/\/delorenzoglobal.com\/wp-content\/uploads\/2024\/04\/DL-DKL014-scaled.jpg","width":2560,"height":2234},{"@type":"BreadcrumbList","@id":"https:\/\/delorenzoglobal.com\/es\/producto\/banco-hidraulico\/#breadcrumb","itemListElement":[{"@type":"ListItem","position":1,"name":"Home","item":"https:\/\/delorenzoglobal.com\/es\/"},{"@type":"ListItem","position":2,"name":"Tienda","item":"https:\/\/delorenzoglobal.com\/es\/tienda\/"},{"@type":"ListItem","position":3,"name":"BANCO HIDRAULICO"}]},{"@type":"WebSite","@id":"https:\/\/delorenzoglobal.com\/es\/#website","url":"https:\/\/delorenzoglobal.com\/es\/","name":"De Lorenzo Training &amp; Didactical Equipment","description":"","potentialAction":[{"@type":"SearchAction","target":{"@type":"EntryPoint","urlTemplate":"https:\/\/delorenzoglobal.com\/es\/?s={search_term_string}"},"query-input":{"@type":"PropertyValueSpecification","valueRequired":true,"valueName":"search_term_string"}}],"inLanguage":"es"}]}},"_links":{"self":[{"href":"https:\/\/delorenzoglobal.com\/es\/wp-json\/wp\/v2\/product\/10629","targetHints":{"allow":["GET"]}}],"collection":[{"href":"https:\/\/delorenzoglobal.com\/es\/wp-json\/wp\/v2\/product"}],"about":[{"href":"https:\/\/delorenzoglobal.com\/es\/wp-json\/wp\/v2\/types\/product"}],"wp:featuredmedia":[{"embeddable":true,"href":"https:\/\/delorenzoglobal.com\/es\/wp-json\/wp\/v2\/media\/10609"}],"wp:attachment":[{"href":"https:\/\/delorenzoglobal.com\/es\/wp-json\/wp\/v2\/media?parent=10629"}],"wp:term":[{"taxonomy":"product_brand","embeddable":true,"href":"https:\/\/delorenzoglobal.com\/es\/wp-json\/wp\/v2\/product_brand?post=10629"},{"taxonomy":"product_cat","embeddable":true,"href":"https:\/\/delorenzoglobal.com\/es\/wp-json\/wp\/v2\/product_cat?post=10629"},{"taxonomy":"product_tag","embeddable":true,"href":"https:\/\/delorenzoglobal.com\/es\/wp-json\/wp\/v2\/product_tag?post=10629"}],"curies":[{"name":"wp","href":"https:\/\/api.w.org\/{rel}","templated":true}]}}