{"id":10615,"date":"2024-04-18T11:23:35","date_gmt":"2024-04-18T09:23:35","guid":{"rendered":"https:\/\/delorenzoglobal.com\/?post_type=product&#038;p=10615"},"modified":"2025-01-15T12:46:13","modified_gmt":"2025-01-15T11:46:13","slug":"bomba-de-calor","status":"publish","type":"product","link":"https:\/\/delorenzoglobal.com\/es\/producto\/bomba-de-calor\/","title":{"rendered":"BOMBA DE CALOR"},"content":{"rendered":"<p>El sistema puede demostrar f\u00e1cilmente el funcionamiento de una bomba de calor de aire\/agua.<\/p>\n<p>Es posible estudiar la utilizaci\u00f3n de la energ\u00eda ambiental utilizada para calentar el agua.<\/p>\n<p>El refrigerante absorbe el entorno t\u00e9rmico mientras pasa a trav\u00e9s del ventilador del evaporador y, posteriormente, se transfiere al agua del condensador.<\/p>\n<p>El tanque de almacenamiento de agua caliente incluye un intercambiador de calor interno, que puede conectarse tambi\u00e9n a la red, para intercambiar energ\u00eda con el flujo de agua del grifo.<\/p>\n<p>El calor, absorbido por el agua en el condensador, va al tanque de almacenamiento de agua caliente, donde esta energ\u00eda t\u00e9rmica se almacena y se puede intercambiar con el flujo de agua del grifo.<\/p>\n<p>El sistema tambi\u00e9n est\u00e1 listo para funcionar en un circuito abierto: El agua de la red puede entrar directamente en el condensador proporcionando un calentamiento instant\u00e1neo.<\/p>\n","protected":false},"excerpt":{"rendered":"<p>El sistema puede demostrar f\u00e1cilmente el funcionamiento de una bomba de calor de aire\/agua. Es posible estudiar la utilizaci\u00f3n de la energ\u00eda ambiental utilizada para calentar el agua. El refrigerante absorbe el entorno t\u00e9rmico mientras pasa a trav\u00e9s del ventilador del evaporador y, posteriormente, se transfiere al agua del condensador. El tanque de almacenamiento de [&hellip;]<\/p>\n","protected":false},"featured_media":10594,"template":"","meta":{"_acf_changed":false},"product_brand":[],"product_cat":[399],"product_tag":[],"class_list":{"0":"post-10615","1":"product","2":"type-product","3":"status-publish","4":"has-post-thumbnail","6":"product_cat-refrigeracion","8":"first","9":"instock","10":"shipping-taxable","11":"product-type-simple"},"acf":[],"yoast_head":"<!-- This site is optimized with the Yoast SEO plugin v27.4 - https:\/\/yoast.com\/product\/yoast-seo-wordpress\/ -->\n<title>BOMBA DE CALOR - De Lorenzo Training &amp; Didactical Equipment<\/title>\n<meta name=\"robots\" content=\"index, follow, max-snippet:-1, max-image-preview:large, max-video-preview:-1\" \/>\n<link rel=\"canonical\" href=\"https:\/\/delorenzoglobal.com\/es\/producto\/bomba-de-calor\/\" \/>\n<meta property=\"og:locale\" content=\"es_ES\" \/>\n<meta property=\"og:type\" content=\"article\" \/>\n<meta property=\"og:title\" content=\"BOMBA DE CALOR - De Lorenzo Training &amp; Didactical Equipment\" \/>\n<meta property=\"og:description\" content=\"El sistema puede demostrar f\u00e1cilmente el funcionamiento de una bomba de calor de aire\/agua. Es posible estudiar la utilizaci\u00f3n de la energ\u00eda ambiental utilizada para calentar el agua. El refrigerante absorbe el entorno t\u00e9rmico mientras pasa a trav\u00e9s del ventilador del evaporador y, posteriormente, se transfiere al agua del condensador. El tanque de almacenamiento de [&hellip;]\" \/>\n<meta property=\"og:url\" content=\"https:\/\/delorenzoglobal.com\/es\/producto\/bomba-de-calor\/\" \/>\n<meta property=\"og:site_name\" content=\"De Lorenzo Training &amp; Didactical Equipment\" \/>\n<meta property=\"article:modified_time\" content=\"2025-01-15T11:46:13+00:00\" \/>\n<meta property=\"og:image\" content=\"https:\/\/delorenzoglobal.com\/wp-content\/uploads\/2024\/04\/DL-DKC031.jpeg\" \/>\n\t<meta property=\"og:image:width\" content=\"1024\" \/>\n\t<meta property=\"og:image:height\" content=\"1113\" \/>\n\t<meta property=\"og:image:type\" content=\"image\/jpeg\" \/>\n<meta name=\"twitter:card\" content=\"summary_large_image\" \/>\n<meta name=\"twitter:label1\" content=\"Tiempo de lectura\" \/>\n\t<meta name=\"twitter:data1\" content=\"1 minuto\" \/>\n<script type=\"application\/ld+json\" class=\"yoast-schema-graph\">{\"@context\":\"https:\\\/\\\/schema.org\",\"@graph\":[{\"@type\":\"WebPage\",\"@id\":\"https:\\\/\\\/delorenzoglobal.com\\\/es\\\/producto\\\/bomba-de-calor\\\/\",\"url\":\"https:\\\/\\\/delorenzoglobal.com\\\/es\\\/producto\\\/bomba-de-calor\\\/\",\"name\":\"BOMBA DE CALOR - De Lorenzo Training &amp; Didactical Equipment\",\"isPartOf\":{\"@id\":\"https:\\\/\\\/delorenzoglobal.com\\\/es\\\/#website\"},\"primaryImageOfPage\":{\"@id\":\"https:\\\/\\\/delorenzoglobal.com\\\/es\\\/producto\\\/bomba-de-calor\\\/#primaryimage\"},\"image\":{\"@id\":\"https:\\\/\\\/delorenzoglobal.com\\\/es\\\/producto\\\/bomba-de-calor\\\/#primaryimage\"},\"thumbnailUrl\":\"https:\\\/\\\/delorenzoglobal.com\\\/wp-content\\\/uploads\\\/2024\\\/04\\\/DL-DKC031.jpeg\",\"datePublished\":\"2024-04-18T09:23:35+00:00\",\"dateModified\":\"2025-01-15T11:46:13+00:00\",\"breadcrumb\":{\"@id\":\"https:\\\/\\\/delorenzoglobal.com\\\/es\\\/producto\\\/bomba-de-calor\\\/#breadcrumb\"},\"inLanguage\":\"es\",\"potentialAction\":[{\"@type\":\"ReadAction\",\"target\":[\"https:\\\/\\\/delorenzoglobal.com\\\/es\\\/producto\\\/bomba-de-calor\\\/\"]}]},{\"@type\":\"ImageObject\",\"inLanguage\":\"es\",\"@id\":\"https:\\\/\\\/delorenzoglobal.com\\\/es\\\/producto\\\/bomba-de-calor\\\/#primaryimage\",\"url\":\"https:\\\/\\\/delorenzoglobal.com\\\/wp-content\\\/uploads\\\/2024\\\/04\\\/DL-DKC031.jpeg\",\"contentUrl\":\"https:\\\/\\\/delorenzoglobal.com\\\/wp-content\\\/uploads\\\/2024\\\/04\\\/DL-DKC031.jpeg\",\"width\":1024,\"height\":1113},{\"@type\":\"BreadcrumbList\",\"@id\":\"https:\\\/\\\/delorenzoglobal.com\\\/es\\\/producto\\\/bomba-de-calor\\\/#breadcrumb\",\"itemListElement\":[{\"@type\":\"ListItem\",\"position\":1,\"name\":\"Home\",\"item\":\"https:\\\/\\\/delorenzoglobal.com\\\/es\\\/\"},{\"@type\":\"ListItem\",\"position\":2,\"name\":\"Tienda\",\"item\":\"https:\\\/\\\/delorenzoglobal.com\\\/es\\\/tienda\\\/\"},{\"@type\":\"ListItem\",\"position\":3,\"name\":\"BOMBA DE CALOR\"}]},{\"@type\":\"WebSite\",\"@id\":\"https:\\\/\\\/delorenzoglobal.com\\\/es\\\/#website\",\"url\":\"https:\\\/\\\/delorenzoglobal.com\\\/es\\\/\",\"name\":\"De Lorenzo Training &amp; Didactical Equipment\",\"description\":\"\",\"potentialAction\":[{\"@type\":\"SearchAction\",\"target\":{\"@type\":\"EntryPoint\",\"urlTemplate\":\"https:\\\/\\\/delorenzoglobal.com\\\/es\\\/?s={search_term_string}\"},\"query-input\":{\"@type\":\"PropertyValueSpecification\",\"valueRequired\":true,\"valueName\":\"search_term_string\"}}],\"inLanguage\":\"es\"}]}<\/script>\n<!-- \/ Yoast SEO plugin. -->","yoast_head_json":{"title":"BOMBA DE CALOR - De Lorenzo Training &amp; Didactical Equipment","robots":{"index":"index","follow":"follow","max-snippet":"max-snippet:-1","max-image-preview":"max-image-preview:large","max-video-preview":"max-video-preview:-1"},"canonical":"https:\/\/delorenzoglobal.com\/es\/producto\/bomba-de-calor\/","og_locale":"es_ES","og_type":"article","og_title":"BOMBA DE CALOR - De Lorenzo Training &amp; Didactical Equipment","og_description":"El sistema puede demostrar f\u00e1cilmente el funcionamiento de una bomba de calor de aire\/agua. Es posible estudiar la utilizaci\u00f3n de la energ\u00eda ambiental utilizada para calentar el agua. El refrigerante absorbe el entorno t\u00e9rmico mientras pasa a trav\u00e9s del ventilador del evaporador y, posteriormente, se transfiere al agua del condensador. El tanque de almacenamiento de [&hellip;]","og_url":"https:\/\/delorenzoglobal.com\/es\/producto\/bomba-de-calor\/","og_site_name":"De Lorenzo Training &amp; Didactical Equipment","article_modified_time":"2025-01-15T11:46:13+00:00","og_image":[{"width":1024,"height":1113,"url":"https:\/\/delorenzoglobal.com\/wp-content\/uploads\/2024\/04\/DL-DKC031.jpeg","type":"image\/jpeg"}],"twitter_card":"summary_large_image","twitter_misc":{"Tiempo de lectura":"1 minuto"},"schema":{"@context":"https:\/\/schema.org","@graph":[{"@type":"WebPage","@id":"https:\/\/delorenzoglobal.com\/es\/producto\/bomba-de-calor\/","url":"https:\/\/delorenzoglobal.com\/es\/producto\/bomba-de-calor\/","name":"BOMBA DE CALOR - De Lorenzo Training &amp; Didactical Equipment","isPartOf":{"@id":"https:\/\/delorenzoglobal.com\/es\/#website"},"primaryImageOfPage":{"@id":"https:\/\/delorenzoglobal.com\/es\/producto\/bomba-de-calor\/#primaryimage"},"image":{"@id":"https:\/\/delorenzoglobal.com\/es\/producto\/bomba-de-calor\/#primaryimage"},"thumbnailUrl":"https:\/\/delorenzoglobal.com\/wp-content\/uploads\/2024\/04\/DL-DKC031.jpeg","datePublished":"2024-04-18T09:23:35+00:00","dateModified":"2025-01-15T11:46:13+00:00","breadcrumb":{"@id":"https:\/\/delorenzoglobal.com\/es\/producto\/bomba-de-calor\/#breadcrumb"},"inLanguage":"es","potentialAction":[{"@type":"ReadAction","target":["https:\/\/delorenzoglobal.com\/es\/producto\/bomba-de-calor\/"]}]},{"@type":"ImageObject","inLanguage":"es","@id":"https:\/\/delorenzoglobal.com\/es\/producto\/bomba-de-calor\/#primaryimage","url":"https:\/\/delorenzoglobal.com\/wp-content\/uploads\/2024\/04\/DL-DKC031.jpeg","contentUrl":"https:\/\/delorenzoglobal.com\/wp-content\/uploads\/2024\/04\/DL-DKC031.jpeg","width":1024,"height":1113},{"@type":"BreadcrumbList","@id":"https:\/\/delorenzoglobal.com\/es\/producto\/bomba-de-calor\/#breadcrumb","itemListElement":[{"@type":"ListItem","position":1,"name":"Home","item":"https:\/\/delorenzoglobal.com\/es\/"},{"@type":"ListItem","position":2,"name":"Tienda","item":"https:\/\/delorenzoglobal.com\/es\/tienda\/"},{"@type":"ListItem","position":3,"name":"BOMBA DE CALOR"}]},{"@type":"WebSite","@id":"https:\/\/delorenzoglobal.com\/es\/#website","url":"https:\/\/delorenzoglobal.com\/es\/","name":"De Lorenzo Training &amp; Didactical Equipment","description":"","potentialAction":[{"@type":"SearchAction","target":{"@type":"EntryPoint","urlTemplate":"https:\/\/delorenzoglobal.com\/es\/?s={search_term_string}"},"query-input":{"@type":"PropertyValueSpecification","valueRequired":true,"valueName":"search_term_string"}}],"inLanguage":"es"}]}},"_links":{"self":[{"href":"https:\/\/delorenzoglobal.com\/es\/wp-json\/wp\/v2\/product\/10615","targetHints":{"allow":["GET"]}}],"collection":[{"href":"https:\/\/delorenzoglobal.com\/es\/wp-json\/wp\/v2\/product"}],"about":[{"href":"https:\/\/delorenzoglobal.com\/es\/wp-json\/wp\/v2\/types\/product"}],"wp:featuredmedia":[{"embeddable":true,"href":"https:\/\/delorenzoglobal.com\/es\/wp-json\/wp\/v2\/media\/10594"}],"wp:attachment":[{"href":"https:\/\/delorenzoglobal.com\/es\/wp-json\/wp\/v2\/media?parent=10615"}],"wp:term":[{"taxonomy":"product_brand","embeddable":true,"href":"https:\/\/delorenzoglobal.com\/es\/wp-json\/wp\/v2\/product_brand?post=10615"},{"taxonomy":"product_cat","embeddable":true,"href":"https:\/\/delorenzoglobal.com\/es\/wp-json\/wp\/v2\/product_cat?post=10615"},{"taxonomy":"product_tag","embeddable":true,"href":"https:\/\/delorenzoglobal.com\/es\/wp-json\/wp\/v2\/product_tag?post=10615"}],"curies":[{"name":"wp","href":"https:\/\/api.w.org\/{rel}","templated":true}]}}