{"id":10577,"date":"2024-04-18T11:08:40","date_gmt":"2024-04-18T09:08:40","guid":{"rendered":"https:\/\/delorenzoglobal.com\/?post_type=product&#038;p=10577"},"modified":"2026-03-12T14:52:27","modified_gmt":"2026-03-12T13:52:27","slug":"camara-fria","status":"publish","type":"product","link":"https:\/\/delorenzoglobal.com\/es\/producto\/camara-fria\/","title":{"rendered":"C\u00c1MARA FR\u00cdA"},"content":{"rendered":"<p>Este sistema ha sido dise\u00f1ado para el an\u00e1lisis de los fen\u00f3menos de la refrigeraci\u00f3n industrial.<\/p>\n<p>Integra todos los componentes principales que se pueden encontrar en una instalaci\u00f3n de c\u00e1mara fr\u00eda.<\/p>\n<p>El entrenador se compone de componentes modulares y puede alcanzar temperaturas de congelaci\u00f3n tan bajas como -30\u00b0C.<\/p>\n<p>Consta de:<\/p>\n<ul>\n<li>una c\u00e1mara de refrigeraci\u00f3n con un evaporador de flujo forzado alimentado por una v\u00e1lvula de expansi\u00f3n termost\u00e1tica<\/li>\n<li>una unidad de condensador de 250W<\/li>\n<li>un panel de acceso t\u00e9rmico transparente.<\/li>\n<\/ul>\n","protected":false},"excerpt":{"rendered":"<p>Este sistema ha sido dise\u00f1ado para el an\u00e1lisis de los fen\u00f3menos de la refrigeraci\u00f3n industrial. Integra todos los componentes principales que se pueden encontrar en una instalaci\u00f3n de c\u00e1mara fr\u00eda. El entrenador se compone de componentes modulares y puede alcanzar temperaturas de congelaci\u00f3n tan bajas como -30\u00b0C. Consta de: una c\u00e1mara de refrigeraci\u00f3n con un [&hellip;]<\/p>\n","protected":false},"featured_media":66710,"template":"","meta":{"_acf_changed":false},"product_brand":[],"product_cat":[399],"product_tag":[],"class_list":{"0":"post-10577","1":"product","2":"type-product","3":"status-publish","4":"has-post-thumbnail","6":"product_cat-refrigeracion","8":"first","9":"instock","10":"shipping-taxable","11":"product-type-simple"},"acf":[],"yoast_head":"<!-- This site is optimized with the Yoast SEO plugin v27.4 - https:\/\/yoast.com\/product\/yoast-seo-wordpress\/ -->\n<title>C\u00c1MARA FR\u00cdA - De Lorenzo Training &amp; Didactical Equipment<\/title>\n<meta name=\"description\" content=\"Sistema para el an\u00e1lisis de los fen\u00f3menos de la refrigeraci\u00f3n. Integra todos los principales componentes que se pueden encontrar en una instalaci\u00f3n con c\u00e1maras frigor\u00edficas.\" \/>\n<meta name=\"robots\" content=\"index, follow, max-snippet:-1, max-image-preview:large, max-video-preview:-1\" \/>\n<link rel=\"canonical\" href=\"https:\/\/delorenzoglobal.com\/es\/producto\/camara-fria\/\" \/>\n<meta property=\"og:locale\" content=\"es_ES\" \/>\n<meta property=\"og:type\" content=\"article\" \/>\n<meta property=\"og:title\" content=\"C\u00c1MARA FR\u00cdA - De Lorenzo Training &amp; Didactical Equipment\" \/>\n<meta property=\"og:description\" content=\"Sistema para el an\u00e1lisis de los fen\u00f3menos de la refrigeraci\u00f3n. Integra todos los principales componentes que se pueden encontrar en una instalaci\u00f3n con c\u00e1maras frigor\u00edficas.\" \/>\n<meta property=\"og:url\" content=\"https:\/\/delorenzoglobal.com\/es\/producto\/camara-fria\/\" \/>\n<meta property=\"og:site_name\" content=\"De Lorenzo Training &amp; Didactical Equipment\" \/>\n<meta property=\"article:modified_time\" content=\"2026-03-12T13:52:27+00:00\" \/>\n<meta property=\"og:image\" content=\"https:\/\/delorenzoglobal.com\/wp-content\/uploads\/2024\/04\/DL-DKF011.jpg\" \/>\n\t<meta property=\"og:image:width\" content=\"1030\" \/>\n\t<meta property=\"og:image:height\" content=\"773\" \/>\n\t<meta property=\"og:image:type\" content=\"image\/jpeg\" \/>\n<meta name=\"twitter:card\" content=\"summary_large_image\" \/>\n<meta name=\"twitter:label1\" content=\"Tiempo de lectura\" \/>\n\t<meta name=\"twitter:data1\" content=\"1 minuto\" \/>\n<script type=\"application\/ld+json\" class=\"yoast-schema-graph\">{\"@context\":\"https:\\\/\\\/schema.org\",\"@graph\":[{\"@type\":\"WebPage\",\"@id\":\"https:\\\/\\\/delorenzoglobal.com\\\/es\\\/producto\\\/camara-fria\\\/\",\"url\":\"https:\\\/\\\/delorenzoglobal.com\\\/es\\\/producto\\\/camara-fria\\\/\",\"name\":\"C\u00c1MARA FR\u00cdA - De Lorenzo Training &amp; Didactical Equipment\",\"isPartOf\":{\"@id\":\"https:\\\/\\\/delorenzoglobal.com\\\/es\\\/#website\"},\"primaryImageOfPage\":{\"@id\":\"https:\\\/\\\/delorenzoglobal.com\\\/es\\\/producto\\\/camara-fria\\\/#primaryimage\"},\"image\":{\"@id\":\"https:\\\/\\\/delorenzoglobal.com\\\/es\\\/producto\\\/camara-fria\\\/#primaryimage\"},\"thumbnailUrl\":\"https:\\\/\\\/delorenzoglobal.com\\\/wp-content\\\/uploads\\\/2024\\\/04\\\/DL-DKF011.jpg\",\"datePublished\":\"2024-04-18T09:08:40+00:00\",\"dateModified\":\"2026-03-12T13:52:27+00:00\",\"description\":\"Sistema para el an\u00e1lisis de los fen\u00f3menos de la refrigeraci\u00f3n. Integra todos los principales componentes que se pueden encontrar en una instalaci\u00f3n con c\u00e1maras frigor\u00edficas.\",\"breadcrumb\":{\"@id\":\"https:\\\/\\\/delorenzoglobal.com\\\/es\\\/producto\\\/camara-fria\\\/#breadcrumb\"},\"inLanguage\":\"es\",\"potentialAction\":[{\"@type\":\"ReadAction\",\"target\":[\"https:\\\/\\\/delorenzoglobal.com\\\/es\\\/producto\\\/camara-fria\\\/\"]}]},{\"@type\":\"ImageObject\",\"inLanguage\":\"es\",\"@id\":\"https:\\\/\\\/delorenzoglobal.com\\\/es\\\/producto\\\/camara-fria\\\/#primaryimage\",\"url\":\"https:\\\/\\\/delorenzoglobal.com\\\/wp-content\\\/uploads\\\/2024\\\/04\\\/DL-DKF011.jpg\",\"contentUrl\":\"https:\\\/\\\/delorenzoglobal.com\\\/wp-content\\\/uploads\\\/2024\\\/04\\\/DL-DKF011.jpg\",\"width\":1030,\"height\":773},{\"@type\":\"BreadcrumbList\",\"@id\":\"https:\\\/\\\/delorenzoglobal.com\\\/es\\\/producto\\\/camara-fria\\\/#breadcrumb\",\"itemListElement\":[{\"@type\":\"ListItem\",\"position\":1,\"name\":\"Home\",\"item\":\"https:\\\/\\\/delorenzoglobal.com\\\/es\\\/\"},{\"@type\":\"ListItem\",\"position\":2,\"name\":\"Tienda\",\"item\":\"https:\\\/\\\/delorenzoglobal.com\\\/es\\\/tienda\\\/\"},{\"@type\":\"ListItem\",\"position\":3,\"name\":\"C\u00c1MARA FR\u00cdA\"}]},{\"@type\":\"WebSite\",\"@id\":\"https:\\\/\\\/delorenzoglobal.com\\\/es\\\/#website\",\"url\":\"https:\\\/\\\/delorenzoglobal.com\\\/es\\\/\",\"name\":\"De Lorenzo Training &amp; Didactical Equipment\",\"description\":\"\",\"potentialAction\":[{\"@type\":\"SearchAction\",\"target\":{\"@type\":\"EntryPoint\",\"urlTemplate\":\"https:\\\/\\\/delorenzoglobal.com\\\/es\\\/?s={search_term_string}\"},\"query-input\":{\"@type\":\"PropertyValueSpecification\",\"valueRequired\":true,\"valueName\":\"search_term_string\"}}],\"inLanguage\":\"es\"}]}<\/script>\n<!-- \/ Yoast SEO plugin. -->","yoast_head_json":{"title":"C\u00c1MARA FR\u00cdA - De Lorenzo Training &amp; Didactical Equipment","description":"Sistema para el an\u00e1lisis de los fen\u00f3menos de la refrigeraci\u00f3n. Integra todos los principales componentes que se pueden encontrar en una instalaci\u00f3n con c\u00e1maras frigor\u00edficas.","robots":{"index":"index","follow":"follow","max-snippet":"max-snippet:-1","max-image-preview":"max-image-preview:large","max-video-preview":"max-video-preview:-1"},"canonical":"https:\/\/delorenzoglobal.com\/es\/producto\/camara-fria\/","og_locale":"es_ES","og_type":"article","og_title":"C\u00c1MARA FR\u00cdA - De Lorenzo Training &amp; Didactical Equipment","og_description":"Sistema para el an\u00e1lisis de los fen\u00f3menos de la refrigeraci\u00f3n. Integra todos los principales componentes que se pueden encontrar en una instalaci\u00f3n con c\u00e1maras frigor\u00edficas.","og_url":"https:\/\/delorenzoglobal.com\/es\/producto\/camara-fria\/","og_site_name":"De Lorenzo Training &amp; Didactical Equipment","article_modified_time":"2026-03-12T13:52:27+00:00","og_image":[{"width":1030,"height":773,"url":"https:\/\/delorenzoglobal.com\/wp-content\/uploads\/2024\/04\/DL-DKF011.jpg","type":"image\/jpeg"}],"twitter_card":"summary_large_image","twitter_misc":{"Tiempo de lectura":"1 minuto"},"schema":{"@context":"https:\/\/schema.org","@graph":[{"@type":"WebPage","@id":"https:\/\/delorenzoglobal.com\/es\/producto\/camara-fria\/","url":"https:\/\/delorenzoglobal.com\/es\/producto\/camara-fria\/","name":"C\u00c1MARA FR\u00cdA - De Lorenzo Training &amp; Didactical Equipment","isPartOf":{"@id":"https:\/\/delorenzoglobal.com\/es\/#website"},"primaryImageOfPage":{"@id":"https:\/\/delorenzoglobal.com\/es\/producto\/camara-fria\/#primaryimage"},"image":{"@id":"https:\/\/delorenzoglobal.com\/es\/producto\/camara-fria\/#primaryimage"},"thumbnailUrl":"https:\/\/delorenzoglobal.com\/wp-content\/uploads\/2024\/04\/DL-DKF011.jpg","datePublished":"2024-04-18T09:08:40+00:00","dateModified":"2026-03-12T13:52:27+00:00","description":"Sistema para el an\u00e1lisis de los fen\u00f3menos de la refrigeraci\u00f3n. Integra todos los principales componentes que se pueden encontrar en una instalaci\u00f3n con c\u00e1maras frigor\u00edficas.","breadcrumb":{"@id":"https:\/\/delorenzoglobal.com\/es\/producto\/camara-fria\/#breadcrumb"},"inLanguage":"es","potentialAction":[{"@type":"ReadAction","target":["https:\/\/delorenzoglobal.com\/es\/producto\/camara-fria\/"]}]},{"@type":"ImageObject","inLanguage":"es","@id":"https:\/\/delorenzoglobal.com\/es\/producto\/camara-fria\/#primaryimage","url":"https:\/\/delorenzoglobal.com\/wp-content\/uploads\/2024\/04\/DL-DKF011.jpg","contentUrl":"https:\/\/delorenzoglobal.com\/wp-content\/uploads\/2024\/04\/DL-DKF011.jpg","width":1030,"height":773},{"@type":"BreadcrumbList","@id":"https:\/\/delorenzoglobal.com\/es\/producto\/camara-fria\/#breadcrumb","itemListElement":[{"@type":"ListItem","position":1,"name":"Home","item":"https:\/\/delorenzoglobal.com\/es\/"},{"@type":"ListItem","position":2,"name":"Tienda","item":"https:\/\/delorenzoglobal.com\/es\/tienda\/"},{"@type":"ListItem","position":3,"name":"C\u00c1MARA FR\u00cdA"}]},{"@type":"WebSite","@id":"https:\/\/delorenzoglobal.com\/es\/#website","url":"https:\/\/delorenzoglobal.com\/es\/","name":"De Lorenzo Training &amp; Didactical Equipment","description":"","potentialAction":[{"@type":"SearchAction","target":{"@type":"EntryPoint","urlTemplate":"https:\/\/delorenzoglobal.com\/es\/?s={search_term_string}"},"query-input":{"@type":"PropertyValueSpecification","valueRequired":true,"valueName":"search_term_string"}}],"inLanguage":"es"}]}},"_links":{"self":[{"href":"https:\/\/delorenzoglobal.com\/es\/wp-json\/wp\/v2\/product\/10577","targetHints":{"allow":["GET"]}}],"collection":[{"href":"https:\/\/delorenzoglobal.com\/es\/wp-json\/wp\/v2\/product"}],"about":[{"href":"https:\/\/delorenzoglobal.com\/es\/wp-json\/wp\/v2\/types\/product"}],"wp:featuredmedia":[{"embeddable":true,"href":"https:\/\/delorenzoglobal.com\/es\/wp-json\/wp\/v2\/media\/66710"}],"wp:attachment":[{"href":"https:\/\/delorenzoglobal.com\/es\/wp-json\/wp\/v2\/media?parent=10577"}],"wp:term":[{"taxonomy":"product_brand","embeddable":true,"href":"https:\/\/delorenzoglobal.com\/es\/wp-json\/wp\/v2\/product_brand?post=10577"},{"taxonomy":"product_cat","embeddable":true,"href":"https:\/\/delorenzoglobal.com\/es\/wp-json\/wp\/v2\/product_cat?post=10577"},{"taxonomy":"product_tag","embeddable":true,"href":"https:\/\/delorenzoglobal.com\/es\/wp-json\/wp\/v2\/product_tag?post=10577"}],"curies":[{"name":"wp","href":"https:\/\/api.w.org\/{rel}","templated":true}]}}