{"id":10412,"date":"2024-04-18T10:52:23","date_gmt":"2024-04-18T08:52:23","guid":{"rendered":"https:\/\/delorenzoglobal.com\/?post_type=product&#038;p=10412"},"modified":"2025-01-15T16:43:57","modified_gmt":"2025-01-15T15:43:57","slug":"sistemas-de-refrigeracion-industrial","status":"publish","type":"product","link":"https:\/\/delorenzoglobal.com\/es\/producto\/sistemas-de-refrigeracion-industrial\/","title":{"rendered":"SISTEMAS DE REFRIGERACI\u00d3N INDUSTRIAL"},"content":{"rendered":"<ul>\n<li>el LADO A simula cuatro tipos de refrigeradores industriales: m\u00f3vil de isla para alimentos congelados, vitrina de circulaci\u00f3n natural del aire, vitrina de fr\u00edo mixto y vitrina refrigerada de 5 niveles de circulaci\u00f3n forzada.<\/li>\n<\/ul>\n<p>Los componentes que se estudian en los sistemas antes mencionados son: compresor herm\u00e9tico, evaporador, termostato, puntos de prueba para la medici\u00f3n de temperatura\/presi\u00f3n, etc.<\/p>\n<ul>\n<li>el LADO B simula dos tipos de c\u00e1maras frigor\u00edficas industriales: c\u00e1mara de temperatura positiva para la refrigeraci\u00f3n y conservaci\u00f3n de alimentos y c\u00e1mara de temperatura negativa para la conservaci\u00f3n de productos congelados.<\/li>\n<\/ul>\n<p>Los componentes que se estudian en los sistemas antes mencionados son: compresor trif\u00e1sico, evaporador, termostatos, resistencia de descongelaci\u00f3n, interruptores de presi\u00f3n, puntos de prueba para la medici\u00f3n de temperatura\/presi\u00f3n, etc.<\/p>\n","protected":false},"excerpt":{"rendered":"<p>el LADO A simula cuatro tipos de refrigeradores industriales: m\u00f3vil de isla para alimentos congelados, vitrina de circulaci\u00f3n natural del aire, vitrina de fr\u00edo mixto y vitrina refrigerada de 5 niveles de circulaci\u00f3n forzada. Los componentes que se estudian en los sistemas antes mencionados son: compresor herm\u00e9tico, evaporador, termostato, puntos de prueba para la medici\u00f3n [&hellip;]<\/p>\n","protected":false},"featured_media":19634,"template":"","meta":{"_acf_changed":false},"product_brand":[],"product_cat":[399],"product_tag":[],"class_list":{"0":"post-10412","1":"product","2":"type-product","3":"status-publish","4":"has-post-thumbnail","6":"product_cat-refrigeracion","8":"first","9":"instock","10":"shipping-taxable","11":"product-type-simple"},"acf":[],"yoast_head":"<!-- This site is optimized with the Yoast SEO plugin v27.4 - https:\/\/yoast.com\/product\/yoast-seo-wordpress\/ -->\n<title>SISTEMAS DE REFRIGERACI\u00d3N INDUSTRIAL - De Lorenzo Training &amp; Didactical Equipment<\/title>\n<meta name=\"robots\" content=\"index, follow, max-snippet:-1, max-image-preview:large, max-video-preview:-1\" \/>\n<link rel=\"canonical\" href=\"https:\/\/delorenzoglobal.com\/es\/producto\/sistemas-de-refrigeracion-industrial\/\" \/>\n<meta property=\"og:locale\" content=\"es_ES\" \/>\n<meta property=\"og:type\" content=\"article\" \/>\n<meta property=\"og:title\" content=\"SISTEMAS DE REFRIGERACI\u00d3N INDUSTRIAL - De Lorenzo Training &amp; Didactical Equipment\" \/>\n<meta property=\"og:description\" content=\"el LADO A simula cuatro tipos de refrigeradores industriales: m\u00f3vil de isla para alimentos congelados, vitrina de circulaci\u00f3n natural del aire, vitrina de fr\u00edo mixto y vitrina refrigerada de 5 niveles de circulaci\u00f3n forzada. Los componentes que se estudian en los sistemas antes mencionados son: compresor herm\u00e9tico, evaporador, termostato, puntos de prueba para la medici\u00f3n [&hellip;]\" \/>\n<meta property=\"og:url\" content=\"https:\/\/delorenzoglobal.com\/es\/producto\/sistemas-de-refrigeracion-industrial\/\" \/>\n<meta property=\"og:site_name\" content=\"De Lorenzo Training &amp; Didactical Equipment\" \/>\n<meta property=\"article:modified_time\" content=\"2025-01-15T15:43:57+00:00\" \/>\n<meta property=\"og:image\" content=\"https:\/\/delorenzoglobal.com\/wp-content\/uploads\/2024\/04\/DL-TM32-B-xs-1-scaled.jpg\" \/>\n\t<meta property=\"og:image:width\" content=\"2560\" \/>\n\t<meta property=\"og:image:height\" content=\"1747\" \/>\n\t<meta property=\"og:image:type\" content=\"image\/jpeg\" \/>\n<meta name=\"twitter:card\" content=\"summary_large_image\" \/>\n<meta name=\"twitter:label1\" content=\"Tiempo de lectura\" \/>\n\t<meta name=\"twitter:data1\" content=\"1 minuto\" \/>\n<script type=\"application\/ld+json\" class=\"yoast-schema-graph\">{\"@context\":\"https:\\\/\\\/schema.org\",\"@graph\":[{\"@type\":\"WebPage\",\"@id\":\"https:\\\/\\\/delorenzoglobal.com\\\/es\\\/producto\\\/sistemas-de-refrigeracion-industrial\\\/\",\"url\":\"https:\\\/\\\/delorenzoglobal.com\\\/es\\\/producto\\\/sistemas-de-refrigeracion-industrial\\\/\",\"name\":\"SISTEMAS DE REFRIGERACI\u00d3N INDUSTRIAL - De Lorenzo Training &amp; Didactical Equipment\",\"isPartOf\":{\"@id\":\"https:\\\/\\\/delorenzoglobal.com\\\/es\\\/#website\"},\"primaryImageOfPage\":{\"@id\":\"https:\\\/\\\/delorenzoglobal.com\\\/es\\\/producto\\\/sistemas-de-refrigeracion-industrial\\\/#primaryimage\"},\"image\":{\"@id\":\"https:\\\/\\\/delorenzoglobal.com\\\/es\\\/producto\\\/sistemas-de-refrigeracion-industrial\\\/#primaryimage\"},\"thumbnailUrl\":\"https:\\\/\\\/delorenzoglobal.com\\\/wp-content\\\/uploads\\\/2024\\\/04\\\/DL-TM32-B-xs-1-scaled.jpg\",\"datePublished\":\"2024-04-18T08:52:23+00:00\",\"dateModified\":\"2025-01-15T15:43:57+00:00\",\"breadcrumb\":{\"@id\":\"https:\\\/\\\/delorenzoglobal.com\\\/es\\\/producto\\\/sistemas-de-refrigeracion-industrial\\\/#breadcrumb\"},\"inLanguage\":\"es\",\"potentialAction\":[{\"@type\":\"ReadAction\",\"target\":[\"https:\\\/\\\/delorenzoglobal.com\\\/es\\\/producto\\\/sistemas-de-refrigeracion-industrial\\\/\"]}]},{\"@type\":\"ImageObject\",\"inLanguage\":\"es\",\"@id\":\"https:\\\/\\\/delorenzoglobal.com\\\/es\\\/producto\\\/sistemas-de-refrigeracion-industrial\\\/#primaryimage\",\"url\":\"https:\\\/\\\/delorenzoglobal.com\\\/wp-content\\\/uploads\\\/2024\\\/04\\\/DL-TM32-B-xs-1-scaled.jpg\",\"contentUrl\":\"https:\\\/\\\/delorenzoglobal.com\\\/wp-content\\\/uploads\\\/2024\\\/04\\\/DL-TM32-B-xs-1-scaled.jpg\",\"width\":2560,\"height\":1747},{\"@type\":\"BreadcrumbList\",\"@id\":\"https:\\\/\\\/delorenzoglobal.com\\\/es\\\/producto\\\/sistemas-de-refrigeracion-industrial\\\/#breadcrumb\",\"itemListElement\":[{\"@type\":\"ListItem\",\"position\":1,\"name\":\"Home\",\"item\":\"https:\\\/\\\/delorenzoglobal.com\\\/es\\\/\"},{\"@type\":\"ListItem\",\"position\":2,\"name\":\"Tienda\",\"item\":\"https:\\\/\\\/delorenzoglobal.com\\\/es\\\/tienda\\\/\"},{\"@type\":\"ListItem\",\"position\":3,\"name\":\"SISTEMAS DE REFRIGERACI\u00d3N INDUSTRIAL\"}]},{\"@type\":\"WebSite\",\"@id\":\"https:\\\/\\\/delorenzoglobal.com\\\/es\\\/#website\",\"url\":\"https:\\\/\\\/delorenzoglobal.com\\\/es\\\/\",\"name\":\"De Lorenzo Training &amp; Didactical Equipment\",\"description\":\"\",\"potentialAction\":[{\"@type\":\"SearchAction\",\"target\":{\"@type\":\"EntryPoint\",\"urlTemplate\":\"https:\\\/\\\/delorenzoglobal.com\\\/es\\\/?s={search_term_string}\"},\"query-input\":{\"@type\":\"PropertyValueSpecification\",\"valueRequired\":true,\"valueName\":\"search_term_string\"}}],\"inLanguage\":\"es\"}]}<\/script>\n<!-- \/ Yoast SEO plugin. -->","yoast_head_json":{"title":"SISTEMAS DE REFRIGERACI\u00d3N INDUSTRIAL - De Lorenzo Training &amp; Didactical Equipment","robots":{"index":"index","follow":"follow","max-snippet":"max-snippet:-1","max-image-preview":"max-image-preview:large","max-video-preview":"max-video-preview:-1"},"canonical":"https:\/\/delorenzoglobal.com\/es\/producto\/sistemas-de-refrigeracion-industrial\/","og_locale":"es_ES","og_type":"article","og_title":"SISTEMAS DE REFRIGERACI\u00d3N INDUSTRIAL - De Lorenzo Training &amp; Didactical Equipment","og_description":"el LADO A simula cuatro tipos de refrigeradores industriales: m\u00f3vil de isla para alimentos congelados, vitrina de circulaci\u00f3n natural del aire, vitrina de fr\u00edo mixto y vitrina refrigerada de 5 niveles de circulaci\u00f3n forzada. Los componentes que se estudian en los sistemas antes mencionados son: compresor herm\u00e9tico, evaporador, termostato, puntos de prueba para la medici\u00f3n [&hellip;]","og_url":"https:\/\/delorenzoglobal.com\/es\/producto\/sistemas-de-refrigeracion-industrial\/","og_site_name":"De Lorenzo Training &amp; Didactical Equipment","article_modified_time":"2025-01-15T15:43:57+00:00","og_image":[{"width":2560,"height":1747,"url":"https:\/\/delorenzoglobal.com\/wp-content\/uploads\/2024\/04\/DL-TM32-B-xs-1-scaled.jpg","type":"image\/jpeg"}],"twitter_card":"summary_large_image","twitter_misc":{"Tiempo de lectura":"1 minuto"},"schema":{"@context":"https:\/\/schema.org","@graph":[{"@type":"WebPage","@id":"https:\/\/delorenzoglobal.com\/es\/producto\/sistemas-de-refrigeracion-industrial\/","url":"https:\/\/delorenzoglobal.com\/es\/producto\/sistemas-de-refrigeracion-industrial\/","name":"SISTEMAS DE REFRIGERACI\u00d3N INDUSTRIAL - De Lorenzo Training &amp; Didactical Equipment","isPartOf":{"@id":"https:\/\/delorenzoglobal.com\/es\/#website"},"primaryImageOfPage":{"@id":"https:\/\/delorenzoglobal.com\/es\/producto\/sistemas-de-refrigeracion-industrial\/#primaryimage"},"image":{"@id":"https:\/\/delorenzoglobal.com\/es\/producto\/sistemas-de-refrigeracion-industrial\/#primaryimage"},"thumbnailUrl":"https:\/\/delorenzoglobal.com\/wp-content\/uploads\/2024\/04\/DL-TM32-B-xs-1-scaled.jpg","datePublished":"2024-04-18T08:52:23+00:00","dateModified":"2025-01-15T15:43:57+00:00","breadcrumb":{"@id":"https:\/\/delorenzoglobal.com\/es\/producto\/sistemas-de-refrigeracion-industrial\/#breadcrumb"},"inLanguage":"es","potentialAction":[{"@type":"ReadAction","target":["https:\/\/delorenzoglobal.com\/es\/producto\/sistemas-de-refrigeracion-industrial\/"]}]},{"@type":"ImageObject","inLanguage":"es","@id":"https:\/\/delorenzoglobal.com\/es\/producto\/sistemas-de-refrigeracion-industrial\/#primaryimage","url":"https:\/\/delorenzoglobal.com\/wp-content\/uploads\/2024\/04\/DL-TM32-B-xs-1-scaled.jpg","contentUrl":"https:\/\/delorenzoglobal.com\/wp-content\/uploads\/2024\/04\/DL-TM32-B-xs-1-scaled.jpg","width":2560,"height":1747},{"@type":"BreadcrumbList","@id":"https:\/\/delorenzoglobal.com\/es\/producto\/sistemas-de-refrigeracion-industrial\/#breadcrumb","itemListElement":[{"@type":"ListItem","position":1,"name":"Home","item":"https:\/\/delorenzoglobal.com\/es\/"},{"@type":"ListItem","position":2,"name":"Tienda","item":"https:\/\/delorenzoglobal.com\/es\/tienda\/"},{"@type":"ListItem","position":3,"name":"SISTEMAS DE REFRIGERACI\u00d3N INDUSTRIAL"}]},{"@type":"WebSite","@id":"https:\/\/delorenzoglobal.com\/es\/#website","url":"https:\/\/delorenzoglobal.com\/es\/","name":"De Lorenzo Training &amp; Didactical Equipment","description":"","potentialAction":[{"@type":"SearchAction","target":{"@type":"EntryPoint","urlTemplate":"https:\/\/delorenzoglobal.com\/es\/?s={search_term_string}"},"query-input":{"@type":"PropertyValueSpecification","valueRequired":true,"valueName":"search_term_string"}}],"inLanguage":"es"}]}},"_links":{"self":[{"href":"https:\/\/delorenzoglobal.com\/es\/wp-json\/wp\/v2\/product\/10412","targetHints":{"allow":["GET"]}}],"collection":[{"href":"https:\/\/delorenzoglobal.com\/es\/wp-json\/wp\/v2\/product"}],"about":[{"href":"https:\/\/delorenzoglobal.com\/es\/wp-json\/wp\/v2\/types\/product"}],"wp:featuredmedia":[{"embeddable":true,"href":"https:\/\/delorenzoglobal.com\/es\/wp-json\/wp\/v2\/media\/19634"}],"wp:attachment":[{"href":"https:\/\/delorenzoglobal.com\/es\/wp-json\/wp\/v2\/media?parent=10412"}],"wp:term":[{"taxonomy":"product_brand","embeddable":true,"href":"https:\/\/delorenzoglobal.com\/es\/wp-json\/wp\/v2\/product_brand?post=10412"},{"taxonomy":"product_cat","embeddable":true,"href":"https:\/\/delorenzoglobal.com\/es\/wp-json\/wp\/v2\/product_cat?post=10412"},{"taxonomy":"product_tag","embeddable":true,"href":"https:\/\/delorenzoglobal.com\/es\/wp-json\/wp\/v2\/product_tag?post=10412"}],"curies":[{"name":"wp","href":"https:\/\/api.w.org\/{rel}","templated":true}]}}